{"id":207,"date":"2019-01-17T13:50:08","date_gmt":"2019-01-17T12:50:08","guid":{"rendered":"https:\/\/www.svmed.ch\/blog-svm\/?page_id=207"},"modified":"2021-10-18T11:01:27","modified_gmt":"2021-10-18T09:01:27","slug":"contribuer","status":"publish","type":"page","link":"https:\/\/www.svmed.ch\/blog\/contribuer\/","title":{"rendered":"Contribuer"},"content":{"rendered":"<div class=\"the-content\"><p>Nous vous remercions de votre future contribution et nous r\u00e9jouissons de la d\u00e9couvrir et de la faire partager aux lecteurs de ce blog.<\/p>\n<p>N\u2019oubliez pas de prendre connaissance de notre <a href=\"https:\/\/www.svmed.ch\/blog\/charte\/\">charte r\u00e9dactionnelle<\/a>, surtout s\u2019il s\u2019agit de votre premi\u00e8re proposition de publication. Les articles qui y contreviennent ne pourront pas \u00eatre publi\u00e9s.<\/p>\n<p>Nous vous recommandons aussi de lire les quelques conseils pratiques figurant en bas de cette page.<\/p>\n<\/div>","protected":false},"excerpt":{"rendered":"<p>Nous vous remercions de votre future contribution et nous r\u00e9jouissons de la d\u00e9couvrir et de la faire partager aux lecteurs de ce blog. N\u2019oubliez pas de prendre connaissance de notre charte r\u00e9dactionnelle, surtout s\u2019il s\u2019agit de votre premi\u00e8re proposition de publication. Les articles qui y contreviennent ne pourront pas \u00eatre publi\u00e9s. Nous vous recommandons aussi [&hellip;]<\/p>\n","protected":false},"author":1,"featured_media":0,"parent":0,"menu_order":0,"comment_status":"closed","ping_status":"closed","template":"page-contribute.php","meta":{"_acf_changed":false,"inline_featured_image":false,"footnotes":""},"class_list":["post-207","page","type-page","status-publish","hentry"],"acf":[],"publishpress_future_action":{"enabled":false,"date":"2026-07-11 11:55:21","action":"change-status","newStatus":"draft","terms":[],"taxonomy":"","extraData":[]},"publishpress_future_workflow_manual_trigger":{"enabledWorkflows":[]},"_links":{"self":[{"href":"https:\/\/www.svmed.ch\/blog\/wp-json\/wp\/v2\/pages\/207","targetHints":{"allow":["GET"]}}],"collection":[{"href":"https:\/\/www.svmed.ch\/blog\/wp-json\/wp\/v2\/pages"}],"about":[{"href":"https:\/\/www.svmed.ch\/blog\/wp-json\/wp\/v2\/types\/page"}],"author":[{"embeddable":true,"href":"https:\/\/www.svmed.ch\/blog\/wp-json\/wp\/v2\/users\/1"}],"replies":[{"embeddable":true,"href":"https:\/\/www.svmed.ch\/blog\/wp-json\/wp\/v2\/comments?post=207"}],"version-history":[{"count":10,"href":"https:\/\/www.svmed.ch\/blog\/wp-json\/wp\/v2\/pages\/207\/revisions"}],"predecessor-version":[{"id":2657,"href":"https:\/\/www.svmed.ch\/blog\/wp-json\/wp\/v2\/pages\/207\/revisions\/2657"}],"wp:attachment":[{"href":"https:\/\/www.svmed.ch\/blog\/wp-json\/wp\/v2\/media?parent=207"}],"curies":[{"name":"wp","href":"https:\/\/api.w.org\/{rel}","templated":true}]}}