{"id":211,"date":"2019-01-17T13:50:49","date_gmt":"2019-01-17T12:50:49","guid":{"rendered":"https:\/\/www.svmed.ch\/blog-svm\/?page_id=211"},"modified":"2019-03-06T16:51:38","modified_gmt":"2019-03-06T15:51:38","slug":"charte","status":"publish","type":"page","link":"https:\/\/www.svmed.ch\/blog\/charte\/","title":{"rendered":"Charte"},"content":{"rendered":"<div class=\"the-content\"><h4>1.- Objectif du blog<\/h4>\n<p>Le Blog des M\u00e9decins Vaudois (BMV) a pour objectif principal d\u2019offrir \u00e0 la communaut\u00e9 m\u00e9dicale vaudoise une plateforme contemporaine d\u2019expression et de d\u00e9bat d\u2019id\u00e9es sur les sujets qui la concernent. Le blog est mis \u00e0 disposition par la SVM.<\/p>\n<h4>2.- Auteurs et droit d\u2019auteur<\/h4>\n<p>La publication d\u2019articles sur le BMV est principalement r\u00e9serv\u00e9e aux membres de la SVM, qui s\u2019y expriment en leur nom propre. Des auteurs externes (m\u00e9decins et non-m\u00e9decins) peuvent \u00e9galement \u00eatre invit\u00e9s par la SVM \u00e0 s\u2019exprimer, ou accept\u00e9s \u00e0 leur demande, sur des sujets dignes d\u2019int\u00e9r\u00eat professionnel pour la communaut\u00e9 m\u00e9dicale vaudoise.<\/p>\n<p>Le contenu des articles ne repr\u00e9sente que la position de ses auteurs, et non une position officielle de la SVM.<\/p>\n<p>Seuls les articles sign\u00e9s par leurs auteurs sont publi\u00e9s. Les articles peuvent aussi \u00eatre co-sign\u00e9s. Les articles anonymes ne sont pas admis.<\/p>\n<p>Les auteurs ne sont pas r\u00e9tribu\u00e9s pour ce travail de r\u00e9daction.<\/p>\n<p>Les contributeurs au blog conservent leur droit d\u2019auteur et conf\u00e8rent \u00e0 la SVM un droit d\u2019utilisation du contenu sur les diff\u00e9rents supports imprim\u00e9s et \u00e9lectroniques de communication g\u00e9r\u00e9s par l\u2019association, y compris le partage sur les r\u00e9seaux sociaux.<\/p>\n<h4>3.- Cat\u00e9gories, th\u00e8mes et contenu<\/h4>\n<p>Les cat\u00e9gories du blog sont d\u00e9finies par la SVM. De nouvelles cat\u00e9gories peuvent \u00eatre propos\u00e9es par les auteurs \u00e0 la SVM (<a href=\"javascript:DeCryptX('1c0l3r0g1A2u0v1n2g2f200c2j')\">&#98;&#108;&#111;g&#64;&#115;&#118;med&#46;&#99;h<\/a>). La SVM choisit dans quelle cat\u00e9gorie l\u2019article valid\u00e9 sera publi\u00e9.<\/p>\n<p>Tous les th\u00e8mes peuvent \u00eatre abord\u00e9s, pour autant qu\u2019ils aient un lien avec la pratique de la m\u00e9decine, le domaine de la sant\u00e9 ou la politique professionnelle.<\/p>\n<p>Le contenu promotionnel, publicitaire ou commercial n\u2019est pas autoris\u00e9.<\/p>\n<p>Sauf exception, les articles du blog sont \u00e9crits en fran\u00e7ais.<\/p>\n<h4>4.- Publication ou refus d\u2019un article<\/h4>\n<p>La SVM se r\u00e9serve le droit de refuser une publication dont la qualit\u00e9 r\u00e9dactionnelle n\u2019est pas jug\u00e9e suffisante.<\/p>\n<p>Avant publication sur le blog, la SVM v\u00e9rifie que l\u2019article propos\u00e9 par un auteur semble \u00e0 priori conforme \u00e0 la l\u00e9gislation en vigueur (cf. pt 6). Un d\u00e9lai de plusieurs jours est ainsi possible entre la soumission d\u2019un article et sa publication. En cas de doute, l\u2019article n\u2019est pas publi\u00e9 et son auteur inform\u00e9 de la non-publication en l\u2019\u00e9tat.<\/p>\n<p>La SVM se r\u00e9serve le droit de retirer un article en tout temps, notamment si celui-ci a fait l\u2019objet de r\u00e9clamations.<\/p>\n<h4>5.- Commentaires et mod\u00e9ration<\/h4>\n<p>Chaque lecteur du blog peut librement commenter un article, pour autant que le commentaire ne soit pas anonyme et ne contrevienne pas aux dispositions l\u00e9gales en vigueur mentionn\u00e9es dans le point suivant.<\/p>\n<p>La SVM mod\u00e8re les commentaires et \u00e0 ce titre se r\u00e9serve le droit de supprimer en tout temps des commentaires contrevenant aux dispositions l\u00e9gales. La SVM se r\u00e9serve aussi le droit de cl\u00f4turer une discussion en cas d\u2019abus.<\/p>\n<h4>6.- Respect des l\u00e9gislations et r\u00e8gles d\u00e9ontologiques<\/h4>\n<p>Bien que ce blog soit \u00e0 voir comme un espace de libert\u00e9 d\u2019expression en ligne pour la communaut\u00e9 m\u00e9dicale vaudoise, internet n\u2019est pas pour autant une zone de non-droit. Voici ci-apr\u00e8s les principaux points de dispositions l\u00e9gales qui doivent \u00eatre respect\u00e9s.<\/p>\n<ul>\n<li>Les contenus, articles, photos ou commentaires, ne doivent en aucun cas porter atteinte \u00e0 la vie priv\u00e9e et doivent respecter les l\u00e9gislations relatives \u00e0 la protection des donn\u00e9es.<\/li>\n<li>Les contenus ne doivent en aucun cas diffamer, injurier ou porter atteinte \u00e0 l\u2019honneur. Ils ne doivent pas inciter \u00e0 la violence ni \u00e0 la haine.<\/li>\n<li>Ces contenus ne doivent en aucun cas inciter \u00e0 la consommation de produits illicites.<\/li>\n<li>Ces contenus ne doivent comporter aucune atteinte \u00e0 caract\u00e8re raciste ou sexiste.<\/li>\n<li>Le plagiat de contenu n\u2019est en aucun cas admis. Les citations ou r\u00e9f\u00e9rences \u00e0 du contenu existant doivent \u00eatre explicitement mentionn\u00e9es comme telles.<\/li>\n<li>Les contenus doivent respecter les l\u00e9gislations relatives au droit d\u2019auteur et le droit de propri\u00e9t\u00e9 intellectuelle. Ceci concerne tant le texte de l\u2019article que ses illustrations.<\/li>\n<li>Les contenus doivent respecter le Code de d\u00e9ontologie de la FMH.<\/li>\n<\/ul>\n<\/div>","protected":false},"excerpt":{"rendered":"<p>1.- Objectif du blog Le Blog des M\u00e9decins Vaudois (BMV) a pour objectif principal d\u2019offrir \u00e0 la communaut\u00e9 m\u00e9dicale vaudoise une plateforme contemporaine d\u2019expression et de d\u00e9bat d\u2019id\u00e9es sur les sujets qui la concernent. Le blog est mis \u00e0 disposition par la SVM. 2.- Auteurs et droit d\u2019auteur La publication d\u2019articles sur le BMV est [&hellip;]<\/p>\n","protected":false},"author":1,"featured_media":0,"parent":0,"menu_order":0,"comment_status":"closed","ping_status":"closed","template":"","meta":{"_acf_changed":false,"inline_featured_image":false,"footnotes":""},"class_list":["post-211","page","type-page","status-publish","hentry"],"acf":[],"publishpress_future_action":{"enabled":false,"date":"2026-07-11 11:55:33","action":"change-status","newStatus":"draft","terms":[],"taxonomy":"","extraData":[]},"publishpress_future_workflow_manual_trigger":{"enabledWorkflows":[]},"_links":{"self":[{"href":"https:\/\/www.svmed.ch\/blog\/wp-json\/wp\/v2\/pages\/211","targetHints":{"allow":["GET"]}}],"collection":[{"href":"https:\/\/www.svmed.ch\/blog\/wp-json\/wp\/v2\/pages"}],"about":[{"href":"https:\/\/www.svmed.ch\/blog\/wp-json\/wp\/v2\/types\/page"}],"author":[{"embeddable":true,"href":"https:\/\/www.svmed.ch\/blog\/wp-json\/wp\/v2\/users\/1"}],"replies":[{"embeddable":true,"href":"https:\/\/www.svmed.ch\/blog\/wp-json\/wp\/v2\/comments?post=211"}],"version-history":[{"count":8,"href":"https:\/\/www.svmed.ch\/blog\/wp-json\/wp\/v2\/pages\/211\/revisions"}],"predecessor-version":[{"id":261,"href":"https:\/\/www.svmed.ch\/blog\/wp-json\/wp\/v2\/pages\/211\/revisions\/261"}],"wp:attachment":[{"href":"https:\/\/www.svmed.ch\/blog\/wp-json\/wp\/v2\/media?parent=211"}],"curies":[{"name":"wp","href":"https:\/\/api.w.org\/{rel}","templated":true}]}}