{"id":11,"date":"2023-09-22T05:00:59","date_gmt":"2023-09-22T03:00:59","guid":{"rendered":"https:\/\/www.svmed.ch\/doc\/?page_id=11"},"modified":"2025-05-19T17:13:41","modified_gmt":"2025-05-19T15:13:41","slug":"comite-de-redaction","status":"publish","type":"page","link":"https:\/\/www.svmed.ch\/doc-mag\/comite-de-redaction\/","title":{"rendered":"Comit\u00e9 de r\u00e9daction"},"content":{"rendered":"<div class=\"the-content\"><p>Compos\u00e9 de m\u00e9decins membres SVM, ainsi que de sa pr\u00e9sidente et du sp\u00e9cialiste en communication SVM, le Comit\u00e9 de r\u00e9daction est l\u2019organe charg\u00e9 prioritairement:<\/p>\n<ul>\n<li>de proposer et de s\u00e9lectionner les th\u00e8mes d\u2019int\u00e9r\u00eat professionnel m\u00e9ritant de faire l\u2019objet d\u2019un dossier dans le magazine DOC;<\/li>\n<li>de d\u00e9signer en son sein le ou les r\u00e9dacteurs responsables de chaque dossier;<\/li>\n<li>de garantir globalement l\u2019int\u00e9r\u00eat et la qualit\u00e9 du magazine du point de vue des m\u00e9decins vaudois.<\/li>\n<\/ul>\n<\/div>","protected":false},"excerpt":{"rendered":"<p>Compos\u00e9 de m\u00e9decins membres SVM, ainsi que de sa pr\u00e9sidente et du sp\u00e9cialiste en communication SVM, le Comit\u00e9 de r\u00e9daction est l\u2019organe charg\u00e9 prioritairement: de proposer et de s\u00e9lectionner les th\u00e8mes d\u2019int\u00e9r\u00eat professionnel m\u00e9ritant de faire l\u2019objet d\u2019un dossier dans le magazine DOC; de d\u00e9signer en son sein le ou les r\u00e9dacteurs responsables de chaque [&hellip;]<\/p>\n","protected":false},"author":1,"featured_media":0,"parent":0,"menu_order":0,"comment_status":"closed","ping_status":"closed","template":"","meta":{"_acf_changed":false,"inline_featured_image":false,"footnotes":""},"class_list":["post-11","page","type-page","status-publish","hentry"],"acf":[],"publishpress_future_action":{"enabled":false,"date":"2026-05-19 21:19:23","action":"change-status","newStatus":"draft","terms":[],"taxonomy":"","extraData":[]},"publishpress_future_workflow_manual_trigger":{"enabledWorkflows":[]},"_links":{"self":[{"href":"https:\/\/www.svmed.ch\/doc-mag\/wp-json\/wp\/v2\/pages\/11","targetHints":{"allow":["GET"]}}],"collection":[{"href":"https:\/\/www.svmed.ch\/doc-mag\/wp-json\/wp\/v2\/pages"}],"about":[{"href":"https:\/\/www.svmed.ch\/doc-mag\/wp-json\/wp\/v2\/types\/page"}],"author":[{"embeddable":true,"href":"https:\/\/www.svmed.ch\/doc-mag\/wp-json\/wp\/v2\/users\/1"}],"replies":[{"embeddable":true,"href":"https:\/\/www.svmed.ch\/doc-mag\/wp-json\/wp\/v2\/comments?post=11"}],"version-history":[{"count":0,"href":"https:\/\/www.svmed.ch\/doc-mag\/wp-json\/wp\/v2\/pages\/11\/revisions"}],"wp:attachment":[{"href":"https:\/\/www.svmed.ch\/doc-mag\/wp-json\/wp\/v2\/media?parent=11"}],"curies":[{"name":"wp","href":"https:\/\/api.w.org\/{rel}","templated":true}]}}