{"id":15,"date":"2022-01-05T10:47:26","date_gmt":"2022-01-05T09:47:26","guid":{"rendered":"https:\/\/www.svmed.ch\/doc\/?page_id=15"},"modified":"2025-12-04T09:41:27","modified_gmt":"2025-12-04T08:41:27","slug":"annonces","status":"publish","type":"page","link":"https:\/\/www.svmed.ch\/doc-mag\/annonces\/","title":{"rendered":"Publicit\u00e9s &amp; annonces"},"content":{"rendered":"<div class=\"the-content\"><p>Vous souhaitez publier une publicit\u00e9\/annonce dans DOC? Plateforme digitale, magazine imprim\u00e9 ou m\u00eame newsletter: de multiples canaux et formats vous offrent une excellente visibilit\u00e9 aupr\u00e8s des m\u00e9decins vaudois-es!<\/p>\n<p>La commercialisation des espaces publicitaires de DOC est assur\u00e9e par la r\u00e9gie Urbanic, \u00e0 disposition pour vous d\u00e9tailler les opportunit\u00e9s qui s\u2019offrent \u00e0 vous et vous soumettre une offre personnalis\u00e9e.<\/p>\n<h2>Consulter notre offre publicitaire<\/h2>\n<p><a href=\"https:\/\/www.svmed.ch\/doc-mag\/wp-content\/uploads\/sites\/26\/2025\/12\/docmag-kitmedia26-vf.pdf\" target=\"_blank\" rel=\"noopener\"><span class=\"btn btn-primary small pt-2\">Informations, r\u00e9servations et tarifs<\/span><\/a><\/p>\n<h2>Contact<\/h2>\n<p>Urbanic R\u00e9gie publicitaire<br \/>\n<a href=\"javascript:DeCryptX('1d3o1b3x2f1f0.2h0r1p2g0l0i2e2j1f3u0@1v2t1c0a3q1j3f310c3k')\" rel=\"\">i&#110;fo&#64;&#117;&#114;ba&#110;i&#99;.&#99;h<\/a><br \/>\nT\u00e9l. +41 79 278 05 94<br \/>\nAvenue de Cour 74<br \/>\n1007 Lausanne<\/p>\n<\/div>","protected":false},"excerpt":{"rendered":"<p>Vous souhaitez publier une publicit\u00e9\/annonce dans DOC? Plateforme digitale, magazine imprim\u00e9 ou m\u00eame newsletter: de multiples canaux et formats vous offrent une excellente visibilit\u00e9 aupr\u00e8s des m\u00e9decins vaudois-es! La commercialisation des espaces publicitaires de DOC est assur\u00e9e par la r\u00e9gie Urbanic, \u00e0 disposition pour vous d\u00e9tailler les opportunit\u00e9s qui s\u2019offrent \u00e0 vous et vous soumettre [&hellip;]<\/p>\n","protected":false},"author":1,"featured_media":0,"parent":0,"menu_order":0,"comment_status":"closed","ping_status":"closed","template":"","meta":{"_acf_changed":false,"inline_featured_image":false,"footnotes":""},"class_list":["post-15","page","type-page","status-publish","hentry"],"acf":[],"publishpress_future_action":{"enabled":false,"date":"2026-04-23 13:22:50","action":"change-status","newStatus":"draft","terms":[],"taxonomy":"","extraData":[]},"publishpress_future_workflow_manual_trigger":{"enabledWorkflows":[]},"_links":{"self":[{"href":"https:\/\/www.svmed.ch\/doc-mag\/wp-json\/wp\/v2\/pages\/15","targetHints":{"allow":["GET"]}}],"collection":[{"href":"https:\/\/www.svmed.ch\/doc-mag\/wp-json\/wp\/v2\/pages"}],"about":[{"href":"https:\/\/www.svmed.ch\/doc-mag\/wp-json\/wp\/v2\/types\/page"}],"author":[{"embeddable":true,"href":"https:\/\/www.svmed.ch\/doc-mag\/wp-json\/wp\/v2\/users\/1"}],"replies":[{"embeddable":true,"href":"https:\/\/www.svmed.ch\/doc-mag\/wp-json\/wp\/v2\/comments?post=15"}],"version-history":[{"count":0,"href":"https:\/\/www.svmed.ch\/doc-mag\/wp-json\/wp\/v2\/pages\/15\/revisions"}],"wp:attachment":[{"href":"https:\/\/www.svmed.ch\/doc-mag\/wp-json\/wp\/v2\/media?parent=15"}],"curies":[{"name":"wp","href":"https:\/\/api.w.org\/{rel}","templated":true}]}}