{"id":42,"date":"2019-04-17T08:02:39","date_gmt":"2019-04-17T06:02:39","guid":{"rendered":"https:\/\/www.svmed.ch\/ggvaud\/?page_id=42"},"modified":"2022-10-06T08:31:12","modified_gmt":"2022-10-06T06:31:12","slug":"comite","status":"publish","type":"page","link":"https:\/\/www.svmed.ch\/ggvaud\/comite\/","title":{"rendered":"Comit\u00e9"},"content":{"rendered":"<div class=\"the-content\"><h4>Pr\u00e9sident<\/h4>\n<p>Dr Laurent Bochatay<\/p>\n<h4>Membres du comit\u00e9<\/h4>\n<p>Dre Sophie Buyse (Responsable de la garde cantonale)<br \/>\nDr Christopher Doerig (Relations Cliniques priv\u00e9es et D\u00e9pistage Cantonal)<br \/>\nProf. Pierre Michetti (Politique professionnelle)<br \/>\nDr David Mondada (Tr\u00e9sorier et Gestion de la Garde)<br \/>\nDr Paul Wiesel (D\u00e9mographie, D\u00e9l\u00e9gu\u00e9 du GGV \u00e0 l\u2019AD de la SVM)<\/p>\n<\/div>","protected":false},"excerpt":{"rendered":"<p>Pr\u00e9sident Dr Laurent Bochatay Membres du comit\u00e9 Dre Sophie Buyse (Responsable de la garde cantonale) Dr Christopher Doerig (Relations Cliniques priv\u00e9es et D\u00e9pistage Cantonal) Prof. Pierre Michetti (Politique professionnelle) Dr David Mondada (Tr\u00e9sorier et Gestion de la Garde) Dr Paul Wiesel (D\u00e9mographie, D\u00e9l\u00e9gu\u00e9 du GGV \u00e0 l\u2019AD de la SVM)<\/p>\n","protected":false},"author":3,"featured_media":0,"parent":0,"menu_order":0,"comment_status":"closed","ping_status":"closed","template":"","meta":{"_acf_changed":false,"inline_featured_image":false,"footnotes":""},"class_list":["post-42","page","type-page","status-publish","hentry"],"acf":[],"publishpress_future_action":{"enabled":false,"date":"2026-04-12 18:41:34","action":"change-status","newStatus":"draft","terms":[],"taxonomy":"","extraData":[]},"publishpress_future_workflow_manual_trigger":{"enabledWorkflows":[]},"_links":{"self":[{"href":"https:\/\/www.svmed.ch\/ggvaud\/wp-json\/wp\/v2\/pages\/42","targetHints":{"allow":["GET"]}}],"collection":[{"href":"https:\/\/www.svmed.ch\/ggvaud\/wp-json\/wp\/v2\/pages"}],"about":[{"href":"https:\/\/www.svmed.ch\/ggvaud\/wp-json\/wp\/v2\/types\/page"}],"author":[{"embeddable":true,"href":"https:\/\/www.svmed.ch\/ggvaud\/wp-json\/wp\/v2\/users\/3"}],"replies":[{"embeddable":true,"href":"https:\/\/www.svmed.ch\/ggvaud\/wp-json\/wp\/v2\/comments?post=42"}],"version-history":[{"count":17,"href":"https:\/\/www.svmed.ch\/ggvaud\/wp-json\/wp\/v2\/pages\/42\/revisions"}],"predecessor-version":[{"id":167,"href":"https:\/\/www.svmed.ch\/ggvaud\/wp-json\/wp\/v2\/pages\/42\/revisions\/167"}],"wp:attachment":[{"href":"https:\/\/www.svmed.ch\/ggvaud\/wp-json\/wp\/v2\/media?parent=42"}],"curies":[{"name":"wp","href":"https:\/\/api.w.org\/{rel}","templated":true}]}}