{"id":2,"date":"2019-01-18T09:23:38","date_gmt":"2019-01-18T08:23:38","guid":{"rendered":"https:\/\/www.svmed.ch\/gpvaud\/?page_id=2"},"modified":"2023-03-17T07:22:14","modified_gmt":"2023-03-17T06:22:14","slug":"page-d-exemple","status":"publish","type":"page","link":"https:\/\/www.svmed.ch\/gmcc\/","title":{"rendered":"Accueil"},"content":{"rendered":"<div class=\"the-content\"><h4>Bienvenue sur le site de l&#8217;Association des M\u00e9decins cadres du CHUV<\/h4>\n<p><img loading=\"lazy\" decoding=\"async\" class=\"wp-image-104 size-medium aligncenter\" src=\"https:\/\/www.svmed.ch\/gmcc\/wp-content\/uploads\/sites\/15\/2023\/03\/logo-amc-couleur-300x264.jpg\" alt=\"\" width=\"300\" height=\"264\" srcset=\"https:\/\/www.svmed.ch\/gmcc\/wp-content\/uploads\/sites\/15\/2023\/03\/logo-amc-couleur-300x264.jpg 300w, https:\/\/www.svmed.ch\/gmcc\/wp-content\/uploads\/sites\/15\/2023\/03\/logo-amc-couleur.jpg 592w\" sizes=\"auto, (max-width: 300px) 100vw, 300px\" \/><\/p>\n<p><strong>L\u2019Association des M\u00e9decins Cadres du CHUV prend position sur le communiqu\u00e9 de presse du Conseil d\u2019Etat du 19.02.2021.<\/strong><\/p>\n<p>Dans son communiqu\u00e9 de presse du 19.2.2021 intitul\u00e9 \u00ab Le Canton de Vaud octroie une mesure de reconnaissance de CHF 900.- au personnel de sant\u00e9 pour son investissement exceptionnel durant la crise \u00bb l\u2019on peut lire \u00ab Le Conseil d\u2019Etat tient \u00e0 exprimer sa tr\u00e8s vive reconnaissance \u00e0 toutes ces personnes de mani\u00e8re concr\u00e8te et tangible. [\u2026] Le Conseil d\u2019Etat attribue cette mesure \u00e0 14\u2019000 personnes qui ont \u00e9t\u00e9 directement au contact des malades et expos\u00e9es au virus. Elle ne concerne donc pas le personnel administratif ni les m\u00e9decins-cadres et membres de direction. \u00bb<\/p>\n<p>Ce communiqu\u00e9 transmet ainsi le message que les m\u00e9decins cadres du CHUV ne travaillent pas au contact direct des malades du covid et ne s\u2019exposent pas aux risques d\u2019infection dans le cadre de leur activit\u00e9 clinique.<\/p>\n<p>Le comit\u00e9 de l\u2019AMC estime n\u00e9cessaire de r\u00e9agir \u00e0 ces propos en rappelant quelques faits.<\/p>\n<p>Dans un \u00e9tablissement comme le CHUV, les soins au contact des patients constituent un processus int\u00e9gr\u00e9 dans lequel de nombreuses professions sont impliqu\u00e9es et interagissent de mani\u00e8re coordonn\u00e9e et solidaire : personnel infirmier et apparent\u00e9, m\u00e9decins et, dans le cas d\u2019esp\u00e8ce, \u00e9galement m\u00e9decins cadres, travaillent de concert au lit du malade. Ces derniers, en sus de leur activit\u00e9 de supervision, de coordination, d\u2019organisation et de leadership sont tr\u00e8s fr\u00e9quemment appel\u00e9s au chevet du patient, et ce sont principalement eux qui ex\u00e9cutent les gestes diagnostiques ou th\u00e9rapeutiques les plus complexes, les plus techniques et les plus risqu\u00e9s.<\/p>\n<p>Concr\u00e8tement, dans le contexte de la pand\u00e9mie qui nous occupe, les m\u00e9decins cadres ont ex\u00e9cut\u00e9 et ex\u00e9cutent d\u2019innombrables interventions \u00e0 haut risque de contamination aupr\u00e8s des patients covid. Pour n\u2019en citer que quelques-unes : intubations, r\u00e9animations, bronchoscopies, endosonographies et autres fibroscopies, ponctions pleurales, etc. sont largement ex\u00e9cut\u00e9es par les m\u00e9decins cadres. De plus, les m\u00e9decins cadres, tout comme le reste du personnel travaillant dans les unit\u00e9s covid, sont expos\u00e9s en continu du fait de la pr\u00e9sence de syst\u00e8me d\u2019oxyg\u00e9nation \u00e0 haut d\u00e9bit avec a\u00e9rosolisation importante.<\/p>\n<p>Soyons clair, les m\u00e9decins cadres saluent la prime octroy\u00e9e au personnel de sant\u00e9 expos\u00e9 au covid et de par leur fonction de cadre jugent ad\u00e9quat de ne pas en b\u00e9n\u00e9ficier. Ils sont n\u00e9anmoins choqu\u00e9s et bless\u00e9s que l\u2019on puisse laisser penser qu\u2019ils sont rest\u00e9s cloitr\u00e9s dans leur bureau pendant cette crise.<\/p>\n<p>Au-del\u00e0 des difficult\u00e9s quotidiennes, nous avons constat\u00e9, dans cette crise sanitaire, un engagement sans faille non seulement des soignants et m\u00e9decins, mais \u00e9galement de la logistique, l\u2019infrastructure, l\u2019administration et la direction, le tout soutenu par le politique. Malheureusement, des communiqu\u00e9s aussi maladroits que celui qui nous occupe ici risquent de mettre \u00e0 mal en une phrase la confiance et de semer le trouble entre diff\u00e9rentes professions, toutes indispensables au bon fonctionnement de l\u2019h\u00f4pital.<\/p>\n<p>Lausanne 25.02.202<br \/>\nLe comit\u00e9 de l\u2019Association des M\u00e9decins Cadres du CHUV<\/p>\n<h2><\/h2>\n<\/div>","protected":false},"excerpt":{"rendered":"<p>Bienvenue sur le site de l&#8217;Association des M\u00e9decins cadres du CHUV L\u2019Association des M\u00e9decins Cadres du CHUV prend position sur le communiqu\u00e9 de presse du Conseil d\u2019Etat du 19.02.2021. Dans son communiqu\u00e9 de presse du 19.2.2021 intitul\u00e9 \u00ab Le Canton de Vaud octroie une mesure de reconnaissance de CHF 900.- au personnel de sant\u00e9 pour [&hellip;]<\/p>\n","protected":false},"author":1,"featured_media":0,"parent":0,"menu_order":0,"comment_status":"closed","ping_status":"open","template":"","meta":{"_acf_changed":false,"inline_featured_image":false,"footnotes":""},"class_list":["post-2","page","type-page","status-publish","hentry"],"acf":[],"publishpress_future_action":{"enabled":false,"date":"2026-04-13 12:43:24","action":"change-status","newStatus":"draft","terms":[],"taxonomy":"","extraData":[]},"publishpress_future_workflow_manual_trigger":{"enabledWorkflows":[]},"_links":{"self":[{"href":"https:\/\/www.svmed.ch\/gmcc\/wp-json\/wp\/v2\/pages\/2","targetHints":{"allow":["GET"]}}],"collection":[{"href":"https:\/\/www.svmed.ch\/gmcc\/wp-json\/wp\/v2\/pages"}],"about":[{"href":"https:\/\/www.svmed.ch\/gmcc\/wp-json\/wp\/v2\/types\/page"}],"author":[{"embeddable":true,"href":"https:\/\/www.svmed.ch\/gmcc\/wp-json\/wp\/v2\/users\/1"}],"replies":[{"embeddable":true,"href":"https:\/\/www.svmed.ch\/gmcc\/wp-json\/wp\/v2\/comments?post=2"}],"version-history":[{"count":16,"href":"https:\/\/www.svmed.ch\/gmcc\/wp-json\/wp\/v2\/pages\/2\/revisions"}],"predecessor-version":[{"id":105,"href":"https:\/\/www.svmed.ch\/gmcc\/wp-json\/wp\/v2\/pages\/2\/revisions\/105"}],"wp:attachment":[{"href":"https:\/\/www.svmed.ch\/gmcc\/wp-json\/wp\/v2\/media?parent=2"}],"curies":[{"name":"wp","href":"https:\/\/api.w.org\/{rel}","templated":true}]}}