{"id":2,"date":"2019-01-18T09:23:38","date_gmt":"2019-01-18T08:23:38","guid":{"rendered":"https:\/\/www.svmed.ch\/gpvaud\/?page_id=2"},"modified":"2024-11-25T14:50:18","modified_gmt":"2024-11-25T13:50:18","slug":"page-d-exemple","status":"publish","type":"page","link":"https:\/\/www.svmed.ch\/gmems\/","title":{"rendered":"Accueil"},"content":{"rendered":"<div class=\"the-content\"><h3>Groupement des m\u00e9decins travaillant en \u00e9tablissement m\u00e9dico-social (GMEMS)<\/h3>\n<p>Ce groupement d\u2019activit\u00e9 m\u00e9dicale sp\u00e9cifique repr\u00e9sente les m\u00e9decins ind\u00e9pendants vaudois intervenant dans les EMS.<\/p>\n<p>&nbsp;<\/p>\n<\/div>","protected":false},"excerpt":{"rendered":"<p>Groupement des m\u00e9decins travaillant en \u00e9tablissement m\u00e9dico-social (GMEMS) Ce groupement d\u2019activit\u00e9 m\u00e9dicale sp\u00e9cifique repr\u00e9sente les m\u00e9decins ind\u00e9pendants vaudois intervenant dans les EMS. &nbsp;<\/p>\n","protected":false},"author":1,"featured_media":0,"parent":0,"menu_order":0,"comment_status":"closed","ping_status":"closed","template":"","meta":{"_acf_changed":false,"inline_featured_image":false,"footnotes":""},"class_list":["post-2","page","type-page","status-publish","hentry"],"acf":[],"publishpress_future_action":{"enabled":false,"date":"2026-04-17 12:21:54","action":"change-status","newStatus":"draft","terms":[],"taxonomy":"","extraData":[]},"publishpress_future_workflow_manual_trigger":{"enabledWorkflows":[]},"_links":{"self":[{"href":"https:\/\/www.svmed.ch\/gmems\/wp-json\/wp\/v2\/pages\/2","targetHints":{"allow":["GET"]}}],"collection":[{"href":"https:\/\/www.svmed.ch\/gmems\/wp-json\/wp\/v2\/pages"}],"about":[{"href":"https:\/\/www.svmed.ch\/gmems\/wp-json\/wp\/v2\/types\/page"}],"author":[{"embeddable":true,"href":"https:\/\/www.svmed.ch\/gmems\/wp-json\/wp\/v2\/users\/1"}],"replies":[{"embeddable":true,"href":"https:\/\/www.svmed.ch\/gmems\/wp-json\/wp\/v2\/comments?post=2"}],"version-history":[{"count":19,"href":"https:\/\/www.svmed.ch\/gmems\/wp-json\/wp\/v2\/pages\/2\/revisions"}],"predecessor-version":[{"id":218,"href":"https:\/\/www.svmed.ch\/gmems\/wp-json\/wp\/v2\/pages\/2\/revisions\/218"}],"wp:attachment":[{"href":"https:\/\/www.svmed.ch\/gmems\/wp-json\/wp\/v2\/media?parent=2"}],"curies":[{"name":"wp","href":"https:\/\/api.w.org\/{rel}","templated":true}]}}