{"id":46,"date":"2020-03-23T09:36:03","date_gmt":"2020-03-23T08:36:03","guid":{"rendered":"https:\/\/www.svmed.ch\/gmems\/?page_id=46"},"modified":"2020-03-30T07:32:21","modified_gmt":"2020-03-30T05:32:21","slug":"documents","status":"publish","type":"page","link":"https:\/\/www.svmed.ch\/gmems\/documents\/","title":{"rendered":"Documents utiles"},"content":{"rendered":"<div class=\"the-content\">    <script type=\"text\/x-handlebars-template\" id=\"wpfd-template-categories\"><div class=\"wpfd-categories\">{{#if category}}{{#with category}}<h2>{{name}}{{#if parent}}<a class=\"catlink wpfdcategory backcategory\" href=\"#\" data-idcat=\"{{parent}}\">                        <i class=\"zmdi zmdi-chevron-left\"><\/i>Retour<\/a>{{\/if}}<\/h2>{{\/with}}{{\/if}}{{#if categories}}{{#each categories}}<a class=\"wpfdcategory catlink\" style=\"margin : 10px 10px 10px 10px;\" href=\"#\" data-idcat=\"{{term_id}}\" title=\"{{name}}\">                                <span>{{name}}<\/span><i class=\"zmdi zmdi-folder wpfd-folder\"><\/i>                            <\/a>{{\/each}}{{\/if}}<\/div>    <\/script><script type=\"text\/x-handlebars-template\" id=\"wpfd-template-files\">    {{#if files}}    \t<div class=\"wpfd_list\">\t        {{#each files}}\t\t        <div class=\"file col-xl-4\" style=\"margin : 10px 10px 10px 10px;\" data-id=\"{{ID}}\" data-catid=\"{{catid}}\">\t\t            <div class=\"file-card card\">\t\t\t            <div class=\"row no-gutters\">\t\t\t                <div class=\"filecontent col-9 col-sm-10\"><div class=\"ext {{ext}}\"><span class=\"txt\">{{ext}}<\/span><\/div><h3><a href=\"{{linkdownload}}\" class=\"wpfd_downloadlink\" title=\"{{post_title}}\">{{crop_title}}<\/a><\/h3>\t\t\t\t                <div class=\"file-xinfo\">{{#if description}}<div class=\"file-desc\">{{{description}}}<\/div>{{\/if}}{{#if versionNumber}}<div class=\"file-version\"><span>Version:<\/span> {{versionNumber}}<\/div>{{\/if}}<div class=\"file-size\"><span>Taille:<\/span> {{bytesToSize size}}<\/div><div class=\"file-dated\"><span>Date d&#039;ajout:<\/span> {{created}}<\/div>\t\t\t\t\t\t\t\t<\/div>\t\t                \t<\/div>\t\t\t                <div class=\"file-right col-3 col-sm-2 text-right\"><a class=\"downloadlink wpfd_downloadlink\" href=\"{{linkdownload}}\" style=\"background-color:#76bc58;color:#ffffff;\"> <i class=\"zmdi zmdi-cloud-download wpfd-download\"><\/i><\/a>\t\t\t            \t<\/div>\t\t\t            <\/div>\t\t\t        <\/div>\t\t\t     <\/div>\t        {{\/each}}\t    <\/div>\t{{\/if}}<\/script><div class=\"wpfd-content wpfd-content-custom wpfd-content-multi\" data-category=\"13\"><input type=\"hidden\" id=\"current_category\" value=\"13\" \/>                    <input type=\"hidden\" id=\"current_category_slug\" value=\"racine\" \/><ul class=\"breadcrumbs wpfd-breadcrumbs-custom head-category-custom\">                            <li class=\"active\">Racine<\/li>                        <\/ul><div class=\"wpfd-container\">    <div class=\"wpfd-flex-container\">         <div class=\"wpfd-container-custom \"><div class=\"wpfd-categories\"><a class=\"wpfdcategory catlink\" style=\"margin : 10px 10px 10px 10px;\" href=\"#\"                                   data-idcat=\"11\"                                   title=\"Recommandations aux m\u00e9decins en EMS\">                                    <span>Recommandations aux m\u00e9decins en EMS<\/span>                                    <i class=\"zmdi zmdi-folder wpfd-folder\"><\/i>                                <\/a><a class=\"wpfdcategory catlink\" style=\"margin : 10px 10px 10px 10px;\" href=\"#\"                                   data-idcat=\"9\"                                   title=\"Capacit\u00e9 de discernement\">                                    <span>Capacit\u00e9 de discernement<\/span>                                    <i class=\"zmdi zmdi-folder wpfd-folder\"><\/i>                                <\/a><a class=\"wpfdcategory catlink\" style=\"margin : 10px 10px 10px 10px;\" href=\"#\"                                   data-idcat=\"8\"                                   title=\"Soins palliatifs\">                                    <span>Soins palliatifs<\/span>                                    <i class=\"zmdi zmdi-folder wpfd-folder\"><\/i>                                <\/a><a class=\"wpfdcategory catlink\" style=\"margin : 10px 10px 10px 10px;\" href=\"#\"                                   data-idcat=\"10\"                                   title=\"Statuts et assembl\u00e9es g\u00e9n\u00e9rales\">                                    <span>Statuts et assembl\u00e9es g\u00e9n\u00e9rales<\/span>                                    <i class=\"zmdi zmdi-folder wpfd-folder\"><\/i>                                <\/a><a class=\"wpfdcategory catlink\" style=\"margin : 10px 10px 10px 10px;\" href=\"#\"                                   data-idcat=\"15\"                                   title=\"Formation\">                                    <span>Formation<\/span>                                    <i class=\"zmdi zmdi-folder wpfd-folder\"><\/i>                                <\/a><a class=\"wpfdcategory catlink\" style=\"margin : 10px 10px 10px 10px;\" href=\"#\"                                   data-idcat=\"16\"                                   title=\"R\u00e9ponse \u00e0 l&#039;urgence\">                                    <span>R\u00e9ponse \u00e0 l&#039;urgence<\/span>                                    <i class=\"zmdi zmdi-folder wpfd-folder\"><\/i>                                <\/a><a class=\"wpfdcategory catlink\" style=\"margin : 10px 10px 10px 10px;\" href=\"#\"                                   data-idcat=\"17\"                                   title=\"Circulaire aux membres\">                                    <span>Circulaire aux membres<\/span>                                    <i class=\"zmdi zmdi-folder wpfd-folder\"><\/i>                                <\/a><a class=\"wpfdcategory catlink\" style=\"margin : 10px 10px 10px 10px;\" href=\"#\"                                   data-idcat=\"18\"                                   title=\"Cahier des charges du m\u00e9decin en EMS\">                                    <span>Cahier des charges du m\u00e9decin en EMS<\/span>                                    <i class=\"zmdi zmdi-folder wpfd-folder\"><\/i>                                <\/a><a class=\"wpfdcategory catlink\" style=\"margin : 10px 10px 10px 10px;\" href=\"#\"                                   data-idcat=\"19\"                                   title=\"Rapport d&#039;activit\u00e9\">                                    <span>Rapport d&#039;activit\u00e9<\/span>                                    <i class=\"zmdi zmdi-folder wpfd-folder\"><\/i>                                <\/a><\/div>        <\/div>    <\/div><\/div><\/div>\n<\/div>","protected":false},"excerpt":{"rendered":"","protected":false},"author":3,"featured_media":0,"parent":0,"menu_order":0,"comment_status":"closed","ping_status":"closed","template":"","meta":{"_acf_changed":false,"inline_featured_image":false,"footnotes":""},"class_list":["post-46","page","type-page","status-publish","hentry"],"acf":[],"publishpress_future_action":{"enabled":false,"date":"2026-04-17 13:52:15","action":"change-status","newStatus":"draft","terms":[],"taxonomy":"","extraData":[]},"publishpress_future_workflow_manual_trigger":{"enabledWorkflows":[]},"_links":{"self":[{"href":"https:\/\/www.svmed.ch\/gmems\/wp-json\/wp\/v2\/pages\/46","targetHints":{"allow":["GET"]}}],"collection":[{"href":"https:\/\/www.svmed.ch\/gmems\/wp-json\/wp\/v2\/pages"}],"about":[{"href":"https:\/\/www.svmed.ch\/gmems\/wp-json\/wp\/v2\/types\/page"}],"author":[{"embeddable":true,"href":"https:\/\/www.svmed.ch\/gmems\/wp-json\/wp\/v2\/users\/3"}],"replies":[{"embeddable":true,"href":"https:\/\/www.svmed.ch\/gmems\/wp-json\/wp\/v2\/comments?post=46"}],"version-history":[{"count":3,"href":"https:\/\/www.svmed.ch\/gmems\/wp-json\/wp\/v2\/pages\/46\/revisions"}],"predecessor-version":[{"id":81,"href":"https:\/\/www.svmed.ch\/gmems\/wp-json\/wp\/v2\/pages\/46\/revisions\/81"}],"wp:attachment":[{"href":"https:\/\/www.svmed.ch\/gmems\/wp-json\/wp\/v2\/media?parent=46"}],"curies":[{"name":"wp","href":"https:\/\/api.w.org\/{rel}","templated":true}]}}