{"id":53,"date":"2020-03-24T07:35:35","date_gmt":"2020-03-24T06:35:35","guid":{"rendered":"https:\/\/www.svmed.ch\/gmems\/?page_id=53"},"modified":"2023-02-08T07:32:16","modified_gmt":"2023-02-08T06:32:16","slug":"qui-sommes-nous","status":"publish","type":"page","link":"https:\/\/www.svmed.ch\/gmems\/qui-sommes-nous\/","title":{"rendered":"Qui sommes-nous ?"},"content":{"rendered":"<div class=\"the-content\"><h4>Groupement des m\u00e9decins travaillant en \u00e9tablissement m\u00e9dico-social (GMEMS)<\/h4>\n<p>Ce groupement d\u2019activit\u00e9 m\u00e9dicale sp\u00e9cifique repr\u00e9sente les m\u00e9decins ind\u00e9pendants vaudois intervenant dans les EMS.<br \/>\nContact : Dre Tosca Bizzozzero-Foletti (<a href=\"javascript:DeCryptX('0t2q2u3f0a0.3e1j0z2|2q3}1{3h3u3r1A2g2j2e201w0d1\/3f1i')\">t&#111;sc&#97;&#46;&#98;iz&#122;&#111;zz&#101;&#114;&#111;&#64;&#101;hc&#46;&#118;d&#46;ch<\/a>)<\/p>\n<p><a href=\"https:\/\/www.svmed.ch\/gmems\/wp-content\/uploads\/sites\/17\/2020\/03\/statuts-gmems.pdf\">Statuts GMEMS<\/a><\/p>\n<h4>Comit\u00e9 du GMEMS<\/h4>\n<p>Pr\u00e9sidente : Dre Tosca Bizzozzero<\/p>\n<p>Membres : Dr S. Cl\u00e9ment, Dr A. Jabri, Dre S. Paul, , Dre A. Rodondi, Dr Ph. Vuillemin, Dr Nicolas Vallelian, Dr Moheb Bahman<\/p>\n<\/div>","protected":false},"excerpt":{"rendered":"<p>Groupement des m\u00e9decins travaillant en \u00e9tablissement m\u00e9dico-social (GMEMS) Ce groupement d\u2019activit\u00e9 m\u00e9dicale sp\u00e9cifique repr\u00e9sente les m\u00e9decins ind\u00e9pendants vaudois intervenant dans les EMS. Contact : Dre Tosca Bizzozzero-Foletti (&#116;o&#115;c&#97;.b&#105;z&#122;&#111;z&#122;er&#111;&#64;e&#104;&#99;&#46;v&#100;&#46;&#99;h) Statuts GMEMS Comit\u00e9 du GMEMS Pr\u00e9sidente : Dre Tosca Bizzozzero Membres : Dr S. Cl\u00e9ment, Dr A. Jabri, Dre S. Paul, , Dre A. Rodondi, Dr Ph. [&hellip;]<\/p>\n","protected":false},"author":3,"featured_media":0,"parent":0,"menu_order":0,"comment_status":"closed","ping_status":"closed","template":"","meta":{"_acf_changed":false,"inline_featured_image":false,"footnotes":""},"class_list":["post-53","page","type-page","status-publish","hentry"],"acf":[],"publishpress_future_action":{"enabled":false,"date":"2026-04-21 15:31:39","action":"change-status","newStatus":"draft","terms":[],"taxonomy":"","extraData":[]},"publishpress_future_workflow_manual_trigger":{"enabledWorkflows":[]},"_links":{"self":[{"href":"https:\/\/www.svmed.ch\/gmems\/wp-json\/wp\/v2\/pages\/53","targetHints":{"allow":["GET"]}}],"collection":[{"href":"https:\/\/www.svmed.ch\/gmems\/wp-json\/wp\/v2\/pages"}],"about":[{"href":"https:\/\/www.svmed.ch\/gmems\/wp-json\/wp\/v2\/types\/page"}],"author":[{"embeddable":true,"href":"https:\/\/www.svmed.ch\/gmems\/wp-json\/wp\/v2\/users\/3"}],"replies":[{"embeddable":true,"href":"https:\/\/www.svmed.ch\/gmems\/wp-json\/wp\/v2\/comments?post=53"}],"version-history":[{"count":10,"href":"https:\/\/www.svmed.ch\/gmems\/wp-json\/wp\/v2\/pages\/53\/revisions"}],"predecessor-version":[{"id":162,"href":"https:\/\/www.svmed.ch\/gmems\/wp-json\/wp\/v2\/pages\/53\/revisions\/162"}],"wp:attachment":[{"href":"https:\/\/www.svmed.ch\/gmems\/wp-json\/wp\/v2\/media?parent=53"}],"curies":[{"name":"wp","href":"https:\/\/api.w.org\/{rel}","templated":true}]}}