{"id":2,"date":"2019-01-18T09:23:38","date_gmt":"2019-01-18T08:23:38","guid":{"rendered":"https:\/\/www.svmed.ch\/gpvaud\/?page_id=2"},"modified":"2026-01-07T10:21:40","modified_gmt":"2026-01-07T09:21:40","slug":"page-d-exemple","status":"publish","type":"page","link":"https:\/\/www.svmed.ch\/gpea\/","title":{"rendered":"Accueil"},"content":{"rendered":"<div class=\"the-content\"><h4>Bienvenue sur la page d&#8217;accueil du GVPPEA<\/h4>\n<p><img loading=\"lazy\" decoding=\"async\" class=\"alignnone wp-image-48 size-large\" src=\"https:\/\/www.svmed.ch\/gpea\/wp-content\/uploads\/sites\/12\/2020\/03\/img-20200215-wa0001-1024x768.jpg\" alt=\"\" width=\"1024\" height=\"768\" srcset=\"https:\/\/www.svmed.ch\/gpea\/wp-content\/uploads\/sites\/12\/2020\/03\/img-20200215-wa0001-1024x768.jpg 1024w, https:\/\/www.svmed.ch\/gpea\/wp-content\/uploads\/sites\/12\/2020\/03\/img-20200215-wa0001-300x225.jpg 300w, https:\/\/www.svmed.ch\/gpea\/wp-content\/uploads\/sites\/12\/2020\/03\/img-20200215-wa0001-768x576.jpg 768w, https:\/\/www.svmed.ch\/gpea\/wp-content\/uploads\/sites\/12\/2020\/03\/img-20200215-wa0001-1707x1280.jpg 1707w, https:\/\/www.svmed.ch\/gpea\/wp-content\/uploads\/sites\/12\/2020\/03\/img-20200215-wa0001-1536x1152.jpg 1536w, https:\/\/www.svmed.ch\/gpea\/wp-content\/uploads\/sites\/12\/2020\/03\/img-20200215-wa0001.jpg 2048w\" sizes=\"auto, (max-width: 1024px) 100vw, 1024px\" \/><\/p>\n<p>Le groupement vaudois des psychiatres et psychoth\u00e9rapeutes pour enfants et adolescents (GVPPEA) a \u00e9t\u00e9 cr\u00e9\u00e9 en mai 2018 \u00e0 Lausanne.<br \/>\nLes membres du groupement sont tous des m\u00e9decins d\u00e9tenteurs d&#8217;un titre de sp\u00e9cialiste en psychiatrie et psychoth\u00e9rapie de l&#8217;enfant et de l&#8217;adolescent.<\/p>\n<p>Nos objectifs sont de repr\u00e9senter la p\u00e9dopsychiatrie et les p\u00e9dopsychiatres face aux institutions publiques et aux pouvoirs politiques et de d\u00e9fendre une pratique de qualit\u00e9, adapt\u00e9e aux probl\u00e9matiques contemporaines et respectueuse du patient.<\/p>\n<p>Il nous tient \u00e9galement \u00e0 c\u0153ur de repr\u00e9senter les int\u00e9r\u00eats des enfants et adolescents dans toutes les probl\u00e9matiques li\u00e9es \u00e0 leur sant\u00e9 psychique.<\/p>\n<p>Afin de concr\u00e9tiser notre d\u00e9marche, plusieurs commissions ont \u00e9t\u00e9 cr\u00e9\u00e9es (commission de la garde, commission TSA et troubles apparent\u00e9s, commission justice, commission \u00e9cole, commission de la formation continue), et nous nous r\u00e9unissons environ deux fois par an en assembl\u00e9e g\u00e9n\u00e9rale.<\/p>\n<p>&nbsp;<\/p>\n<p>&nbsp;<\/p>\n<\/div>","protected":false},"excerpt":{"rendered":"<p>Bienvenue sur la page d&#8217;accueil du GVPPEA Le groupement vaudois des psychiatres et psychoth\u00e9rapeutes pour enfants et adolescents (GVPPEA) a \u00e9t\u00e9 cr\u00e9\u00e9 en mai 2018 \u00e0 Lausanne. Les membres du groupement sont tous des m\u00e9decins d\u00e9tenteurs d&#8217;un titre de sp\u00e9cialiste en psychiatrie et psychoth\u00e9rapie de l&#8217;enfant et de l&#8217;adolescent. Nos objectifs sont de repr\u00e9senter la [&hellip;]<\/p>\n","protected":false},"author":1,"featured_media":0,"parent":0,"menu_order":0,"comment_status":"closed","ping_status":"closed","template":"","meta":{"_acf_changed":false,"inline_featured_image":false,"footnotes":""},"class_list":["post-2","page","type-page","status-publish","hentry"],"acf":[],"publishpress_future_action":{"enabled":false,"date":"2026-04-12 18:31:27","action":"change-status","newStatus":"draft","terms":[],"taxonomy":"","extraData":[]},"publishpress_future_workflow_manual_trigger":{"enabledWorkflows":[]},"_links":{"self":[{"href":"https:\/\/www.svmed.ch\/gpea\/wp-json\/wp\/v2\/pages\/2","targetHints":{"allow":["GET"]}}],"collection":[{"href":"https:\/\/www.svmed.ch\/gpea\/wp-json\/wp\/v2\/pages"}],"about":[{"href":"https:\/\/www.svmed.ch\/gpea\/wp-json\/wp\/v2\/types\/page"}],"author":[{"embeddable":true,"href":"https:\/\/www.svmed.ch\/gpea\/wp-json\/wp\/v2\/users\/1"}],"replies":[{"embeddable":true,"href":"https:\/\/www.svmed.ch\/gpea\/wp-json\/wp\/v2\/comments?post=2"}],"version-history":[{"count":15,"href":"https:\/\/www.svmed.ch\/gpea\/wp-json\/wp\/v2\/pages\/2\/revisions"}],"predecessor-version":[{"id":101,"href":"https:\/\/www.svmed.ch\/gpea\/wp-json\/wp\/v2\/pages\/2\/revisions\/101"}],"wp:attachment":[{"href":"https:\/\/www.svmed.ch\/gpea\/wp-json\/wp\/v2\/media?parent=2"}],"curies":[{"name":"wp","href":"https:\/\/api.w.org\/{rel}","templated":true}]}}