{"id":19,"date":"2019-04-09T11:36:58","date_gmt":"2019-04-09T09:36:58","guid":{"rendered":"https:\/\/www.svmed.ch\/rapport-2018\/?page_id=19"},"modified":"2019-06-26T14:41:05","modified_gmt":"2019-06-26T12:41:05","slug":"nouveaux-membres","status":"publish","type":"page","link":"https:\/\/www.svmed.ch\/rapport-2018\/nouveaux-membres\/","title":{"rendered":"Nouveaux membres"},"content":{"rendered":"<div class=\"the-content\"><p>Bienvenue aux 142 m\u00e9decins (dont 49% de femmes) qui ont rejoint la SVM en 2018 !<\/p>\n<ol>\n<li>Madame la Docteure Adam Iqbal Laurence, psychiatrie et psychoth\u00e9rapie<\/li>\n<li>Madame la Docteure Al Chab Ebtisam, gyn\u00e9cologie et obst\u00e9trique<\/li>\n<li>Monsieur le Docteur Almesber Mazen, psychiatrie et psychoth\u00e9rapie<\/li>\n<li>Monsieur le Docteur Andreani Allesandro Pietro, ophtalmologie<\/li>\n<li>Monsieur le Docteur Aparicio Hernando, m\u00e9decine interne g\u00e9n\u00e9rale<\/li>\n<li>Madame la Docteure Arana Diaz Maria, gyn\u00e9cologie \u2013 obst\u00e9trique<\/li>\n<li>Madame la Docteure Barde Oberle Lia, m\u00e9decine interne g\u00e9n\u00e9rale<\/li>\n<li>Monsieur le Docteur Barelli Stefan, h\u00e9matologie<\/li>\n<li>Monsieur le Docteur Baudoin Julien, chirurgie plastique, reconstructive et esth\u00e9tique, m\u00e9decin praticien<\/li>\n<li>Madame la Docteure Berthold Alain, m\u00e9decin praticien<\/li>\n<li>Madame la Docteure Birade Tschopp Patricia, psychiatrie et psychoth\u00e9rapie d\u2019enfants et d\u2019adolescents<\/li>\n<li>Madame la Docteure Borcan Daniela-Angela, m\u00e9decine interne g\u00e9n\u00e9rale<\/li>\n<li>Madame la Docteure Borras Laurence, psychiatrie et psychoth\u00e9rapie<\/li>\n<li>Madame la Docteure Bucher Maya, dermatologie et v\u00e9n\u00e9rologies<\/li>\n<li>Madame la Docteure Carillon Marie-Astrid, gyn\u00e9cologie et obst\u00e9trique<\/li>\n<li>Madame la Docteure Carit\u00e0 Nadia, m\u00e9decine interne g\u00e9n\u00e9rale<\/li>\n<li>Madame la Docteure Castro Bataenjer Erika, m\u00e9decine interne g\u00e9n\u00e9rale<\/li>\n<li>Madame la Docteure Cengelli Hanni Semanur, m\u00e9decine interne g\u00e9n\u00e9rale<\/li>\n<li>Monsieur le Docteur Cerantola Yannick, urologie<\/li>\n<li>Madame la Docteure Chappuis Aline, m\u00e9decine interne g\u00e9n\u00e9rale<\/li>\n<li>Monsieur le Docteur Chayestemehr Sacha, ophtalmologie<\/li>\n<li>Madame la Docteure Choudja Ouabo C\u00e9cile, p\u00e9diatrie<\/li>\n<li>Madame la Docteure Christinet Vanessa, m\u00e9decin praticien<\/li>\n<li>Monsieur le Docteur Clerc David, m\u00e9decine interne<\/li>\n<li>Madame la Docteure Cochard Sylvie, cardiologie<\/li>\n<li>Monsieur le Docteur Corminboeuf Yann, psychiatrie et psychoth\u00e9rapie<\/li>\n<li>Madame la Docteure Coti Bertrand Pauline, m\u00e9decine g\u00e9n\u00e9rale<\/li>\n<li>Madame la Docteure Dalkou Sofia, m\u00e9decine interne g\u00e9n\u00e9rale<\/li>\n<li>Madame la Docteure Darbre Abdelrahman St\u00e9phanie, p\u00e9diatrie<\/li>\n<li>Monsieur le Docteur Dardari Dured, endocrinologie et diab\u00e9tologie<\/li>\n<li>Monsieur le Docteur Dayal Nicolas, cardiologie, m\u00e9decine interne g\u00e9n\u00e9rale<\/li>\n<li>Madame la Docteure Decorzent Vanessa, psychiatrie et psychoth\u00e9rapie d\u2019enfants et d\u2019adolescents<\/li>\n<li>Madame la Docteure Decrouy-Duruz Val\u00e9rie, chirurgie plastique, reconstructive et esth\u00e9tique<\/li>\n<li>Madame la Docteure Delich Valeria, p\u00e9diatrie<\/li>\n<li>Monsieur le Docteur Dermigny Antoine, m\u00e9decin praticien<\/li>\n<li>Madame la Docteure Dermigny Emilie, m\u00e9decin praticien<\/li>\n<li>Monsieur le Docteur Desmarchelier Romain, chirurgie orthop\u00e9dique et traumatologie de l\u2019appareil locomoteur<\/li>\n<li>Monsieur le Docteur Diederichs Alexander, chirurgie orthop\u00e9dique et traumatologie de l\u2019appareil locomoteur<\/li>\n<li>Monsieur le Docteur Diez Sebastien, m\u00e9decin praticien<\/li>\n<li>Monsieur le Docteur Dorribo Victor, m\u00e9decine du travail, m\u00e9decine interne g\u00e9n\u00e9rale<\/li>\n<li>Monsieur le Docteur Douspis St\u00e9phane, m\u00e9decin praticien<\/li>\n<li>Monsieur le Docteur Duran Rafael, radiologie<\/li>\n<li>Monsieur le Docteur Eicher Jacques, psychiatrie et psychoth\u00e9rapie<\/li>\n<li>Monsieur le Docteur Estermann Fran\u00e7ois, gastroent\u00e9rologie<\/li>\n<li>Madame la Docteure Ezri Jessica, gastro-ent\u00e9rologie et h\u00e9patologie p\u00e9diatrique<\/li>\n<li>Madame la Docteure Favard Anne, ophtalmologie<\/li>\n<li>Madame la Docteure Felix Samira, gastroent\u00e9rologue<\/li>\n<li>Monsieur le Docteur Fuzat Laurent, m\u00e9decin praticien<\/li>\n<li>Monsieur le Docteur Gallay David, m\u00e9decine interne g\u00e9n\u00e9rale<\/li>\n<li>Madame la Docteure Gallay Kirsti, psychiatrie et psychoth\u00e9rapie d\u2019enfants et d\u2019adolescents<\/li>\n<li>Monsieur le Docteur Giusti Vittorio, endocrinologie\/diab\u00e9tologie<\/li>\n<li>Madame la Docteure Goupeyou Tchouangang Marquise Diane, m\u00e9decin praticien<\/li>\n<li>Madame la Docteure Gourgolitsa Maria, psychiatrie et psychoth\u00e9rapie d\u2019enfants et d\u2019adolescents<\/li>\n<li>Monsieur le Docteur Grandjean Christophe, m\u00e9decin praticien<\/li>\n<li>Monsieur le Docteur Grasset Didier, chirurgie orthop\u00e9dique et traumatologie de l\u2019appareil locomoteur<\/li>\n<li>Madame la Docteure Guenot C\u00e9cile, gyn\u00e9cologie et obst\u00e9trique<\/li>\n<li>Madame la Docteure Guidon Myriam, neurologie<\/li>\n<li>Madame la Docteure Heim Abiga\u00ebl, psychiatrie et psychoth\u00e9rapie d\u2019enfants et d\u2019adolescents<\/li>\n<li>Monsieur le Docteur Henchoz David S\u00e9bastien, anesth\u00e9siologie<\/li>\n<li>Monsieur le Docteur Hibou Fran\u00e7ois, m\u00e9decin praticien<\/li>\n<li>Monsieur le Docteur Hillion Christian, neurologie<\/li>\n<li>Madame la Docteure Hincu Ioana, m\u00e9decine interne g\u00e9n\u00e9rale<\/li>\n<li>Madame la Docteure Hinden Val\u00e9rie, psychiatrie et psychoth\u00e9rapie d\u2019enfants et d\u2019adolescents<\/li>\n<li>Madame la Docteure Joly Schwartz C\u00e9lestre, m\u00e9decine interne g\u00e9n\u00e9rale<\/li>\n<li>Madame la Docteure Karachristianidou Anastasia, m\u00e9decine interne g\u00e9n\u00e9rale<\/li>\n<li>Madame la Docteure Koehli M\u00e9lanie, radiologie<\/li>\n<li>Monsieur le Docteur Kokkinakis Ioannis, m\u00e9decine interne g\u00e9n\u00e9rale<\/li>\n<li>Madame la Docteure Kokollari Huma, gyn\u00e9cologie \u2013 obst\u00e9trique<\/li>\n<li>Madame la Docteure Langner-Viviani Felicitas, allergologie et immunologie clinique, m\u00e9decine interne g\u00e9n\u00e9rale<\/li>\n<li>Monsieur le Docteur Le Moine Philippe, chirurgie orthop\u00e9dique et traumatologie de l\u2019appareil locomoteur<\/li>\n<li>Monsieur le Docteur Loiret-Bernal C\u00e9dric, m\u00e9decin praticien<\/li>\n<li>Monsieur le Docteur Loiseau Julien, m\u00e9decin ppp<\/li>\n<li>Madame la Docteure Lopes De Araujo Almeida Catalao Sandra Maria, psychiatrie et psychoth\u00e9rapie<\/li>\n<li>Monsieur le Docteur Lucas Xavier-Arnaud, radiologie<\/li>\n<li>Monsieur le Docteur Maillard Michel, gastroent\u00e9rologue<\/li>\n<li>Monsieur le Docteur Mamouzelos Evangelos, psychiatrie et psychoth\u00e9rapie<\/li>\n<li>Madame la Docteure Mandwewala Suma, p\u00e9diatre<\/li>\n<li>Madame la Docteure Marcu Cristina, m\u00e9decine interne g\u00e9n\u00e9rale et gastroent\u00e9rologie<\/li>\n<li>Monsieur le Docteur Marenco Patrice, m\u00e9decin praticien et interne g\u00e9n\u00e9rale<\/li>\n<li>Madame la Docteure Marzano Erika, gyn\u00e9cologie et obst\u00e9trique<\/li>\n<li>Monsieur le Docteur Mcmanus John, chirurgie orthop\u00e9dique et traumatologie de l\u2019appareil locomoteur<\/li>\n<li>Madame la Docteure Mean Pascual Marie, m\u00e9decine interne<\/li>\n<li>Monsieur le Docteur Mennet Andr\u00e9, chirurgie<\/li>\n<li>Monsieur le Docteur Mercier Eric, m\u00e9decine interne g\u00e9n\u00e9rale<\/li>\n<li>Madame la Docteure Merinat Jo\u00eblle, p\u00e9diatrie<\/li>\n<li>Madame la Docteure Mialon Ana\u00efs, p\u00e9diatrie<\/li>\n<li>Madame la Docteure Mikulich Anna, gyn\u00e9cologie \u2013 obst\u00e9trique et op\u00e9ratoire<\/li>\n<li>Madame la Docteure Mizrahi Terry, p\u00e9diatrie<\/li>\n<li>Madame la Docteure Moetteli Leila, ophtalmologie<\/li>\n<li>Monsieur le Docteur Morrone Salvatore, chirurgie et anesth\u00e9siologie<\/li>\n<li>Monsieur le Docteur Mussard Philippe, m\u00e9decin praticien<\/li>\n<li>Madame la Docteure Nagy Hulliger Monika, m\u00e9decine interne g\u00e9n\u00e9rale et h\u00e9matologie<\/li>\n<li>Monsieur le Docteur Naiken Deerennaidoo Perumal, gyn\u00e9cologie et obst\u00e9trique<\/li>\n<li>Monsieur le Docteur Natowicz Andr\u00e9, endocrinologie\/diab\u00e9tologie<\/li>\n<li>Monsieur le Docteur Necolae Paul-Teodor, m\u00e9decin praticien<\/li>\n<li>Monsieur le Docteur Negulescu Teodor Valeriu, psychiatrie et psychoth\u00e9rapie<\/li>\n<li>Monsieur le Docteur Neumann Nicolas, m\u00e9decin praticien<\/li>\n<li>Madame la Docteure Norrenberg Sarah, dermatologie et v\u00e9n\u00e9rologies<\/li>\n<li>Madame la Docteure Omrani-Chaibi Fatma, gyn\u00e9cologie et obst\u00e9trique, m\u00e9decin praticien<\/li>\n<li>Monsieur le Docteur Oughlis Yacine, chirurgie orthop\u00e9dique et traumatologie de l\u2019appareil locomoteur<\/li>\n<li>Madame la Docteure Pacetti Graziella, chirurgie<\/li>\n<li>Madame la Docteure Phan-Hug Franziska, p\u00e9diatre et endocrinologie, diab\u00e9tologie p\u00e9diatrique<\/li>\n<li>Monsieur le Docteur Poglia Pietro, chirurgie orthop\u00e9dique et traumatologie de l\u2019appareil locomoteur<\/li>\n<li>Madame la Docteure Poloni Barbara, m\u00e9decine interne g\u00e9n\u00e9rale<\/li>\n<li>Monsieur le Docteur Popescu Christian, m\u00e9decine interne g\u00e9n\u00e9rale<\/li>\n<li>Monsieur le Docteur Pradoura Fernand, m\u00e9decin praticien<\/li>\n<li>Madame la Docteure Progin St\u00e9phanie, p\u00e9diatrie<\/li>\n<li>Monsieur le Docteur Pruijm Menno, m\u00e9decine interne et n\u00e9phrologie<\/li>\n<li>Monsieur le Docteur Rageth Christoph, gyn\u00e9cologie et obst\u00e9trique<\/li>\n<li>Monsieur le Docteur Ramadani Durrsim, urologie<\/li>\n<li>Madame la Docteure Rey Jannick-Sonia, radiologie<\/li>\n<li>Madame la Docteure Rikley Eva, m\u00e9decine interne g\u00e9n\u00e9rale<\/li>\n<li>Monsieur le Docteur Robyr Damien, gyn\u00e9cologie et obst\u00e9trique<\/li>\n<li>Madame la Docteure Roman Cristina, p\u00e9diatrie<\/li>\n<li>Madame la Docteure Roth Pressl-Wenger Aline, endocrinologie\/diab\u00e9tologie<\/li>\n<li>Madame la Docteure Rouiller Nathalie, endocrinologie\/diab\u00e9tologie, m\u00e9decine interne g\u00e9n\u00e9rale<\/li>\n<li>Madame la Docteure Sampaio Cavalcante Berrabah Nur Gehan, m\u00e9decin praticien<\/li>\n<li>Madame la Docteure Sautebin Annelore, m\u00e9decine interne<\/li>\n<li>Monsieur le Docteur Scarpa Cosimo Riccardo, chirurgie<\/li>\n<li>Monsieur le Docteur SCHAEFER Niklaus, oncologie m\u00e9dicale, m\u00e9decine nucl\u00e9aire, m\u00e9decine interne g\u00e9n\u00e9rale<\/li>\n<li>Monsieur le Docteur Schneeberger Fr\u00e9d\u00e9ric, psychiatrie et psychoth\u00e9rapie<\/li>\n<li>Monsieur le Docteur Schramm Sebastian, anesth\u00e9siologie<\/li>\n<li>Monsieur le Docteur Sharkawi Eamon, ophtalmologie<\/li>\n<li>Monsieur le Docteur Simeoni Umberto, p\u00e9diatrie<\/li>\n<li>Madame la Docteure Smith Cindi, m\u00e9decine interne g\u00e9n\u00e9rale et g\u00e9riatrie<\/li>\n<li>Madame la Docteure Steck Barbara, psychiatrie et psychoth\u00e9rapie d\u2019enfants et d\u2019adolescents<\/li>\n<li>Monsieur le Docteur Stettler Fabien Rodrigue, m\u00e9decine interne g\u00e9n\u00e9rale et cardiologue<\/li>\n<li>Monsieur le Docteur Terraz Olivier, psychiatrie et psychoth\u00e9rapie<\/li>\n<li>Madame la Docteure Teterycz Dorota, chirurgie<\/li>\n<li>Madame la Docteure Thyes Caroline, anesth\u00e9siologie et m\u00e9decine intensive<\/li>\n<li>Monsieur le Docteur Tissot Fr\u00e9deric, m\u00e9decine interne et maladie infectieuses<\/li>\n<li>Monsieur le Docteur Tissot-Dit-Sanfin Christophe, chirurgie orthop\u00e9dique et traumatologie de l\u2019appareil locomoteur<\/li>\n<li>Monsieur le Docteur Triverio Pierre-Alain, m\u00e9decine interne et n\u00e9phrologie<\/li>\n<li>Monsieur le Docteur Turgis Eric, m\u00e9decin praticien<\/li>\n<li>Monsieur le Docteur Ungarelli Flavio, psychiatrie et psychoth\u00e9rapie d\u2019enfants et d\u2019adolescents<\/li>\n<li>Madame la Docteure Vasseur Maurer Sabine, chirurgie p\u00e9diatrique<\/li>\n<li>Monsieur le Docteur Wabge Daniel, ophtalmologie<\/li>\n<li>Madame la Docteure Wankhede Vaishali, anesth\u00e9siologie<\/li>\n<li>Monsieur le Docteur Yahyaoui Mohammed, m\u00e9decin praticien<\/li>\n<li>Monsieur le Docteur Yersin Gr\u00e9gory psychiatrie et psychoth\u00e9rapie<\/li>\n<li>Monsieur le Docteur Zamfirov Kirik, m\u00e9decine interne g\u00e9n\u00e9rale et rhumatologie<\/li>\n<li>Monsieur le Docteur Zerlauth Jean-Baptiste, radiologie m\u00e9dicale<\/li>\n<\/ol>\n<p>&nbsp;<\/p>\n<p><em>Les candidats (65) admis par l\u2019Assembl\u00e9e des D\u00e9l\u00e9gu\u00e9s de la SVM du 29.11.2018 seront officiellement membres au 1er janvier 2019 et ne figurent pas dans cette liste.<\/em><\/p>\n<\/div>","protected":false},"excerpt":{"rendered":"<p>Bienvenue aux 142 m\u00e9decins (dont 49% de femmes) qui ont rejoint la SVM en 2018 ! Madame la Docteure Adam Iqbal Laurence, psychiatrie et psychoth\u00e9rapie Madame la Docteure Al Chab Ebtisam, gyn\u00e9cologie et obst\u00e9trique Monsieur le Docteur Almesber Mazen, psychiatrie et psychoth\u00e9rapie Monsieur le Docteur Andreani Allesandro Pietro, ophtalmologie Monsieur le Docteur Aparicio Hernando, m\u00e9decine [&hellip;]<\/p>\n","protected":false},"author":1,"featured_media":0,"parent":0,"menu_order":0,"comment_status":"closed","ping_status":"closed","template":"","meta":{"_acf_changed":false,"inline_featured_image":false,"footnotes":""},"class_list":["post-19","page","type-page","status-publish","hentry"],"acf":[],"publishpress_future_action":{"enabled":false,"date":"2026-04-13 11:36:39","action":"change-status","newStatus":"draft","terms":[],"taxonomy":"","extraData":[]},"publishpress_future_workflow_manual_trigger":{"enabledWorkflows":[]},"_links":{"self":[{"href":"https:\/\/www.svmed.ch\/rapport-2018\/wp-json\/wp\/v2\/pages\/19","targetHints":{"allow":["GET"]}}],"collection":[{"href":"https:\/\/www.svmed.ch\/rapport-2018\/wp-json\/wp\/v2\/pages"}],"about":[{"href":"https:\/\/www.svmed.ch\/rapport-2018\/wp-json\/wp\/v2\/types\/page"}],"author":[{"embeddable":true,"href":"https:\/\/www.svmed.ch\/rapport-2018\/wp-json\/wp\/v2\/users\/1"}],"replies":[{"embeddable":true,"href":"https:\/\/www.svmed.ch\/rapport-2018\/wp-json\/wp\/v2\/comments?post=19"}],"version-history":[{"count":5,"href":"https:\/\/www.svmed.ch\/rapport-2018\/wp-json\/wp\/v2\/pages\/19\/revisions"}],"predecessor-version":[{"id":487,"href":"https:\/\/www.svmed.ch\/rapport-2018\/wp-json\/wp\/v2\/pages\/19\/revisions\/487"}],"wp:attachment":[{"href":"https:\/\/www.svmed.ch\/rapport-2018\/wp-json\/wp\/v2\/media?parent=19"}],"curies":[{"name":"wp","href":"https:\/\/api.w.org\/{rel}","templated":true}]}}