{"id":232,"date":"2019-05-01T13:51:03","date_gmt":"2019-05-01T11:51:03","guid":{"rendered":"https:\/\/www.svmed.ch\/rapport-2018\/?page_id=232"},"modified":"2019-06-26T15:46:50","modified_gmt":"2019-06-26T13:46:50","slug":"gmems","status":"publish","type":"page","link":"https:\/\/www.svmed.ch\/rapport-2018\/rapports\/gmems\/","title":{"rendered":"Groupement des m\u00e9decins travaillant en \u00e9tablissement m\u00e9dico-social"},"content":{"rendered":"<div class=\"the-content\"><p>L\u2019ann\u00e9e 2018 s\u2019est d\u00e9roul\u00e9e sous le signe de la n\u00e9gociation pour le Groupement des m\u00e9decins travaillant en EMS (GMEMS).<\/p>\n<p>Comme d\u00e9j\u00e0 \u00e9voqu\u00e9, le protocole d\u2019accord entre les m\u00e9decins travaillant en EMS et les faiti\u00e8res (H\u00e9viva, Federems, FHV) avait fait l\u2019objet d\u2019une r\u00e9vision dans sa globalit\u00e9 au cours des deux derni\u00e8res ann\u00e9es, mais, manque d\u2019entente sur le financement, il n\u2019avait jamais \u00e9t\u00e9 ratifi\u00e9 par les parties. Face \u00e0 cette impasse, ainsi que dans le contexte du projet de r\u00e9ponse \u00e0 l\u2019urgence, le GMEMS a sollicit\u00e9 l\u2019avis du chef du D\u00e9partement, Monsieur le Conseiller d\u2019Etat Pierre-Yves Maillard et de Madame Stefanie Monod, cheffe du Service de la sant\u00e9 publique.<\/p>\n<p>L\u2019\u00e9tat a reconnu le r\u00f4le central du m\u00e9decin d\u2019EMS, qui se porte garant d\u2019une m\u00e9decine de qualit\u00e9 tout en tenant compte (dans la limite du possible et de l\u2019\u00e9thiquement soutenable) de la limitation des co\u00fbts et des hospitalisations. Son r\u00f4le dans la formation des \u00e9quipes, ainsi que dans l\u2019accompagnement des proches et pour prodiguer des soins palliatifs de qualit\u00e9 a \u00e9t\u00e9 \u00e9galement salu\u00e9. En signe de reconnaissance et aussi dans le but d\u2019accro\u00eetre l\u2019attractivit\u00e9 pour la rel\u00e8ve, Monsieur Maillard a accept\u00e9 de revaloriser la r\u00e9mun\u00e9ration du m\u00e9decin d\u2019EMS. L\u2019accord actuel pr\u00e9voit une r\u00e9mun\u00e9ration forfaitaire de 75 centimes par r\u00e9sident et par jour, \u00e0 condition d\u2019\u00eatre atteignable par t\u00e9l\u00e9phone les jours ouvrables de 8h \u00e0 18h. Une r\u00e9mun\u00e9ration forfaitaire \u00e0 l\u2019acte pour les m\u00e9decins qui seraient d\u2019accord d\u2019\u00eatre atteignables aussi en dehors de ces horaires est actuellement en n\u00e9gociation et fera probablement l\u2019objet d\u2019un\u00a0avenant facultatif pour une \u00ab\u00a0garde m\u00e9dicale renforc\u00e9e\u00a0\u00bb. Ce projet devra encore \u00eatre n\u00e9goci\u00e9 avec les mandataires r\u00e9gionaux.<\/p>\n<p>Le sondage interne effectu\u00e9 par voie \u00e9lectronique au sujet de la disponibilit\u00e9 des m\u00e9decins d\u2019EMS pour r\u00e9pondre \u00e0 l\u2019urgence, a mis en \u00e9vidence le fait que la majorit\u00e9 des m\u00e9decins d\u2019EMS ne souhaitent pas participer \u00e0 une \u00e9ventuelle garde sp\u00e9cifique pour les EMS de leur r\u00e9gion. En cons\u00e9quence, cette option a \u00e9t\u00e9 abandonn\u00e9e. Le sondage a confirm\u00e9 le fait que la plupart des coll\u00e8gues sont atteignables par t\u00e9l\u00e9phone 365 jours par ann\u00e9e, mais ne souhaitent pas rendre cela obligatoire ou contraignant, d\u2019o\u00f9 l\u2019id\u00e9e de cr\u00e9er un cahier de garde renforc\u00e9e sur base volontaire et r\u00e9mun\u00e9r\u00e9e \u00e0 l\u2019acte (plus-value par rapport \u00e0 la seule facturation selon le Tarmed-urgence actuellement possible).<\/p>\n<p><img loading=\"lazy\" decoding=\"async\" class=\"alignnone size-large wp-image-326\" src=\"https:\/\/www.svmed.ch\/rapport-2018\/wp-content\/uploads\/sites\/9\/2019\/05\/ems-giroud-1024x821.jpg\" alt=\"\" width=\"1024\" height=\"821\" srcset=\"https:\/\/www.svmed.ch\/rapport-2018\/wp-content\/uploads\/sites\/9\/2019\/05\/ems-giroud-1024x821.jpg 1024w, https:\/\/www.svmed.ch\/rapport-2018\/wp-content\/uploads\/sites\/9\/2019\/05\/ems-giroud-300x240.jpg 300w, https:\/\/www.svmed.ch\/rapport-2018\/wp-content\/uploads\/sites\/9\/2019\/05\/ems-giroud-768x615.jpg 768w, https:\/\/www.svmed.ch\/rapport-2018\/wp-content\/uploads\/sites\/9\/2019\/05\/ems-giroud-1597x1280.jpg 1597w\" sizes=\"auto, (max-width: 1024px) 100vw, 1024px\" \/><\/p>\n<h4>Un programme vari\u00e9 de formations continues<\/h4>\n<p>L\u2019ann\u00e9e 2018 a \u00e9t\u00e9 aussi riche en ce qui concerne les formations continues\u00a0: nous avons pu refaire le point sur la mani\u00e8re d&rsquo;\u00e9valuer la capacit\u00e9 de discernement de nos a\u00een\u00e9es avec la Dre Rybisar, nous avons rediscut\u00e9 des directives anticip\u00e9es et de leur mise en pratique avec Mme Dal Gobbo et le Dr Masserey et nous avons d\u00e9couvert la fili\u00e8re genevoise des urgences g\u00e9riatriques avec Mme Trombert. Cette derni\u00e8re formation s\u2019est conclue avec une table ronde \u00e0 laquelle nous avons eu l\u2019honneur d\u2019accueillir M. Maillard, qui nous a fait part de sa vision de la r\u00e9ponse \u00e0 l\u2019urgence en EMS mais qui a aussi pu entendre nos pr\u00e9occupations \u00e0 ce sujet.<\/p>\n<p>Lors de l\u2019Assembl\u00e9e g\u00e9n\u00e9rale de novembre, les membres du GMEMS ont d\u00e9cr\u00e9t\u00e9 la demande de l\u2019Association vaudoise de g\u00e9riatrie (AVG) de s\u2019unir \u00e0 notre groupement comme non recevable\u00a0: un groupement d\u2019activit\u00e9 (GMEMS) ne peut pas accueillir en son sein un groupement de sp\u00e9cialit\u00e9, car les statuts de la SVM ne l\u2019autorisent pas.<\/p>\n<p>Rappelons enfin que, lors de l\u2019Assembl\u00e9e g\u00e9n\u00e9rale, le Dr Michel Ravessoud a \u00e9t\u00e9 confirm\u00e9 membre du comit\u00e9 (\u00e9lection tacite en janvier 2018), alors que la Dre Sophie Paul a \u00e9t\u00e9 nomm\u00e9e d\u00e9l\u00e9gu\u00e9e du GMEMS \u00e0 l\u2019assembl\u00e9e des d\u00e9l\u00e9gu\u00e9s et la Dre Tosca Bizzozzero d\u00e9l\u00e9gu\u00e9e rempla\u00e7ante.<\/p>\n<p>J\u2019aimerais conclure en rappelant les multiples d\u00e9fis qui nous attendent pour 2019\u00a0: de la signature finale du nouveau cahier des charges des m\u00e9decins d\u2019EMS \u00e0 l\u2019application du projet de r\u00e9ponse \u00e0 l\u2019urgence dans les EMS, du projet de d\u00e9prescription en EMS \u00e0 la protection du num\u00e9ro de concordat des m\u00e9decins d\u2019EMS vis-\u00e0-vis des statistiques de Sant\u00e9suisse, des obligations l\u00e9gales pour la prise en charge des r\u00e9sidents sous PLAFA aux limitations dans la facturation des minutes en absence du patient, etc. La SVM, les membres du comit\u00e9 et moi-m\u00eame nous engageons \u00e0 suivre de pr\u00e8s le d\u00e9veloppement des \u00e9v\u00e9nements et \u00e0 veiller \u00e0 ce que les int\u00e9r\u00eats de tous les membres soient respect\u00e9s.<\/p>\n<p>&nbsp;<\/p>\n<p>Dre Tosca Bizzozzero Foletti<\/p>\n<p>Pr\u00e9sidente du Groupement des m\u00e9decins travaillant en \u00e9tablissement m\u00e9dico-social (GMEMS)<\/p>\n<p><a href=\"https:\/\/www.svmed.ch\/groupement-des-medecins-travaillant-en-etablissement-medico-social-gmems\/\" target=\"_blank\" rel=\"noopener noreferrer\">En savoir plus sur le GMEMS<\/a><\/p>\n<\/div>","protected":false},"excerpt":{"rendered":"<p>L\u2019ann\u00e9e 2018 s\u2019est d\u00e9roul\u00e9e sous le signe de la n\u00e9gociation pour le Groupement des m\u00e9decins travaillant en EMS (GMEMS). Comme d\u00e9j\u00e0 \u00e9voqu\u00e9, le protocole d\u2019accord entre les m\u00e9decins travaillant en EMS et les faiti\u00e8res (H\u00e9viva, Federems, FHV) avait fait l\u2019objet d\u2019une r\u00e9vision dans sa globalit\u00e9 au cours des deux derni\u00e8res ann\u00e9es, mais, manque d\u2019entente sur [&hellip;]<\/p>\n","protected":false},"author":4,"featured_media":0,"parent":18,"menu_order":11,"comment_status":"closed","ping_status":"closed","template":"","meta":{"_acf_changed":false,"inline_featured_image":false,"footnotes":""},"class_list":["post-232","page","type-page","status-publish","hentry"],"acf":[],"publishpress_future_action":{"enabled":false,"date":"2026-04-13 11:50:23","action":"change-status","newStatus":"draft","terms":[],"taxonomy":"","extraData":[]},"publishpress_future_workflow_manual_trigger":{"enabledWorkflows":[]},"_links":{"self":[{"href":"https:\/\/www.svmed.ch\/rapport-2018\/wp-json\/wp\/v2\/pages\/232","targetHints":{"allow":["GET"]}}],"collection":[{"href":"https:\/\/www.svmed.ch\/rapport-2018\/wp-json\/wp\/v2\/pages"}],"about":[{"href":"https:\/\/www.svmed.ch\/rapport-2018\/wp-json\/wp\/v2\/types\/page"}],"author":[{"embeddable":true,"href":"https:\/\/www.svmed.ch\/rapport-2018\/wp-json\/wp\/v2\/users\/4"}],"replies":[{"embeddable":true,"href":"https:\/\/www.svmed.ch\/rapport-2018\/wp-json\/wp\/v2\/comments?post=232"}],"version-history":[{"count":6,"href":"https:\/\/www.svmed.ch\/rapport-2018\/wp-json\/wp\/v2\/pages\/232\/revisions"}],"predecessor-version":[{"id":498,"href":"https:\/\/www.svmed.ch\/rapport-2018\/wp-json\/wp\/v2\/pages\/232\/revisions\/498"}],"up":[{"embeddable":true,"href":"https:\/\/www.svmed.ch\/rapport-2018\/wp-json\/wp\/v2\/pages\/18"}],"wp:attachment":[{"href":"https:\/\/www.svmed.ch\/rapport-2018\/wp-json\/wp\/v2\/media?parent=232"}],"curies":[{"name":"wp","href":"https:\/\/api.w.org\/{rel}","templated":true}]}}