{"id":238,"date":"2019-05-01T14:12:34","date_gmt":"2019-05-01T12:12:34","guid":{"rendered":"https:\/\/www.svmed.ch\/rapport-2018\/?page_id=238"},"modified":"2019-06-26T16:03:27","modified_gmt":"2019-06-26T14:03:27","slug":"jvd","status":"publish","type":"page","link":"https:\/\/www.svmed.ch\/rapport-2018\/rapports\/jvd\/","title":{"rendered":"Commission de la formation continue"},"content":{"rendered":"<div class=\"the-content\"><p>Les fameux Jeudis de la Vaudoise, organis\u00e9s par la Commission de la formation continue, furent l&rsquo;occasion d\u2019aborder de nombreux th\u00e8mes m\u00e9dicaux lors de la saison 2018, comme en t\u00e9moigne la liste ci-dessous.<\/p>\n<h4>Th\u00e8mes des JVD en 2018\u00a0:<\/h4>\n<ol>\n<li>Psychiatrie g\u00e9riatrique \u2013 18 janvier 2018<br \/>\nGonalgies \u2013 15 f\u00e9vrier 2018<br \/>\nTrouble de l\u2019identit\u00e9 de genre \u2013 15 mars 2018<br \/>\nImmuno-allergologie \u2013 19 avril 2018<br \/>\nR\u00e9gimes \u00e0 la mode \u2013 17 mai 2018<br \/>\nM\u00e9decine bucco-dentaire \u2013 11 octobre 2018<br \/>\nPsychiatrie ambulatoire \u2013 22 novembre 2018<\/li>\n<\/ol>\n<p>Une vingtaine d\u2019experts se sont exprim\u00e9s lors des s\u00e9ances pl\u00e9ni\u00e8res et plus de 50 coll\u00e8gues sp\u00e9cialistes ont anim\u00e9 des ateliers pratiques (ainsi que huit psychologues et huit di\u00e9t\u00e9ticiennes) !<\/p>\n<p>Ces colloques continuent ainsi \u00e0 rencontrer un tr\u00e8s bon \u00e9cho, avec une participation moyenne de plus de 170 m\u00e9decins, qui repr\u00e9sentent un large spectre de pratiques m\u00e9dicales (cabinet en solo, en groupe, permanences, policliniques, etc.) Les \u00e9valuations montrent que tant les cours en auditoires que les ateliers restent tr\u00e8s appr\u00e9ci\u00e9s, car ils apportent \u00e0 la fois des recommandations cliniques pratiques et un regard sur notre m\u00e9tier de m\u00e9decin.<\/p>\n<p><img loading=\"lazy\" decoding=\"async\" class=\"alignnone wp-image-294 size-large\" src=\"https:\/\/www.svmed.ch\/rapport-2018\/wp-content\/uploads\/sites\/9\/2019\/05\/jvd-svm-1024x489.jpg\" alt=\"\" width=\"1024\" height=\"489\" srcset=\"https:\/\/www.svmed.ch\/rapport-2018\/wp-content\/uploads\/sites\/9\/2019\/05\/jvd-svm-1024x489.jpg 1024w, https:\/\/www.svmed.ch\/rapport-2018\/wp-content\/uploads\/sites\/9\/2019\/05\/jvd-svm-300x143.jpg 300w, https:\/\/www.svmed.ch\/rapport-2018\/wp-content\/uploads\/sites\/9\/2019\/05\/jvd-svm-768x367.jpg 768w, https:\/\/www.svmed.ch\/rapport-2018\/wp-content\/uploads\/sites\/9\/2019\/05\/jvd-svm.jpg 1920w\" sizes=\"auto, (max-width: 1024px) 100vw, 1024px\" \/><\/p>\n<h4>Nouveau membre<\/h4>\n<p>Ce bref rapport est pour moi l\u2019occasion de remercier les membres de la Commission, \u00e0 savoir les Docteur-res Anne-France Mayor-Pleines, Isabelle Marguerat Bouch\u00e9, Sophie Paul, Francine Pilloud, Alain Birchmeier, Abram Morel, Matteo Monti, Jean-Luc Vonnez et Phillipe Staeger, toujours tr\u00e8s motiv\u00e9s pour pr\u00e9parer la formation continue des m\u00e9decins vaudois.<\/p>\n<p>A la fin de l\u2019ann\u00e9e, nous avons accueilli un nouveau membre, le Dr Julien Vaucher, m\u00e9decin cadre dans le d\u00e9partement de m\u00e9decine du CHUV, en remplacement du Dr Matteo Monti, qui a distill\u00e9 ses pr\u00e9cieux conseils p\u00e9dagogiques \u00e0 la commission durant de nombreuses ann\u00e9es.<\/p>\n<p>Ces Jeudis de la Vaudoise ne pourraient \u00eatre r\u00e9alis\u00e9s sans l\u2019implication de Mme Nathalie Panchaud, responsable de la formation continue, dont le travail est tr\u00e8s appr\u00e9ci\u00e9, et le soutien des sponsors\u00a0(MSD, Clinique de la Source, Novartis, ainsi que Hirslanden Clinique Bois-Cerf et C\u00e9cil) que nous remercions aussi.<\/p>\n<h4>Cours de m\u00e9decine d\u2019urgence \u00e0 domicile pour m\u00e9decins de premier recours<\/h4>\n<p>La 20\u00e8me \u00e9dition est agend\u00e9e ce printemps 2019, co\u00efncidant ainsi avec la r\u00e9organisation en profondeur du syst\u00e8me de garde domiciliaire vaudois voulue par le Service de la sant\u00e9 publique.<\/p>\n<p>&nbsp;<\/p>\n<p>Prof. Jacques Cornuz<\/p>\n<p>Pr\u00e9sident de la Commission de la formation continue<\/p>\n<p>Pour en savoir plus: <a href=\"https:\/\/www.svmed.ch\/association\/groupements-et-commissions\/\" target=\"_blank\" rel=\"noopener noreferrer\">composition de la Commission de la formation continue<\/a><\/p>\n<\/div>","protected":false},"excerpt":{"rendered":"<p>Les fameux Jeudis de la Vaudoise, organis\u00e9s par la Commission de la formation continue, furent l&rsquo;occasion d\u2019aborder de nombreux th\u00e8mes m\u00e9dicaux lors de la saison 2018, comme en t\u00e9moigne la liste ci-dessous. Th\u00e8mes des JVD en 2018\u00a0: Psychiatrie g\u00e9riatrique \u2013 18 janvier 2018 Gonalgies \u2013 15 f\u00e9vrier 2018 Trouble de l\u2019identit\u00e9 de genre \u2013 15 [&hellip;]<\/p>\n","protected":false},"author":4,"featured_media":0,"parent":18,"menu_order":4,"comment_status":"closed","ping_status":"closed","template":"","meta":{"_acf_changed":false,"inline_featured_image":false,"footnotes":""},"class_list":["post-238","page","type-page","status-publish","hentry"],"acf":[],"publishpress_future_action":{"enabled":false,"date":"2026-04-13 11:37:31","action":"change-status","newStatus":"draft","terms":[],"taxonomy":"","extraData":[]},"publishpress_future_workflow_manual_trigger":{"enabledWorkflows":[]},"_links":{"self":[{"href":"https:\/\/www.svmed.ch\/rapport-2018\/wp-json\/wp\/v2\/pages\/238","targetHints":{"allow":["GET"]}}],"collection":[{"href":"https:\/\/www.svmed.ch\/rapport-2018\/wp-json\/wp\/v2\/pages"}],"about":[{"href":"https:\/\/www.svmed.ch\/rapport-2018\/wp-json\/wp\/v2\/types\/page"}],"author":[{"embeddable":true,"href":"https:\/\/www.svmed.ch\/rapport-2018\/wp-json\/wp\/v2\/users\/4"}],"replies":[{"embeddable":true,"href":"https:\/\/www.svmed.ch\/rapport-2018\/wp-json\/wp\/v2\/comments?post=238"}],"version-history":[{"count":9,"href":"https:\/\/www.svmed.ch\/rapport-2018\/wp-json\/wp\/v2\/pages\/238\/revisions"}],"predecessor-version":[{"id":499,"href":"https:\/\/www.svmed.ch\/rapport-2018\/wp-json\/wp\/v2\/pages\/238\/revisions\/499"}],"up":[{"embeddable":true,"href":"https:\/\/www.svmed.ch\/rapport-2018\/wp-json\/wp\/v2\/pages\/18"}],"wp:attachment":[{"href":"https:\/\/www.svmed.ch\/rapport-2018\/wp-json\/wp\/v2\/media?parent=238"}],"curies":[{"name":"wp","href":"https:\/\/api.w.org\/{rel}","templated":true}]}}