{"id":240,"date":"2019-05-01T14:12:58","date_gmt":"2019-05-01T12:12:58","guid":{"rendered":"https:\/\/www.svmed.ch\/rapport-2018\/?page_id=240"},"modified":"2019-06-26T15:18:47","modified_gmt":"2019-06-26T13:18:47","slug":"commission-apprenties-assistantes-medicales","status":"publish","type":"page","link":"https:\/\/www.svmed.ch\/rapport-2018\/rapports\/commission-apprenties-assistantes-medicales\/","title":{"rendered":"Commission des apprenties assistantes m\u00e9dicales"},"content":{"rendered":"<div class=\"the-content\"><p>Pour la Commission des apprenties assistantes m\u00e9dicales, deux points essentiels sont \u00e0 relever au terme de l\u2019exercice 2018:<\/p>\n<ol>\n<li>Une augmentation de salaire a \u00e9t\u00e9 approuv\u00e9e pour les apprentis de 1\u00e8re ann\u00e9e, suite \u00e0 l\u2019augmentation du temps de pr\u00e9sence au cabinet.<\/li>\n<li>Une discussion s\u2019est tenue quant \u00e0 l\u2019organisation des commissions inter-entreprises, ainsi que du projet d\u2019assistante m\u00e9dicale dans le secteur public. La commission s\u2019est par ailleurs employ\u00e9e \u00e0 harmoniser autant que possible la formation et le CFC d\u2019assistante m\u00e9dicale.<\/li>\n<\/ol>\n<p>A noter encore que diverses r\u00e9unions ont eu lieu en amont pour la pr\u00e9paration des examens du CFC d\u2019assistante m\u00e9dicale.<\/p>\n<p>&nbsp;<\/p>\n<p>Dr Bernard Le Denmat<\/p>\n<p>Pr\u00e9sident de la Commission des apprenties assistantes m\u00e9dicales<\/p>\n<p>Pour en savoir plus: <a href=\"https:\/\/www.svmed.ch\/association\/groupements-et-commissions\/\" target=\"_blank\" rel=\"noopener noreferrer\">composition de la Commission des apprenties assistantes m\u00e9dicales<\/a><\/p>\n<\/div>","protected":false},"excerpt":{"rendered":"<p>Pour la Commission des apprenties assistantes m\u00e9dicales, deux points essentiels sont \u00e0 relever au terme de l\u2019exercice 2018: Une augmentation de salaire a \u00e9t\u00e9 approuv\u00e9e pour les apprentis de 1\u00e8re ann\u00e9e, suite \u00e0 l\u2019augmentation du temps de pr\u00e9sence au cabinet. Une discussion s\u2019est tenue quant \u00e0 l\u2019organisation des commissions inter-entreprises, ainsi que du projet d\u2019assistante [&hellip;]<\/p>\n","protected":false},"author":4,"featured_media":0,"parent":18,"menu_order":6,"comment_status":"closed","ping_status":"closed","template":"","meta":{"_acf_changed":false,"inline_featured_image":false,"footnotes":""},"class_list":["post-240","page","type-page","status-publish","hentry"],"acf":[],"publishpress_future_action":{"enabled":false,"date":"2026-04-13 13:19:42","action":"change-status","newStatus":"draft","terms":[],"taxonomy":"","extraData":[]},"publishpress_future_workflow_manual_trigger":{"enabledWorkflows":[]},"_links":{"self":[{"href":"https:\/\/www.svmed.ch\/rapport-2018\/wp-json\/wp\/v2\/pages\/240","targetHints":{"allow":["GET"]}}],"collection":[{"href":"https:\/\/www.svmed.ch\/rapport-2018\/wp-json\/wp\/v2\/pages"}],"about":[{"href":"https:\/\/www.svmed.ch\/rapport-2018\/wp-json\/wp\/v2\/types\/page"}],"author":[{"embeddable":true,"href":"https:\/\/www.svmed.ch\/rapport-2018\/wp-json\/wp\/v2\/users\/4"}],"replies":[{"embeddable":true,"href":"https:\/\/www.svmed.ch\/rapport-2018\/wp-json\/wp\/v2\/comments?post=240"}],"version-history":[{"count":6,"href":"https:\/\/www.svmed.ch\/rapport-2018\/wp-json\/wp\/v2\/pages\/240\/revisions"}],"predecessor-version":[{"id":459,"href":"https:\/\/www.svmed.ch\/rapport-2018\/wp-json\/wp\/v2\/pages\/240\/revisions\/459"}],"up":[{"embeddable":true,"href":"https:\/\/www.svmed.ch\/rapport-2018\/wp-json\/wp\/v2\/pages\/18"}],"wp:attachment":[{"href":"https:\/\/www.svmed.ch\/rapport-2018\/wp-json\/wp\/v2\/media?parent=240"}],"curies":[{"name":"wp","href":"https:\/\/api.w.org\/{rel}","templated":true}]}}