{"id":245,"date":"2019-05-01T14:23:02","date_gmt":"2019-05-01T12:23:02","guid":{"rendered":"https:\/\/www.svmed.ch\/rapport-2018\/?page_id=245"},"modified":"2019-06-26T15:08:30","modified_gmt":"2019-06-26T13:08:30","slug":"commission-de-deontologie","status":"publish","type":"page","link":"https:\/\/www.svmed.ch\/rapport-2018\/rapports\/commission-de-deontologie\/","title":{"rendered":"Commission de d\u00e9ontologie"},"content":{"rendered":"<div class=\"the-content\"><p>Au cours de l\u2019ann\u00e9e 2018, la Commission de d\u00e9ontologie (CD) de la SVM s\u2019est r\u00e9unie \u00e0 l\u2019occasion de 12 s\u00e9ances pl\u00e9ni\u00e8res.<\/p>\n<p>Une s\u00e9ance de rencontre avec la CD de la FMH, ainsi qu\u2019avec les pr\u00e9sidents des CD romandes et leurs greffiers-greffi\u00e8res, s\u2019est tenue dans les locaux de la SVM au mois de novembre 2018.<\/p>\n<p>La CD a tenu une s\u00e9ance de d\u00e9pouillement dans les locaux de la SVM.<\/p>\n<p>Enfin, la CD a \u00e9t\u00e9 pr\u00e9sente lors des trois assembl\u00e9es des d\u00e9l\u00e9gu\u00e9s de 2018.<\/p>\n<h4>La CD en chiffres<\/h4>\n<p>Au cours de l\u2019ann\u00e9e, elle a eu \u00e0 traiter 613 courriers entrants et sortants, 138 sollicitations, 41 entretiens t\u00e9l\u00e9phoniques. Par ailleurs, la m\u00e9diatrice a \u00e9t\u00e9 occup\u00e9e dans neuf m\u00e9diations initi\u00e9es par la CD.<\/p>\n<p>Ont \u00e9t\u00e9 trait\u00e9es sept demandes d\u2019exclusion pour non-paiement des cotisations dont trois sont d\u00e9j\u00e0 entr\u00e9es en vigueur.<\/p>\n<p>Sept proc\u00e9dures sont en cours depuis 2017 pour violation du code de d\u00e9ontologie. Trois proc\u00e9dures ont \u00e9t\u00e9 ouvertes dans le courant 2018.<\/p>\n<p>Le pr\u00e9sident a eu \u00e0 signer deux demandes d\u2019attestations de bonne conduite.<\/p>\n<p>Au cours de chaque s\u00e9ance pl\u00e9ni\u00e8re mensuelle, qui se d\u00e9roule de 17 \u00e0 21 heures environ, une trentaine de situations sont d\u00e9battues.<\/p>\n<p>Une fois de plus, le soussign\u00e9 se pla\u00eet \u00e0 relever l\u2019esprit d\u2019ouverture, de conscience et la profonde r\u00e9flexion qui animent les membres de la CD dans l\u2019approche de sujets parfois d\u00e9licats.<\/p>\n<p><img loading=\"lazy\" decoding=\"async\" class=\"alignnone size-large wp-image-327\" src=\"https:\/\/www.svmed.ch\/rapport-2018\/wp-content\/uploads\/sites\/9\/2019\/05\/deontologie-giroud-921x1024.jpg\" alt=\"\" width=\"921\" height=\"1024\" srcset=\"https:\/\/www.svmed.ch\/rapport-2018\/wp-content\/uploads\/sites\/9\/2019\/05\/deontologie-giroud-921x1024.jpg 921w, https:\/\/www.svmed.ch\/rapport-2018\/wp-content\/uploads\/sites\/9\/2019\/05\/deontologie-giroud-270x300.jpg 270w, https:\/\/www.svmed.ch\/rapport-2018\/wp-content\/uploads\/sites\/9\/2019\/05\/deontologie-giroud-768x854.jpg 768w, https:\/\/www.svmed.ch\/rapport-2018\/wp-content\/uploads\/sites\/9\/2019\/05\/deontologie-giroud-1151x1280.jpg 1151w, https:\/\/www.svmed.ch\/rapport-2018\/wp-content\/uploads\/sites\/9\/2019\/05\/deontologie-giroud.jpg 2042w\" sizes=\"auto, (max-width: 921px) 100vw, 921px\" \/><\/p>\n<h4>Quelques rappels d&rsquo;usage<\/h4>\n<p>Le soussign\u00e9 profite de l\u2019occasion pour rappeler \u00e0 l\u2019ensemble du corps m\u00e9dical vaudois d\u2019apporter une attention particuli\u00e8re \u00e0 :<\/p>\n<ol>\n<li>La r\u00e9daction des certificats m\u00e9dicaux.<\/li>\n<li>L\u2019\u00e9tablissement conforme \u00e0 Tarmed des notes d\u2019honoraires.<\/li>\n<li>Entretenir de bonnes relations avec les confr\u00e8res.<\/li>\n<li>Traiter la patient\u00e8le avec courtoisie et respect, quels que soient la charge de travail et le degr\u00e9 de fatigue.<\/li>\n<\/ol>\n<p>Vous l\u2019avez compris, ces quatre points sont ceux qui occupent la CD le plus fr\u00e9quemment.<\/p>\n<p>Arrivant en fin de mandat et non r\u00e9\u00e9ligible en novembre 2019, le soussign\u00e9 tient \u00e0 souligner ici toute l\u2019importance de la d\u00e9ontologie et la n\u00e9cessit\u00e9 de son respect au moyen d\u2019une commission attentive. Il souhaite \u00e0 son successeur tout le courage n\u00e9cessaire pour mener \u00e0 bien cette t\u00e2che.<\/p>\n<p>&nbsp;<\/p>\n<p>Dr Pierre Kohler<\/p>\n<p>Pr\u00e9sident de la CD<\/p>\n<p>Pour en savoir plus: <a href=\"https:\/\/www.svmed.ch\/association\/groupements-et-commissions\/\" target=\"_blank\" rel=\"noopener noreferrer\">composition de la Commission de d\u00e9ontologie<\/a><\/p>\n<\/div>","protected":false},"excerpt":{"rendered":"<p>Au cours de l\u2019ann\u00e9e 2018, la Commission de d\u00e9ontologie (CD) de la SVM s\u2019est r\u00e9unie \u00e0 l\u2019occasion de 12 s\u00e9ances pl\u00e9ni\u00e8res. Une s\u00e9ance de rencontre avec la CD de la FMH, ainsi qu\u2019avec les pr\u00e9sidents des CD romandes et leurs greffiers-greffi\u00e8res, s\u2019est tenue dans les locaux de la SVM au mois de novembre 2018. La [&hellip;]<\/p>\n","protected":false},"author":4,"featured_media":0,"parent":18,"menu_order":3,"comment_status":"closed","ping_status":"closed","template":"","meta":{"_acf_changed":false,"inline_featured_image":false,"footnotes":""},"class_list":["post-245","page","type-page","status-publish","hentry"],"acf":[],"publishpress_future_action":{"enabled":false,"date":"2026-04-13 11:37:32","action":"change-status","newStatus":"draft","terms":[],"taxonomy":"","extraData":[]},"publishpress_future_workflow_manual_trigger":{"enabledWorkflows":[]},"_links":{"self":[{"href":"https:\/\/www.svmed.ch\/rapport-2018\/wp-json\/wp\/v2\/pages\/245","targetHints":{"allow":["GET"]}}],"collection":[{"href":"https:\/\/www.svmed.ch\/rapport-2018\/wp-json\/wp\/v2\/pages"}],"about":[{"href":"https:\/\/www.svmed.ch\/rapport-2018\/wp-json\/wp\/v2\/types\/page"}],"author":[{"embeddable":true,"href":"https:\/\/www.svmed.ch\/rapport-2018\/wp-json\/wp\/v2\/users\/4"}],"replies":[{"embeddable":true,"href":"https:\/\/www.svmed.ch\/rapport-2018\/wp-json\/wp\/v2\/comments?post=245"}],"version-history":[{"count":5,"href":"https:\/\/www.svmed.ch\/rapport-2018\/wp-json\/wp\/v2\/pages\/245\/revisions"}],"predecessor-version":[{"id":490,"href":"https:\/\/www.svmed.ch\/rapport-2018\/wp-json\/wp\/v2\/pages\/245\/revisions\/490"}],"up":[{"embeddable":true,"href":"https:\/\/www.svmed.ch\/rapport-2018\/wp-json\/wp\/v2\/pages\/18"}],"wp:attachment":[{"href":"https:\/\/www.svmed.ch\/rapport-2018\/wp-json\/wp\/v2\/media?parent=245"}],"curies":[{"name":"wp","href":"https:\/\/api.w.org\/{rel}","templated":true}]}}