{"id":247,"date":"2019-05-01T14:26:45","date_gmt":"2019-05-01T12:26:45","guid":{"rendered":"https:\/\/www.svmed.ch\/rapport-2018\/?page_id=247"},"modified":"2019-06-26T15:24:49","modified_gmt":"2019-06-26T13:24:49","slug":"fonds-de-prevoyance","status":"publish","type":"page","link":"https:\/\/www.svmed.ch\/rapport-2018\/rapports\/fonds-de-prevoyance\/","title":{"rendered":"Fonds de pr\u00e9voyance"},"content":{"rendered":"<div class=\"the-content\"><p>L\u2019abandon de la solution d\u2019assurance compl\u00e8te par l\u2019un des principaux acteurs du march\u00e9 de la pr\u00e9voyance en Suisse a entra\u00een\u00e9 une large redistribution des cartes, dont les r\u00e9percussions et les effets \u00e0 long terme ne sont pas encore compl\u00e8tement mesurables.<\/p>\n<p>Dans ce contexte, le Fonds de pr\u00e9voyance de la Soci\u00e9t\u00e9 vaudoise de m\u00e9decine, qui est demeur\u00e9 en 2018 totalement r\u00e9assur\u00e9 par les Retraites Populaires, a sereinement poursuivi sa croissance.<\/p>\n<p>C\u2019est ainsi que, gr\u00e2ce \u00e0 l\u2019appui et aux contributions de tous ses partenaires, le Fonds a enregistr\u00e9 une augmentation de plus de 5% de son effectif total d\u2019affili\u00e9s (les assur\u00e9s actifs et les b\u00e9n\u00e9ficiaires de rentes), tandis que son encaissement de primes annuelles progressait en parall\u00e8le de plus de 6% (compte non tenu des libres passages re\u00e7us). En outre, la proportion des b\u00e9n\u00e9ficiaires de rentes par rapport aux assur\u00e9s actifs est rest\u00e9e tr\u00e8s favorable.<\/p>\n<p><img loading=\"lazy\" decoding=\"async\" class=\"alignnone wp-image-322 size-large\" src=\"https:\/\/www.svmed.ch\/rapport-2018\/wp-content\/uploads\/sites\/9\/2019\/05\/fonds-de-prevoyance-svm-m-smadja-1024x768.jpg\" alt=\"\" width=\"1024\" height=\"768\" srcset=\"https:\/\/www.svmed.ch\/rapport-2018\/wp-content\/uploads\/sites\/9\/2019\/05\/fonds-de-prevoyance-svm-m-smadja-1024x768.jpg 1024w, https:\/\/www.svmed.ch\/rapport-2018\/wp-content\/uploads\/sites\/9\/2019\/05\/fonds-de-prevoyance-svm-m-smadja-300x225.jpg 300w, https:\/\/www.svmed.ch\/rapport-2018\/wp-content\/uploads\/sites\/9\/2019\/05\/fonds-de-prevoyance-svm-m-smadja-768x576.jpg 768w, https:\/\/www.svmed.ch\/rapport-2018\/wp-content\/uploads\/sites\/9\/2019\/05\/fonds-de-prevoyance-svm-m-smadja.jpg 1707w\" sizes=\"auto, (max-width: 1024px) 100vw, 1024px\" \/><\/p>\n<h4>Un bilan positif mais encore de nombreux d\u00e9fis \u00e0 relever<\/h4>\n<p>Cette croissance harmonieuse illustre la confiance dont b\u00e9n\u00e9ficie notre institution, tant aupr\u00e8s des m\u00e9decins ind\u00e9pendants install\u00e9s en cabinet, que des m\u00e9decins \u0153uvrant sous un autre statut. Elle lui conf\u00e8re aussi une assise int\u00e9ressante, notamment en termes de capitaux de pr\u00e9voyance g\u00e9r\u00e9s.<\/p>\n<p>Ces \u00e9l\u00e9ments positifs ne font pas perdre de vue au Conseil de fondation les d\u00e9fis qu\u2019il lui reste \u00e0 relever pour continuer \u00e0 offrir aux membres de la SVM et \u00e0 ses affili\u00e9s des solutions de pr\u00e9voyance s\u00fbres, modernes, attractives et comp\u00e9titives. Cela implique de continuer \u00e0 veiller aux param\u00e8tres actuariels, mais aussi de porter une attention soutenue aux besoins croissants de flexibilisation de la pr\u00e9voyance, pour les traduire dans les plans applicables.<\/p>\n<p>&nbsp;<\/p>\n<p>Gilbert Smadja<\/p>\n<p>Consultant<\/p>\n<p>&nbsp;<\/p>\n<h4>Composition du conseil du fonds de pr\u00e9voyance<\/h4>\n<p><strong>Repr\u00e9sentants des employeurs<\/strong><\/p>\n<p>M. Pierre-Andr\u00e9 Repond, secr\u00e9taire g\u00e9n\u00e9ral de la SVM, pr\u00e9sident<\/p>\n<p>Dr Jean-Joseph Boillat, sp\u00e9cialiste en urologie<\/p>\n<p>M. Fr\u00e9d\u00e9ric Donati, adjoint DRH au CHUV, repr\u00e9sentant des m\u00e9decins-cadres<\/p>\n<p><strong>Repr\u00e9sentants des assur\u00e9s<\/strong><\/p>\n<p>Dr Henri-Kim de Heller, m\u00e9decine g\u00e9n\u00e9rale<\/p>\n<p>M. Pascal Fernandez, Responsable des op\u00e9rations et du CdC<\/p>\n<p>Prof. Patric Hagmann, service de radiodiagnostic du CHUV, repr\u00e9sentant des m\u00e9decins-cadres<\/p>\n<\/div>","protected":false},"excerpt":{"rendered":"<p>L\u2019abandon de la solution d\u2019assurance compl\u00e8te par l\u2019un des principaux acteurs du march\u00e9 de la pr\u00e9voyance en Suisse a entra\u00een\u00e9 une large redistribution des cartes, dont les r\u00e9percussions et les effets \u00e0 long terme ne sont pas encore compl\u00e8tement mesurables. Dans ce contexte, le Fonds de pr\u00e9voyance de la Soci\u00e9t\u00e9 vaudoise de m\u00e9decine, qui est [&hellip;]<\/p>\n","protected":false},"author":4,"featured_media":0,"parent":18,"menu_order":8,"comment_status":"closed","ping_status":"closed","template":"","meta":{"_acf_changed":false,"inline_featured_image":false,"footnotes":""},"class_list":["post-247","page","type-page","status-publish","hentry"],"acf":[],"publishpress_future_action":{"enabled":false,"date":"2026-04-13 11:36:45","action":"change-status","newStatus":"draft","terms":[],"taxonomy":"","extraData":[]},"publishpress_future_workflow_manual_trigger":{"enabledWorkflows":[]},"_links":{"self":[{"href":"https:\/\/www.svmed.ch\/rapport-2018\/wp-json\/wp\/v2\/pages\/247","targetHints":{"allow":["GET"]}}],"collection":[{"href":"https:\/\/www.svmed.ch\/rapport-2018\/wp-json\/wp\/v2\/pages"}],"about":[{"href":"https:\/\/www.svmed.ch\/rapport-2018\/wp-json\/wp\/v2\/types\/page"}],"author":[{"embeddable":true,"href":"https:\/\/www.svmed.ch\/rapport-2018\/wp-json\/wp\/v2\/users\/4"}],"replies":[{"embeddable":true,"href":"https:\/\/www.svmed.ch\/rapport-2018\/wp-json\/wp\/v2\/comments?post=247"}],"version-history":[{"count":9,"href":"https:\/\/www.svmed.ch\/rapport-2018\/wp-json\/wp\/v2\/pages\/247\/revisions"}],"predecessor-version":[{"id":494,"href":"https:\/\/www.svmed.ch\/rapport-2018\/wp-json\/wp\/v2\/pages\/247\/revisions\/494"}],"up":[{"embeddable":true,"href":"https:\/\/www.svmed.ch\/rapport-2018\/wp-json\/wp\/v2\/pages\/18"}],"wp:attachment":[{"href":"https:\/\/www.svmed.ch\/rapport-2018\/wp-json\/wp\/v2\/media?parent=247"}],"curies":[{"name":"wp","href":"https:\/\/api.w.org\/{rel}","templated":true}]}}