{"id":249,"date":"2019-05-01T14:29:50","date_gmt":"2019-05-01T12:29:50","guid":{"rendered":"https:\/\/www.svmed.ch\/rapport-2018\/?page_id=249"},"modified":"2019-06-26T15:22:11","modified_gmt":"2019-06-26T13:22:11","slug":"fondation-avenir-et-sante","status":"publish","type":"page","link":"https:\/\/www.svmed.ch\/rapport-2018\/rapports\/fondation-avenir-et-sante\/","title":{"rendered":"Fondation Avenir et Sant\u00e9"},"content":{"rendered":"<div class=\"the-content\"><p><img loading=\"lazy\" decoding=\"async\" class=\"alignnone wp-image-320 size-large\" src=\"https:\/\/www.svmed.ch\/rapport-2018\/wp-content\/uploads\/sites\/9\/2019\/05\/logo-fas-small-1024x199.png\" alt=\"\" width=\"1024\" height=\"199\" srcset=\"https:\/\/www.svmed.ch\/rapport-2018\/wp-content\/uploads\/sites\/9\/2019\/05\/logo-fas-small-1024x199.png 1024w, https:\/\/www.svmed.ch\/rapport-2018\/wp-content\/uploads\/sites\/9\/2019\/05\/logo-fas-small-300x58.png 300w, https:\/\/www.svmed.ch\/rapport-2018\/wp-content\/uploads\/sites\/9\/2019\/05\/logo-fas-small-768x149.png 768w, https:\/\/www.svmed.ch\/rapport-2018\/wp-content\/uploads\/sites\/9\/2019\/05\/logo-fas-small.png 1079w\" sizes=\"auto, (max-width: 1024px) 100vw, 1024px\" \/><\/p>\n<p>La <a href=\"http:\/\/www.avenir-et-sante.ch\/a-propos\" target=\"_blank\" rel=\"noopener noreferrer\">Fondation Avenir et Sant\u00e9<\/a>, cr\u00e9\u00e9e en 2015, a pour objectif statutaire de \u00ab\u00a0favoriser la rel\u00e8ve m\u00e9dicale dans le canton de Vaud et l&rsquo;\u00e9tude de nouvelles formes d\u2019organisation de la pratique m\u00e9dicale, afin de promouvoir celles qui sont les plus adapt\u00e9es aux besoins de la population vaudoise\u00a0\u00bb. L\u2019environnement de la pratique m\u00e9dicale \u00e9volue rapidement et n\u00e9cessite de r\u00e9fl\u00e9chir \u00e0 des mod\u00e8les innovants d\u2019organisation, garantissant la qualit\u00e9 des prestations et l\u2019\u00e9thique m\u00e9dicale, favorisant la collaboration interdisciplinaire et interprofessionnelle et l\u2019acc\u00e8s aux soins, y compris en dehors des heures ouvrables.<\/p>\n<p>L\u2019ann\u00e9e 2018 a \u00e9t\u00e9 marqu\u00e9e par le lancement d\u2019un appel \u00e0 projets de cabinets devant r\u00e9pondre de fa\u00e7on cibl\u00e9e aux objectifs de la FAS d\u00e9crits plus haut. Un cr\u00e9dit d\u2019encouragement a \u00e9t\u00e9 octroy\u00e9 pour couvrir les frais de conception ou de mise en route de structures m\u00e9dicales, \u00e0 priori pluridisciplinaires, et r\u00e9pondant au besoin de rel\u00e8ve dans des r\u00e9gions plut\u00f4t sous-dot\u00e9es. L\u2019attribution de ce soutien devait r\u00e9pondre \u00e0 plusieurs crit\u00e8res, dont une orientation multi-professionnelle garantissant des soins holistiques, tout en visant \u00e0 d\u00e9sengorger les services d\u2019urgence des h\u00f4pitaux. Cette d\u00e9marche a rencontr\u00e9 un succ\u00e8s certain, puisque 12 projets ont \u00e9t\u00e9 adress\u00e9s \u00e0 la FAS, dont cinq ont \u00e9t\u00e9 retenus.<\/p>\n<h4>Efforts de sensibilisation<\/h4>\n<p>La Fondation a \u00e9galement continu\u00e9 de d\u00e9ployer une activit\u00e9 de sensibilisation aupr\u00e8s des communes vaudoises, en distribuant la brochure d\u00e9crivant de quelle mani\u00e8re elles pouvaient favoriser des installations de cabinet novatrices et r\u00e9pondant aux besoins de leur population. A deux reprises, le Pr\u00e9sident de la Fondation a rencontr\u00e9 des d\u00e9l\u00e9gations de syndics dans le cadre d\u2019un \u00e9change d\u2019id\u00e9es et d\u2019opinions nourri et fructueux. Dans une perspective similaire, le Pr\u00e9sident a rencontr\u00e9 le comit\u00e9 de l\u2019Association M\u00e9decins de Famille Vaud, de m\u00eame que des m\u00e9decins assistants, dans le cadre des cours sur l\u2019installation en cabinet, mis sur pied annuellement \u00e0 leur attention et soutenus par la FAS.<\/p>\n<p>L\u2019ann\u00e9e 2019 devrait permettre de poursuivre ces activit\u00e9s dont l\u2019utilit\u00e9 se r\u00e9v\u00e8le \u00e9vidente. La FAS conna\u00eetra par ailleurs un renouvellement de la composition de son Conseil.<\/p>\n<p>&nbsp;<\/p>\n<p>Prof. P.-A. Michaud<\/p>\n<p>Pr\u00e9sident du Conseil de Fondation<\/p>\n<\/div>","protected":false},"excerpt":{"rendered":"<p>La Fondation Avenir et Sant\u00e9, cr\u00e9\u00e9e en 2015, a pour objectif statutaire de \u00ab\u00a0favoriser la rel\u00e8ve m\u00e9dicale dans le canton de Vaud et l&rsquo;\u00e9tude de nouvelles formes d\u2019organisation de la pratique m\u00e9dicale, afin de promouvoir celles qui sont les plus adapt\u00e9es aux besoins de la population vaudoise\u00a0\u00bb. L\u2019environnement de la pratique m\u00e9dicale \u00e9volue rapidement et [&hellip;]<\/p>\n","protected":false},"author":4,"featured_media":0,"parent":18,"menu_order":7,"comment_status":"closed","ping_status":"closed","template":"","meta":{"_acf_changed":false,"inline_featured_image":false,"footnotes":""},"class_list":["post-249","page","type-page","status-publish","hentry"],"acf":[],"publishpress_future_action":{"enabled":false,"date":"2026-04-13 11:35:57","action":"change-status","newStatus":"draft","terms":[],"taxonomy":"","extraData":[]},"publishpress_future_workflow_manual_trigger":{"enabledWorkflows":[]},"_links":{"self":[{"href":"https:\/\/www.svmed.ch\/rapport-2018\/wp-json\/wp\/v2\/pages\/249","targetHints":{"allow":["GET"]}}],"collection":[{"href":"https:\/\/www.svmed.ch\/rapport-2018\/wp-json\/wp\/v2\/pages"}],"about":[{"href":"https:\/\/www.svmed.ch\/rapport-2018\/wp-json\/wp\/v2\/types\/page"}],"author":[{"embeddable":true,"href":"https:\/\/www.svmed.ch\/rapport-2018\/wp-json\/wp\/v2\/users\/4"}],"replies":[{"embeddable":true,"href":"https:\/\/www.svmed.ch\/rapport-2018\/wp-json\/wp\/v2\/comments?post=249"}],"version-history":[{"count":5,"href":"https:\/\/www.svmed.ch\/rapport-2018\/wp-json\/wp\/v2\/pages\/249\/revisions"}],"predecessor-version":[{"id":493,"href":"https:\/\/www.svmed.ch\/rapport-2018\/wp-json\/wp\/v2\/pages\/249\/revisions\/493"}],"up":[{"embeddable":true,"href":"https:\/\/www.svmed.ch\/rapport-2018\/wp-json\/wp\/v2\/pages\/18"}],"wp:attachment":[{"href":"https:\/\/www.svmed.ch\/rapport-2018\/wp-json\/wp\/v2\/media?parent=249"}],"curies":[{"name":"wp","href":"https:\/\/api.w.org\/{rel}","templated":true}]}}