{"id":270,"date":"2019-05-07T14:26:35","date_gmt":"2019-05-07T12:26:35","guid":{"rendered":"https:\/\/www.svmed.ch\/rapport-2018\/?page_id=270"},"modified":"2019-06-26T15:37:50","modified_gmt":"2019-06-26T13:37:50","slug":"groupement-des-medecins-scolaires","status":"publish","type":"page","link":"https:\/\/www.svmed.ch\/rapport-2018\/rapports\/groupement-des-medecins-scolaires\/","title":{"rendered":"Groupement des m\u00e9decins scolaires"},"content":{"rendered":"<div class=\"the-content\"><p>Le comit\u00e9 du Groupement des m\u00e9decins scolaires (GMSV) s\u2019est r\u00e9uni \u00e0 quatre reprise cette ann\u00e9e (1er f\u00e9vrier, 29 mai, 4 septembre et 6 novembre).<\/p>\n<p>Les sollicitations de la part de nos membres furent peu nombreuses durant cet exercice.<\/p>\n<p>Nous avons particip\u00e9 au congr\u00e8s de l\u2019association des m\u00e9decins-scolaires suisses intitul\u00e9 \u00ab\u00a0Scolarmed\u00a0\u00bb et organis\u00e9 par notre unit\u00e9.<\/p>\n<p>L\u2019ann\u00e9e a en outre \u00e9t\u00e9 marqu\u00e9e par la cr\u00e9ation du forum. Cette proposition de r\u00e9union est venue de l\u2019unit\u00e9 PSPS, apr\u00e8s plusieurs demandes de jeunes coll\u00e8gues m\u00e9decins scolaires voulant mieux comprendre les rouages de cette activit\u00e9.<\/p>\n<p>Comme chaque ann\u00e9e, nous avons particip\u00e9 aux trois Assembl\u00e9es des d\u00e9l\u00e9gu\u00e9s de la SVM.<\/p>\n<p>&nbsp;<\/p>\n<p>Dre B\u00e9atrice Schilter<\/p>\n<p>Pr\u00e9sidente du Groupement des m\u00e9decins scolaires (GMSV)<\/p>\n<p><a href=\"https:\/\/www.svmed.ch\/groupement-des-medecins-scolaires-gmsv\/\" target=\"_blank\" rel=\"noopener noreferrer\">En savoir plus sur le GMSV<\/a><\/p>\n<\/div>","protected":false},"excerpt":{"rendered":"<p>Le comit\u00e9 du Groupement des m\u00e9decins scolaires (GMSV) s\u2019est r\u00e9uni \u00e0 quatre reprise cette ann\u00e9e (1er f\u00e9vrier, 29 mai, 4 septembre et 6 novembre). Les sollicitations de la part de nos membres furent peu nombreuses durant cet exercice. Nous avons particip\u00e9 au congr\u00e8s de l\u2019association des m\u00e9decins-scolaires suisses intitul\u00e9 \u00ab\u00a0Scolarmed\u00a0\u00bb et organis\u00e9 par notre unit\u00e9. [&hellip;]<\/p>\n","protected":false},"author":4,"featured_media":0,"parent":18,"menu_order":10,"comment_status":"closed","ping_status":"closed","template":"","meta":{"_acf_changed":false,"inline_featured_image":false,"footnotes":""},"class_list":["post-270","page","type-page","status-publish","hentry"],"acf":[],"publishpress_future_action":{"enabled":false,"date":"2026-04-13 11:37:59","action":"change-status","newStatus":"draft","terms":[],"taxonomy":"","extraData":[]},"publishpress_future_workflow_manual_trigger":{"enabledWorkflows":[]},"_links":{"self":[{"href":"https:\/\/www.svmed.ch\/rapport-2018\/wp-json\/wp\/v2\/pages\/270","targetHints":{"allow":["GET"]}}],"collection":[{"href":"https:\/\/www.svmed.ch\/rapport-2018\/wp-json\/wp\/v2\/pages"}],"about":[{"href":"https:\/\/www.svmed.ch\/rapport-2018\/wp-json\/wp\/v2\/types\/page"}],"author":[{"embeddable":true,"href":"https:\/\/www.svmed.ch\/rapport-2018\/wp-json\/wp\/v2\/users\/4"}],"replies":[{"embeddable":true,"href":"https:\/\/www.svmed.ch\/rapport-2018\/wp-json\/wp\/v2\/comments?post=270"}],"version-history":[{"count":4,"href":"https:\/\/www.svmed.ch\/rapport-2018\/wp-json\/wp\/v2\/pages\/270\/revisions"}],"predecessor-version":[{"id":496,"href":"https:\/\/www.svmed.ch\/rapport-2018\/wp-json\/wp\/v2\/pages\/270\/revisions\/496"}],"up":[{"embeddable":true,"href":"https:\/\/www.svmed.ch\/rapport-2018\/wp-json\/wp\/v2\/pages\/18"}],"wp:attachment":[{"href":"https:\/\/www.svmed.ch\/rapport-2018\/wp-json\/wp\/v2\/media?parent=270"}],"curies":[{"name":"wp","href":"https:\/\/api.w.org\/{rel}","templated":true}]}}