{"id":34,"date":"2019-04-09T12:13:31","date_gmt":"2019-04-09T10:13:31","guid":{"rendered":"https:\/\/www.svmed.ch\/rapport-2018\/?page_id=34"},"modified":"2019-06-26T14:07:26","modified_gmt":"2019-06-26T12:07:26","slug":"bilan-du-president-de-la-svm","status":"publish","type":"page","link":"https:\/\/www.svmed.ch\/rapport-2018\/bilan-du-president-de-la-svm\/","title":{"rendered":"Bilan du Pr\u00e9sident de la SVM"},"content":{"rendered":"<div class=\"the-content\"><p>A nouveau une ann\u00e9e sans beaucoup de r\u00e9pit, au terme de laquelle il est malheureusement impossible de se montrer exhaustif concernant\u00a0 tout ce que la SVM a \u00e9t\u00e9 amen\u00e9e \u00e0 aborder. Je voudrais cependant \u00e9voquer quelques \u00e9l\u00e9ments marquants.<\/p>\n<p>Tout d\u2019abord, je veux saluer ici l\u2019engagement constant et sans faille du secr\u00e9tariat g\u00e9n\u00e9ral, sous la conduite de son Secr\u00e9taire G\u00e9n\u00e9ral M. Pierre-Andr\u00e9 Repond. Il permet \u00e0 notre association d\u2019assurer la continuit\u00e9 dans les nombreux services aux membres, mais aussi de proposer de nouvelles formes de communication et d\u2019acc\u00e8s \u00e0 l\u2019information tels qu\u2019un site web renouvel\u00e9, un blog ou encore un Courrier du M\u00e9decin Vaudois qui a f\u00eat\u00e9 dignement ses 30 ans en 2018.<\/p>\n<p>L\u2019ann\u00e9e 2018 est marqu\u00e9e par la prise de conscience que notre syst\u00e8me de sant\u00e9, qui est certes co\u00fbteux, reste l&rsquo;un des meilleurs au monde <a href=\"https:\/\/healthpowerhouse.com\/publications\/\" target=\"_blank\" rel=\"noopener noreferrer\"><span class='tooltipsall tooltipsincontent classtoolTips5'>[1]<\/span><\/a>, et que le corps m\u00e9dical doit d\u00e9sormais faire entendre sa voix pour tenter de maintenir sa qualit\u00e9 et son accessibilit\u00e9 <a href=\"https:\/\/www.rts.ch\/play\/tv\/19h30\/video\/le-docteur-philippe-eggimann-ardent-defenseur-des-medecins-dans-le-debat-sur-les-couts-de-la-sante-?id=10260822\" target=\"_blank\" rel=\"noopener noreferrer\"><span class='tooltipsall tooltipsincontent classtoolTips6'>[2]<\/span><\/a>.<\/p>\n<p>D\u00e9positaires de la libert\u00e9 th\u00e9rapeutique, pl\u00e9biscit\u00e9e par la population qui place toujours le libre choix du m\u00e9decin et de l\u2019h\u00f4pital en t\u00eate de ses aspirations, les m\u00e9decins r\u00e9alisent qu\u2019ils se situent au c\u0153ur du syst\u00e8me de sant\u00e9. Dans cette perspective, il est essentiel de comprendre que certaines mesures discut\u00e9es au Parlement et par les cantons se traduiront par un rationnement des soins, comme dans les pays qui nous entourent <span class='tooltipsall tooltipsincontent classtoolTips7'>[3]<\/span>. Ce ne doit pas \u00eatre aux m\u00e9decins d\u2019en assumer la responsabilit\u00e9, mais bien \u00e0 nos autorit\u00e9s et \u00e0 nos parlementaires qui en sont \u00e0 l\u2019origine.<\/p>\n<p>R\u00e9pondant aux pol\u00e9miques st\u00e9riles sur le revenu pr\u00e9tendument excessif des m\u00e9decins, aliment\u00e9es par des experts (dont le Conseiller f\u00e9d\u00e9ral en charge du DFI, pourtant Dr en \u00e9conomie) qui font mine de le confondre avec le chiffre d\u2019affaires <a href=\"https:\/\/doi.org\/10.4414\/bms.2018.17283\" target=\"_blank\" rel=\"noopener noreferrer\"><span class='tooltipsall tooltipsincontent classtoolTips8'>[4]<\/span><\/a>, nous avons pu d\u00e9montrer en 2018 qu\u2019une fois les diff\u00e9rentes charges prises en compte, le revenu des m\u00e9decins ind\u00e9pendants ne repr\u00e9sente que 6,5% des primes d\u2019assurance maladie obligatoire <a href=\"https:\/\/www.rts.ch\/info\/suisse\/9953104-une-etude-revele-ce-que-gagnent-les-medecins-en-suisse.html\" target=\"_blank\" rel=\"noopener noreferrer\"><span class='tooltipsall tooltipsincontent classtoolTips9'>[5]<\/span><\/a>. La volont\u00e9 des acteurs d\u2019ignorer les causes r\u00e9elles d\u2019une hausse des primes qui s\u2019av\u00e8re sup\u00e9rieure \u00e0 celle des co\u00fbts, pour en rejeter la faute sur le corps m\u00e9dical, est f\u00e9roce et occupe largement l\u2019espace public <a href=\"https:\/\/www.planetesante.ch\/Magazine\/Ethique-politique-et-droit\/Politiques-de-sante\/Couts-de-la-sante-ce-que-l-on-vous-cache\" target=\"_blank\" rel=\"noopener noreferrer\"><span class='tooltipsall tooltipsincontent classtoolTips10'>[6]<\/span><\/a>.<\/p>\n<p>C\u2019est dans ce climat difficile que les obstacles se multiplient, rendant l\u2019exercice de la profession de plus en plus compliqu\u00e9 <a href=\"https:\/\/www.svmed.ch\/association\/publications-svm\/courrier-du-medecin-vaudois\/\" target=\"_blank\" rel=\"noopener noreferrer\"><span class='tooltipsall tooltipsincontent classtoolTips11'>[7]<\/span><\/a>. Restriction sans concertation des autorisations de pratique et \u00e0 charge de l\u2019assurance maladie, ayant occasionn\u00e9 de nombreuses proc\u00e9dures, sans perspective d\u2019am\u00e9lioration de la situation \u00e0 court terme <a href=\"https:\/\/www.24heures.ch\/vaud-regions\/Les-medecins-vaudois-s-opposent-au-Conseil-dEtat\/story\/30443595\" target=\"_blank\" rel=\"noopener noreferrer\"><span class='tooltipsall tooltipsincontent classtoolTips12'>[8]<\/span><\/a>. Application autoritaire des recommandations en lien avec l\u2019hygi\u00e8ne hospitali\u00e8re et l\u2019organisation du travail dans les cabinets m\u00e9dicaux <a href=\"https:\/\/www.svmed.ch\/association\/publications-svm\/courrier-du-medecin-vaudois\/\" target=\"_blank\" rel=\"noopener noreferrer\"><span class='tooltipsall tooltipsincontent classtoolTips13'>[9]<\/span><\/a>.<\/p>\n<p>Offensive des assureurs, qui non contents d\u2019exiger sans justification v\u00e9ritable, avec la complicit\u00e9 des autorit\u00e9s, une baisse continue de la valeur du point, instaurent des contr\u00f4les syst\u00e9matiques des factures en multipliant les demandes de justifications, alors que les cas de surfacturation av\u00e9r\u00e9s et surm\u00e9diatis\u00e9s se comptent sur les doigts de la main.<\/p>\n<p>Dans ces conditions, alors que tous s\u2019accordent sur une p\u00e9nurie d\u00e9j\u00e0 manifeste, aussi bien de m\u00e9decins de premier recours que de sp\u00e9cialistes hospitaliers, ce tumulte risque de se traduire par une aggravation de la situation, nos jeunes pr\u00e9f\u00e9rant se lancer dans des domaines plus prometteurs d\u2019autonomie, de libert\u00e9 et de garanties p\u00e9cuniaires. Tentons de les retenir.<\/p>\n<p>M\u00eame s\u2019ils ont de la peine \u00e0 se faire entendre, les m\u00e9decins ont des propositions, et 2019 sera certainement une occasion de les mettre en avant, en particulier dans le cadre de la campagne des \u00e9lections f\u00e9d\u00e9rales. Smarter medicine (m\u00e9decine plus intelligente) <a href=\"https:\/\/www.smartermedicine.ch\/fr\/page-daccueil.html\" target=\"_blank\" rel=\"noopener noreferrer\"><span class='tooltipsall tooltipsincontent classtoolTips0'>[10]<\/span><\/a>, m\u00e9decine personnalis\u00e9e, mod\u00e8les d\u2019assurance innovants <a href=\"https:\/\/www.rts.ch\/play\/radio\/forum\/audio\/et-si-nous-etions-tous-actionnaires-de-nos-caisses-maladies-debat-entre-felix-schneuwly-et-pierre-andre-repond?id=10047832\" target=\"_blank\" rel=\"noopener noreferrer\"><span class='tooltipsall tooltipsincontent classtoolTips1'>[11]<\/span><\/a> : le corps m\u00e9dical ne doit pas avoir honte de se positionner comme expert des probl\u00e8mes li\u00e9s \u00e0 notre syst\u00e8me de sant\u00e9. Les auteurs b\u00e9n\u00e9voles des nombreux articles et num\u00e9ros th\u00e9matiques du Courrier du M\u00e9decin Vaudois contribuent largement \u00e0 diffuser ces propositions et ils doivent ici \u00eatre remerci\u00e9s.<\/p>\n<p>Dans la m\u00eame perspective, l\u2019engagement de nombreux m\u00e9decins dans les diff\u00e9rentes instances de la Soci\u00e9t\u00e9 Vaudoise de M\u00e9decine est \u00e0 saluer et \u00e0 remercier. C\u2019est seulement ensemble que nous pourrons contribuer \u00e0 maintenir les aspirations l\u00e9gitimes de la population \u00e0 garantir \u00e0 la fois l\u2019accessibilit\u00e9 et la qualit\u00e9 de notre syst\u00e8me de sant\u00e9.<\/p>\n<p>&nbsp;<\/p>\n<p>Dr Philippe Eggimann<\/p>\n<p>Pr\u00e9sident de la SVM<\/p>\n<\/div><script type=\"text\/javascript\"> toolTips('.classtoolTips0','<a href=\"https:\/\/www.smartermedicine.ch\/fr\/page-daccueil.html\" target=\"_blank\" rel=\"noopener noreferrer\">Lien externe<\/a>'); <\/script><script type=\"text\/javascript\"> toolTips('.classtoolTips1','Tous assur\u00e9s, tous actionnaires de l\u2019assurance maladie. Pierre-Andr\u00e9 Repond, CMV dec 2018 et <a href=\"https:\/\/www.rts.ch\/play\/radio\/forum\/audio\/et-si-nous-etions-tous-actionnaires-de-nos-caisses-maladies-debat-entre-felix-schneuwly-et-pierre-andre-repond?id=10047832\" target=\"_blank\" rel=\"noopener noreferrer\">RTS<\/a>'); <\/script><script type=\"text\/javascript\"> toolTips('.classtoolTips5','<a href=\"https:\/\/healthpowerhouse.com\/publications\/\" target=\"_blank\" rel=\"noopener noreferrer\">Lien externe<\/a> - Figure 1.3.29, page 17'); <\/script><script type=\"text\/javascript\"> toolTips('.classtoolTips6','<a href=\"https:\/\/www.rts.ch\/play\/tv\/19h30\/video\/le-docteur-philippe-eggimann-ardent-defenseur-des-medecins-dans-le-debat-sur-les-couts-de-la-sante-?id=10260822\" target=\"_blank\" rel=\"noopener noreferrer\">Le docteur Philippe Eggimann, ardent d\u00e9fenseur des m\u00e9decins dans le d\u00e9bat sur les co\u00fbts de la sant\u00e9<\/a>'); <\/script><script type=\"text\/javascript\"> toolTips('.classtoolTips7','Schluep J. Faut-il soumettre les traitements aux budgets politiques\u00a0? Bulletin des M\u00e9decins Suisses 2018;99(39):1305.'); <\/script><script type=\"text\/javascript\"> toolTips('.classtoolTips8','Schluep J. Des chiffres pertinents gr\u00e2ce \u00e0 la collaboration des m\u00e9decins <a href=\"https:\/\/doi.org\/10.4414\/bms.2018.17283\" target=\"_blank\" rel=\"noopener noreferrer\">https:\/\/doi.org\/10.4414\/bms.2018.17283<\/a> \u00a0\/\u00a0 Interview PE'); <\/script><script type=\"text\/javascript\"> toolTips('.classtoolTips9','<a href=\"https:\/\/www.rts.ch\/info\/suisse\/9953104-une-etude-revele-ce-que-gagnent-les-medecins-en-suisse.html\" target=\"_blank\" rel=\"noopener noreferrer\">Interview Dr Philippe Eggimann \u2013 29.10.2019 \u2013 RTS<\/a>'); <\/script><script type=\"text\/javascript\"> toolTips('.classtoolTips10','<a href=\"https:\/\/www.planetesante.ch\/Magazine\/Ethique-politique-et-droit\/Politiques-de-sante\/Couts-de-la-sante-ce-que-l-on-vous-cache\" target=\"_blank\" rel=\"noopener noreferrer\">Couts de la sant\u00e9: ce que l\u2019on vous cache. Philippe Eggimann \u2013 RMS 2018; volume 14. 437-440 et Plan\u00e8te Sant\u00e9<\/a>'); <\/script><script type=\"text\/javascript\"> toolTips('.classtoolTips11','CMV juin 2019 :\u2013 Cr\u00e9er ou reprendre un cabinet m\u00e9dical, Janus ou Kafka ? Editorial du Dr Philippe Eggimann'); <\/script><script type=\"text\/javascript\"> toolTips('.classtoolTips12','<a href=\"https:\/\/www.24heures.ch\/vaud-regions\/Les-medecins-vaudois-s-opposent-au-Conseil-dEtat\/story\/30443595\" target=\"_blank\" rel=\"noopener noreferrer\">AOLAF, les m\u00e9decins s\u2019opposent au Conseil d\u2019Etat Vaudois. CMV juin 2018<\/a>'); <\/script><script type=\"text\/javascript\"> toolTips('.classtoolTips13','Lignes directrices pour la r\u00e9alisation d\u2019une structure ambulatoire. Dr Philippe Eggimann \u2013 CMV juin 2019'); <\/script>","protected":false},"excerpt":{"rendered":"<p>A nouveau une ann\u00e9e sans beaucoup de r\u00e9pit, au terme de laquelle il est malheureusement impossible de se montrer exhaustif concernant\u00a0 tout ce que la SVM a \u00e9t\u00e9 amen\u00e9e \u00e0 aborder. Je voudrais cependant \u00e9voquer quelques \u00e9l\u00e9ments marquants. Tout d\u2019abord, je veux saluer ici l\u2019engagement constant et sans faille du secr\u00e9tariat g\u00e9n\u00e9ral, sous la conduite [&hellip;]<\/p>\n","protected":false},"author":1,"featured_media":0,"parent":0,"menu_order":0,"comment_status":"closed","ping_status":"closed","template":"","meta":{"_acf_changed":false,"inline_featured_image":false,"footnotes":""},"class_list":["post-34","page","type-page","status-publish","hentry"],"acf":[],"publishpress_future_action":{"enabled":false,"date":"2026-04-13 13:17:13","action":"change-status","newStatus":"draft","terms":[],"taxonomy":"","extraData":[]},"publishpress_future_workflow_manual_trigger":{"enabledWorkflows":[]},"_links":{"self":[{"href":"https:\/\/www.svmed.ch\/rapport-2018\/wp-json\/wp\/v2\/pages\/34","targetHints":{"allow":["GET"]}}],"collection":[{"href":"https:\/\/www.svmed.ch\/rapport-2018\/wp-json\/wp\/v2\/pages"}],"about":[{"href":"https:\/\/www.svmed.ch\/rapport-2018\/wp-json\/wp\/v2\/types\/page"}],"author":[{"embeddable":true,"href":"https:\/\/www.svmed.ch\/rapport-2018\/wp-json\/wp\/v2\/users\/1"}],"replies":[{"embeddable":true,"href":"https:\/\/www.svmed.ch\/rapport-2018\/wp-json\/wp\/v2\/comments?post=34"}],"version-history":[{"count":14,"href":"https:\/\/www.svmed.ch\/rapport-2018\/wp-json\/wp\/v2\/pages\/34\/revisions"}],"predecessor-version":[{"id":485,"href":"https:\/\/www.svmed.ch\/rapport-2018\/wp-json\/wp\/v2\/pages\/34\/revisions\/485"}],"wp:attachment":[{"href":"https:\/\/www.svmed.ch\/rapport-2018\/wp-json\/wp\/v2\/media?parent=34"}],"curies":[{"name":"wp","href":"https:\/\/api.w.org\/{rel}","templated":true}]}}