{"id":42,"date":"2019-04-09T12:15:24","date_gmt":"2019-04-09T10:15:24","guid":{"rendered":"https:\/\/www.svmed.ch\/rapport-2018\/?page_id=42"},"modified":"2019-06-26T15:06:02","modified_gmt":"2019-06-26T13:06:02","slug":"amc","status":"publish","type":"page","link":"https:\/\/www.svmed.ch\/rapport-2018\/rapports\/amc\/","title":{"rendered":"Association des m\u00e9decins cadres du CHUV"},"content":{"rendered":"<div class=\"the-content\"><p><img loading=\"lazy\" decoding=\"async\" class=\"size-medium wp-image-317\" src=\"https:\/\/www.svmed.ch\/rapport-2018\/wp-content\/uploads\/sites\/9\/2019\/05\/amc-dsc6095-300x200.jpg\" alt=\"\" width=\"300\" height=\"200\" srcset=\"https:\/\/www.svmed.ch\/rapport-2018\/wp-content\/uploads\/sites\/9\/2019\/05\/amc-dsc6095-300x200.jpg 300w, https:\/\/www.svmed.ch\/rapport-2018\/wp-content\/uploads\/sites\/9\/2019\/05\/amc-dsc6095-768x513.jpg 768w, https:\/\/www.svmed.ch\/rapport-2018\/wp-content\/uploads\/sites\/9\/2019\/05\/amc-dsc6095-1024x684.jpg 1024w, https:\/\/www.svmed.ch\/rapport-2018\/wp-content\/uploads\/sites\/9\/2019\/05\/amc-dsc6095-1917x1280.jpg 1917w\" sizes=\"auto, (max-width: 300px) 100vw, 300px\" \/><\/p>\n<p>L\u2019Assembl\u00e9e g\u00e9n\u00e9rale de l&rsquo;Association des m\u00e9decins cadres du CHUV (AMC), qui s\u2019est tenue le 11 d\u00e9cembre 2018 au CHUV, a permis de valider l\u2019exercice 2017 en particulier au niveau des comptes mais \u00e9galement de pr\u00e9senter les diff\u00e9rentes actions qui auront lieu durant l\u2019ann\u00e9e 2019.<\/p>\n<p>L\u2019exercice 2018 est rest\u00e9 relativement calme, avec peu d\u2019\u00e9l\u00e9ments n\u00e9cessitant une prise de position particuli\u00e8re de l\u2019AMC. Notre association travaille toujours \u00e0 la promotion des m\u00e9decins cadres au sein du CHUV, en restant vigilante envers toutes les d\u00e9cisions qui pourraient avoir un impact sur leur fonction au sein du CHUV.<\/p>\n<p>Afin de mieux prendre en consid\u00e9ration l\u2019ensemble des m\u00e9decins cadres, notre association a mis sur pied un vote \u00e9lectronique pour l\u2019\u00e9lection du nouveau comit\u00e9. Apr\u00e8s validation des votes, les Drs Francois Saucy (pr\u00e9sident ad interim)\u00a0et Patric Hagmann ont \u00e9t\u00e9 reconduits au sein du comit\u00e9. Le comit\u00e9 est compl\u00e9t\u00e9 par les Drs Sylvie Berney, St\u00e9phane Cherix, Benoit Guery, Romain Lazor et Mohamed Nawfel qui ont \u00e9galement \u00e9t\u00e9 largement \u00e9lus. L\u2019AMC tient \u00e0 remercier l\u2019ancien comit\u00e9 et en particulier son pr\u00e9sident, le Dr Eric Albrecht, pour l\u2019excellent travail effectu\u00e9 durant ces deux derni\u00e8res ann\u00e9es.<\/p>\n<p>A la fin de cet exercice, notre association a \u00e9galement d\u00e9but\u00e9 l&rsquo;organisation de la 1\u00e8re soir\u00e9e annuelle de l\u2019AMC, qui a eu lieu le 30 avril 2019 \u00e0 l\u2019\u00c9cole H\u00f4teli\u00e8re de Lausanne. Le but de cette soir\u00e9e est de faire conna\u00eetre \u00e0 nos membres nos activit\u00e9s, souligner \u00e9galement notre excellente relation avec la SVM et surtout promouvoir les \u00e9changes et discussions entre les m\u00e9decins du CHUV.<\/p>\n<p><img loading=\"lazy\" decoding=\"async\" class=\"wp-image-318 size-large\" src=\"https:\/\/www.svmed.ch\/rapport-2018\/wp-content\/uploads\/sites\/9\/2019\/05\/amc-dsc6065-684x1024.jpg\" alt=\"\" width=\"684\" height=\"1024\" srcset=\"https:\/\/www.svmed.ch\/rapport-2018\/wp-content\/uploads\/sites\/9\/2019\/05\/amc-dsc6065-684x1024.jpg 684w, https:\/\/www.svmed.ch\/rapport-2018\/wp-content\/uploads\/sites\/9\/2019\/05\/amc-dsc6065-200x300.jpg 200w, https:\/\/www.svmed.ch\/rapport-2018\/wp-content\/uploads\/sites\/9\/2019\/05\/amc-dsc6065-768x1150.jpg 768w, https:\/\/www.svmed.ch\/rapport-2018\/wp-content\/uploads\/sites\/9\/2019\/05\/amc-dsc6065-854x1280.jpg 854w\" sizes=\"auto, (max-width: 684px) 100vw, 684px\" \/><\/p>\n<p>&nbsp;<\/p>\n<p>Dr Fran\u00e7ois Saucy, pr\u00e9sident ad interim de l\u2019AMC<\/p>\n<p>&nbsp;<\/p>\n<\/div>","protected":false},"excerpt":{"rendered":"<p>L\u2019Assembl\u00e9e g\u00e9n\u00e9rale de l&rsquo;Association des m\u00e9decins cadres du CHUV (AMC), qui s\u2019est tenue le 11 d\u00e9cembre 2018 au CHUV, a permis de valider l\u2019exercice 2017 en particulier au niveau des comptes mais \u00e9galement de pr\u00e9senter les diff\u00e9rentes actions qui auront lieu durant l\u2019ann\u00e9e 2019. L\u2019exercice 2018 est rest\u00e9 relativement calme, avec peu d\u2019\u00e9l\u00e9ments n\u00e9cessitant une [&hellip;]<\/p>\n","protected":false},"author":1,"featured_media":0,"parent":18,"menu_order":2,"comment_status":"closed","ping_status":"closed","template":"","meta":{"_acf_changed":false,"inline_featured_image":false,"footnotes":""},"class_list":["post-42","page","type-page","status-publish","hentry"],"acf":[],"publishpress_future_action":{"enabled":false,"date":"2026-04-13 11:37:27","action":"change-status","newStatus":"draft","terms":[],"taxonomy":"","extraData":[]},"publishpress_future_workflow_manual_trigger":{"enabledWorkflows":[]},"_links":{"self":[{"href":"https:\/\/www.svmed.ch\/rapport-2018\/wp-json\/wp\/v2\/pages\/42","targetHints":{"allow":["GET"]}}],"collection":[{"href":"https:\/\/www.svmed.ch\/rapport-2018\/wp-json\/wp\/v2\/pages"}],"about":[{"href":"https:\/\/www.svmed.ch\/rapport-2018\/wp-json\/wp\/v2\/types\/page"}],"author":[{"embeddable":true,"href":"https:\/\/www.svmed.ch\/rapport-2018\/wp-json\/wp\/v2\/users\/1"}],"replies":[{"embeddable":true,"href":"https:\/\/www.svmed.ch\/rapport-2018\/wp-json\/wp\/v2\/comments?post=42"}],"version-history":[{"count":6,"href":"https:\/\/www.svmed.ch\/rapport-2018\/wp-json\/wp\/v2\/pages\/42\/revisions"}],"predecessor-version":[{"id":469,"href":"https:\/\/www.svmed.ch\/rapport-2018\/wp-json\/wp\/v2\/pages\/42\/revisions\/469"}],"up":[{"embeddable":true,"href":"https:\/\/www.svmed.ch\/rapport-2018\/wp-json\/wp\/v2\/pages\/18"}],"wp:attachment":[{"href":"https:\/\/www.svmed.ch\/rapport-2018\/wp-json\/wp\/v2\/media?parent=42"}],"curies":[{"name":"wp","href":"https:\/\/api.w.org\/{rel}","templated":true}]}}