{"id":19,"date":"2019-04-09T11:36:58","date_gmt":"2019-04-09T09:36:58","guid":{"rendered":"https:\/\/www.svmed.ch\/rapport-2019\/?page_id=19"},"modified":"2020-03-03T14:46:27","modified_gmt":"2020-03-03T13:46:27","slug":"nouveaux-membres","status":"publish","type":"page","link":"https:\/\/www.svmed.ch\/rapport-2019\/nouveaux-membres\/","title":{"rendered":"Nouveaux membres"},"content":{"rendered":"<div class=\"the-content\"><p>Bienvenue aux 151 m\u00e9decins qui ont rejoint la SVM durant l&rsquo;ann\u00e9e 2019 (dont, c&rsquo;est \u00e0 noter, une majorit\u00e9 de femmes avec 80 repr\u00e9sentantes contre 71) ! Il s&rsquo;agit de Mesdames et Messieurs les Docteurs:<\/p>\n<ul>\n<li>ACKERMANN Sandrine<br \/>\nALIFERIS Konstantinos<br \/>\nALLEMANN Pierre<br \/>\nAMANS Jean-Marc<br \/>\nANTUNES SANTOS Milena<br \/>\nATRASH Sylvain<br \/>\nAUGSBURGER Aur\u00e9lie<br \/>\nAZZI Tarik<br \/>\nBAJGROWICZ Paul<br \/>\nBALTARIU Gabriel Mihai<br \/>\nBAUER Stefan<br \/>\nBAYOL Jean-Charles<br \/>\nBERGUIGA Marouen<br \/>\nBESSARD Gwendoline<br \/>\nBISCH Laurence<br \/>\nBLATTER Tereza<br \/>\nBONNANS Isabelle<br \/>\nBORLOZ St\u00e9phane<br \/>\nBOULOS KSONTINI Tatiana<br \/>\nBOVET J\u00e9r\u00f4me<br \/>\nBOWEN Philippa<br \/>\nBURRI Am\u00e9lie<br \/>\nCANUTO Alessandra<br \/>\nCASSAN Christophe<br \/>\nCHATELAIN FONTANELLA Vanessa Mich\u00e8le<br \/>\nCHATZIIOANNOU Antonios<br \/>\nCHERCHEL Alexandra<br \/>\nCISSE-GERELLE Gabrielle<br \/>\nCOSTEA Florin<br \/>\nCOTTON Michael<br \/>\nCRUCIS \u00e9pouse ARMENGAUD Anne<br \/>\nCUCHARD Pamela<br \/>\nCUENOUD Alexia<br \/>\nDARSOUNI BENNACER Melouka<br \/>\nDE MASSOUGNES Sophie<br \/>\nDE MONTMOLLIN Jeanne<br \/>\nDEHIBA Zoheir<br \/>\nDELADOEY Johnny<br \/>\nDELATTRE Sandrine<br \/>\nDEPLANQUE Ga\u00ebl<br \/>\nDEUDON Benjamin<br \/>\nDONTAS Isidoros<br \/>\nDRAGOI Andrei<br \/>\nDRESCO Pierre<br \/>\nDROZ Jessica<br \/>\nDUCHOUD Lorry<br \/>\nDUFF John Michael<br \/>\nDUPOUY Aur\u00e9lie<br \/>\nDUTRAY Felicia<br \/>\nEGGERMANN Beryl<br \/>\nEKATOMATI Maria<br \/>\nFAHDI Si Mohamed<br \/>\nFASEL Emilie<br \/>\nFASMEYER J\u00e9rome<br \/>\nFASSBIND Marine<br \/>\nFEHLMANN Patricia<br \/>\nFELONI Sofia<br \/>\nFORTE Alberto M<br \/>\nFRANSCINI Edoardo<br \/>\nFREITAS DA ROCHA Joao Manuel<br \/>\nFROESCH-GAY H\u00e9lo\u00efse<br \/>\nGAIA Ceresara<br \/>\nGARCIA GONZALEZ DE ARA Carla<br \/>\nGAXHERRI &#8211; AVDIU Mirdita<br \/>\nGEX Karin<br \/>\nGRESCH Belinda<br \/>\nGRONCHI Fabrizio<br \/>\nGUYEN Olivier<br \/>\nHAGEMANN GYSLING Kerstin<br \/>\nHALKIC Nermin<br \/>\nHASELBACH Elias Daniel<br \/>\nHEINZER Raphael<br \/>\nHENNINGER St\u00e9phane<br \/>\nHITZ Olivier<br \/>\nHOFER Eliane<br \/>\nIANCU FERFOGLIA Ruxandra<br \/>\nJACOB Maxime<br \/>\nJACQUIER-GOETSCHMANN Magaly<br \/>\nKADRI Fayssal<br \/>\nKAZADI STUTZMANN Kayole Elisabeth<br \/>\nKRACHER Muriel<br \/>\nLANARES Jeremy<br \/>\nLAUDATO Pietro Aniello<br \/>\nLEBEAU Olivier<br \/>\nLEGROS-LEFEUVRE Alexina<br \/>\nLERCH Seraina<br \/>\nLIAUDET Andr\u00e9<br \/>\nMASSET CIAPALA Charlotte<br \/>\nMAZOURI Sanae<br \/>\nM&rsquo;BAYA Olivier<br \/>\nM&rsquo;BAYE Nafi-Am\u00e9lie<br \/>\nMESORACA Carolina<br \/>\nMICHEK Ronnie<br \/>\nMILES Alexandra<br \/>\nMILLER David<br \/>\nMONTEL Charlotte<br \/>\nMOREL Philippe<br \/>\nMOSER Nicolas<br \/>\nMRAIHI Mohamed Aziz Hamza<br \/>\nMRAIHI Mohamed Amine<br \/>\nMSABRI Nada<br \/>\nMUJI Aferdita<br \/>\nMURATORI Davide<br \/>\nNABET Michael<br \/>\nNANCHEN David<br \/>\nN&rsquo;DELE Daniel<br \/>\nPASCALE Daniela<br \/>\nPAZAR MALDONADO Borbala<br \/>\nPEREZ VALDES Carlos Roberto<br \/>\nPERREN Fabienne<br \/>\nPHILIPPE Jacques<br \/>\nPINNAGODA Kalitha<br \/>\nPLUESS Thomas-Thi<br \/>\nPOP Iulian Andrei<br \/>\nRAMELLI Giancarlo<br \/>\nRIBOT Fabien<br \/>\nROGER Elena<br \/>\nROSSET Nathalie<br \/>\nROTARU Corina<br \/>\nROUX Marion<br \/>\nROUX Guillaume-Alexandre<br \/>\nRUBLI TRUCHARD Eve<br \/>\nRUFENER G\u00e9raldine<br \/>\nSIMONE Maude<br \/>\nSIVADE Aurelie<br \/>\nSOUIHI Samir<br \/>\nSTEINEMANN Georg<br \/>\nSUCHOCKI David<br \/>\nTARAMARCAZ Sonia<br \/>\nTENISCH Estelle<br \/>\nTIBLE Olivier<br \/>\nTIREFORT Yordanka<br \/>\nTOANCHINA Alin-Constantin<br \/>\nTOUABI Malek<br \/>\nTROJMAN Charles<br \/>\nTSACHOURIDIS Nikolaos<br \/>\nTSAKNAKI Sofia<br \/>\nVARONE Aurore<br \/>\nVAUCHER Julien<br \/>\nVERGOTTE St\u00e9phanie<br \/>\nVICEIC Dragana<br \/>\nVIDAL FORTUNY Jordi<br \/>\nVLASTOS Anne-Th\u00e9r\u00e8se<br \/>\nVULLIEMOZ GURGIS Marianne<br \/>\nWEIBEL GALLUZZO Christelle<br \/>\nWENNER Ariana Ilona<br \/>\nWIAUX Christophe<br \/>\nWILLIAM Myriam<br \/>\nWINKLER Michaela<br \/>\nXIROUCHAKI Maria<br \/>\nZINDLER-SCHMOCKER Karin<\/li>\n<\/ul>\n<\/div>","protected":false},"excerpt":{"rendered":"<p>Bienvenue aux 151 m\u00e9decins qui ont rejoint la SVM durant l&rsquo;ann\u00e9e 2019 (dont, c&rsquo;est \u00e0 noter, une majorit\u00e9 de femmes avec 80 repr\u00e9sentantes contre 71) ! Il s&rsquo;agit de Mesdames et Messieurs les Docteurs: ACKERMANN Sandrine ALIFERIS Konstantinos ALLEMANN Pierre AMANS Jean-Marc ANTUNES SANTOS Milena ATRASH Sylvain AUGSBURGER Aur\u00e9lie AZZI Tarik BAJGROWICZ Paul BALTARIU Gabriel [&hellip;]<\/p>\n","protected":false},"author":1,"featured_media":0,"parent":0,"menu_order":0,"comment_status":"closed","ping_status":"closed","template":"","meta":{"_acf_changed":false,"inline_featured_image":false,"footnotes":""},"class_list":["post-19","page","type-page","status-publish","hentry"],"acf":[],"publishpress_future_action":{"enabled":false,"date":"2026-04-22 00:54:06","action":"change-status","newStatus":"draft","terms":[],"taxonomy":"","extraData":[]},"publishpress_future_workflow_manual_trigger":{"enabledWorkflows":[]},"_links":{"self":[{"href":"https:\/\/www.svmed.ch\/rapport-2019\/wp-json\/wp\/v2\/pages\/19","targetHints":{"allow":["GET"]}}],"collection":[{"href":"https:\/\/www.svmed.ch\/rapport-2019\/wp-json\/wp\/v2\/pages"}],"about":[{"href":"https:\/\/www.svmed.ch\/rapport-2019\/wp-json\/wp\/v2\/types\/page"}],"author":[{"embeddable":true,"href":"https:\/\/www.svmed.ch\/rapport-2019\/wp-json\/wp\/v2\/users\/1"}],"replies":[{"embeddable":true,"href":"https:\/\/www.svmed.ch\/rapport-2019\/wp-json\/wp\/v2\/comments?post=19"}],"version-history":[{"count":9,"href":"https:\/\/www.svmed.ch\/rapport-2019\/wp-json\/wp\/v2\/pages\/19\/revisions"}],"predecessor-version":[{"id":923,"href":"https:\/\/www.svmed.ch\/rapport-2019\/wp-json\/wp\/v2\/pages\/19\/revisions\/923"}],"wp:attachment":[{"href":"https:\/\/www.svmed.ch\/rapport-2019\/wp-json\/wp\/v2\/media?parent=19"}],"curies":[{"name":"wp","href":"https:\/\/api.w.org\/{rel}","templated":true}]}}