{"id":240,"date":"2019-05-01T14:12:58","date_gmt":"2019-05-01T12:12:58","guid":{"rendered":"https:\/\/www.svmed.ch\/rapport-2019\/?page_id=240"},"modified":"2020-02-27T17:09:46","modified_gmt":"2020-02-27T16:09:46","slug":"commission-apprenties-assistantes-medicales","status":"publish","type":"page","link":"https:\/\/www.svmed.ch\/rapport-2019\/rapports\/commission-apprenties-assistantes-medicales\/","title":{"rendered":"Commission des apprenties assistantes m\u00e9dicales"},"content":{"rendered":"<div class=\"the-content\"><p>La Commission des apprenties assistantes m\u00e9dicales reconfirme son engagement et son soutien aupr\u00e8s de l\u2019Association romande des assistantes m\u00e9dicales (ARAM) en soulevant que le m\u00e9tier d\u2019assistante m\u00e9dicale fait partie int\u00e9grale de notre profession et que nous sommes toutes et tous des partenaires de sant\u00e9.<\/p>\n<p>Durant l&rsquo;exercice 2019, notre commission a encourag\u00e9 l\u2019augmentation de salaire des apprenties. Elle\u00a0a \u00e9galement \u00e9t\u00e9 pr\u00e9sente lors de leur remise des dipl\u00f4mes, tout en proposant une contribution financi\u00e8re \u00e0 cette occasion.<\/p>\n<p>Par ailleurs, la Commission des apprenties assistantes m\u00e9dicales s&rsquo;engage \u00e0 veiller \u00e0 ce que les futures modalit\u00e9s d\u2019enseignement du CFC d\u2019assistante m\u00e9dicale respectent les crit\u00e8res de qualit\u00e9 n\u00e9cessaires \u00e0 la profession.<\/p>\n<p>Il a enfin \u00e9t\u00e9 discut\u00e9 de l\u2019organisation des commissions interentreprises ainsi que du projet d\u2019assistante dans le secteur public. Un essai d\u2019harmonisation de la formation et du CFC a \u00e9t\u00e9 entrepris et le projet prendra forme d\u00e8s la rentr\u00e9e 2020. Les cours professionnels auront lieu \u00e0 l\u2019Epsic \u00e0 Lausanne.<\/p>\n<p><strong>Dr Bernard Le Denmat<\/strong><br \/>\nPr\u00e9sident de la Commission des apprenties assistantes m\u00e9dicales<\/p>\n<p>Pour en savoir plus: <a href=\"https:\/\/www.svmed.ch\/association\/groupements-et-commissions\/\" target=\"_blank\" rel=\"noopener noreferrer\">composition de la Commission des apprenties assistantes m\u00e9dicales<\/a><\/p>\n<\/div>","protected":false},"excerpt":{"rendered":"<p>La Commission des apprenties assistantes m\u00e9dicales reconfirme son engagement et son soutien aupr\u00e8s de l\u2019Association romande des assistantes m\u00e9dicales (ARAM) en soulevant que le m\u00e9tier d\u2019assistante m\u00e9dicale fait partie int\u00e9grale de notre profession et que nous sommes toutes et tous des partenaires de sant\u00e9. Durant l&rsquo;exercice 2019, notre commission a encourag\u00e9 l\u2019augmentation de salaire des [&hellip;]<\/p>\n","protected":false},"author":4,"featured_media":0,"parent":18,"menu_order":6,"comment_status":"closed","ping_status":"closed","template":"","meta":{"_acf_changed":false,"inline_featured_image":false,"footnotes":""},"class_list":["post-240","page","type-page","status-publish","hentry"],"acf":[],"publishpress_future_action":{"enabled":false,"date":"2026-04-22 02:34:55","action":"change-status","newStatus":"draft","terms":[],"taxonomy":"","extraData":[]},"publishpress_future_workflow_manual_trigger":{"enabledWorkflows":[]},"_links":{"self":[{"href":"https:\/\/www.svmed.ch\/rapport-2019\/wp-json\/wp\/v2\/pages\/240","targetHints":{"allow":["GET"]}}],"collection":[{"href":"https:\/\/www.svmed.ch\/rapport-2019\/wp-json\/wp\/v2\/pages"}],"about":[{"href":"https:\/\/www.svmed.ch\/rapport-2019\/wp-json\/wp\/v2\/types\/page"}],"author":[{"embeddable":true,"href":"https:\/\/www.svmed.ch\/rapport-2019\/wp-json\/wp\/v2\/users\/4"}],"replies":[{"embeddable":true,"href":"https:\/\/www.svmed.ch\/rapport-2019\/wp-json\/wp\/v2\/comments?post=240"}],"version-history":[{"count":10,"href":"https:\/\/www.svmed.ch\/rapport-2019\/wp-json\/wp\/v2\/pages\/240\/revisions"}],"predecessor-version":[{"id":242,"href":"https:\/\/www.svmed.ch\/rapport-2019\/wp-json\/wp\/v2\/pages\/240\/revisions\/242"}],"up":[{"embeddable":true,"href":"https:\/\/www.svmed.ch\/rapport-2019\/wp-json\/wp\/v2\/pages\/18"}],"wp:attachment":[{"href":"https:\/\/www.svmed.ch\/rapport-2019\/wp-json\/wp\/v2\/media?parent=240"}],"curies":[{"name":"wp","href":"https:\/\/api.w.org\/{rel}","templated":true}]}}