{"id":247,"date":"2019-05-01T14:26:45","date_gmt":"2019-05-01T12:26:45","guid":{"rendered":"https:\/\/www.svmed.ch\/rapport-2019\/?page_id=247"},"modified":"2020-02-27T17:09:47","modified_gmt":"2020-02-27T16:09:47","slug":"fonds-de-prevoyance","status":"publish","type":"page","link":"https:\/\/www.svmed.ch\/rapport-2019\/rapports\/fonds-de-prevoyance\/","title":{"rendered":"Fonds de pr\u00e9voyance"},"content":{"rendered":"<div class=\"the-content\"><p>Le Fonds de pr\u00e9voyance de la SVM a continu\u00e9 \u00e0 b\u00e9n\u00e9ficier en 2019 d\u2019une couverture compl\u00e8te, tant pour l\u2019\u00e9pargne que pour le risque. En cela, il se distingue avantageusement de la plupart des intervenants sur le march\u00e9 de la pr\u00e9voyance, qui ne garantissent pas, ou plus, la composante \u00e9pargne.<\/p>\n<p>Le Conseil de fondation reste n\u00e9anmoins tr\u00e8s attentif aux changements profonds qui impactent l\u2019\u00e9volution de la pr\u00e9voyance et, dans ce contexte, il \u00e9tudie avec soin l\u2019\u00e9ventail des options compl\u00e9mentaires qui seraient susceptibles de permettre au Fonds d\u2019offrir \u00e0 long terme \u00e0 ses assur\u00e9s des solutions toujours comp\u00e9titives et attractives.<\/p>\n<p>En attendant, durant la p\u00e9riode \u00e9coul\u00e9e, le Fonds a poursuivi son d\u00e9veloppement, et, dans un contexte de concurrence accrue, il a enregistr\u00e9 l\u2019affiliation de nombreux membres de la Soci\u00e9t\u00e9 Vaudoise de M\u00e9decine, ainsi que leur personnel assistant.<\/p>\n<p>Ces nouvelles affiliations t\u00e9moignent de la confiance dont jouit l\u2019Institution et conf\u00e8rent \u00e0 celle-ci un socle d\u2019assur\u00e9s actifs tout \u00e0 fait repr\u00e9sentatif, important et diversifi\u00e9. Elles lui donnent aussi l\u2019avantage de pouvoir compter sur un excellent \u00e9quilibre entre actifs et b\u00e9n\u00e9ficiaires de rentes (vieillesse ou invalidit\u00e9).<\/p>\n<p>Au vu de tout ce qui pr\u00e9c\u00e8de, il est possible d\u2019affirmer que le Fonds dispose toujours des bons atouts pour poursuivre sa p\u00e9n\u00e9tration aupr\u00e8s des m\u00e9decins ind\u00e9pendants install\u00e9s en cabinet, comme aupr\u00e8s des m\u00e9decins \u0153uvrant sous un autre statut.<\/p>\n<p><strong>Gilbert Smadja<\/strong><br \/>\nConsultant<\/p>\n<p><a href=\"https:\/\/www.svmed.ch\/services\/prevoyance-professionnelle\/\" target=\"_blank\" rel=\"noopener noreferrer\">En savoir plus sur le Fonds de pr\u00e9voyance de la SVM<\/a><\/p>\n<\/div>","protected":false},"excerpt":{"rendered":"<p>Le Fonds de pr\u00e9voyance de la SVM a continu\u00e9 \u00e0 b\u00e9n\u00e9ficier en 2019 d\u2019une couverture compl\u00e8te, tant pour l\u2019\u00e9pargne que pour le risque. En cela, il se distingue avantageusement de la plupart des intervenants sur le march\u00e9 de la pr\u00e9voyance, qui ne garantissent pas, ou plus, la composante \u00e9pargne. Le Conseil de fondation reste n\u00e9anmoins [&hellip;]<\/p>\n","protected":false},"author":4,"featured_media":0,"parent":18,"menu_order":8,"comment_status":"closed","ping_status":"closed","template":"","meta":{"_acf_changed":false,"inline_featured_image":false,"footnotes":""},"class_list":["post-247","page","type-page","status-publish","hentry"],"acf":[],"publishpress_future_action":{"enabled":false,"date":"2026-04-22 02:33:21","action":"change-status","newStatus":"draft","terms":[],"taxonomy":"","extraData":[]},"publishpress_future_workflow_manual_trigger":{"enabledWorkflows":[]},"_links":{"self":[{"href":"https:\/\/www.svmed.ch\/rapport-2019\/wp-json\/wp\/v2\/pages\/247","targetHints":{"allow":["GET"]}}],"collection":[{"href":"https:\/\/www.svmed.ch\/rapport-2019\/wp-json\/wp\/v2\/pages"}],"about":[{"href":"https:\/\/www.svmed.ch\/rapport-2019\/wp-json\/wp\/v2\/types\/page"}],"author":[{"embeddable":true,"href":"https:\/\/www.svmed.ch\/rapport-2019\/wp-json\/wp\/v2\/users\/4"}],"replies":[{"embeddable":true,"href":"https:\/\/www.svmed.ch\/rapport-2019\/wp-json\/wp\/v2\/comments?post=247"}],"version-history":[{"count":12,"href":"https:\/\/www.svmed.ch\/rapport-2019\/wp-json\/wp\/v2\/pages\/247\/revisions"}],"predecessor-version":[{"id":803,"href":"https:\/\/www.svmed.ch\/rapport-2019\/wp-json\/wp\/v2\/pages\/247\/revisions\/803"}],"up":[{"embeddable":true,"href":"https:\/\/www.svmed.ch\/rapport-2019\/wp-json\/wp\/v2\/pages\/18"}],"wp:attachment":[{"href":"https:\/\/www.svmed.ch\/rapport-2019\/wp-json\/wp\/v2\/media?parent=247"}],"curies":[{"name":"wp","href":"https:\/\/api.w.org\/{rel}","templated":true}]}}