{"id":249,"date":"2019-05-01T14:29:50","date_gmt":"2019-05-01T12:29:50","guid":{"rendered":"https:\/\/www.svmed.ch\/rapport-2019\/?page_id=249"},"modified":"2020-02-27T17:09:46","modified_gmt":"2020-02-27T16:09:46","slug":"fondation-avenir-et-sante","status":"publish","type":"page","link":"https:\/\/www.svmed.ch\/rapport-2019\/rapports\/fondation-avenir-et-sante\/","title":{"rendered":"Fondation Avenir et Sant\u00e9"},"content":{"rendered":"<div class=\"the-content\"><p>Pour la Fondation Avenir et Sant\u00e9 (FAS), l\u2019ann\u00e9e 2019 constitue une ann\u00e9e de transition. La composition du Conseil a \u00e9t\u00e9 renouvel\u00e9e avec l\u2019entr\u00e9e en fonction du pr\u00e9sident soussign\u00e9, puis celle de la nouvelle cheffe du DSAS, Madame la Conseill\u00e8re d\u2019Etat Rebecca Ruiz, succ\u00e9dant \u00e0 Monsieur le Conseiller d\u2019Etat Pierre-Yves-Maillard.<\/p>\n<p>Sa composition a \u00e9galement \u00e9t\u00e9 r\u00e9duite, se limitant dor\u00e9navant, outre les deux personnes \u00e9voqu\u00e9es, au Dr Philippe Eggimann, pr\u00e9sident de la SVM, \u00e0 la Dre St\u00e9phanie Monod, Directrice g\u00e9n\u00e9rale de la Sant\u00e9 et \u00e0 Monsieur Pierre-Andr\u00e9 Repond, Secr\u00e9taire g\u00e9n\u00e9ral de la SVM.<\/p>\n<h3>Inauguration du Centre Ilanga<\/h3>\n<p>Nous avons pu assister \u00e0 l\u2019inauguration, \u00e0 Montagny-pr\u00e8s-Yverdon, du Centre m\u00e9dical de gyn\u00e9cologie et p\u00e9diatrie <a href=\"https:\/\/ilanga-med.ch\" target=\"_blank\" rel=\"noopener noreferrer\">Ilanga<\/a> soutenu par notre Fondation. Nous avons confirm\u00e9 notre contribution au centre m\u00e9dical Aventimed \u00e0 Avenches.<\/p>\n<h3>Fin d\u2019un cycle<\/h3>\n<p>Nous devons constater que, une demande de participation \u00e0 un centre de sant\u00e9 pour adolescents sur la Riviera mis \u00e0 part, notre fondation n\u2019a pas \u00e9t\u00e9 sollicit\u00e9e en 2019. Par ailleurs, les fonds mis \u00e0 disposition \u00e0 la fois par la SVM et le DSAS sont \u00e0 peu pr\u00e8s \u00e9puis\u00e9s. Dans ces conditions, la n\u00e9cessit\u00e9 de poursuivre l\u2019activit\u00e9 de la Fondation et, le cas \u00e9ch\u00e9ant, l\u2019octroi d\u2019un nouveau financement par les deux partenaires seront \u00e9tudi\u00e9s en 2020.<\/p>\n<p>&nbsp;<\/p>\n<p><strong>Dr Jacques-Andr\u00e9 Haury<\/strong><br \/>\nPr\u00e9sident du Conseil de fondation<\/p>\n<p>Pour en savoir plus: <a href=\"http:\/\/www.avenir-et-sante.ch\/\" target=\"_blank\" rel=\"noopener noreferrer\">Fondation Avenir et Sant\u00e9<\/a><\/p>\n<\/div>","protected":false},"excerpt":{"rendered":"<p>Pour la Fondation Avenir et Sant\u00e9 (FAS), l\u2019ann\u00e9e 2019 constitue une ann\u00e9e de transition. La composition du Conseil a \u00e9t\u00e9 renouvel\u00e9e avec l\u2019entr\u00e9e en fonction du pr\u00e9sident soussign\u00e9, puis celle de la nouvelle cheffe du DSAS, Madame la Conseill\u00e8re d\u2019Etat Rebecca Ruiz, succ\u00e9dant \u00e0 Monsieur le Conseiller d\u2019Etat Pierre-Yves-Maillard. Sa composition a \u00e9galement \u00e9t\u00e9 r\u00e9duite, [&hellip;]<\/p>\n","protected":false},"author":4,"featured_media":0,"parent":18,"menu_order":7,"comment_status":"closed","ping_status":"closed","template":"","meta":{"_acf_changed":false,"inline_featured_image":false,"footnotes":""},"class_list":["post-249","page","type-page","status-publish","hentry"],"acf":[],"publishpress_future_action":{"enabled":false,"date":"2026-04-22 02:33:14","action":"change-status","newStatus":"draft","terms":[],"taxonomy":"","extraData":[]},"publishpress_future_workflow_manual_trigger":{"enabledWorkflows":[]},"_links":{"self":[{"href":"https:\/\/www.svmed.ch\/rapport-2019\/wp-json\/wp\/v2\/pages\/249","targetHints":{"allow":["GET"]}}],"collection":[{"href":"https:\/\/www.svmed.ch\/rapport-2019\/wp-json\/wp\/v2\/pages"}],"about":[{"href":"https:\/\/www.svmed.ch\/rapport-2019\/wp-json\/wp\/v2\/types\/page"}],"author":[{"embeddable":true,"href":"https:\/\/www.svmed.ch\/rapport-2019\/wp-json\/wp\/v2\/users\/4"}],"replies":[{"embeddable":true,"href":"https:\/\/www.svmed.ch\/rapport-2019\/wp-json\/wp\/v2\/comments?post=249"}],"version-history":[{"count":8,"href":"https:\/\/www.svmed.ch\/rapport-2019\/wp-json\/wp\/v2\/pages\/249\/revisions"}],"predecessor-version":[{"id":819,"href":"https:\/\/www.svmed.ch\/rapport-2019\/wp-json\/wp\/v2\/pages\/249\/revisions\/819"}],"up":[{"embeddable":true,"href":"https:\/\/www.svmed.ch\/rapport-2019\/wp-json\/wp\/v2\/pages\/18"}],"wp:attachment":[{"href":"https:\/\/www.svmed.ch\/rapport-2019\/wp-json\/wp\/v2\/media?parent=249"}],"curies":[{"name":"wp","href":"https:\/\/api.w.org\/{rel}","templated":true}]}}