{"id":42,"date":"2019-04-09T12:15:24","date_gmt":"2019-04-09T10:15:24","guid":{"rendered":"https:\/\/www.svmed.ch\/rapport-2019\/?page_id=42"},"modified":"2020-02-27T17:09:44","modified_gmt":"2020-02-27T16:09:44","slug":"amc","status":"publish","type":"page","link":"https:\/\/www.svmed.ch\/rapport-2019\/rapports\/amc\/","title":{"rendered":"Association des m\u00e9decins-cadres du CHUV"},"content":{"rendered":"<div class=\"the-content\"><p>L\u2019Association des m\u00e9decins-cadres du CHUV (AMC) est un groupement important de la Soci\u00e9t\u00e9 Vaudoise de M\u00e9decine puisqu\u2019elle compte environs 400 membres. Globalement assez calme, l\u2019ann\u00e9e 2019 a \u00e9t\u00e9 essentiellement marqu\u00e9e par l\u2019organisation de la premi\u00e8re soir\u00e9e annuelle de l\u2019AMC, dans le but de favoriser la rencontre entre m\u00e9decins hors milieu hospitalier, dans un cadre informel et d\u00e9contract\u00e9. Cette soir\u00e9e s\u2019est d\u00e9roul\u00e9e dans les locaux de l\u2019Ecole h\u00f4teli\u00e8re de Lausanne, avec notamment une conf\u00e9rence du Prof. S. Fernandez intitul\u00e9e \u00ab The surpising science of people \u00bb, suivie par un cocktail d\u00eenatoire \u00e0 la hauteur de l\u2019institution h\u00f4te.<\/p>\n<p>L\u2019AMC a \u00e9galement pu inaugurer son site web sous l\u2019\u00e9gide de la SVM, assurant ainsi une bonne visibilit\u00e9 aupr\u00e8s d\u2019un large public et mettant en exergue nos liens forts avec l\u2019ensemble du corps m\u00e9dical du canton.<\/p>\n<p>A noter enfin que l\u2019initiative parlementaire sur la gouvernance du CHUV est une th\u00e9matique d\u2019importance pour l\u2019AMC, qui n\u00e9cessitera une attention particuli\u00e8re dans le futur.<\/p>\n<p><strong>Dr Patric Hagmann<\/strong><br \/>\nPr\u00e9sident de l&rsquo;Association des m\u00e9decins-cadres du CHUV (AMC)<\/p>\n<p><a href=\"https:\/\/www.svmed.ch\/gmcc\/\" target=\"_blank\" rel=\"noopener noreferrer\">En savoir plus sur l&rsquo;AMC<\/a><\/p>\n<\/div>","protected":false},"excerpt":{"rendered":"<p>L\u2019Association des m\u00e9decins-cadres du CHUV (AMC) est un groupement important de la Soci\u00e9t\u00e9 Vaudoise de M\u00e9decine puisqu\u2019elle compte environs 400 membres. Globalement assez calme, l\u2019ann\u00e9e 2019 a \u00e9t\u00e9 essentiellement marqu\u00e9e par l\u2019organisation de la premi\u00e8re soir\u00e9e annuelle de l\u2019AMC, dans le but de favoriser la rencontre entre m\u00e9decins hors milieu hospitalier, dans un cadre informel [&hellip;]<\/p>\n","protected":false},"author":1,"featured_media":0,"parent":18,"menu_order":2,"comment_status":"closed","ping_status":"closed","template":"","meta":{"_acf_changed":false,"inline_featured_image":false,"footnotes":""},"class_list":["post-42","page","type-page","status-publish","hentry"],"acf":[],"publishpress_future_action":{"enabled":false,"date":"2026-04-22 02:34:57","action":"change-status","newStatus":"draft","terms":[],"taxonomy":"","extraData":[]},"publishpress_future_workflow_manual_trigger":{"enabledWorkflows":[]},"_links":{"self":[{"href":"https:\/\/www.svmed.ch\/rapport-2019\/wp-json\/wp\/v2\/pages\/42","targetHints":{"allow":["GET"]}}],"collection":[{"href":"https:\/\/www.svmed.ch\/rapport-2019\/wp-json\/wp\/v2\/pages"}],"about":[{"href":"https:\/\/www.svmed.ch\/rapport-2019\/wp-json\/wp\/v2\/types\/page"}],"author":[{"embeddable":true,"href":"https:\/\/www.svmed.ch\/rapport-2019\/wp-json\/wp\/v2\/users\/1"}],"replies":[{"embeddable":true,"href":"https:\/\/www.svmed.ch\/rapport-2019\/wp-json\/wp\/v2\/comments?post=42"}],"version-history":[{"count":13,"href":"https:\/\/www.svmed.ch\/rapport-2019\/wp-json\/wp\/v2\/pages\/42\/revisions"}],"predecessor-version":[{"id":914,"href":"https:\/\/www.svmed.ch\/rapport-2019\/wp-json\/wp\/v2\/pages\/42\/revisions\/914"}],"up":[{"embeddable":true,"href":"https:\/\/www.svmed.ch\/rapport-2019\/wp-json\/wp\/v2\/pages\/18"}],"wp:attachment":[{"href":"https:\/\/www.svmed.ch\/rapport-2019\/wp-json\/wp\/v2\/media?parent=42"}],"curies":[{"name":"wp","href":"https:\/\/api.w.org\/{rel}","templated":true}]}}