{"id":807,"date":"2020-01-06T11:20:19","date_gmt":"2020-01-06T10:20:19","guid":{"rendered":"https:\/\/www.svmed.ch\/rapport-2019\/?page_id=807"},"modified":"2020-02-27T17:34:30","modified_gmt":"2020-02-27T16:34:30","slug":"groupement-des-medecins-travaillant-en-clinique-privee","status":"publish","type":"page","link":"https:\/\/www.svmed.ch\/rapport-2019\/rapports\/groupement-des-medecins-travaillant-en-clinique-privee\/","title":{"rendered":"Groupement des m\u00e9decins travaillant en clinique priv\u00e9e"},"content":{"rendered":"<div class=\"the-content\"><p>La SVM, par la voix de son Pr\u00e9sident et de son Secr\u00e9taire G\u00e9n\u00e9ral, associ\u00e9es \u00e0 celles des pr\u00e9sidents du GMCP (Groupement des m\u00e9decins travaillant en clinique priv\u00e9e) et du GMH (Groupement des m\u00e9decins hospitaliers) ont pris position sur les projets de modifications de la loi sur la sant\u00e9 publique (LSP) et de la loi sur la planification et le financement des \u00e9tablissements sanitaires reconnus d&rsquo;int\u00e9r\u00eat public et des r\u00e9seaux de soins (LPFES) mis en consultation. Les vell\u00e9it\u00e9s d\u2019imposer une prise en charge des urgences hospitali\u00e8res exclusivement par des m\u00e9decins salari\u00e9s, en transf\u00e9rant la responsabilit\u00e9 de la prise en charge du m\u00e9decin \u00e0 l\u2019\u00e9tablissement sanitaire, ont notamment \u00e9t\u00e9 contredites.<\/p>\n<h3>La facturation des prestations fait d\u00e9bat<\/h3>\n<p>Les modalit\u00e9s de facturation des prestations m\u00e9dicales ont, \u00e0 nouveau, \u00e9t\u00e9 l\u2019objet de r\u00e9flexions et de discussions avec les directions des cliniques. Une des id\u00e9es r\u00e9currentes des assureurs et des cliniques est de proposer aux m\u00e9decins de faire facturer leurs prestations priv\u00e9es par les cliniques. Une telle mani\u00e8re de proc\u00e9der est contraire \u00e0 notre statut de m\u00e9decins ind\u00e9pendants. Les discussions, notamment avec les directions des cliniques du groupe Hirslanden, qui \u00e9taient les plus avanc\u00e9es dans ce projet, ont abouti \u00e0 un maintien du statu quo. Les m\u00e9decins travaillant en clinique priv\u00e9e continuent ainsi de facturer eux-m\u00eames leurs prestations compl\u00e9mentaires directement au patient.<\/p>\n<p>La repr\u00e9sentativit\u00e9 du GMCP est fondamentale, afin de rester forts dans ces discussions. Il est notamment sensible de ne pas entrer en mati\u00e8re sur des n\u00e9gociations s\u00e9par\u00e9es pour les honoraires priv\u00e9s par groupes de praticiens sans coordination avec le Comit\u00e9 et la SVM. M\u00eame la n\u00e9gociation avec les cliniques d\u2019avantages individuels (par praticien ou par groupe de sp\u00e9cialistes) pour certains domaines de l\u2019AOS peut s\u2019av\u00e9rer dangereux et cr\u00e9er des in\u00e9galit\u00e9s entre m\u00e9decins (diviser pour mieux r\u00e9gner).<\/p>\n<h3>Changement en vue au comit\u00e9 du GMCP<\/h3>\n<p>Le comit\u00e9 du GMCP s\u2019est r\u00e9uni quatre fois durant l\u2019ann\u00e9e. L\u2019assembl\u00e9e g\u00e9n\u00e9rale, insuffisamment fr\u00e9quent\u00e9e compte tenu des enjeux \u00e0 venir, a \u00e9t\u00e9 l\u2019occasion d\u2019entendre l\u2019excellente pr\u00e9sentation de M. J\u00e9r\u00f4me Simon-Vermot, secr\u00e9taire g\u00e9n\u00e9ral de Vaud Cliniques. Il est revenu sur les cons\u00e9quences de l\u2019arr\u00eat du Tribunal administratif f\u00e9d\u00e9ral (TAF) sur le recours de la Clinique la Tour. S\u2019il s\u2019agit d\u2019un cas d\u2019esp\u00e8ce, notamment pour des questions de vice de proc\u00e9dure du gouvernement genevois, (besoins de la population, \u00e9conomicit\u00e9 des proc\u00e9dures), il n\u2019en reste pas moins que la limitation quantitative de nombre de cas AOS n\u2019est pas, aux yeux du TAF, un instrument qui peut \u00eatre actionn\u00e9 de fa\u00e7on discr\u00e9tionnaire. Souhaitons que la nouvelle planification sanitaire vaudoise, actuellement en cours, soit teint\u00e9e des conclusions du TAF.<\/p>\n<p>Lors de l\u2019assembl\u00e9e g\u00e9n\u00e9rale du mois de juin, le comit\u00e9 compos\u00e9 des Dr.e.s Carine Cl\u00e9ment Wiig, Vincent Bettschart, Pierre Bohannes, Joakim Delarive, St\u00e9phane Dominguez, Pascal Fauconnet, Christian Gygi et Jimmy Villard a \u00e9t\u00e9 \u00e9lu pour la prochaine p\u00e9riode de trois ans. Le Dr Gygi reste pr\u00e9sident jusqu\u2019en juin 2020, o\u00f9 lui succ\u00e9dera le Dr Bettschart.<\/p>\n<p>Des travaux sont en cours pour trouver de nouvelles pistes garantissant le statut ind\u00e9pendant du m\u00e9decin, tout en tenant compte des r\u00e8gles en vigueur dans le secteur LCA.<\/p>\n<p><strong>Dr Christian Gygi<\/strong><br \/>\nPr\u00e9sident du GMCP jusqu\u2019\u00e0 juin 2020<\/p>\n<p><strong>Dr Vincent Bettschart<\/strong><br \/>\nMembre du comit\u00e9<br \/>\nPr\u00e9sident du GMCP d\u00e8s juin 2020<\/p>\n<p>Pour en savoir plus: <a href=\"https:\/\/www.svmed.ch\/association\/groupements-et-commissions\/groupement-des-medecins-travaillant-en-clinique-privee-gmcp\/\" target=\"_blank\" rel=\"noopener noreferrer\">composition du Groupement des m\u00e9decins travaillant en clinique priv\u00e9e<\/a><\/p>\n<\/div>","protected":false},"excerpt":{"rendered":"<p>La SVM, par la voix de son Pr\u00e9sident et de son Secr\u00e9taire G\u00e9n\u00e9ral, associ\u00e9es \u00e0 celles des pr\u00e9sidents du GMCP (Groupement des m\u00e9decins travaillant en clinique priv\u00e9e) et du GMH (Groupement des m\u00e9decins hospitaliers) ont pris position sur les projets de modifications de la loi sur la sant\u00e9 publique (LSP) et de la loi sur [&hellip;]<\/p>\n","protected":false},"author":4,"featured_media":0,"parent":18,"menu_order":11,"comment_status":"closed","ping_status":"closed","template":"","meta":{"_acf_changed":false,"inline_featured_image":false,"footnotes":""},"class_list":["post-807","page","type-page","status-publish","hentry"],"acf":[],"publishpress_future_action":{"enabled":false,"date":"2026-04-22 02:33:50","action":"change-status","newStatus":"draft","terms":[],"taxonomy":"","extraData":[]},"publishpress_future_workflow_manual_trigger":{"enabledWorkflows":[]},"_links":{"self":[{"href":"https:\/\/www.svmed.ch\/rapport-2019\/wp-json\/wp\/v2\/pages\/807","targetHints":{"allow":["GET"]}}],"collection":[{"href":"https:\/\/www.svmed.ch\/rapport-2019\/wp-json\/wp\/v2\/pages"}],"about":[{"href":"https:\/\/www.svmed.ch\/rapport-2019\/wp-json\/wp\/v2\/types\/page"}],"author":[{"embeddable":true,"href":"https:\/\/www.svmed.ch\/rapport-2019\/wp-json\/wp\/v2\/users\/4"}],"replies":[{"embeddable":true,"href":"https:\/\/www.svmed.ch\/rapport-2019\/wp-json\/wp\/v2\/comments?post=807"}],"version-history":[{"count":5,"href":"https:\/\/www.svmed.ch\/rapport-2019\/wp-json\/wp\/v2\/pages\/807\/revisions"}],"predecessor-version":[{"id":918,"href":"https:\/\/www.svmed.ch\/rapport-2019\/wp-json\/wp\/v2\/pages\/807\/revisions\/918"}],"up":[{"embeddable":true,"href":"https:\/\/www.svmed.ch\/rapport-2019\/wp-json\/wp\/v2\/pages\/18"}],"wp:attachment":[{"href":"https:\/\/www.svmed.ch\/rapport-2019\/wp-json\/wp\/v2\/media?parent=807"}],"curies":[{"name":"wp","href":"https:\/\/api.w.org\/{rel}","templated":true}]}}