{"id":932,"date":"2020-03-17T15:03:57","date_gmt":"2020-03-17T14:03:57","guid":{"rendered":"https:\/\/www.svmed.ch\/rapport-2019\/?page_id=932"},"modified":"2020-03-17T15:05:16","modified_gmt":"2020-03-17T14:05:16","slug":"mediation","status":"publish","type":"page","link":"https:\/\/www.svmed.ch\/rapport-2019\/rapports\/mediation\/","title":{"rendered":"M\u00e9diation"},"content":{"rendered":"<div class=\"the-content\"><p>En 2019, le service de m\u00e9diation de la SVM a surtout \u00e9t\u00e9 sollicit\u00e9 par une m\u00e9diation, extra-judiciaire, demand\u00e9e lors de la dissolution d&rsquo;un cabinet de trois coll\u00e8gues, comme il est stipul\u00e9 dans le contrat d&rsquo;association, avant d&rsquo;entreprendre des d\u00e9marches au tribunal. Les enjeux mat\u00e9riels et \u00e9motionnels \u00e9taient importants et difficiles pour chacun. Malgr\u00e9 deux entrevues, il n&rsquo;a pas \u00e9t\u00e9 possible de trouver un accord.<\/p>\n<p>La seconde intervention \u00e9tait demand\u00e9e par le p\u00e8re d&rsquo;un enfant, envers son p\u00e9diatre, en raison \u00ab\u00a0du sentiment de ne pas \u00eatre entendu\u00a0\u00bb. Cela survenait dans le cadre d&rsquo;un divorce complexe, avec intervention du SPJ, o\u00f9 les aspects juridiques \u00e9taient parfois confondus avec les aspects m\u00e9dicaux. L&rsquo;entrevue a permis de pr\u00e9ciser le r\u00f4le du p\u00e9diatre, qui par ailleurs transmettait r\u00e9guli\u00e8rement les informations.<\/p>\n<p>Comme les autres ann\u00e9es, le service de m\u00e9diation a aussi re\u00e7u des demandes qui ont pu \u00eatre r\u00e9gl\u00e9es par une conversation, ainsi qu\u2019une o\u00f9 l&rsquo;une des parties a refus\u00e9 d&rsquo;entrer en mati\u00e8re.<\/p>\n<p><strong>Dre Anne-Claire Bloesch<\/strong><br \/>\nM\u00e9diatrice de la SVM<\/p>\n<p><a href=\"https:\/\/www.svmed.ch\/patients\/deontologie-et-mediation\/\" target=\"_blank\" rel=\"noopener noreferrer\">En savoir plus sur le service de m\u00e9diation<\/a><\/p>\n<\/div>","protected":false},"excerpt":{"rendered":"<p>En 2019, le service de m\u00e9diation de la SVM a surtout \u00e9t\u00e9 sollicit\u00e9 par une m\u00e9diation, extra-judiciaire, demand\u00e9e lors de la dissolution d&rsquo;un cabinet de trois coll\u00e8gues, comme il est stipul\u00e9 dans le contrat d&rsquo;association, avant d&rsquo;entreprendre des d\u00e9marches au tribunal. Les enjeux mat\u00e9riels et \u00e9motionnels \u00e9taient importants et difficiles pour chacun. Malgr\u00e9 deux entrevues, [&hellip;]<\/p>\n","protected":false},"author":4,"featured_media":0,"parent":18,"menu_order":13,"comment_status":"closed","ping_status":"closed","template":"","meta":{"_acf_changed":false,"inline_featured_image":false,"footnotes":""},"class_list":["post-932","page","type-page","status-publish","hentry"],"acf":[],"publishpress_future_action":{"enabled":false,"date":"2026-04-22 02:33:50","action":"change-status","newStatus":"draft","terms":[],"taxonomy":"","extraData":[]},"publishpress_future_workflow_manual_trigger":{"enabledWorkflows":[]},"_links":{"self":[{"href":"https:\/\/www.svmed.ch\/rapport-2019\/wp-json\/wp\/v2\/pages\/932","targetHints":{"allow":["GET"]}}],"collection":[{"href":"https:\/\/www.svmed.ch\/rapport-2019\/wp-json\/wp\/v2\/pages"}],"about":[{"href":"https:\/\/www.svmed.ch\/rapport-2019\/wp-json\/wp\/v2\/types\/page"}],"author":[{"embeddable":true,"href":"https:\/\/www.svmed.ch\/rapport-2019\/wp-json\/wp\/v2\/users\/4"}],"replies":[{"embeddable":true,"href":"https:\/\/www.svmed.ch\/rapport-2019\/wp-json\/wp\/v2\/comments?post=932"}],"version-history":[{"count":2,"href":"https:\/\/www.svmed.ch\/rapport-2019\/wp-json\/wp\/v2\/pages\/932\/revisions"}],"predecessor-version":[{"id":934,"href":"https:\/\/www.svmed.ch\/rapport-2019\/wp-json\/wp\/v2\/pages\/932\/revisions\/934"}],"up":[{"embeddable":true,"href":"https:\/\/www.svmed.ch\/rapport-2019\/wp-json\/wp\/v2\/pages\/18"}],"wp:attachment":[{"href":"https:\/\/www.svmed.ch\/rapport-2019\/wp-json\/wp\/v2\/media?parent=932"}],"curies":[{"name":"wp","href":"https:\/\/api.w.org\/{rel}","templated":true}]}}