{"id":19,"date":"2019-04-09T11:36:58","date_gmt":"2019-04-09T09:36:58","guid":{"rendered":"https:\/\/www.svmed.ch\/rapport-2020\/?page_id=19"},"modified":"2021-03-04T09:59:54","modified_gmt":"2021-03-04T08:59:54","slug":"nouveaux-membres","status":"publish","type":"page","link":"https:\/\/www.svmed.ch\/rapport-2020\/nouveaux-membres\/","title":{"rendered":"Nouveaux membres"},"content":{"rendered":"<div class=\"the-content\"><p>Bienvenue aux 155 m\u00e9decins qui ont rejoint la SVM durant l&rsquo;ann\u00e9e 2020 (dont, pour la deuxi\u00e8me ann\u00e9e cons\u00e9cutive, une majorit\u00e9 de femmes avec 84 repr\u00e9sentantes contre 71) ! Il s&rsquo;agit de Mesdames et Messieurs les Docteurs :<\/p>\n<ul>\n<li>AMBROSETTI Thomas<br \/>\nANDREJEVIC Snezana<br \/>\nASLAN Nurullah<br \/>\nATHANASIOU Sofia<br \/>\nBACHELARD Jessica Kim<br \/>\nBARCELO Sophie<br \/>\nBAUER D\u00d6RRIES Anna<br \/>\nBAZI Ramdane<br \/>\nBEJIC Mirsada<br \/>\nBENABIDALLAH Samir<br \/>\nBENFERHAT Moktar-Ahmed<br \/>\nBERTHET Emily<br \/>\nBERTRANG WARNCKE Anouk Marie<br \/>\nBHAGWATI-POLLAK Shushila<br \/>\nBILL Olivier<br \/>\nBLANK Christoph<br \/>\nBOUZOURENE Hanifa<br \/>\nBUCCAFUSCA Giancarlo<br \/>\nB\u00dcRKI Lukas<br \/>\nCARRANO Teresa<br \/>\nCHATZIIOANNIDOU Kyriaki<br \/>\nCLAIR Carole<br \/>\nCONTI Gaetan<br \/>\nCOTTET WIMMERSBERGER Laura<br \/>\nCOUSINA Charles<br \/>\nDA CONCEICAO RIBEIRO CANHAO Antonio Jos\u00e9<br \/>\nDE SEPIBUS Romaine<br \/>\nDEGALLIER Xavier<br \/>\nDESSIMOZ KUENZLE Lyne<br \/>\nDI LUCCA-CHRISMENT Julie<br \/>\nDIMITRIOU Julien<br \/>\nDOBOS Anca-Victoria<br \/>\nDOBRESCU Ionut<br \/>\nDUCARRE Marc<br \/>\nDUVOISIN CORDOBA C\u00e9line<br \/>\nEMINIAN Sylvain<br \/>\nENRIQUEZ Natalia Beatriz<br \/>\nFAKHOURY Wissam<br \/>\nFAVRE Nathalie<br \/>\nFAVRE THOUANEL Jean-Baptiste<br \/>\nFERRARIO Chiara<br \/>\nFIERZ Yvonne<br \/>\nFURGER Philippe Michael<br \/>\nGAMA Narjisse<br \/>\nGAMARRA Elena<br \/>\nGKOUVATSOS Konstantinos<br \/>\nGUELDRY Mathilde<br \/>\nGUENEAU DE MUSY Pierre<br \/>\nGUILLEN GLOOR Jos\u00e9 Antonio<br \/>\nGZARA Kaouthar<br \/>\nHACHULLA Anne-Lise<br \/>\nHAEBERLI BERTONI Christelle<br \/>\nHAGUET Christophe<br \/>\nHALLER Sabine<br \/>\nHERNANDEZ ARIZA Willmer<br \/>\nJULIANO Angelo<br \/>\nJUNOD Rachel<br \/>\nKAISER Aline<br \/>\nKAISER-GUIGNARD Julie<br \/>\nKAPAROS Nikoalas<br \/>\nKARDOUS Moahmed Ghazi<br \/>\nKARLEN ESPOSITO Fabiana<br \/>\nKLABUNDE Stephanie<br \/>\nKNUCHEL Judith<br \/>\nKOCHAN Suzanne<br \/>\nKRANIA Maria<br \/>\nK\u00dcMIN Alexa<br \/>\nLARRIBAU Rosalie<br \/>\nLAURENT Jean-Christophe<br \/>\nLELOUCH St\u00e9phane<br \/>\nLIPIEC Jaroslaw Albert<br \/>\nLU Tri-Linh Christian<br \/>\nMADURI Rodolfo<br \/>\nMARTINEZ Hendrik Manuel<br \/>\nMEJIA Daniel Boris Christoph<br \/>\nMERCIER No\u00eblle<br \/>\nMESKALDJI Mahacine<br \/>\nMICHIELIN Olivier<br \/>\nMILETTO Damien<br \/>\nMINIAOUI Sinen<br \/>\nMONIN CUINET Marie-Th\u00e9r\u00e8se<br \/>\nMUANASAKA Etienne Kasenga<br \/>\nMYERS Patrick<br \/>\nNADJAR Osama<br \/>\nNAIKEN Surennaidoo<br \/>\nNESSI Aude<br \/>\nNICOD Laurent<br \/>\nNITUNGA Juv\u00e9nal<br \/>\nNKOULOU Ren\u00e9 Nicolas<br \/>\nNORDQVIST Cecilia<br \/>\nNOVELLO Mauricio<br \/>\nOBEID Marwan<br \/>\nODDOUX Tamara<br \/>\nPAPAEFTHYMIOU Olga<br \/>\nPARASKEVOPOULOS KENTRAS Konstantinos<br \/>\nPASQUIER Nathalie<br \/>\nPEIM V\u00e9ronique<br \/>\nPELLATON Alain Marc<br \/>\nPEREIRA Alexandre<br \/>\nPEREZ VERANO Jos\u00e9 de Jesus<br \/>\nPICARRA Marlise<br \/>\nPIRWITZ-BIEDERMANN Anja-Simone<br \/>\nPLUMETTAZ Chlo\u00e9<br \/>\nPODMORE Stephen<br \/>\nPRADERVAND Pierre-Antoine<br \/>\nRANZA Emmanuelle<br \/>\nRAPIN No\u00e9mie<br \/>\nRAPIN No\u00e9mie<br \/>\nREGAMEY Fr\u00e9d\u00e9ric<br \/>\nREPOND Claude<br \/>\nREY Laure Emilie<br \/>\nROCHAT Martina<br \/>\nROCHAT Mascha<br \/>\nROSET BAHMANYAR Edith<br \/>\nROZIER AUBRY B\u00e9reng\u00e8re<br \/>\nRRUSTEMI Isah<br \/>\nSABANI Silvia Iris<br \/>\nSAFRAN Amalia Mariana<br \/>\nSAHIN Mehmet Ates<br \/>\nSALATI Emanuela<br \/>\nSANTOS David<br \/>\nSAUTAUX Julian<br \/>\nSBA\u00cf Amal<br \/>\nSCHAAKXS Dominique<br \/>\nSEIDLER St\u00e9phanie Julie Olivera<br \/>\nSGROI Antonino<br \/>\nSMEETS Laurent<br \/>\nSPERTINI Pauline<br \/>\nSTAMATOPOULOU Maria-Eleni<br \/>\nSTEIGER Aurore Amour<br \/>\nSTROESCU Aurica<br \/>\nSUAREZ OROZCO Ruby Piedad<br \/>\nTADLER Marlene Karoline<br \/>\nTAMCHES Emmanuel<br \/>\nTARAMARCAZ Thomas<br \/>\nTASHEVA Plamena<br \/>\nTERRANI Cyrus<br \/>\nTHEILLAY-LE-GALL Gontran<br \/>\nTOME DE FREITAS MARIGUESA Maria Alaxandra<br \/>\nTRANA Catalina<br \/>\nTROPTARD Anne-Marie<br \/>\nVAUCLAIR Fr\u00e9d\u00e9ric<br \/>\nVILLA Vincent<br \/>\nVILLARD Eva<br \/>\nVINCENTI Maria-Gabriella<br \/>\nVO Quoc Duy<br \/>\nVOGEL G\u00e9rard Laurent<br \/>\nVU Francis Dinh Trong<br \/>\nVUADENS-LEHMANN Alyssa<br \/>\nVULPE Ioana-Irina<br \/>\nWAELTI Fanny<br \/>\nWILLIAMS-SMITH Joanne<br \/>\nZAMPIERI BURDET Laure Lyne<br \/>\nZIMMERMANN Andrea Franziska<br \/>\nZ\u00dcRCHER Jean-Philippe<\/li>\n<\/ul>\n<\/div>","protected":false},"excerpt":{"rendered":"<p>Bienvenue aux 155 m\u00e9decins qui ont rejoint la SVM durant l&rsquo;ann\u00e9e 2020 (dont, pour la deuxi\u00e8me ann\u00e9e cons\u00e9cutive, une majorit\u00e9 de femmes avec 84 repr\u00e9sentantes contre 71) ! Il s&rsquo;agit de Mesdames et Messieurs les Docteurs : AMBROSETTI Thomas ANDREJEVIC Snezana ASLAN Nurullah ATHANASIOU Sofia BACHELARD Jessica Kim BARCELO Sophie BAUER D\u00d6RRIES Anna BAZI Ramdane [&hellip;]<\/p>\n","protected":false},"author":1,"featured_media":0,"parent":0,"menu_order":0,"comment_status":"closed","ping_status":"closed","template":"","meta":{"_acf_changed":false,"inline_featured_image":false,"footnotes":""},"class_list":["post-19","page","type-page","status-publish","hentry"],"acf":[],"publishpress_future_action":{"enabled":false,"date":"2026-04-20 17:07:56","action":"change-status","newStatus":"draft","terms":[],"taxonomy":"","extraData":[]},"publishpress_future_workflow_manual_trigger":{"enabledWorkflows":[]},"_links":{"self":[{"href":"https:\/\/www.svmed.ch\/rapport-2020\/wp-json\/wp\/v2\/pages\/19","targetHints":{"allow":["GET"]}}],"collection":[{"href":"https:\/\/www.svmed.ch\/rapport-2020\/wp-json\/wp\/v2\/pages"}],"about":[{"href":"https:\/\/www.svmed.ch\/rapport-2020\/wp-json\/wp\/v2\/types\/page"}],"author":[{"embeddable":true,"href":"https:\/\/www.svmed.ch\/rapport-2020\/wp-json\/wp\/v2\/users\/1"}],"replies":[{"embeddable":true,"href":"https:\/\/www.svmed.ch\/rapport-2020\/wp-json\/wp\/v2\/comments?post=19"}],"version-history":[{"count":13,"href":"https:\/\/www.svmed.ch\/rapport-2020\/wp-json\/wp\/v2\/pages\/19\/revisions"}],"predecessor-version":[{"id":1213,"href":"https:\/\/www.svmed.ch\/rapport-2020\/wp-json\/wp\/v2\/pages\/19\/revisions\/1213"}],"wp:attachment":[{"href":"https:\/\/www.svmed.ch\/rapport-2020\/wp-json\/wp\/v2\/media?parent=19"}],"curies":[{"name":"wp","href":"https:\/\/api.w.org\/{rel}","templated":true}]}}