{"id":2,"date":"2019-04-09T11:19:19","date_gmt":"2019-04-09T09:19:19","guid":{"rendered":"https:\/\/www.svmed.ch\/rapport-2020\/?page_id=2"},"modified":"2021-03-16T16:17:08","modified_gmt":"2021-03-16T15:17:08","slug":"page-d-exemple","status":"publish","type":"page","link":"https:\/\/www.svmed.ch\/rapport-2020\/","title":{"rendered":"Accueil"},"content":{"rendered":"<div class=\"the-content\"><p>Quelle ann\u00e9e\u2026<\/p>\n<p>En premier lieu, au nom du Comit\u00e9 de la Soci\u00e9t\u00e9 Vaudoise de M\u00e9decine, je souhaite ici saluer et remercier tous les m\u00e9decins vaudois qui se sont mobilis\u00e9s avec une \u00e9nergie admirable non seulement pour lutter contre le coronavirus, mais aussi pour continuer \u00e0 prendre en charge tous les autres probl\u00e8mes de sant\u00e9 moins m\u00e9diatis\u00e9s de la population pendant cette crise, que ce soit \u00e0 l\u2019h\u00f4pital, en clinique ou en cabinet.<\/p>\n<p>Ceci est d\u2019autant plus remarquable compte tenu de l\u2019interdiction d\u00e9cr\u00e9t\u00e9e de pratiquer tout acte non-urgent lors de la 1\u00e8re vague, et qui a conduit \u00e0 la fermeture pure et simple de certains cabinets pendant plusieurs jours, puis \u00e0 une pratique tr\u00e8s r\u00e9duite pour de nombreux lieux de soins pendant plus d\u2019un mois. Une p\u00e9riode noire que l\u2019on esp\u00e8re ne jamais revivre, tant elle aura \u00e9t\u00e9 mauvaise pour les patients, les m\u00e9decins et le personnel concern\u00e9. [&#8230;]<\/p>\n<\/div>","protected":false},"excerpt":{"rendered":"<p>Quelle ann\u00e9e\u2026 En premier lieu, au nom du Comit\u00e9 de la Soci\u00e9t\u00e9 Vaudoise de M\u00e9decine, je souhaite ici saluer et remercier tous les m\u00e9decins vaudois qui se sont mobilis\u00e9s avec une \u00e9nergie admirable non seulement pour lutter contre le coronavirus, mais aussi pour continuer \u00e0 prendre en charge tous les autres probl\u00e8mes de sant\u00e9 moins [&hellip;]<\/p>\n","protected":false},"author":1,"featured_media":0,"parent":0,"menu_order":0,"comment_status":"closed","ping_status":"open","template":"","meta":{"_acf_changed":false,"inline_featured_image":false,"footnotes":""},"class_list":["post-2","page","type-page","status-publish","hentry"],"acf":[],"publishpress_future_action":{"enabled":false,"date":"2026-04-20 17:18:10","action":"change-status","newStatus":"draft","terms":[],"taxonomy":"","extraData":[]},"publishpress_future_workflow_manual_trigger":{"enabledWorkflows":[]},"_links":{"self":[{"href":"https:\/\/www.svmed.ch\/rapport-2020\/wp-json\/wp\/v2\/pages\/2","targetHints":{"allow":["GET"]}}],"collection":[{"href":"https:\/\/www.svmed.ch\/rapport-2020\/wp-json\/wp\/v2\/pages"}],"about":[{"href":"https:\/\/www.svmed.ch\/rapport-2020\/wp-json\/wp\/v2\/types\/page"}],"author":[{"embeddable":true,"href":"https:\/\/www.svmed.ch\/rapport-2020\/wp-json\/wp\/v2\/users\/1"}],"replies":[{"embeddable":true,"href":"https:\/\/www.svmed.ch\/rapport-2020\/wp-json\/wp\/v2\/comments?post=2"}],"version-history":[{"count":194,"href":"https:\/\/www.svmed.ch\/rapport-2020\/wp-json\/wp\/v2\/pages\/2\/revisions"}],"predecessor-version":[{"id":1253,"href":"https:\/\/www.svmed.ch\/rapport-2020\/wp-json\/wp\/v2\/pages\/2\/revisions\/1253"}],"wp:attachment":[{"href":"https:\/\/www.svmed.ch\/rapport-2020\/wp-json\/wp\/v2\/media?parent=2"}],"curies":[{"name":"wp","href":"https:\/\/api.w.org\/{rel}","templated":true}]}}