{"id":238,"date":"2019-05-01T14:12:34","date_gmt":"2019-05-01T12:12:34","guid":{"rendered":"https:\/\/www.svmed.ch\/rapport-2020\/?page_id=238"},"modified":"2021-01-25T12:27:00","modified_gmt":"2021-01-25T11:27:00","slug":"jvd","status":"publish","type":"page","link":"https:\/\/www.svmed.ch\/rapport-2020\/rapports\/jvd\/","title":{"rendered":"Commission de la formation continue"},"content":{"rendered":"<div class=\"the-content\"><p>Quelle ann\u00e9e 2020\u00a0! Pour la Commission de la formation continue, elle a \u00e9t\u00e9 l\u2019occasion de vous tenir inform\u00e9s des sujets suivants\u00a0:<\/p>\n<ul>\n<li>16 janvier &#8211; Soins palliatifs (pr\u00e9sentiel)<\/li>\n<li>13 f\u00e9vrier &#8211; M\u00e9decine du trafic (pr\u00e9sentiel)<\/li>\n<li>12 mars &#8211; Antalgie (annul\u00e9 et reprogramm\u00e9)<\/li>\n<li>14 mai &#8211; Neurologie (annul\u00e9 et reprogramm\u00e9)<\/li>\n<li>18 juin &#8211; M\u00e9decine du sport et de l\u2019exercice (visioconf\u00e9rence)<\/li>\n<li>3 septembre &#8211; Neurologie (visioconf\u00e9rence et pr\u00e9sentiel)<\/li>\n<li>8 octobre &#8211; M\u00e9decine du sommeil (visioconf\u00e9rence et pr\u00e9sentiel)<\/li>\n<li>12 novembre &#8211; Oncologie (annul\u00e9 et d\u00e9plac\u00e9 en 2021)<\/li>\n<li>3 d\u00e9cembre &#8211; Antalgie (webinaire)<\/li>\n<\/ul>\n<p>Volontairement, nous n\u2019avons pas abord\u00e9 la Covid lors de ces JVDs. Nous tenions \u00e0 ce que la formation ainsi que la prise en charge des patient.e.s non Covid puissent se poursuivre dans les meilleures conditions possibles malgr\u00e9 la limitation d\u2019acc\u00e8s aux soins. Par contre, la Covid \u00e9tait pr\u00e9sente en permanence dans notre organisation qui a \u00e9t\u00e9 chamboul\u00e9e, avec deux vagues pand\u00e9miques \u00e0 affronter. Nous avons d\u00fb annuler\/reprogrammer des JVDs, que ce soit par manque de temps pour trouver une solution de remplacement ou un exc\u00e8s de m\u00e9decins malades parmi celles et ceux qui devaient donner leur conf\u00e9rence. Nous vous prions de nous en excuser. Nous souhaitions garantir 8 JVDs sur l\u2019ann\u00e9e 2020, comme \u00e0 l\u2019accoutum\u00e9e. Le compteur est rest\u00e9 bloqu\u00e9 \u00e0 6. Nous programmerons donc 9 JVDs en 2021 et en 2022\u00a0!<\/p>\n<p><img loading=\"lazy\" decoding=\"async\" class=\"alignnone wp-image-1069\" src=\"https:\/\/www.svmed.ch\/rapport-2020\/wp-content\/uploads\/sites\/19\/2021\/01\/jvd-140121-prof-lamy.png\" alt=\"\" width=\"1073\" height=\"500\" srcset=\"https:\/\/www.svmed.ch\/rapport-2020\/wp-content\/uploads\/sites\/19\/2021\/01\/jvd-140121-prof-lamy.png 1920w, https:\/\/www.svmed.ch\/rapport-2020\/wp-content\/uploads\/sites\/19\/2021\/01\/jvd-140121-prof-lamy-300x140.png 300w, https:\/\/www.svmed.ch\/rapport-2020\/wp-content\/uploads\/sites\/19\/2021\/01\/jvd-140121-prof-lamy-1024x477.png 1024w, https:\/\/www.svmed.ch\/rapport-2020\/wp-content\/uploads\/sites\/19\/2021\/01\/jvd-140121-prof-lamy-768x358.png 768w, https:\/\/www.svmed.ch\/rapport-2020\/wp-content\/uploads\/sites\/19\/2021\/01\/jvd-140121-prof-lamy-1536x716.png 1536w\" sizes=\"auto, (max-width: 1073px) 100vw, 1073px\" \/><\/p>\n<p>Nous tenons \u00e0 vous remercier chacune et chacun de votre fid\u00e9lit\u00e9 et de vos mots d\u2019encouragement. A titre personnel, je tiens \u00e0 remercier chaleureusement les membres de la Commission, les Dr.e.s Anne-France Mayor-Pleines, Isabelle Marguerat Bouch\u00e9, Sophie Paul, Francine Pilloud, Alain Birchmeier, Abram Morel, Julien Vaucher, Jean-Luc Vonnez et Phillipe Staeger. Je suis \u00e9merveill\u00e9 par leur motivation, la justesse de leurs propos, et le temps qu\u2019ils consacrent \u00e0 la Commission. Ils sont un moteur pour moi. Le Dr Abram Morel, apr\u00e8s plusieurs ann\u00e9es de bons et loyaux services, a quitt\u00e9 la Commission. Nous le remercions vivement pour son travail. Une place est libre dans le comit\u00e9, avis aux amateur.trice.s\u00a0!<\/p>\n<h2>Apprendre \u00e0 se r\u00e9inventer<\/h2>\n<p>Cette pand\u00e9mie est aussi une belle opportunit\u00e9 de repenser le format de notre formation continue. La visioconf\u00e9rence permet d\u2019ouvrir les JVDs \u00e0 celles et ceux qui habitent plus loin, ou d\u2019\u00e9viter des trajets inutiles et les tracasseries pour trouver une place de parc. En revanche, nous avons bien entendu vos messages, se retrouver avec ses coll\u00e8gues autour d\u2019un caf\u00e9 fait partie de notre ADN. Le bon choix doit \u00eatre mixte, offrir le pr\u00e9sentiel et la visioconf\u00e9rence. Un autre aspect est celui des ateliers qui nous et qui vous sont chers. Nous n\u2019avons pour l\u2019heure pas encore trouv\u00e9 la solution virtuelle id\u00e9ale. Sachez que la SVM conduit des r\u00e9flexions avec diff\u00e9rents partenaires sur l\u2019am\u00e9lioration de l\u2019offre.<\/p>\n<p>Ces colloques continuent \u00e0 rencontrer un tr\u00e8s bon \u00e9cho. M\u00eame si notre ambition est d\u2019atteindre 150 \u00e0 200 participant.e.s, le haut de la vague a fr\u00f4l\u00e9 les 190 (visioconf\u00e9rence et pr\u00e9sentiel) et le creux de la vague les 110 (visioconf\u00e9rence). Les \u00e9valuations montrent que tant les conf\u00e9rences en auditoire, les vignettes interactives que les ateliers (janvier et f\u00e9vrier) restent tr\u00e8s appr\u00e9ci\u00e9s.<\/p>\n<p>Ces JVDs n\u2019existeraient pas sans le travail acharn\u00e9 et fort appr\u00e9ci\u00e9 de Mme Nathalie Panchaud, responsable de la formation continue et m\u00e9moire de la Commission, et le soutien des sponsors\u00a0(MSD, Clinique de la Source, Novartis et Hirslanden Clinique Bois-Cerf et Cecil) que nous remercions vivement.<\/p>\n<p><strong>Prof. Olivier Lamy<\/strong><br \/>\nPr\u00e9sident de la Commission de la formation continue<\/p>\n<p>Pour en savoir plus: <a href=\"https:\/\/www.svmed.ch\/association\/groupements-et-commissions\/\" target=\"_blank\" rel=\"noopener noreferrer\">composition de la Commission de la formation continue<\/a><\/p>\n<\/div>","protected":false},"excerpt":{"rendered":"<p>Quelle ann\u00e9e 2020\u00a0! Pour la Commission de la formation continue, elle a \u00e9t\u00e9 l\u2019occasion de vous tenir inform\u00e9s des sujets suivants\u00a0: 16 janvier &#8211; Soins palliatifs (pr\u00e9sentiel) 13 f\u00e9vrier &#8211; M\u00e9decine du trafic (pr\u00e9sentiel) 12 mars &#8211; Antalgie (annul\u00e9 et reprogramm\u00e9) 14 mai &#8211; Neurologie (annul\u00e9 et reprogramm\u00e9) 18 juin &#8211; M\u00e9decine du sport et [&hellip;]<\/p>\n","protected":false},"author":4,"featured_media":0,"parent":18,"menu_order":4,"comment_status":"closed","ping_status":"closed","template":"","meta":{"_acf_changed":false,"inline_featured_image":false,"footnotes":""},"class_list":["post-238","page","type-page","status-publish","hentry"],"acf":[],"publishpress_future_action":{"enabled":false,"date":"2026-04-20 17:08:46","action":"change-status","newStatus":"draft","terms":[],"taxonomy":"","extraData":[]},"publishpress_future_workflow_manual_trigger":{"enabledWorkflows":[]},"_links":{"self":[{"href":"https:\/\/www.svmed.ch\/rapport-2020\/wp-json\/wp\/v2\/pages\/238","targetHints":{"allow":["GET"]}}],"collection":[{"href":"https:\/\/www.svmed.ch\/rapport-2020\/wp-json\/wp\/v2\/pages"}],"about":[{"href":"https:\/\/www.svmed.ch\/rapport-2020\/wp-json\/wp\/v2\/types\/page"}],"author":[{"embeddable":true,"href":"https:\/\/www.svmed.ch\/rapport-2020\/wp-json\/wp\/v2\/users\/4"}],"replies":[{"embeddable":true,"href":"https:\/\/www.svmed.ch\/rapport-2020\/wp-json\/wp\/v2\/comments?post=238"}],"version-history":[{"count":16,"href":"https:\/\/www.svmed.ch\/rapport-2020\/wp-json\/wp\/v2\/pages\/238\/revisions"}],"predecessor-version":[{"id":1070,"href":"https:\/\/www.svmed.ch\/rapport-2020\/wp-json\/wp\/v2\/pages\/238\/revisions\/1070"}],"up":[{"embeddable":true,"href":"https:\/\/www.svmed.ch\/rapport-2020\/wp-json\/wp\/v2\/pages\/18"}],"wp:attachment":[{"href":"https:\/\/www.svmed.ch\/rapport-2020\/wp-json\/wp\/v2\/media?parent=238"}],"curies":[{"name":"wp","href":"https:\/\/api.w.org\/{rel}","templated":true}]}}