{"id":240,"date":"2019-05-01T14:12:58","date_gmt":"2019-05-01T12:12:58","guid":{"rendered":"https:\/\/www.svmed.ch\/rapport-2020\/?page_id=240"},"modified":"2021-02-01T17:01:04","modified_gmt":"2021-02-01T16:01:04","slug":"commission-apprenties-assistantes-medicales","status":"publish","type":"page","link":"https:\/\/www.svmed.ch\/rapport-2020\/rapports\/commission-apprenties-assistantes-medicales\/","title":{"rendered":"Commission des apprenties assistantes m\u00e9dicales"},"content":{"rendered":"<div class=\"the-content\"><p>Lors du dernier exercice, le planning et l\u2019organisation concernant les assistantes m\u00e9dicales, notamment les examens des apprenties, ont \u00e9t\u00e9 particuli\u00e8rement perturb\u00e9s par la crise sanitaire. De ce fait, certaines r\u00e9unions ont d\u00fb \u00eatre annul\u00e9es et d\u2019autres ont pu se tenir en visioconf\u00e9rence. La Commission des apprenties assistantes m\u00e9dicales a fait au mieux pour g\u00e9rer intelligemment la situation et adapter ses activit\u00e9s en cons\u00e9quence.<\/p>\n<p>Pour notre commission, l\u2019ann\u00e9e \u00e9coul\u00e9e aura donc surtout \u00e9t\u00e9 marqu\u00e9e par l\u2019apparition et la propagation du Covid-19, le renforcement des r\u00e8gles d\u2019hygi\u00e8ne et des gestes barri\u00e8res, ainsi qu\u2019une sollicitation particuli\u00e8rement forte du personnel m\u00e9dical.<\/p>\n<p><img loading=\"lazy\" decoding=\"async\" class=\"alignnone wp-image-1156\" src=\"https:\/\/www.svmed.ch\/rapport-2020\/wp-content\/uploads\/sites\/19\/2021\/01\/assistante-medicale.jpg\" alt=\"\" width=\"750\" height=\"500\" srcset=\"https:\/\/www.svmed.ch\/rapport-2020\/wp-content\/uploads\/sites\/19\/2021\/01\/assistante-medicale.jpg 1200w, https:\/\/www.svmed.ch\/rapport-2020\/wp-content\/uploads\/sites\/19\/2021\/01\/assistante-medicale-300x200.jpg 300w, https:\/\/www.svmed.ch\/rapport-2020\/wp-content\/uploads\/sites\/19\/2021\/01\/assistante-medicale-1024x683.jpg 1024w, https:\/\/www.svmed.ch\/rapport-2020\/wp-content\/uploads\/sites\/19\/2021\/01\/assistante-medicale-768x512.jpg 768w\" sizes=\"auto, (max-width: 750px) 100vw, 750px\" \/><\/p>\n<p>A relever qu\u2019il a \u00e9galement fallu en 2020 trouver un nouveau lieu de formation pour assurer les cours interentreprises des apprenties, et que des discussions entre la SVM et l\u2019ARAM (Association romande des assistantes m\u00e9dicales) ont permis de convenir d\u2019une revalorisation de 5% des salaires minimaux recommand\u00e9s d\u00e8s 2021 dans le canton de Vaud, ce qui concerne donc tout particuli\u00e8rement les nouvelles dipl\u00f4m\u00e9es.<\/p>\n<p>En esp\u00e9rant une ann\u00e9e 2021 plus sereine,<\/p>\n<p><strong>Dr Bernard Le Denmat<\/strong><br \/>\nPr\u00e9sident de la Commission des apprenties assistantes m\u00e9dicales<\/p>\n<p>Pour en savoir plus: <a href=\"https:\/\/www.svmed.ch\/association\/groupements-et-commissions\/\" target=\"_blank\" rel=\"noopener noreferrer\">composition de la Commission des apprenties assistantes m\u00e9dicales<\/a><\/p>\n<\/div>","protected":false},"excerpt":{"rendered":"<p>Lors du dernier exercice, le planning et l\u2019organisation concernant les assistantes m\u00e9dicales, notamment les examens des apprenties, ont \u00e9t\u00e9 particuli\u00e8rement perturb\u00e9s par la crise sanitaire. De ce fait, certaines r\u00e9unions ont d\u00fb \u00eatre annul\u00e9es et d\u2019autres ont pu se tenir en visioconf\u00e9rence. La Commission des apprenties assistantes m\u00e9dicales a fait au mieux pour g\u00e9rer intelligemment [&hellip;]<\/p>\n","protected":false},"author":4,"featured_media":0,"parent":18,"menu_order":6,"comment_status":"closed","ping_status":"closed","template":"","meta":{"_acf_changed":false,"inline_featured_image":false,"footnotes":""},"class_list":["post-240","page","type-page","status-publish","hentry"],"acf":[],"publishpress_future_action":{"enabled":false,"date":"2026-04-22 14:22:23","action":"change-status","newStatus":"draft","terms":[],"taxonomy":"","extraData":[]},"publishpress_future_workflow_manual_trigger":{"enabledWorkflows":[]},"_links":{"self":[{"href":"https:\/\/www.svmed.ch\/rapport-2020\/wp-json\/wp\/v2\/pages\/240","targetHints":{"allow":["GET"]}}],"collection":[{"href":"https:\/\/www.svmed.ch\/rapport-2020\/wp-json\/wp\/v2\/pages"}],"about":[{"href":"https:\/\/www.svmed.ch\/rapport-2020\/wp-json\/wp\/v2\/types\/page"}],"author":[{"embeddable":true,"href":"https:\/\/www.svmed.ch\/rapport-2020\/wp-json\/wp\/v2\/users\/4"}],"replies":[{"embeddable":true,"href":"https:\/\/www.svmed.ch\/rapport-2020\/wp-json\/wp\/v2\/comments?post=240"}],"version-history":[{"count":16,"href":"https:\/\/www.svmed.ch\/rapport-2020\/wp-json\/wp\/v2\/pages\/240\/revisions"}],"predecessor-version":[{"id":1161,"href":"https:\/\/www.svmed.ch\/rapport-2020\/wp-json\/wp\/v2\/pages\/240\/revisions\/1161"}],"up":[{"embeddable":true,"href":"https:\/\/www.svmed.ch\/rapport-2020\/wp-json\/wp\/v2\/pages\/18"}],"wp:attachment":[{"href":"https:\/\/www.svmed.ch\/rapport-2020\/wp-json\/wp\/v2\/media?parent=240"}],"curies":[{"name":"wp","href":"https:\/\/api.w.org\/{rel}","templated":true}]}}