{"id":249,"date":"2019-05-01T14:29:50","date_gmt":"2019-05-01T12:29:50","guid":{"rendered":"https:\/\/www.svmed.ch\/rapport-2020\/?page_id=249"},"modified":"2021-01-25T12:32:04","modified_gmt":"2021-01-25T11:32:04","slug":"fondation-avenir-et-sante","status":"publish","type":"page","link":"https:\/\/www.svmed.ch\/rapport-2020\/rapports\/fondation-avenir-et-sante\/","title":{"rendered":"Fondation Avenir et Sant\u00e9"},"content":{"rendered":"<div class=\"the-content\"><p>Dans notre rapport pour l\u2019ann\u00e9e 2019, nous signalions que la Fondation Avenir et Sant\u00e9 \u00e9tait tr\u00e8s peu sollicit\u00e9e, d\u2019une part, et qu\u2019elle avait \u00e0 peu pr\u00e8s \u00e9puis\u00e9 les fonds mis \u00e0 sa disposition conjointement par la SVM et le DSAS.<\/p>\n<p>La situation n\u2019a pas chang\u00e9 en 2020. Toutefois, la pand\u00e9mie n\u2019a laiss\u00e9 gu\u00e8re de temps aux membres du conseil de Fondation (Mme Rebecca Ruiz, Conseill\u00e8re d\u2019Etat et cheffe du DSAS, Dr Philippe Eggimann, pr\u00e9sident de la SVM, Dre St\u00e9phanie Monod, Directrice g\u00e9n\u00e9rale de la Sant\u00e9, M. Pierre-Andr\u00e9 Repond, Secr\u00e9taire g\u00e9n\u00e9ral de la SVM et le soussign\u00e9) pour prendre des d\u00e9cisions sur la poursuite de l\u2019activit\u00e9 de la Fondation et l\u2019octroi \u00e9ventuel d\u2019un nouveau financement par les deux partenaires, selon ce qui avait \u00e9t\u00e9 annonc\u00e9 dans notre rapport 2019. Ces d\u00e9cisions devront \u00eatre prises en 2021.<\/p>\n<p><img loading=\"lazy\" decoding=\"async\" class=\"alignnone wp-image-1073 size-full\" src=\"https:\/\/www.svmed.ch\/rapport-2020\/wp-content\/uploads\/sites\/19\/2021\/01\/logo-fas-small.png\" alt=\"\" width=\"1079\" height=\"210\" srcset=\"https:\/\/www.svmed.ch\/rapport-2020\/wp-content\/uploads\/sites\/19\/2021\/01\/logo-fas-small.png 1079w, https:\/\/www.svmed.ch\/rapport-2020\/wp-content\/uploads\/sites\/19\/2021\/01\/logo-fas-small-300x58.png 300w, https:\/\/www.svmed.ch\/rapport-2020\/wp-content\/uploads\/sites\/19\/2021\/01\/logo-fas-small-1024x199.png 1024w, https:\/\/www.svmed.ch\/rapport-2020\/wp-content\/uploads\/sites\/19\/2021\/01\/logo-fas-small-768x149.png 768w\" sizes=\"auto, (max-width: 1079px) 100vw, 1079px\" \/><\/p>\n<p><strong>Dr Jacques-Andr\u00e9 Haury<\/strong><br \/>\nPr\u00e9sident du Conseil de fondation<\/p>\n<p>Pour en savoir plus: <a href=\"http:\/\/www.avenir-et-sante.ch\/\" target=\"_blank\" rel=\"noopener noreferrer\">Fondation Avenir et Sant\u00e9<\/a><\/p>\n<\/div>","protected":false},"excerpt":{"rendered":"<p>Dans notre rapport pour l\u2019ann\u00e9e 2019, nous signalions que la Fondation Avenir et Sant\u00e9 \u00e9tait tr\u00e8s peu sollicit\u00e9e, d\u2019une part, et qu\u2019elle avait \u00e0 peu pr\u00e8s \u00e9puis\u00e9 les fonds mis \u00e0 sa disposition conjointement par la SVM et le DSAS. La situation n\u2019a pas chang\u00e9 en 2020. Toutefois, la pand\u00e9mie n\u2019a laiss\u00e9 gu\u00e8re de temps [&hellip;]<\/p>\n","protected":false},"author":4,"featured_media":0,"parent":18,"menu_order":7,"comment_status":"closed","ping_status":"closed","template":"","meta":{"_acf_changed":false,"inline_featured_image":false,"footnotes":""},"class_list":["post-249","page","type-page","status-publish","hentry"],"acf":[],"publishpress_future_action":{"enabled":false,"date":"2026-04-20 18:49:15","action":"change-status","newStatus":"draft","terms":[],"taxonomy":"","extraData":[]},"publishpress_future_workflow_manual_trigger":{"enabledWorkflows":[]},"_links":{"self":[{"href":"https:\/\/www.svmed.ch\/rapport-2020\/wp-json\/wp\/v2\/pages\/249","targetHints":{"allow":["GET"]}}],"collection":[{"href":"https:\/\/www.svmed.ch\/rapport-2020\/wp-json\/wp\/v2\/pages"}],"about":[{"href":"https:\/\/www.svmed.ch\/rapport-2020\/wp-json\/wp\/v2\/types\/page"}],"author":[{"embeddable":true,"href":"https:\/\/www.svmed.ch\/rapport-2020\/wp-json\/wp\/v2\/users\/4"}],"replies":[{"embeddable":true,"href":"https:\/\/www.svmed.ch\/rapport-2020\/wp-json\/wp\/v2\/comments?post=249"}],"version-history":[{"count":12,"href":"https:\/\/www.svmed.ch\/rapport-2020\/wp-json\/wp\/v2\/pages\/249\/revisions"}],"predecessor-version":[{"id":1074,"href":"https:\/\/www.svmed.ch\/rapport-2020\/wp-json\/wp\/v2\/pages\/249\/revisions\/1074"}],"up":[{"embeddable":true,"href":"https:\/\/www.svmed.ch\/rapport-2020\/wp-json\/wp\/v2\/pages\/18"}],"wp:attachment":[{"href":"https:\/\/www.svmed.ch\/rapport-2020\/wp-json\/wp\/v2\/media?parent=249"}],"curies":[{"name":"wp","href":"https:\/\/api.w.org\/{rel}","templated":true}]}}