{"id":270,"date":"2019-05-07T14:26:35","date_gmt":"2019-05-07T12:26:35","guid":{"rendered":"https:\/\/www.svmed.ch\/rapport-2020\/?page_id=270"},"modified":"2021-01-27T17:09:34","modified_gmt":"2021-01-27T16:09:34","slug":"groupement-des-medecins-scolaires","status":"publish","type":"page","link":"https:\/\/www.svmed.ch\/rapport-2020\/rapports\/groupement-des-medecins-scolaires\/","title":{"rendered":"Groupement des m\u00e9decins scolaires"},"content":{"rendered":"<div class=\"the-content\"><p>Le comit\u00e9 du Groupement des m\u00e9decins scolaires (GMSV), qui repr\u00e9sente tous les m\u00e9decins scolaires vaudois aupr\u00e8s de la SVM, s\u2019est r\u00e9uni 3 fois au cours de l\u2019ann\u00e9e 2020 sous la pr\u00e9sidence de la Dre B\u00e9atrice Schilter. Les sujets abord\u00e9s ont \u00e9t\u00e9 les suivants\u00a0:<\/p>\n<ul>\n<li>Situation de la pand\u00e9mie de Covid-19 et son impact sur l\u2019\u00e9cole ;<\/li>\n<li>Projets 360\u00b0 et implication du m\u00e9decin scolaire dans l\u2019\u00e9cole ;<\/li>\n<li>Site internet du GMSV et mise \u00e0 disposition des documents scolaires sur un site s\u00e9curis\u00e9.<\/li>\n<\/ul>\n<p>Malheureusement, en raison de la pand\u00e9mie de Covid-19, des r\u00e9unions en lien avec le projet 360\u00b0 n\u2019ont pas pu avoir lieu. De m\u00eame que les formations et l\u2019AG du GMSV organis\u00e9es avec l\u2019aide de l\u2019unit\u00e9 PSP, qui ont d\u00fb \u00eatre annul\u00e9es.<\/p>\n<p><img loading=\"lazy\" decoding=\"async\" class=\"alignnone wp-image-1153\" src=\"https:\/\/www.svmed.ch\/rapport-2020\/wp-content\/uploads\/sites\/19\/2021\/01\/medecin-scolaire.jpg\" alt=\"\" width=\"667\" height=\"500\" srcset=\"https:\/\/www.svmed.ch\/rapport-2020\/wp-content\/uploads\/sites\/19\/2021\/01\/medecin-scolaire.jpg 1920w, https:\/\/www.svmed.ch\/rapport-2020\/wp-content\/uploads\/sites\/19\/2021\/01\/medecin-scolaire-300x225.jpg 300w, https:\/\/www.svmed.ch\/rapport-2020\/wp-content\/uploads\/sites\/19\/2021\/01\/medecin-scolaire-1024x768.jpg 1024w, https:\/\/www.svmed.ch\/rapport-2020\/wp-content\/uploads\/sites\/19\/2021\/01\/medecin-scolaire-768x576.jpg 768w, https:\/\/www.svmed.ch\/rapport-2020\/wp-content\/uploads\/sites\/19\/2021\/01\/medecin-scolaire-1707x1280.jpg 1707w, https:\/\/www.svmed.ch\/rapport-2020\/wp-content\/uploads\/sites\/19\/2021\/01\/medecin-scolaire-1536x1152.jpg 1536w\" sizes=\"auto, (max-width: 667px) 100vw, 667px\" \/><\/p>\n<p>Enfin, il est \u00e0 noter qu\u2019\u00e0 la suite du d\u00e9part de la Dre B\u00e9atrice Schilter, apr\u00e8s la fin de son mandat de 6 ans, une place est d\u00e9sormais vacante au sein du comit\u00e9 du GMSV.<\/p>\n<p><strong>Dr Ma\u00ebl Sauter<\/strong><br \/>\nPr\u00e9sident du Groupement des m\u00e9decins scolaires (GMSV)<\/p>\n<p><a href=\"https:\/\/www.svmed.ch\/association\/groupements-et-commissions\/groupement-des-medecins-scolaires-gmsv\/\" target=\"_blank\" rel=\"noopener noreferrer\">En savoir plus sur le GMSV<\/a><\/p>\n<\/div>","protected":false},"excerpt":{"rendered":"<p>Le comit\u00e9 du Groupement des m\u00e9decins scolaires (GMSV), qui repr\u00e9sente tous les m\u00e9decins scolaires vaudois aupr\u00e8s de la SVM, s\u2019est r\u00e9uni 3 fois au cours de l\u2019ann\u00e9e 2020 sous la pr\u00e9sidence de la Dre B\u00e9atrice Schilter. Les sujets abord\u00e9s ont \u00e9t\u00e9 les suivants\u00a0: Situation de la pand\u00e9mie de Covid-19 et son impact sur l\u2019\u00e9cole ; [&hellip;]<\/p>\n","protected":false},"author":4,"featured_media":0,"parent":18,"menu_order":10,"comment_status":"closed","ping_status":"closed","template":"","meta":{"_acf_changed":false,"inline_featured_image":false,"footnotes":""},"class_list":["post-270","page","type-page","status-publish","hentry"],"acf":[],"publishpress_future_action":{"enabled":false,"date":"2026-04-20 15:32:21","action":"change-status","newStatus":"draft","terms":[],"taxonomy":"","extraData":[]},"publishpress_future_workflow_manual_trigger":{"enabledWorkflows":[]},"_links":{"self":[{"href":"https:\/\/www.svmed.ch\/rapport-2020\/wp-json\/wp\/v2\/pages\/270","targetHints":{"allow":["GET"]}}],"collection":[{"href":"https:\/\/www.svmed.ch\/rapport-2020\/wp-json\/wp\/v2\/pages"}],"about":[{"href":"https:\/\/www.svmed.ch\/rapport-2020\/wp-json\/wp\/v2\/types\/page"}],"author":[{"embeddable":true,"href":"https:\/\/www.svmed.ch\/rapport-2020\/wp-json\/wp\/v2\/users\/4"}],"replies":[{"embeddable":true,"href":"https:\/\/www.svmed.ch\/rapport-2020\/wp-json\/wp\/v2\/comments?post=270"}],"version-history":[{"count":12,"href":"https:\/\/www.svmed.ch\/rapport-2020\/wp-json\/wp\/v2\/pages\/270\/revisions"}],"predecessor-version":[{"id":1154,"href":"https:\/\/www.svmed.ch\/rapport-2020\/wp-json\/wp\/v2\/pages\/270\/revisions\/1154"}],"up":[{"embeddable":true,"href":"https:\/\/www.svmed.ch\/rapport-2020\/wp-json\/wp\/v2\/pages\/18"}],"wp:attachment":[{"href":"https:\/\/www.svmed.ch\/rapport-2020\/wp-json\/wp\/v2\/media?parent=270"}],"curies":[{"name":"wp","href":"https:\/\/api.w.org\/{rel}","templated":true}]}}