{"id":42,"date":"2019-04-09T12:15:24","date_gmt":"2019-04-09T10:15:24","guid":{"rendered":"https:\/\/www.svmed.ch\/rapport-2020\/?page_id=42"},"modified":"2021-01-25T11:43:04","modified_gmt":"2021-01-25T10:43:04","slug":"amc","status":"publish","type":"page","link":"https:\/\/www.svmed.ch\/rapport-2020\/rapports\/amc\/","title":{"rendered":"Association des m\u00e9decins-cadres du CHUV"},"content":{"rendered":"<div class=\"the-content\"><p>L\u2019Association des m\u00e9decins-cadres du CHUV (AMC) est un groupement important de la Soci\u00e9t\u00e9 Vaudoise de M\u00e9decine puisqu\u2019elle compte environ 400 membres. L\u2019ann\u00e9e 2020 a \u00e9t\u00e9 particuli\u00e8re \u00e0 plusieurs titres pour l\u2019AMC.<\/p>\n<p>Depuis le d\u00e9but de l\u2019ann\u00e9e, le CHUV dispose d\u2019un nouveau directeur g\u00e9n\u00e9ral et le comit\u00e9 de l\u2019AMC s\u2019est donn\u00e9 pour objectif de cr\u00e9er\u00a0un dialogue r\u00e9gulier, franc et constructif avec ce dernier.<\/p>\n<p>Sur mandat de ses membres, le comit\u00e9 a \u00e9galement planch\u00e9 sur l\u2019\u00e9laboration d\u2019un sondage s\u2019int\u00e9ressant \u00e0 l\u2019engagement et au bien-\u00eatre au travail\u00a0des m\u00e9decins cadres du CHUV. Malgr\u00e9 les retards engendr\u00e9s par la crise sanitaire,\u00a0ce projet a pu m\u00fbrir au cours de l\u2019ann\u00e9e, notamment gr\u00e2ce \u00e0 une excellente collaboration avec la direction des ressources humaines du CHUV qui a souhait\u00e9\u00a0y participer.\u00a0Ce sondage devrait pouvoir \u00eatre d\u00e9ploy\u00e9 au cours du premier trimestre 2021.<\/p>\n<p><img loading=\"lazy\" decoding=\"async\" class=\"alignnone wp-image-1066 size-full\" src=\"https:\/\/www.svmed.ch\/rapport-2020\/wp-content\/uploads\/sites\/19\/2021\/01\/association-des-medecins-cadres-du-chuv.jpg\" alt=\"\" width=\"824\" height=\"277\" srcset=\"https:\/\/www.svmed.ch\/rapport-2020\/wp-content\/uploads\/sites\/19\/2021\/01\/association-des-medecins-cadres-du-chuv.jpg 824w, https:\/\/www.svmed.ch\/rapport-2020\/wp-content\/uploads\/sites\/19\/2021\/01\/association-des-medecins-cadres-du-chuv-300x101.jpg 300w, https:\/\/www.svmed.ch\/rapport-2020\/wp-content\/uploads\/sites\/19\/2021\/01\/association-des-medecins-cadres-du-chuv-768x258.jpg 768w\" sizes=\"auto, (max-width: 824px) 100vw, 824px\" \/><\/p>\n<p>La crise sanitaire nous a par ailleurs emp\u00each\u00e9 de r\u00e9\u00e9diter la soir\u00e9e annuelle de l\u2019AMC, qui avait rencontr\u00e9 un franc succ\u00e8s en 2019. Nous esp\u00e9rons que 2021 sera plus propice \u00e0 l\u2019organisation d\u2019un tel \u00e9v\u00e8nement, important pour la coh\u00e9sion de notre\u00a0association.<\/p>\n<p><strong>Dr Patric Hagmann<\/strong><br \/>\nPr\u00e9sident de l&rsquo;Association des m\u00e9decins-cadres du CHUV (AMC)<\/p>\n<p><a href=\"https:\/\/www.svmed.ch\/gmcc\/\" target=\"_blank\" rel=\"noopener noreferrer\">En savoir plus sur l&rsquo;AMC<\/a><\/p>\n<\/div>","protected":false},"excerpt":{"rendered":"<p>L\u2019Association des m\u00e9decins-cadres du CHUV (AMC) est un groupement important de la Soci\u00e9t\u00e9 Vaudoise de M\u00e9decine puisqu\u2019elle compte environ 400 membres. L\u2019ann\u00e9e 2020 a \u00e9t\u00e9 particuli\u00e8re \u00e0 plusieurs titres pour l\u2019AMC. Depuis le d\u00e9but de l\u2019ann\u00e9e, le CHUV dispose d\u2019un nouveau directeur g\u00e9n\u00e9ral et le comit\u00e9 de l\u2019AMC s\u2019est donn\u00e9 pour objectif de cr\u00e9er\u00a0un dialogue [&hellip;]<\/p>\n","protected":false},"author":1,"featured_media":0,"parent":18,"menu_order":2,"comment_status":"closed","ping_status":"closed","template":"","meta":{"_acf_changed":false,"inline_featured_image":false,"footnotes":""},"class_list":["post-42","page","type-page","status-publish","hentry"],"acf":[],"publishpress_future_action":{"enabled":false,"date":"2026-04-20 15:32:20","action":"change-status","newStatus":"draft","terms":[],"taxonomy":"","extraData":[]},"publishpress_future_workflow_manual_trigger":{"enabledWorkflows":[]},"_links":{"self":[{"href":"https:\/\/www.svmed.ch\/rapport-2020\/wp-json\/wp\/v2\/pages\/42","targetHints":{"allow":["GET"]}}],"collection":[{"href":"https:\/\/www.svmed.ch\/rapport-2020\/wp-json\/wp\/v2\/pages"}],"about":[{"href":"https:\/\/www.svmed.ch\/rapport-2020\/wp-json\/wp\/v2\/types\/page"}],"author":[{"embeddable":true,"href":"https:\/\/www.svmed.ch\/rapport-2020\/wp-json\/wp\/v2\/users\/1"}],"replies":[{"embeddable":true,"href":"https:\/\/www.svmed.ch\/rapport-2020\/wp-json\/wp\/v2\/comments?post=42"}],"version-history":[{"count":17,"href":"https:\/\/www.svmed.ch\/rapport-2020\/wp-json\/wp\/v2\/pages\/42\/revisions"}],"predecessor-version":[{"id":1067,"href":"https:\/\/www.svmed.ch\/rapport-2020\/wp-json\/wp\/v2\/pages\/42\/revisions\/1067"}],"up":[{"embeddable":true,"href":"https:\/\/www.svmed.ch\/rapport-2020\/wp-json\/wp\/v2\/pages\/18"}],"wp:attachment":[{"href":"https:\/\/www.svmed.ch\/rapport-2020\/wp-json\/wp\/v2\/media?parent=42"}],"curies":[{"name":"wp","href":"https:\/\/api.w.org\/{rel}","templated":true}]}}