{"id":1283,"date":"2022-01-24T12:41:50","date_gmt":"2022-01-24T11:41:50","guid":{"rendered":"https:\/\/www.svmed.ch\/rapport-2021\/?page_id=1283"},"modified":"2023-03-27T11:39:32","modified_gmt":"2023-03-27T09:39:32","slug":"groupement-des-medecins-travaillant-en-clinique-privee","status":"publish","type":"page","link":"https:\/\/www.svmed.ch\/rapport-2021\/rapports\/groupement-des-medecins-travaillant-en-clinique-privee\/","title":{"rendered":"Groupement des m\u00e9decins travaillant en clinique priv\u00e9e"},"content":{"rendered":"<div class=\"the-content\"><p>2021, deuxi\u00e8me ann\u00e9e Covid. N\u2019en parlons m\u00eame pas \u00e0 l\u2019aube de 2022, ann\u00e9e de la lib\u00e9ration! Enfin, peut-\u00eatre?<\/p>\n<p>Ne mentionnons que les aspects positifs, notamment la bonne collaboration avec les cliniques, qui a permis de maintenir l\u2019activit\u00e9, moyennant des am\u00e9nagements vivables qui n\u2019ont eu qu\u2019un impact mod\u00e9r\u00e9 sur le volume.<\/p>\n<p>La th\u00e9matique de la facturation \u00e0 la charge de l\u2019assurance priv\u00e9e\/demi-priv\u00e9e (LCA = Loi sur le contrat d\u2019assurance) a pris une ampleur toute particuli\u00e8re l\u2019ann\u00e9e pass\u00e9e. Les assurances sont mises sous pression par la FINMA (Finanzmarktaufsicht = gendarme des institutions financi\u00e8re, donc des assurances) qui exige de la transparence. Nous nous sommes engag\u00e9s avec vigueur dans ce dossier, conjointement avec le Groupement des m\u00e9decins hospitaliers, qui ont des int\u00e9r\u00eats identiques aux n\u00f4tres. Une \u00ab\u00a0Task force\u00a0\u00bb comportant plus d\u2019une dizaine de repr\u00e9sentants m\u00e9dicaux soutient cette d\u00e9marche. Les discussions avec certains assureurs sont en bonne voie. L\u2019id\u00e9e est d\u2019avoir des conventions tarifaires sign\u00e9es, avec des positions identifiables permettant de continuer \u00e0 facturer des prestations suppl\u00e9mentaires \u00e0 la charge de la LCA.<\/p>\n<p>Sur le plan politique, la facturation LCA est un sujet sensible, avec la persistance de nombreuses accusations erron\u00e9es de \u00ab\u00a0double facturation\u00a0\u00bb. Par exemple une r\u00e9cente motion d\u2019une d\u00e9put\u00e9e socialiste vise \u00e0 cr\u00e9er une base l\u00e9gale cantonale pour contr\u00f4ler la facturation \u00e0 la charge de l\u2019assurance priv\u00e9e\/demi-priv\u00e9e. Ce serait une premi\u00e8re suisse! Et le d\u00e9but de la fin d\u2019une m\u00e9decine hospitali\u00e8re lib\u00e9rale.<\/p>\n<p><img loading=\"lazy\" decoding=\"async\" class=\"alignnone wp-image-1151\" src=\"https:\/\/www.svmed.ch\/rapport-2021\/wp-content\/uploads\/sites\/25\/2021\/01\/clinique-privee.jpg\" alt=\"\" width=\"693\" height=\"500\" data-pin-title=\"Op\u00e9ration\" srcset=\"https:\/\/www.svmed.ch\/rapport-2021\/wp-content\/uploads\/sites\/25\/2021\/01\/clinique-privee.jpg 1920w, https:\/\/www.svmed.ch\/rapport-2021\/wp-content\/uploads\/sites\/25\/2021\/01\/clinique-privee-300x216.jpg 300w, https:\/\/www.svmed.ch\/rapport-2021\/wp-content\/uploads\/sites\/25\/2021\/01\/clinique-privee-1024x739.jpg 1024w, https:\/\/www.svmed.ch\/rapport-2021\/wp-content\/uploads\/sites\/25\/2021\/01\/clinique-privee-768x554.jpg 768w, https:\/\/www.svmed.ch\/rapport-2021\/wp-content\/uploads\/sites\/25\/2021\/01\/clinique-privee-1774x1280.jpg 1774w, https:\/\/www.svmed.ch\/rapport-2021\/wp-content\/uploads\/sites\/25\/2021\/01\/clinique-privee-1536x1108.jpg 1536w\" sizes=\"auto, (max-width: 693px) 100vw, 693px\" \/><\/p>\n<h2>Combattre une planification hospitali\u00e8re dogmatique<\/h2>\n<p>Le GMCP a pris \u00e9nergiquement position sur la planification hospitali\u00e8re mise en consultation avec plusieurs ann\u00e9es de retard. Le Conseil d\u2019\u00c9tat a tent\u00e9 d\u2019imposer une vision dogmatique du paysage hospitalier vaudois, centralisant l\u2019essentiel de l\u2019activit\u00e9 hospitali\u00e8re au CHUV, qui ne serait pourtant en aucun cas \u00e0 m\u00eame d\u2019absorber un nombre aussi important de cas. Ceci alors que le r\u00e9seau hospitalier cantonal, tant priv\u00e9 que public, a magnifiquement d\u00e9montr\u00e9 pendant deux ans sa capacit\u00e9 \u00e0 g\u00e9rer la pand\u00e9mie! Une planification bas\u00e9e sur les m\u00eames pr\u00e9misses \u00e0 Gen\u00e8ve avait pourtant \u00e9t\u00e9 jug\u00e9e ill\u00e9gale par le Tribunal administratif f\u00e9d\u00e9ral. Le m\u00eame sort a \u00e9t\u00e9 r\u00e9serv\u00e9 \u00e0 la planification \u00ab\u00a0copi\u00e9-coll\u00e9\u00a0\u00bb neuch\u00e2teloise, lorsque la proc\u00e9dure de consultation vaudoise prenait fin. Ill\u00e9gale sur les quotas! Ill\u00e9gale sur la hi\u00e9rarchisation des exigences! Le D\u00e9partement de la sant\u00e9 et de l&rsquo;action sociale (DSAS) n\u2019a pas eu d\u2019autre choix que de retirer la sienne. Nous restons attentifs, convaincus que les cliniques priv\u00e9es ont un r\u00f4le fondamental \u00e0 jouer dans l\u2019offre de soins hospitaliers vaudois.<\/p>\n<h2>M\u00e9decin en clinique priv\u00e9e? Annoncez-vous au GMCP!<\/h2>\n<p>Votre comit\u00e9 s\u2019est aussi attel\u00e9 \u00e0 la t\u00e2che d\u2019identifier les membres du groupement. En l\u2019absence de cotisations, il est difficile de savoir qui est repr\u00e9sent\u00e9 par le GMCP. La d\u00e9marche de recrutement des membres a port\u00e9 ses fruits puisque 400 membres sont d\u00e9j\u00e0 annonc\u00e9s. La question des cotisations sera abord\u00e9e cette ann\u00e9e.<\/p>\n<p>Le comit\u00e9 du GMCP exprime ici sa reconnaissance aux membres qui ont fourni, par leurs id\u00e9es, leur implication, leurs propositions, contradictions et suggestions, la mati\u00e8re premi\u00e8re \u00e0 notre action!<\/p>\n<p>Dr Vincent Bettschart<br \/>\nPr\u00e9sident du GMCP<\/p>\n<p>Pour en savoir plus: <a href=\"https:\/\/www.svmed.ch\/association\/groupements-et-commissions\/groupement-des-medecins-travaillant-en-clinique-privee-gmcp\/\" target=\"_blank\" rel=\"noopener\">composition du Groupement des m\u00e9decins travaillant en clinique priv\u00e9e<\/a><\/p>\n<\/div>","protected":false},"excerpt":{"rendered":"<p>2021, deuxi\u00e8me ann\u00e9e Covid. N\u2019en parlons m\u00eame pas \u00e0 l\u2019aube de 2022, ann\u00e9e de la lib\u00e9ration! Enfin, peut-\u00eatre? Ne mentionnons que les aspects positifs, notamment la bonne collaboration avec les cliniques, qui a permis de maintenir l\u2019activit\u00e9, moyennant des am\u00e9nagements vivables qui n\u2019ont eu qu\u2019un impact mod\u00e9r\u00e9 sur le volume. La th\u00e9matique de la facturation [&hellip;]<\/p>\n","protected":false},"author":1,"featured_media":0,"parent":18,"menu_order":13,"comment_status":"closed","ping_status":"closed","template":"","meta":{"_acf_changed":false,"inline_featured_image":false,"footnotes":""},"class_list":["post-1283","page","type-page","status-publish","hentry"],"acf":[],"publishpress_future_action":{"enabled":false,"date":"2026-04-20 17:13:35","action":"change-status","newStatus":"draft","terms":[],"taxonomy":"","extraData":[]},"publishpress_future_workflow_manual_trigger":{"enabledWorkflows":[]},"_links":{"self":[{"href":"https:\/\/www.svmed.ch\/rapport-2021\/wp-json\/wp\/v2\/pages\/1283","targetHints":{"allow":["GET"]}}],"collection":[{"href":"https:\/\/www.svmed.ch\/rapport-2021\/wp-json\/wp\/v2\/pages"}],"about":[{"href":"https:\/\/www.svmed.ch\/rapport-2021\/wp-json\/wp\/v2\/types\/page"}],"author":[{"embeddable":true,"href":"https:\/\/www.svmed.ch\/rapport-2021\/wp-json\/wp\/v2\/users\/1"}],"replies":[{"embeddable":true,"href":"https:\/\/www.svmed.ch\/rapport-2021\/wp-json\/wp\/v2\/comments?post=1283"}],"version-history":[{"count":6,"href":"https:\/\/www.svmed.ch\/rapport-2021\/wp-json\/wp\/v2\/pages\/1283\/revisions"}],"predecessor-version":[{"id":1528,"href":"https:\/\/www.svmed.ch\/rapport-2021\/wp-json\/wp\/v2\/pages\/1283\/revisions\/1528"}],"up":[{"embeddable":true,"href":"https:\/\/www.svmed.ch\/rapport-2021\/wp-json\/wp\/v2\/pages\/18"}],"wp:attachment":[{"href":"https:\/\/www.svmed.ch\/rapport-2021\/wp-json\/wp\/v2\/media?parent=1283"}],"curies":[{"name":"wp","href":"https:\/\/api.w.org\/{rel}","templated":true}]}}