{"id":1425,"date":"2022-02-25T15:29:33","date_gmt":"2022-02-25T14:29:33","guid":{"rendered":"https:\/\/www.svmed.ch\/rapport-2021\/?page_id=1425"},"modified":"2022-03-21T15:26:44","modified_gmt":"2022-03-21T14:26:44","slug":"groupement-des-medecins-conseils-des-cms-avasad","status":"publish","type":"page","link":"https:\/\/www.svmed.ch\/rapport-2021\/rapports\/groupement-des-medecins-conseils-des-cms-avasad\/","title":{"rendered":"Groupement des m\u00e9decins-conseils des CMS-AVASAD"},"content":{"rendered":"<div class=\"the-content\"><p>Constitu\u00e9 de 63 m\u00e9decins internistes g\u00e9n\u00e9ralistes, praticien-nes ou psychiatres, notre groupement s\u2019est r\u00e9uni fin ao\u00fbt afin de discuter du r\u00f4le des m\u00e9decins-conseils. En effet, la surcharge de travail des \u00e9quipes des Centres m\u00e9dico-sociaux (CMS) li\u00e9e \u00e0 la pand\u00e9mie a rar\u00e9fi\u00e9 depuis deux ans les colloques cliniques. De ce fait les m\u00e9decins conseils ont \u00e9t\u00e9 moins sollicit\u00e9-es, ce qui a nourri la r\u00e9flexion sur d\u2019autres formes de collaboration (projet, formation, r\u00f4le aupr\u00e8s de leurs confr\u00e8res et cons\u0153urs, etc.). Ce constat a \u00e9t\u00e9 transmis aux directions des associations et fondations, ainsi que de la direction g\u00e9n\u00e9rale de l\u2019Association vaudoise d&rsquo;aide et de soins \u00e0 domicile (AVASAD). Un groupe de travail a \u00e9t\u00e9 constitu\u00e9 en vue de r\u00e9fl\u00e9chir sur un cahier des charges int\u00e9grant les besoins des CMS et les attentes des m\u00e9decins conseils.<\/p>\n<p><img loading=\"lazy\" decoding=\"async\" class=\"alignnone wp-image-1453\" src=\"https:\/\/www.svmed.ch\/rapport-2021\/wp-content\/uploads\/sites\/25\/2022\/03\/cms-avasad-scaled.jpg\" alt=\"\" width=\"667\" height=\"500\" srcset=\"https:\/\/www.svmed.ch\/rapport-2021\/wp-content\/uploads\/sites\/25\/2022\/03\/cms-avasad-scaled.jpg 2560w, https:\/\/www.svmed.ch\/rapport-2021\/wp-content\/uploads\/sites\/25\/2022\/03\/cms-avasad-300x225.jpg 300w, https:\/\/www.svmed.ch\/rapport-2021\/wp-content\/uploads\/sites\/25\/2022\/03\/cms-avasad-1024x768.jpg 1024w, https:\/\/www.svmed.ch\/rapport-2021\/wp-content\/uploads\/sites\/25\/2022\/03\/cms-avasad-768x576.jpg 768w, https:\/\/www.svmed.ch\/rapport-2021\/wp-content\/uploads\/sites\/25\/2022\/03\/cms-avasad-1707x1280.jpg 1707w, https:\/\/www.svmed.ch\/rapport-2021\/wp-content\/uploads\/sites\/25\/2022\/03\/cms-avasad-1536x1152.jpg 1536w, https:\/\/www.svmed.ch\/rapport-2021\/wp-content\/uploads\/sites\/25\/2022\/03\/cms-avasad-2048x1536.jpg 2048w\" sizes=\"auto, (max-width: 667px) 100vw, 667px\" \/><\/p>\n<h2>L\u2019interprofessionnalit\u00e9 au b\u00e9n\u00e9fice des patient-es<\/h2>\n<p>La nouvelle forme que prendra la journ\u00e9e de visite dans les CMS des \u00e9tudiant-es en m\u00e9decine en 2e ann\u00e9e de bachelor, \u00e9labor\u00e9e en partenariat avec Unisant\u00e9, a \u00e9t\u00e9 pr\u00e9sent\u00e9e lors de la r\u00e9union du groupement. Cette journ\u00e9e mise en place il y a plus de dix ans suscite toujours beaucoup d\u2019enthousiasme de la part des \u00e9tudiant-es. En accompagnant la tourn\u00e9e du matin d\u2019un-e soignant-e, ces jeunes d\u00e9couvrent les possibilit\u00e9s et limites des prises en charge complexes dans la communaut\u00e9. Durant le colloque interdisciplinaire auquel ils assistent l\u2019apr\u00e8s-midi, ils\/elles sont \u00e9galement sensibilis\u00e9-es au r\u00f4le ressource du m\u00e9decin conseil.<\/p>\n<p>La nouveaut\u00e9 r\u00e9side dans l\u2019accent mis sur la collaboration interprofessionnelle comme outil d\u2019une prise en soins de qualit\u00e9, r\u00e9pondant aux besoins du\/de la patient-e. Dans ce cadre, une demi-journ\u00e9e de formation visant \u00e0 pr\u00e9parer les m\u00e9decins conseils et responsables de CMS \u00e0 leur r\u00f4le de facilitateur aupr\u00e8s des \u00e9tudiant-es a \u00e9t\u00e9 mis en place par l\u2019Unit\u00e9 d\u2019enseignement interprofessionnel du D\u00e9partement de m\u00e9decine de famille (DMF) d\u2019Unisant\u00e9. Malheureusement la pand\u00e9mie n\u2019a pas permis son d\u00e9roulement. Ce n\u2019est que partie remise.<\/p>\n<p>Notre groupe retient le principe d\u2019une r\u00e9union annuelle syst\u00e9matique qui pourrait inclure un th\u00e8me d\u2019int\u00e9r\u00eat.<\/p>\n<p><strong>Dre Patricia Halfon<\/strong><br \/>\nPr\u00e9sidente du Groupement des m\u00e9decins-conseils de CMS-AVASAD<\/p>\n<p><a href=\"https:\/\/www.svmed.ch\/association\/groupements-et-commissions\/groupement-des-medecins-conseils-de-cms-avasad\/\" target=\"_blank\" rel=\"noopener\">En savoir plus sur le Groupement CMS-AVASAD<\/a><\/p>\n<\/div>","protected":false},"excerpt":{"rendered":"<p>Constitu\u00e9 de 63 m\u00e9decins internistes g\u00e9n\u00e9ralistes, praticien-nes ou psychiatres, notre groupement s\u2019est r\u00e9uni fin ao\u00fbt afin de discuter du r\u00f4le des m\u00e9decins-conseils. En effet, la surcharge de travail des \u00e9quipes des Centres m\u00e9dico-sociaux (CMS) li\u00e9e \u00e0 la pand\u00e9mie a rar\u00e9fi\u00e9 depuis deux ans les colloques cliniques. De ce fait les m\u00e9decins conseils ont \u00e9t\u00e9 moins [&hellip;]<\/p>\n","protected":false},"author":1,"featured_media":0,"parent":18,"menu_order":10,"comment_status":"closed","ping_status":"closed","template":"","meta":{"_acf_changed":false,"inline_featured_image":false,"footnotes":""},"class_list":["post-1425","page","type-page","status-publish","hentry"],"acf":[],"publishpress_future_action":{"enabled":false,"date":"2026-04-20 18:49:16","action":"change-status","newStatus":"draft","terms":[],"taxonomy":"","extraData":[]},"publishpress_future_workflow_manual_trigger":{"enabledWorkflows":[]},"_links":{"self":[{"href":"https:\/\/www.svmed.ch\/rapport-2021\/wp-json\/wp\/v2\/pages\/1425","targetHints":{"allow":["GET"]}}],"collection":[{"href":"https:\/\/www.svmed.ch\/rapport-2021\/wp-json\/wp\/v2\/pages"}],"about":[{"href":"https:\/\/www.svmed.ch\/rapport-2021\/wp-json\/wp\/v2\/types\/page"}],"author":[{"embeddable":true,"href":"https:\/\/www.svmed.ch\/rapport-2021\/wp-json\/wp\/v2\/users\/1"}],"replies":[{"embeddable":true,"href":"https:\/\/www.svmed.ch\/rapport-2021\/wp-json\/wp\/v2\/comments?post=1425"}],"version-history":[{"count":3,"href":"https:\/\/www.svmed.ch\/rapport-2021\/wp-json\/wp\/v2\/pages\/1425\/revisions"}],"predecessor-version":[{"id":1454,"href":"https:\/\/www.svmed.ch\/rapport-2021\/wp-json\/wp\/v2\/pages\/1425\/revisions\/1454"}],"up":[{"embeddable":true,"href":"https:\/\/www.svmed.ch\/rapport-2021\/wp-json\/wp\/v2\/pages\/18"}],"wp:attachment":[{"href":"https:\/\/www.svmed.ch\/rapport-2021\/wp-json\/wp\/v2\/media?parent=1425"}],"curies":[{"name":"wp","href":"https:\/\/api.w.org\/{rel}","templated":true}]}}