{"id":1449,"date":"2022-03-21T15:23:35","date_gmt":"2022-03-21T14:23:35","guid":{"rendered":"https:\/\/www.svmed.ch\/rapport-2021\/?page_id=1449"},"modified":"2022-03-21T15:23:44","modified_gmt":"2022-03-21T14:23:44","slug":"commission-des-apprenties-assistantes-medicales","status":"publish","type":"page","link":"https:\/\/www.svmed.ch\/rapport-2021\/rapports\/commission-des-apprenties-assistantes-medicales\/","title":{"rendered":"Commission des apprenties assistantes m\u00e9dicales"},"content":{"rendered":"<div class=\"the-content\"><p>La nouvelle Ordonnance de formation des assistantes m\u00e9dicales est entr\u00e9e en vigueur au 1er janvier 2019. Ceci a entra\u00een\u00e9 certaines modifications qui ont des cons\u00e9quences au quotidien, notamment concernant la pose de perfusions.<\/p>\n<p>Depuis la rentr\u00e9e 2019, les apprenties sont form\u00e9es \u00e0 la pose de perfusions. Elles seront ainsi d\u00fbment pr\u00e9par\u00e9es et autoris\u00e9es \u00e0 r\u00e9aliser ce geste. Dans ce cadre, l\u2019Association romande des assistantes m\u00e9dicales (ARAM) a coorganis\u00e9 des cours de formation \u00e0 la pose de perfusion en collaboration avec la Maison du sauvetage Fran\u00e7ois-Xavier Bagnoud \u00e0 Sion et Emergency Training Center \u00e0 Bottens.<\/p>\n<p>Cette nouvelle comp\u00e9tence a toutefois pos\u00e9 certaines questions pratiques\u00a0: qu\u2019en est-il des formateurs en entreprise\u00a0? Et des assistantes m\u00e9dicales ayant termin\u00e9 leur formation avant l\u2019entr\u00e9e en vigueur de l\u2019Ordonnance r\u00e9vis\u00e9e\u00a0?<\/p>\n<p>La SVM et l\u2019ARAM ont \u0153uvr\u00e9 en bonne intelligence dans ce dossier. Une lettre commune a \u00e9t\u00e9 adress\u00e9e au m\u00e9decin cantonal vaudois. Ce dernier a accept\u00e9 que les cours de formation propos\u00e9s par l\u2019ARAM soient reconnus et que les assistantes m\u00e9dicales ayant effectu\u00e9 par anticipation les cours pr\u00e9cit\u00e9s puissent obtenir une reconnaissance r\u00e9troactive de trois ans au minimum pour cette formation. En contrepartie, les assistantes m\u00e9dicales s\u2019engagent \u00e0 maintenir leurs connaissances \u00e0 jour dans les d\u00e9lais, ceci par le biais d\u2019un cours de rafra\u00eechissement, \u00e0 effectuer tous les deux ans.<\/p>\n<div id=\"attachment_1368\" style=\"width: 385px\" class=\"wp-caption alignnone\"><img loading=\"lazy\" decoding=\"async\" aria-describedby=\"caption-attachment-1368\" class=\"wp-image-1368\" src=\"https:\/\/www.svmed.ch\/rapport-2021\/wp-content\/uploads\/sites\/25\/2022\/01\/info-svm-assistantes-medicales-scaled.jpg\" alt=\"\" width=\"375\" height=\"500\" srcset=\"https:\/\/www.svmed.ch\/rapport-2021\/wp-content\/uploads\/sites\/25\/2022\/01\/info-svm-assistantes-medicales-scaled.jpg 1920w, https:\/\/www.svmed.ch\/rapport-2021\/wp-content\/uploads\/sites\/25\/2022\/01\/info-svm-assistantes-medicales-225x300.jpg 225w, https:\/\/www.svmed.ch\/rapport-2021\/wp-content\/uploads\/sites\/25\/2022\/01\/info-svm-assistantes-medicales-768x1024.jpg 768w, https:\/\/www.svmed.ch\/rapport-2021\/wp-content\/uploads\/sites\/25\/2022\/01\/info-svm-assistantes-medicales-960x1280.jpg 960w, https:\/\/www.svmed.ch\/rapport-2021\/wp-content\/uploads\/sites\/25\/2022\/01\/info-svm-assistantes-medicales-1152x1536.jpg 1152w, https:\/\/www.svmed.ch\/rapport-2021\/wp-content\/uploads\/sites\/25\/2022\/01\/info-svm-assistantes-medicales-1536x2048.jpg 1536w\" sizes=\"auto, (max-width: 375px) 100vw, 375px\" \/><p id=\"caption-attachment-1368\" class=\"wp-caption-text\">\u00a9 Laurent Kaczor<\/p><\/div>\n<h2>Cours professionnels et CIE<\/h2>\n<p>La Direction g\u00e9n\u00e9rale de l&rsquo;enseignement postobligatoire (DGEP) a confi\u00e9 le mandat pour les cours professionnels \u00e0 l\u2019Ecole professionnelle de Lausanne (EPSIC).<\/p>\n<p>Concernant les cours interentreprises (CIE), la responsabilit\u00e9 incombe aux OrTras, c\u2019est-\u00e0-dire \u00e0 la SVM et \u00e0 l\u2019ARAM. Ces derni\u00e8res ont confi\u00e9 le mandat \u00e0 l\u2019\u00e9cole M\u00e9dica \u00e0 Lausanne, avec qui elles entretiennent d\u2019excellentes relations.<\/p>\n<p><strong>Marie-Paule Fauch\u00e8re<\/strong><br \/>\nPr\u00e9sidente de l\u2019ARAM<\/p>\n<p><strong>Pierre-Andr\u00e9 Repond<\/strong><br \/>\nSecr\u00e9taire g\u00e9n\u00e9ral de la SVM<\/p>\n<p><strong>Mary-Laure Nicolier<\/strong><br \/>\nCoordinatrice SVM-ARAM<\/p>\n<p>Pour en savoir plus:\u00a0<a href=\"https:\/\/www.svmed.ch\/association\/groupements-et-commissions\/\" target=\"_blank\" rel=\"noopener\">composition de la Commission des apprenties assistantes m\u00e9dicales<\/a><\/p>\n<\/div>","protected":false},"excerpt":{"rendered":"<p>La nouvelle Ordonnance de formation des assistantes m\u00e9dicales est entr\u00e9e en vigueur au 1er janvier 2019. Ceci a entra\u00een\u00e9 certaines modifications qui ont des cons\u00e9quences au quotidien, notamment concernant la pose de perfusions. Depuis la rentr\u00e9e 2019, les apprenties sont form\u00e9es \u00e0 la pose de perfusions. Elles seront ainsi d\u00fbment pr\u00e9par\u00e9es et autoris\u00e9es \u00e0 r\u00e9aliser [&hellip;]<\/p>\n","protected":false},"author":1,"featured_media":0,"parent":18,"menu_order":0,"comment_status":"closed","ping_status":"closed","template":"","meta":{"_acf_changed":false,"inline_featured_image":false,"footnotes":""},"class_list":["post-1449","page","type-page","status-publish","hentry"],"acf":[],"publishpress_future_action":{"enabled":false,"date":"2026-04-20 15:32:11","action":"change-status","newStatus":"draft","terms":[],"taxonomy":"","extraData":[]},"publishpress_future_workflow_manual_trigger":{"enabledWorkflows":[]},"_links":{"self":[{"href":"https:\/\/www.svmed.ch\/rapport-2021\/wp-json\/wp\/v2\/pages\/1449","targetHints":{"allow":["GET"]}}],"collection":[{"href":"https:\/\/www.svmed.ch\/rapport-2021\/wp-json\/wp\/v2\/pages"}],"about":[{"href":"https:\/\/www.svmed.ch\/rapport-2021\/wp-json\/wp\/v2\/types\/page"}],"author":[{"embeddable":true,"href":"https:\/\/www.svmed.ch\/rapport-2021\/wp-json\/wp\/v2\/users\/1"}],"replies":[{"embeddable":true,"href":"https:\/\/www.svmed.ch\/rapport-2021\/wp-json\/wp\/v2\/comments?post=1449"}],"version-history":[{"count":1,"href":"https:\/\/www.svmed.ch\/rapport-2021\/wp-json\/wp\/v2\/pages\/1449\/revisions"}],"predecessor-version":[{"id":1450,"href":"https:\/\/www.svmed.ch\/rapport-2021\/wp-json\/wp\/v2\/pages\/1449\/revisions\/1450"}],"up":[{"embeddable":true,"href":"https:\/\/www.svmed.ch\/rapport-2021\/wp-json\/wp\/v2\/pages\/18"}],"wp:attachment":[{"href":"https:\/\/www.svmed.ch\/rapport-2021\/wp-json\/wp\/v2\/media?parent=1449"}],"curies":[{"name":"wp","href":"https:\/\/api.w.org\/{rel}","templated":true}]}}