{"id":19,"date":"2019-04-09T11:36:58","date_gmt":"2019-04-09T09:36:58","guid":{"rendered":"https:\/\/www.svmed.ch\/rapport-2021\/?page_id=19"},"modified":"2022-02-01T17:00:36","modified_gmt":"2022-02-01T16:00:36","slug":"nouveaux-membres","status":"publish","type":"page","link":"https:\/\/www.svmed.ch\/rapport-2021\/nouveaux-membres\/","title":{"rendered":"Nouveaux membres"},"content":{"rendered":"<div class=\"the-content\"><p>Bienvenue aux 200 m\u00e9decins qui ont rejoint la SVM durant l&rsquo;ann\u00e9e 2021 (dont, pour la troisi\u00e8me ann\u00e9e cons\u00e9cutive, une majorit\u00e9 de femmes avec 102 repr\u00e9sentantes contre 98) ! Il s&rsquo;agit de Mesdames et Messieurs les Docteurs:<\/p>\n<ul>\n<li>AIJJOU Amina<br \/>\nAKIKI Alain<br \/>\nAL-ABAECHY Omar<br \/>\nALAMEDA FERNANDEZ Luis<br \/>\nAMIET Vivianne<br \/>\nANDRIEUX Cyril-Ange<br \/>\nANICHINI Angelica<br \/>\nANTONINO MADRID-ROSU Anca Teodora<br \/>\nAREF Amr<br \/>\nASNER Sandra<br \/>\nAZZI Vanessa<br \/>\nBAUMANN Pascale<br \/>\nBEHEREC Charlotte<br \/>\nBENSAID Arezki<br \/>\nBERNARDINI Caroline<br \/>\nBERRUT-MARECHAUD Sarah Marina<br \/>\nBETTINI Nathalie<br \/>\nBILDE Yann<br \/>\nBLANCHE Coralie Amandine<br \/>\nBLOCH Jonathan<br \/>\nBOILEAU Julien<br \/>\nBOMBELI Audrey<br \/>\nBOSS Vreni<br \/>\nBRACHMANSKI Fran\u00e7oise<br \/>\nBURRUNI Rodolfo<br \/>\nBUSSARD Jonatan<br \/>\nBUSTANY Philippe<br \/>\nCARNEVALE Dino<br \/>\nCARREL Guillaume<br \/>\nCARRON Cindy<br \/>\nCASSIDY Anne-Dominique<br \/>\nCHAMMARTIN Val\u00e9rie<br \/>\nCHANTREUIL Quentin<br \/>\nCHARALAMPAKIS Stylianos<br \/>\nCIVIT COLOM Montserrat<br \/>\nCOHEN Judith Galia<br \/>\nCOLLIARD Arnaud<br \/>\nCOMBEBIAS Bruno<br \/>\nCOMTE Denis<br \/>\nCORDIER Maria<br \/>\nCREVEL Ewelina<br \/>\nDABBOUBI Najia<br \/>\nDAHMEN Ali Ahmed<br \/>\nDALLENBACH J\u00e9r\u00f4me<br \/>\nDASCAL Alexandra-Elena<br \/>\nDE FRANCESCO Tommaso<br \/>\nDE ROCQUIGNY DU FAYEL H\u00e9l\u00e8ne<br \/>\nDECARO-VAN HOUTEN Dorine Elise<br \/>\nD&rsquo;ERRICO Amalia<br \/>\nDESGRAZ Beno\u00eet<br \/>\nDIND DUCOSSON Lucie<br \/>\nDONATSCH Christian<br \/>\nDONY-SO Ying Ying<br \/>\nDOS SANTOS C\u00e9cile Anne<br \/>\nDUFOUR Jean-Fran\u00e7ois<br \/>\nDUMITRASCU Andra<br \/>\nDUSS Fran\u00e7ois-R\u00e9gis<br \/>\nDUTRAY Benoit<br \/>\nDZIUNIKOWSKA Anita<br \/>\nFAKHOURI Fadi Vincent<br \/>\nFETEANU Clara<br \/>\nFLAHAULT TAIRRAZ Astrid<br \/>\nFOATELLI Fran\u00e7ois Maxime<br \/>\nFOGARASI SZABO Nathalie<br \/>\nFONTANA Stefano<br \/>\nFRANCHITTI LAURENT Marilena<br \/>\nFRANZ Tatjana<br \/>\nGASPAROVICOVA Nika<br \/>\nGEISER Elisa<br \/>\nGILLIAND-ROMANG Suzanne<br \/>\nGIOVANNINI Luca<br \/>\nGOJANOVIC Boris<br \/>\nG\u00d6KOK Nil Nejla<br \/>\nGOLANO Thomas<br \/>\nGONCALVES ALVANE T\u00e2nia<br \/>\nGOROSTIDI Fran\u00e7ois<br \/>\nGRENON Xavier Henri<br \/>\nGRIFFOIN S\u00e9bastien<br \/>\nGROSCLAUDE Maxime<br \/>\nHADORN CORBAZ Juliette<br \/>\nHALE Marie-Louise<br \/>\nHELFER Jennifer<br \/>\nHOJABR Amir Th\u00e9odore<br \/>\nHUA Sophie<br \/>\nHUSSAMI Mahmoud<br \/>\nISHIDA Mirabelle<br \/>\nJABALLAH VINCKENBOSCH Pauline<br \/>\nJACOB Marie-Gabrielle<br \/>\nJEQUIER GYGAX Marine<br \/>\nJUMEAU Rapha\u00ebl<br \/>\nJUNOD Sandrine<br \/>\nKARATHANASIS Stefanos<br \/>\nKAROUI Olfa<br \/>\nKELLER Nathalie<br \/>\nKEREKES Fran\u00e7ois<br \/>\nKESSLER Ellen Bettina<br \/>\nKESSLER Ulf<br \/>\nKIRSCH Olga<br \/>\nKOGLIN Laurent<br \/>\nKOUADIO Anne<br \/>\nKUFFER Julie<br \/>\nKUHN Natalie<br \/>\nLAUNAY Magali<br \/>\nLEIMGRUBER Antoine<br \/>\nLEPPERT Richard<br \/>\nLESEC Guy<br \/>\nLEVY S\u00e9bastien David Georges<br \/>\nLEVY-SULEM Sarah<br \/>\nLHOPITALLIER Lo\u00efc<br \/>\nLIAUDAT Suzanne<br \/>\nLINDSAY Molly<br \/>\nLIPP Alexandra<br \/>\nLOPEZ BAUMANN Sophie<br \/>\nLORETAN Stefan<br \/>\nLOUP Sonia Minh<br \/>\nLUCAS Dominique<br \/>\nMANSOURI Kaweh<br \/>\nMANZONI Rodrigo<br \/>\nMARTIN Virginie<br \/>\nMARTIN Michael<br \/>\nMARY Gr\u00e9goire<br \/>\nMATHEZ-LO\u00cfC Chlo\u00e9<br \/>\nMATNAZAROVA BERGER Lyudmila<br \/>\nMAYOR-LE Uyen-Lan<br \/>\nMAZILU Marc<br \/>\nMICHEL Juliette<br \/>\nMICOL Lionel A.<br \/>\nMOERENHOUT Kevin<br \/>\nMOHEB KHOSRAVI Bahman<br \/>\nMONTEIRO CASTRO Carlos Alexandre<br \/>\nMOREILLON Maxime<br \/>\nMORET BOCHATAY Mallory<br \/>\nMOUBAYED Hayssam<br \/>\nMURISIER-PETETIN G\u00e9raldine<br \/>\nNAJAR Alexandra<br \/>\nNAVARRO CAMPOY Angela<br \/>\nNGBILO C\u00e9dric<br \/>\nPAPADAKIS Georgios<br \/>\nPAPANASTASIOU Athanasios<br \/>\nPAPART Jean-Pierre<br \/>\nPAPASTERGIOU Natalia<br \/>\nPERRET Myriam<br \/>\nPETRI DAIDIE Isabelle<br \/>\nPHAM Vu Thuy Chau<br \/>\nPINA Claudia<br \/>\nPIRRELLO Tony<br \/>\nPODETTA Michele<br \/>\nPOLITIS Dimitri<br \/>\nPOLO ALBA Maria Carmen<br \/>\nRIGAS Anastasios<br \/>\nRODRIGUEZ Beatriz<br \/>\nROEMER S\u00e9gol\u00e8ne<br \/>\nROLLIN Estelle<br \/>\nROSSI Daniele<br \/>\nROTH Matthias<br \/>\nRUBIMBURA MAZIMPAKA Vladimir<br \/>\nRUFER Nathalie<br \/>\nRWAGASORE Ernest<br \/>\nSANCHEZ FERNANDEZ Marc<br \/>\nSANDU Nora- Mihaela<br \/>\nSARAIVA TEIGA Pedro<br \/>\nSARTORI Paola<br \/>\nSAUTER Matthieu<br \/>\nSAUTER-DEVANTHERY Odile<br \/>\nSCHENKER Jean-Martin<br \/>\nSCHMID R\u00e9my<br \/>\nSCHULER BARAZZONI Mirjam<br \/>\nSCHWOB Jean-Marc<br \/>\nSEHIM-BENSABER Nac\u00e9ra<br \/>\nSIMON Eszter<br \/>\nSIMONE Gael<br \/>\nSIMONNOT Vincent<br \/>\nSLAMA Anbreen Shahzadi<br \/>\nS\u00d6DERSTR\u00d6M Ana<br \/>\nSOLLELIS Elisa<br \/>\nSOLOMON Tomy<br \/>\nSPOERL David<br \/>\nSTANOVICI Julien<br \/>\nSTAUFFACHER Rapha\u00ebl<br \/>\nSTAUFFER Fr\u00e9d\u00e9ric<br \/>\nSTEINEGGER Ken Guillaume<br \/>\nSZTAJZEL Juan<br \/>\nTAWADROS Thomas<br \/>\nTEIXEIRA ANTUNES Rita Isabel<br \/>\nTEUSCHER KLAUSER Isabelle<br \/>\nTHOMAS Alexandre<br \/>\nTORRALVO Javier<br \/>\nTRIACCA Marie-Lucie<br \/>\nTUSGUL Selin<br \/>\nULDRY Emilie<br \/>\nVACANTI-ROBERT Anne<br \/>\nVAUTRIN Matthias<br \/>\nVERSCHUEREN Mirela<br \/>\nVOCHTCHININA Nadejda<br \/>\nWEITSCH Sophie<br \/>\nWIJAYASINGHE Sagara<br \/>\nYERLY Patrick<br \/>\nYERSIN Estelle<br \/>\nZINGG Tobias<br \/>\nZUKA Hajrulla<\/li>\n<\/ul>\n<\/div>","protected":false},"excerpt":{"rendered":"<p>Bienvenue aux 200 m\u00e9decins qui ont rejoint la SVM durant l&rsquo;ann\u00e9e 2021 (dont, pour la troisi\u00e8me ann\u00e9e cons\u00e9cutive, une majorit\u00e9 de femmes avec 102 repr\u00e9sentantes contre 98) ! Il s&rsquo;agit de Mesdames et Messieurs les Docteurs: AIJJOU Amina AKIKI Alain AL-ABAECHY Omar ALAMEDA FERNANDEZ Luis AMIET Vivianne ANDRIEUX Cyril-Ange ANICHINI Angelica ANTONINO MADRID-ROSU Anca Teodora [&hellip;]<\/p>\n","protected":false},"author":1,"featured_media":0,"parent":0,"menu_order":0,"comment_status":"closed","ping_status":"closed","template":"","meta":{"_acf_changed":false,"inline_featured_image":false,"footnotes":""},"class_list":["post-19","page","type-page","status-publish","hentry"],"acf":[],"publishpress_future_action":{"enabled":false,"date":"2026-04-20 18:47:47","action":"change-status","newStatus":"draft","terms":[],"taxonomy":"","extraData":[]},"publishpress_future_workflow_manual_trigger":{"enabledWorkflows":[]},"_links":{"self":[{"href":"https:\/\/www.svmed.ch\/rapport-2021\/wp-json\/wp\/v2\/pages\/19","targetHints":{"allow":["GET"]}}],"collection":[{"href":"https:\/\/www.svmed.ch\/rapport-2021\/wp-json\/wp\/v2\/pages"}],"about":[{"href":"https:\/\/www.svmed.ch\/rapport-2021\/wp-json\/wp\/v2\/types\/page"}],"author":[{"embeddable":true,"href":"https:\/\/www.svmed.ch\/rapport-2021\/wp-json\/wp\/v2\/users\/1"}],"replies":[{"embeddable":true,"href":"https:\/\/www.svmed.ch\/rapport-2021\/wp-json\/wp\/v2\/comments?post=19"}],"version-history":[{"count":15,"href":"https:\/\/www.svmed.ch\/rapport-2021\/wp-json\/wp\/v2\/pages\/19\/revisions"}],"predecessor-version":[{"id":1422,"href":"https:\/\/www.svmed.ch\/rapport-2021\/wp-json\/wp\/v2\/pages\/19\/revisions\/1422"}],"wp:attachment":[{"href":"https:\/\/www.svmed.ch\/rapport-2021\/wp-json\/wp\/v2\/media?parent=19"}],"curies":[{"name":"wp","href":"https:\/\/api.w.org\/{rel}","templated":true}]}}