{"id":2,"date":"2019-04-09T11:19:19","date_gmt":"2019-04-09T09:19:19","guid":{"rendered":"https:\/\/www.svmed.ch\/rapport-2021\/?page_id=2"},"modified":"2022-03-28T11:57:31","modified_gmt":"2022-03-28T09:57:31","slug":"page-d-exemple","status":"publish","type":"page","link":"https:\/\/www.svmed.ch\/rapport-2021\/","title":{"rendered":"Accueil"},"content":{"rendered":"<div class=\"the-content\"><p>Pour la deuxi\u00e8me ann\u00e9e cons\u00e9cutive, au nom du Comit\u00e9 de la Soci\u00e9t\u00e9 Vaudoise de M\u00e9decine, je souhaite d\u2019abord f\u00e9liciter tous les m\u00e9decins vaudois qui se sont \u00e0 nouveau admirablement mobilis\u00e9s pour soigner ou suivre des dizaines de milliers de malades du coronavirus (et pour r\u00e9pondre inlassablement aux questions des autres), tout en continuant \u00e0 prendre en charge tous les probl\u00e8mes de sant\u00e9 moins m\u00e9diatis\u00e9s de la population pendant cette crise, que ce soit \u00e0 l\u2019h\u00f4pital, en clinique ou en cabinet. La relation m\u00e9decin-patient s\u2019est encore renforc\u00e9e depuis le printemps 2020, et la population a pu v\u00e9rifier l\u2019importance de l\u2019alliance d\u2019une m\u00e9decine de proximit\u00e9 et d\u2019une m\u00e9decine hospitali\u00e8re de pointe. Il s\u2019agit d\u2019\u00e9l\u00e9ments indispensables d\u2019un syst\u00e8me de sant\u00e9 performant, susceptible de mobiliser des capacit\u00e9s suppl\u00e9mentaires n\u00e9cessaires pour \u00e9viter l\u2019effondrement.<\/p>\n<\/div>","protected":false},"excerpt":{"rendered":"<p>Pour la deuxi\u00e8me ann\u00e9e cons\u00e9cutive, au nom du Comit\u00e9 de la Soci\u00e9t\u00e9 Vaudoise de M\u00e9decine, je souhaite d\u2019abord f\u00e9liciter tous les m\u00e9decins vaudois qui se sont \u00e0 nouveau admirablement mobilis\u00e9s pour soigner ou suivre des dizaines de milliers de malades du coronavirus (et pour r\u00e9pondre inlassablement aux questions des autres), tout en continuant \u00e0 prendre [&hellip;]<\/p>\n","protected":false},"author":1,"featured_media":0,"parent":0,"menu_order":0,"comment_status":"closed","ping_status":"open","template":"","meta":{"_acf_changed":false,"inline_featured_image":false,"footnotes":""},"class_list":["post-2","page","type-page","status-publish","hentry"],"acf":[],"publishpress_future_action":{"enabled":false,"date":"2026-04-20 13:56:46","action":"change-status","newStatus":"draft","terms":[],"taxonomy":"","extraData":[]},"publishpress_future_workflow_manual_trigger":{"enabledWorkflows":[]},"_links":{"self":[{"href":"https:\/\/www.svmed.ch\/rapport-2021\/wp-json\/wp\/v2\/pages\/2","targetHints":{"allow":["GET"]}}],"collection":[{"href":"https:\/\/www.svmed.ch\/rapport-2021\/wp-json\/wp\/v2\/pages"}],"about":[{"href":"https:\/\/www.svmed.ch\/rapport-2021\/wp-json\/wp\/v2\/types\/page"}],"author":[{"embeddable":true,"href":"https:\/\/www.svmed.ch\/rapport-2021\/wp-json\/wp\/v2\/users\/1"}],"replies":[{"embeddable":true,"href":"https:\/\/www.svmed.ch\/rapport-2021\/wp-json\/wp\/v2\/comments?post=2"}],"version-history":[{"count":234,"href":"https:\/\/www.svmed.ch\/rapport-2021\/wp-json\/wp\/v2\/pages\/2\/revisions"}],"predecessor-version":[{"id":1513,"href":"https:\/\/www.svmed.ch\/rapport-2021\/wp-json\/wp\/v2\/pages\/2\/revisions\/1513"}],"wp:attachment":[{"href":"https:\/\/www.svmed.ch\/rapport-2021\/wp-json\/wp\/v2\/media?parent=2"}],"curies":[{"name":"wp","href":"https:\/\/api.w.org\/{rel}","templated":true}]}}