{"id":232,"date":"2019-05-01T13:51:03","date_gmt":"2019-05-01T11:51:03","guid":{"rendered":"https:\/\/www.svmed.ch\/rapport-2021\/?page_id=232"},"modified":"2022-02-25T15:29:48","modified_gmt":"2022-02-25T14:29:48","slug":"gmems","status":"publish","type":"page","link":"https:\/\/www.svmed.ch\/rapport-2021\/rapports\/gmems\/","title":{"rendered":"Groupement des m\u00e9decins travaillant en \u00e9tablissement m\u00e9dico-social"},"content":{"rendered":"<div class=\"the-content\"><p>Gr\u00e2ce \u00e0 l\u2019arriv\u00e9e du vaccin en tout d\u00e9but d\u2019ann\u00e9e, 2021 a commenc\u00e9 avec l\u2019espoir de ne plus revivre le traumatisme des vagues meurtri\u00e8res v\u00e9cu en 2020. Cet espoir s\u2019est effectivement r\u00e9alis\u00e9, avec une nette chute de l\u2019incidence des cas Covid pour les 65 ans et plus et une nette diminution des d\u00e9c\u00e8s dus au SARS-CoV-2 dans les EMS en 2021 par rapport \u00e0 2020.<\/p>\n<p>Dans ce contexte, je salue ici le travail de collaboration et coordination effectu\u00e9 par les diff\u00e9rentes instances (Direction g\u00e9n\u00e9rale de la sant\u00e9 (DGS), SVM, Association vaudoise des institutions m\u00e9dico-psycho-sociales (H\u00e9viva), F\u00e9d\u00e9ration des prestataires de services de soins et d&rsquo;aide \u00e0 la personne (FEDEPS), Groupement SVM des m\u00e9decins travaillant en \u00e9tablissement m\u00e9dico-social (GMEMS), Unisant\u00e9, Protection civile, Soci\u00e9t\u00e9 Vaudoise de Pharmacie (SVPh), etc.), afin de permettre \u00e0 tous les r\u00e9sidents d\u2019EMS du canton de b\u00e9n\u00e9ficier de la vaccination. Que ce soit pour la vaccination de base en d\u00e9but d\u2019ann\u00e9e ou pour le rappel d\u00e8s le mois de novembre, l\u2019efficience des \u00e9quipes mobiles cantonales ainsi que la disponibilit\u00e9 et la flexibilit\u00e9 de nos coll\u00e8gues pharmacien-ne-s pour apporter le vaccin au sein des institutions ont \u00e9t\u00e9 exemplaires.<\/p>\n<p>Apr\u00e8s une p\u00e9riode estivale d\u2019accalmie et de retour \u00e0 la quasi normalit\u00e9 pour nos r\u00e9sident-e-s, l\u2019arriv\u00e9e de la cinqui\u00e8me vague en fin d\u2019ann\u00e9e 2021 touche malheureusement \u00e0 nouveau plusieurs EMS. Si le d\u00e9cours clinique semble nettement plus favorable que lors de l\u2019\u00e9poque ante-vaccin, le d\u00e9fi majeur pour les EMS actuellement est s\u00fbrement celui d\u2019avoir suffisamment de personnel soignant comp\u00e9tent et disponible. Dans ce contexte, une lueur d\u2019espoir est apport\u00e9e par le oui populaire \u00e0 l\u2019initiative \u00ab\u00a0pour des soins infirmiers forts\u00a0\u00bb de novembre 2021, mais dont les effets positifs se feront probablement sentir qu\u2019\u00e0 moyen terme.<\/p>\n<div id=\"attachment_1398\" style=\"width: 677px\" class=\"wp-caption alignnone\"><img loading=\"lazy\" decoding=\"async\" aria-describedby=\"caption-attachment-1398\" class=\"wp-image-1398\" src=\"https:\/\/www.svmed.ch\/rapport-2021\/wp-content\/uploads\/sites\/25\/2022\/01\/cmv-baumettes-0552.jpg\" alt=\"\" width=\"667\" height=\"500\" srcset=\"https:\/\/www.svmed.ch\/rapport-2021\/wp-content\/uploads\/sites\/25\/2022\/01\/cmv-baumettes-0552.jpg 2560w, https:\/\/www.svmed.ch\/rapport-2021\/wp-content\/uploads\/sites\/25\/2022\/01\/cmv-baumettes-0552-300x225.jpg 300w, https:\/\/www.svmed.ch\/rapport-2021\/wp-content\/uploads\/sites\/25\/2022\/01\/cmv-baumettes-0552-1024x768.jpg 1024w, https:\/\/www.svmed.ch\/rapport-2021\/wp-content\/uploads\/sites\/25\/2022\/01\/cmv-baumettes-0552-768x576.jpg 768w, https:\/\/www.svmed.ch\/rapport-2021\/wp-content\/uploads\/sites\/25\/2022\/01\/cmv-baumettes-0552-1707x1280.jpg 1707w, https:\/\/www.svmed.ch\/rapport-2021\/wp-content\/uploads\/sites\/25\/2022\/01\/cmv-baumettes-0552-1536x1152.jpg 1536w, https:\/\/www.svmed.ch\/rapport-2021\/wp-content\/uploads\/sites\/25\/2022\/01\/cmv-baumettes-0552-2048x1536.jpg 2048w\" sizes=\"auto, (max-width: 667px) 100vw, 667px\" \/><p id=\"caption-attachment-1398\" class=\"wp-caption-text\">\u00a9 Laurent Kaczor<\/p><\/div>\n<h2>Accord sur la disponibilit\u00e9 m\u00e9dicale renforc\u00e9e et riche offre de formation continue<\/h2>\n<p>L\u2019ann\u00e9e 2021 a par ailleurs marqu\u00e9 l\u2019entr\u00e9e en vigueur de l\u2019accord sur la \u00ab\u00a0disponibilit\u00e9 m\u00e9dicale renforc\u00e9e\u00a0\u00bb (DMR) qui permet \u00e0 chaque m\u00e9decin intervenant en EMS de b\u00e9n\u00e9ficier d\u2019un financement suppl\u00e9mentaire \u00e0 l\u2019acte s\u2019il se rend disponible en dehors des heures de bureau (8h-18h). Un bilan de cette premi\u00e8re ann\u00e9e pilote sera effectu\u00e9 avec la DGS au cours des prochains mois, mais le projet se poursuit aussi en 2022 : les m\u00e9decins concern\u00e9s sont donc invit\u00e9s \u00e0 tenir \u00e0 jour leur tableau des appels\/interventions du soir\/nuit\/week-end et \u00e0 l\u2019envoyer au mandataire r\u00e9gional tous les trois mois.<\/p>\n<p>Les formations GMEMS 2021 ont pu avoir lieu en visioconf\u00e9rence: en mai, la Dre Estelle de Pelichy a expos\u00e9 une excellente revue des possibilit\u00e9s de prise en charge des sympt\u00f4mes comportementaux et psychologiques de la d\u00e9mence (SCPD) et en septembre, le Dr Tai et Mme Krummenacher ont rappel\u00e9 les notions de base des soins palliatifs appliqu\u00e9s aux EMS. Enfin, lors de l\u2019assembl\u00e9e g\u00e9n\u00e9rale de novembre, nous sommes revenus sur la th\u00e9matique de la maltraitance et des mesures de contrainte avec Mme Eggert et Mme Vaerini, membres de la commission d\u2019\u00e9thique de H\u00e9viva et respectivement ma\u00eetre d\u2019enseignement et avocate. Pour l\u2019ann\u00e9e 2022, nous avons pr\u00e9vu de revenir sur des th\u00e9matiques importantes en EMS comme la gestion du diab\u00e8te, l\u2019\u00e9valuation de la douleur ainsi que la d\u00e9prescription. Le nom des orateurs et les dates exactes seront publi\u00e9s sur le site de la SVM\/GMEMS, o\u00f9 vous trouvez \u00e9galement les pr\u00e9sentations au format PDF.<\/p>\n<p>Les membres du comit\u00e9 ont eu le plaisir d\u2019accueillir en leur sein le Dr Serge Cl\u00e9ment, m\u00e9decin g\u00e9n\u00e9raliste et responsable d\u2019EMS sur la C\u00f4te, qui s\u2019est port\u00e9 candidat pour le poste vacant. Nous le f\u00e9licitons pour sa brillante \u00e9lection \u00e0 l\u2019unanimit\u00e9 lors de l\u2019assembl\u00e9e g\u00e9n\u00e9rale de novembre.<\/p>\n<div id=\"attachment_1396\" style=\"width: 385px\" class=\"wp-caption alignnone\"><img loading=\"lazy\" decoding=\"async\" aria-describedby=\"caption-attachment-1396\" class=\"wp-image-1396\" src=\"https:\/\/www.svmed.ch\/rapport-2021\/wp-content\/uploads\/sites\/25\/2022\/01\/cmv-baumettes-0545.jpg\" alt=\"\" width=\"375\" height=\"500\" srcset=\"https:\/\/www.svmed.ch\/rapport-2021\/wp-content\/uploads\/sites\/25\/2022\/01\/cmv-baumettes-0545.jpg 1920w, https:\/\/www.svmed.ch\/rapport-2021\/wp-content\/uploads\/sites\/25\/2022\/01\/cmv-baumettes-0545-225x300.jpg 225w, https:\/\/www.svmed.ch\/rapport-2021\/wp-content\/uploads\/sites\/25\/2022\/01\/cmv-baumettes-0545-768x1024.jpg 768w, https:\/\/www.svmed.ch\/rapport-2021\/wp-content\/uploads\/sites\/25\/2022\/01\/cmv-baumettes-0545-960x1280.jpg 960w, https:\/\/www.svmed.ch\/rapport-2021\/wp-content\/uploads\/sites\/25\/2022\/01\/cmv-baumettes-0545-1152x1536.jpg 1152w, https:\/\/www.svmed.ch\/rapport-2021\/wp-content\/uploads\/sites\/25\/2022\/01\/cmv-baumettes-0545-1536x2048.jpg 1536w\" sizes=\"auto, (max-width: 375px) 100vw, 375px\" \/><p id=\"caption-attachment-1396\" class=\"wp-caption-text\">\u00a9 Laurent Kaczor<\/p><\/div>\n<h2>De nouveaux d\u00e9fis \u00e0 venir<\/h2>\n<p>En 2022, plusieurs d\u00e9fis nous attendent, tels que:<\/p>\n<ul>\n<li>Prot\u00e9ger les r\u00e9sidents d\u2019une infection \u00e0 SARS-CoV-2 tout en leur garantissant une libert\u00e9 individuelle maximale;<\/li>\n<li>Veiller \u00e0 ce que le droit limit\u00e9 des assureurs maladie aux donn\u00e9es m\u00e9dicales soit respect\u00e9;<\/li>\n<li>Travailler avec les diff\u00e9rents partenaires sur l\u2019attractivit\u00e9 du travail de m\u00e9decin en EMS pour que la rel\u00e8ve m\u00e9dicale soit garantie \u00e0 long terme.<\/li>\n<\/ul>\n<p>De fa\u00e7on g\u00e9n\u00e9rale, le GMEMS continuera \u00e0 s\u2019engager pour soutenir toute mesure visant \u00e0 am\u00e9liorer la qualit\u00e9 de vie et de soins dans les EMS et afin de permettre \u00e0 ses membres de continuer \u00e0 s\u2019\u00e9panouir dans le cadre de leur pratique professionnelle.<\/p>\n<p><strong>Dre Tosca Bizzozzero<\/strong><br \/>\nPr\u00e9sidente du Groupement des m\u00e9decins travaillant en \u00e9tablissement m\u00e9dico-social (GMEMS)<\/p>\n<p><a href=\"https:\/\/www.svmed.ch\/association\/groupements-et-commissions\/groupement-des-medecins-travaillant-en-etablissement-medico-social-gmems\/\" target=\"_blank\" rel=\"noopener noreferrer\">En savoir plus sur le GMEMS<\/a><\/p>\n<\/div>","protected":false},"excerpt":{"rendered":"<p>Gr\u00e2ce \u00e0 l\u2019arriv\u00e9e du vaccin en tout d\u00e9but d\u2019ann\u00e9e, 2021 a commenc\u00e9 avec l\u2019espoir de ne plus revivre le traumatisme des vagues meurtri\u00e8res v\u00e9cu en 2020. Cet espoir s\u2019est effectivement r\u00e9alis\u00e9, avec une nette chute de l\u2019incidence des cas Covid pour les 65 ans et plus et une nette diminution des d\u00e9c\u00e8s dus au SARS-CoV-2 [&hellip;]<\/p>\n","protected":false},"author":4,"featured_media":0,"parent":18,"menu_order":14,"comment_status":"closed","ping_status":"closed","template":"","meta":{"_acf_changed":false,"inline_featured_image":false,"footnotes":""},"class_list":["post-232","page","type-page","status-publish","hentry"],"acf":[],"publishpress_future_action":{"enabled":false,"date":"2026-04-20 15:30:27","action":"change-status","newStatus":"draft","terms":[],"taxonomy":"","extraData":[]},"publishpress_future_workflow_manual_trigger":{"enabledWorkflows":[]},"_links":{"self":[{"href":"https:\/\/www.svmed.ch\/rapport-2021\/wp-json\/wp\/v2\/pages\/232","targetHints":{"allow":["GET"]}}],"collection":[{"href":"https:\/\/www.svmed.ch\/rapport-2021\/wp-json\/wp\/v2\/pages"}],"about":[{"href":"https:\/\/www.svmed.ch\/rapport-2021\/wp-json\/wp\/v2\/types\/page"}],"author":[{"embeddable":true,"href":"https:\/\/www.svmed.ch\/rapport-2021\/wp-json\/wp\/v2\/users\/4"}],"replies":[{"embeddable":true,"href":"https:\/\/www.svmed.ch\/rapport-2021\/wp-json\/wp\/v2\/comments?post=232"}],"version-history":[{"count":19,"href":"https:\/\/www.svmed.ch\/rapport-2021\/wp-json\/wp\/v2\/pages\/232\/revisions"}],"predecessor-version":[{"id":1416,"href":"https:\/\/www.svmed.ch\/rapport-2021\/wp-json\/wp\/v2\/pages\/232\/revisions\/1416"}],"up":[{"embeddable":true,"href":"https:\/\/www.svmed.ch\/rapport-2021\/wp-json\/wp\/v2\/pages\/18"}],"wp:attachment":[{"href":"https:\/\/www.svmed.ch\/rapport-2021\/wp-json\/wp\/v2\/media?parent=232"}],"curies":[{"name":"wp","href":"https:\/\/api.w.org\/{rel}","templated":true}]}}