{"id":238,"date":"2019-05-01T14:12:34","date_gmt":"2019-05-01T12:12:34","guid":{"rendered":"https:\/\/www.svmed.ch\/rapport-2021\/?page_id=238"},"modified":"2022-02-25T15:31:07","modified_gmt":"2022-02-25T14:31:07","slug":"jvd","status":"publish","type":"page","link":"https:\/\/www.svmed.ch\/rapport-2021\/rapports\/jvd\/","title":{"rendered":"Commission de la formation continue"},"content":{"rendered":"<div class=\"the-content\"><p>L\u2019ann\u00e9e 2021, toujours marqu\u00e9e par la pand\u00e9mie, nous a contraints \u00e0 recourir \u00e0 la visioconf\u00e9rence pour l\u2019ensemble des \u00ab\u00a0Jeudis de la Vaudoise\u00a0\u00bb (JVD) de cette p\u00e9riode. Notre volont\u00e9 \u00e9tait de revenir au format pr\u00e9sentiel d\u00e8s que possible. Nous avons essay\u00e9 \u00e0 plusieurs reprises, sans succ\u00e8s. En effet, un JVD s\u2019organise 2 \u00e0 3 mois \u00e0 l\u2019avance, et les restrictions li\u00e9es au Covid sont parfois diff\u00e9rentes entre la communaut\u00e9 et l\u2019h\u00f4pital. Ces diff\u00e9rents points nous ont \u00e0 chaque fois oblig\u00e9s \u00e0 revenir \u00e0 la visioconf\u00e9rence.<\/p>\n<p>En d\u00e9pit des obstacles rencontr\u00e9s, nous avons tenu \u00e0 offrir un programme vari\u00e9 et passionnant. Nous avons ainsi organis\u00e9 10 JVD en 2021, un record d\u00fb au fait qu\u2019il fallait rattraper les s\u00e9ances n\u2019ayant pas eu lieu en 2020. Les th\u00e8mes suivants ont \u00e9t\u00e9 abord\u00e9s: les acquisitions th\u00e9rapeutiques en m\u00e9decine interne g\u00e9n\u00e9rale, la gastro-ent\u00e9rologie, la gyn\u00e9cologie, la m\u00e9decine l\u00e9gale et le droit m\u00e9dical, l\u2019oncologie, les troubles fonctionnels, la n\u00e9phrologie, la chirurgie visc\u00e9rale et la proctologie, la dermatologie, les urgences et la garde domiciliaire. Ces th\u00e9matiques semblent r\u00e9pondre \u00e0 vos attentes, \u00e0 voir vos \u00e9valuations toujours tr\u00e8s encourageantes et votre participation. En effet, vous \u00eates \u00e0 chaque fois entre 150 et 180 \u00e0 suivre les JVD. Les discussions ont toujours \u00e9t\u00e9 tr\u00e8s actives en utilisant le \u00ab\u00a0chat\u00a0\u00bb.<\/p>\n<p><img loading=\"lazy\" decoding=\"async\" class=\"alignnone wp-image-1382\" src=\"https:\/\/www.svmed.ch\/rapport-2021\/wp-content\/uploads\/sites\/25\/2022\/01\/jvd-140121-prof-lamy.png\" alt=\"\" width=\"1073\" height=\"500\" srcset=\"https:\/\/www.svmed.ch\/rapport-2021\/wp-content\/uploads\/sites\/25\/2022\/01\/jvd-140121-prof-lamy.png 1920w, https:\/\/www.svmed.ch\/rapport-2021\/wp-content\/uploads\/sites\/25\/2022\/01\/jvd-140121-prof-lamy-300x140.png 300w, https:\/\/www.svmed.ch\/rapport-2021\/wp-content\/uploads\/sites\/25\/2022\/01\/jvd-140121-prof-lamy-1024x477.png 1024w, https:\/\/www.svmed.ch\/rapport-2021\/wp-content\/uploads\/sites\/25\/2022\/01\/jvd-140121-prof-lamy-768x358.png 768w, https:\/\/www.svmed.ch\/rapport-2021\/wp-content\/uploads\/sites\/25\/2022\/01\/jvd-140121-prof-lamy-1536x716.png 1536w\" sizes=\"auto, (max-width: 1073px) 100vw, 1073px\" \/><\/p>\n<h2>Retour progressif au pr\u00e9sentiel en 2022<\/h2>\n<p>Les membres de la commission et moi-m\u00eame tenons \u00e0 vous remercier avant tout de votre confiance, de votre tol\u00e9rance et de votre participation. Nos remerciements vont aussi \u00e0 l\u2019ensemble des oratrices et orateurs qui ont \u00e9galement d\u00fb g\u00e9rer des changements de derni\u00e8re minute en fonction de leur activit\u00e9 clinique boulevers\u00e9e par le Covid et l\u2019absent\u00e9isme. Il y a eu quelques probl\u00e8mes techniques, tr\u00e8s rares et de courte dur\u00e9e, ce dont je vous prie de nous excuser. Heureusement, ils n\u2019ont pas emp\u00each\u00e9 le bon d\u00e9roulement des JVD. Pour que tout ceci fonctionne, un travail consid\u00e9rable est effectu\u00e9 dans l\u2019ombre par Mme Nathalie Panchaud, encore renforc\u00e9 en cette p\u00e9riode de pand\u00e9mie. Nous ne saurons jamais la remercier suffisamment. En effet, les JVD 2021 n\u2019auraient pas exist\u00e9 sans son implication.<\/p>\n<p>Nous nous r\u00e9jouissons de vous retrouver en 2022 pour un beau programme, d\u2019abord en visioconf\u00e9rence, puis selon la formule devenue culte de notre Conseiller f\u00e9d\u00e9ral Alain Berset, en pr\u00e9sentiel \u00ab\u00a0aussi vite que possible, mais aussi lentement que n\u00e9cessaire\u00a0\u00bb.<\/p>\n<p><strong>Prof. Olivier Lamy<\/strong><br \/>\nPr\u00e9sident de la Commission de la formation continue<\/p>\n<p>Pour en savoir plus: <a href=\"https:\/\/www.svmed.ch\/association\/groupements-et-commissions\/\" target=\"_blank\" rel=\"noopener noreferrer\">composition de la Commission de la formation continue<\/a><\/p>\n<\/div>","protected":false},"excerpt":{"rendered":"<p>L\u2019ann\u00e9e 2021, toujours marqu\u00e9e par la pand\u00e9mie, nous a contraints \u00e0 recourir \u00e0 la visioconf\u00e9rence pour l\u2019ensemble des \u00ab\u00a0Jeudis de la Vaudoise\u00a0\u00bb (JVD) de cette p\u00e9riode. Notre volont\u00e9 \u00e9tait de revenir au format pr\u00e9sentiel d\u00e8s que possible. Nous avons essay\u00e9 \u00e0 plusieurs reprises, sans succ\u00e8s. En effet, un JVD s\u2019organise 2 \u00e0 3 mois \u00e0 [&hellip;]<\/p>\n","protected":false},"author":4,"featured_media":0,"parent":18,"menu_order":4,"comment_status":"closed","ping_status":"closed","template":"","meta":{"_acf_changed":false,"inline_featured_image":false,"footnotes":""},"class_list":["post-238","page","type-page","status-publish","hentry"],"acf":[],"publishpress_future_action":{"enabled":false,"date":"2026-04-20 17:13:43","action":"change-status","newStatus":"draft","terms":[],"taxonomy":"","extraData":[]},"publishpress_future_workflow_manual_trigger":{"enabledWorkflows":[]},"_links":{"self":[{"href":"https:\/\/www.svmed.ch\/rapport-2021\/wp-json\/wp\/v2\/pages\/238","targetHints":{"allow":["GET"]}}],"collection":[{"href":"https:\/\/www.svmed.ch\/rapport-2021\/wp-json\/wp\/v2\/pages"}],"about":[{"href":"https:\/\/www.svmed.ch\/rapport-2021\/wp-json\/wp\/v2\/types\/page"}],"author":[{"embeddable":true,"href":"https:\/\/www.svmed.ch\/rapport-2021\/wp-json\/wp\/v2\/users\/4"}],"replies":[{"embeddable":true,"href":"https:\/\/www.svmed.ch\/rapport-2021\/wp-json\/wp\/v2\/comments?post=238"}],"version-history":[{"count":20,"href":"https:\/\/www.svmed.ch\/rapport-2021\/wp-json\/wp\/v2\/pages\/238\/revisions"}],"predecessor-version":[{"id":1424,"href":"https:\/\/www.svmed.ch\/rapport-2021\/wp-json\/wp\/v2\/pages\/238\/revisions\/1424"}],"up":[{"embeddable":true,"href":"https:\/\/www.svmed.ch\/rapport-2021\/wp-json\/wp\/v2\/pages\/18"}],"wp:attachment":[{"href":"https:\/\/www.svmed.ch\/rapport-2021\/wp-json\/wp\/v2\/media?parent=238"}],"curies":[{"name":"wp","href":"https:\/\/api.w.org\/{rel}","templated":true}]}}