{"id":245,"date":"2019-05-01T14:23:02","date_gmt":"2019-05-01T12:23:02","guid":{"rendered":"https:\/\/www.svmed.ch\/rapport-2021\/?page_id=245"},"modified":"2022-02-25T15:31:07","modified_gmt":"2022-02-25T14:31:07","slug":"commission-de-deontologie","status":"publish","type":"page","link":"https:\/\/www.svmed.ch\/rapport-2021\/rapports\/commission-de-deontologie\/","title":{"rendered":"Commission de d\u00e9ontologie"},"content":{"rendered":"<div class=\"the-content\"><h2>L\u2019ann\u00e9e 2021 en chiffres<\/h2>\n<ul>\n<li>S\u00e9ances: 12 s\u00e9ances pl\u00e9ni\u00e8res<br \/>\nComposition de la CD-SVM: 2 nouveaux membres (Dre Beurret-Lepori et Dr Agrifoglio)<br \/>\nCourriers re\u00e7us: 465<br \/>\nDossiers trait\u00e9s: 142<br \/>\nInstructions: 21 dont 10 nouvelles affaires<br \/>\nDemandes d\u2019exclusion: 13 demandes dont 5 exclusions prononc\u00e9es<br \/>\nAttestations de bonne conduite: 8<br \/>\nDossiers d\u2019admission \u00e0 la SVM: 1 candidature avec pr\u00e9avis favorable<\/li>\n<\/ul>\n<h2>Encore une ann\u00e9e compliqu\u00e9e<\/h2>\n<p>Cette ann\u00e9e 2021 fut \u00e0 nouveau tr\u00e8s perturb\u00e9e par la pand\u00e9mie dont on ne voit pas le bout. Les vagues se suivent et se ressemblent, influen\u00e7ant r\u00e9guli\u00e8rement l\u2019organisation de nos s\u00e9ances. Celles-ci ont pu \u00eatre le plus souvent organis\u00e9es dans les d\u00e9lais et la Commission de d\u00e9ontologie (CD) a pu remplir sa mission gr\u00e2ce au travail de son \u00e9quipe solidaire et soud\u00e9e. Merci aussi \u00e0 notre secr\u00e9taire dont le sens de l\u2019organisation fait r\u00e9guli\u00e8rement des miracles. Les r\u00e9unions de la CD se sont d\u00e9roul\u00e9es en pr\u00e9sentiel, apr\u00e8s quelques essais infructueux en visioconf\u00e9rence, peu propice pour les nombreuses interactions n\u00e9cessaires durant nos r\u00e9unions.<\/p>\n<h2>Des r\u00e9unions externalis\u00e9es<\/h2>\n<p>Les locaux de la SVM \u00e9tant trop exigus et ne permettant de rassembler que 7 personnes au maximum selon les recommandations de s\u00e9curit\u00e9 anti-Covid de l\u2019Office f\u00e9d\u00e9ral de la sant\u00e9 publique (OFSP), nos r\u00e9unions ont d\u00fb \u00eatre externalis\u00e9es la plupart du temps dans des salles r\u00e9serv\u00e9es dans les \u00e9tablissements h\u00f4teliers lausannois. Encore une fois merci \u00e0 notre secr\u00e9taire qui a jongl\u00e9 avec les restrictions li\u00e9es \u00e0 la pand\u00e9mie et les disponibilit\u00e9s h\u00f4teli\u00e8res lausannoises limit\u00e9es pour trouver des solutions, afin que chaque s\u00e9ance se d\u00e9roule dans de bonnes conditions.<\/p>\n<p><img loading=\"lazy\" decoding=\"async\" class=\"alignnone wp-image-1141\" src=\"https:\/\/www.svmed.ch\/rapport-2021\/wp-content\/uploads\/sites\/25\/2021\/01\/deontologie-hippocrate.jpg\" alt=\"\" width=\"750\" height=\"500\" srcset=\"https:\/\/www.svmed.ch\/rapport-2021\/wp-content\/uploads\/sites\/25\/2021\/01\/deontologie-hippocrate.jpg 1920w, https:\/\/www.svmed.ch\/rapport-2021\/wp-content\/uploads\/sites\/25\/2021\/01\/deontologie-hippocrate-300x200.jpg 300w, https:\/\/www.svmed.ch\/rapport-2021\/wp-content\/uploads\/sites\/25\/2021\/01\/deontologie-hippocrate-1024x683.jpg 1024w, https:\/\/www.svmed.ch\/rapport-2021\/wp-content\/uploads\/sites\/25\/2021\/01\/deontologie-hippocrate-768x512.jpg 768w, https:\/\/www.svmed.ch\/rapport-2021\/wp-content\/uploads\/sites\/25\/2021\/01\/deontologie-hippocrate-1536x1024.jpg 1536w\" sizes=\"auto, (max-width: 750px) 100vw, 750px\" \/><\/p>\n<h2>Des plaintes autour du Covid<\/h2>\n<p>La crise sanitaire a aussi apport\u00e9 son lot de plaintes lors de l\u2019exercice 2021. Une minorit\u00e9 de confr\u00e8res naviguent \u00e0 contre-courant, certains conseillant ouvertement \u00e0 leurs patients de ne pas se faire vacciner, d\u2019autres faisant la promotion de m\u00e9dicaments anti-Covid clairement prouv\u00e9s inefficaces (Hydroxychloroquine, Ivermectine). Ces comportements contreviennent clairement \u00e0 la bonne pratique m\u00e9dicale et ne respectent pas le code de d\u00e9ontologie (art. 3, 8, 19). En clair, nous ne pouvons pas dire n\u2018importe quoi dans notre cabinet m\u00e9dical et nous avons le devoir d\u2019informer nos patients en leur d\u00e9livrant un message conforme aux donn\u00e9es prouv\u00e9es de la litt\u00e9rature et aux recommandations de nos autorit\u00e9s sanitaires. Nous avons d\u00fb r\u00e9primander quelques coll\u00e8gues pour non-respect de ces r\u00e8gles et certaines affaires sont encore ouvertes et en attente d\u2019une d\u00e9cision.<\/p>\n<h2>Changements au sein de la Commission<\/h2>\n<p>Cette ann\u00e9e a vu deux nouveaux coll\u00e8gues rejoindre notre \u00e9quipe pour remplacer deux membres sortants. Pour ma part, je repars pour un mandat de deux ans et remercie l\u2019Assembl\u00e9e des d\u00e9l\u00e9gu\u00e9s de la SVM de m\u2019avoir renouvel\u00e9 sa confiance.<\/p>\n<p>J\u2019ai r\u00eav\u00e9 r\u00e9cemment d\u2019une sortie proche du tunnel avec un retour \u00e0 une vie normale, o\u00f9 les gens se regardent dans les yeux et se respectent. En esp\u00e9rant que ce r\u00eave deviendra r\u00e9alit\u00e9 au plus vite, je vous adresse mes meilleurs v\u0153ux pour l\u2019ann\u00e9e 2022.<\/p>\n<p><strong>Dr Yves Christen<\/strong><br \/>\nPr\u00e9sident de la Commission de d\u00e9ontologie<\/p>\n<p>Pour en savoir plus: <a href=\"https:\/\/www.svmed.ch\/association\/groupements-et-commissions\/\" target=\"_blank\" rel=\"noopener noreferrer\">composition de la Commission de d\u00e9ontologie<\/a><\/p>\n<\/div>","protected":false},"excerpt":{"rendered":"<p>L\u2019ann\u00e9e 2021 en chiffres S\u00e9ances: 12 s\u00e9ances pl\u00e9ni\u00e8res Composition de la CD-SVM: 2 nouveaux membres (Dre Beurret-Lepori et Dr Agrifoglio) Courriers re\u00e7us: 465 Dossiers trait\u00e9s: 142 Instructions: 21 dont 10 nouvelles affaires Demandes d\u2019exclusion: 13 demandes dont 5 exclusions prononc\u00e9es Attestations de bonne conduite: 8 Dossiers d\u2019admission \u00e0 la SVM: 1 candidature avec pr\u00e9avis favorable [&hellip;]<\/p>\n","protected":false},"author":4,"featured_media":0,"parent":18,"menu_order":3,"comment_status":"closed","ping_status":"closed","template":"","meta":{"_acf_changed":false,"inline_featured_image":false,"footnotes":""},"class_list":["post-245","page","type-page","status-publish","hentry"],"acf":[],"publishpress_future_action":{"enabled":false,"date":"2026-04-20 17:13:47","action":"change-status","newStatus":"draft","terms":[],"taxonomy":"","extraData":[]},"publishpress_future_workflow_manual_trigger":{"enabledWorkflows":[]},"_links":{"self":[{"href":"https:\/\/www.svmed.ch\/rapport-2021\/wp-json\/wp\/v2\/pages\/245","targetHints":{"allow":["GET"]}}],"collection":[{"href":"https:\/\/www.svmed.ch\/rapport-2021\/wp-json\/wp\/v2\/pages"}],"about":[{"href":"https:\/\/www.svmed.ch\/rapport-2021\/wp-json\/wp\/v2\/types\/page"}],"author":[{"embeddable":true,"href":"https:\/\/www.svmed.ch\/rapport-2021\/wp-json\/wp\/v2\/users\/4"}],"replies":[{"embeddable":true,"href":"https:\/\/www.svmed.ch\/rapport-2021\/wp-json\/wp\/v2\/comments?post=245"}],"version-history":[{"count":18,"href":"https:\/\/www.svmed.ch\/rapport-2021\/wp-json\/wp\/v2\/pages\/245\/revisions"}],"predecessor-version":[{"id":1413,"href":"https:\/\/www.svmed.ch\/rapport-2021\/wp-json\/wp\/v2\/pages\/245\/revisions\/1413"}],"up":[{"embeddable":true,"href":"https:\/\/www.svmed.ch\/rapport-2021\/wp-json\/wp\/v2\/pages\/18"}],"wp:attachment":[{"href":"https:\/\/www.svmed.ch\/rapport-2021\/wp-json\/wp\/v2\/media?parent=245"}],"curies":[{"name":"wp","href":"https:\/\/api.w.org\/{rel}","templated":true}]}}