{"id":247,"date":"2019-05-01T14:26:45","date_gmt":"2019-05-01T12:26:45","guid":{"rendered":"https:\/\/www.svmed.ch\/rapport-2021\/?page_id=247"},"modified":"2022-02-25T15:31:08","modified_gmt":"2022-02-25T14:31:08","slug":"fonds-de-prevoyance","status":"publish","type":"page","link":"https:\/\/www.svmed.ch\/rapport-2021\/rapports\/fonds-de-prevoyance\/","title":{"rendered":"Fonds de pr\u00e9voyance"},"content":{"rendered":"<div class=\"the-content\"><p>L\u2019ann\u00e9e 2021 s\u2019est termin\u00e9e dans une atmosph\u00e8re toujours particuli\u00e8re avec une pand\u00e9mie qui continue d\u2019affecter l\u2019\u00e9conomie mondiale. Malgr\u00e9 cela, les march\u00e9s financiers sont rest\u00e9s dans une dynamique positive avec des actions suisses et \u00e9trang\u00e8res en forte hausse.<\/p>\n<p>Dans ce contexte, les assur\u00e9s affili\u00e9s au Fonds de pr\u00e9voyance de la SVM ont b\u00e9n\u00e9fici\u00e9 d\u2019une r\u00e9mun\u00e9ration de leur avoir de vieillesse de 2,5%. Cela repr\u00e9sente 1,5% de plus que le taux d\u2019int\u00e9r\u00eat minimum fix\u00e9 par le Conseil F\u00e9d\u00e9ral. Cette r\u00e9mun\u00e9ration favorable est \u00e0 mettre en parall\u00e8le avec la s\u00e9curit\u00e9 maximale offerte par le Fonds gr\u00e2ce \u00e0 sa r\u00e9assurance int\u00e9grale aupr\u00e8s de Retraites Populaires.<\/p>\n<p>Autre point marquant de l\u2019exercice 2021: le Fonds poursuit sa croissance r\u00e9guli\u00e8re et d\u00e9passe pour la premi\u00e8re fois de son histoire les 1000 assur\u00e9s actifs et pensionn\u00e9s avec respectivement 895 assur\u00e9s actifs et 115 pensionn\u00e9s. Avec 7,8 actifs pour 1 pensionn\u00e9, le Fonds dispose d\u2019un rapport actifs \/ pensionn\u00e9s tr\u00e8s favorable.<\/p>\n<p><img loading=\"lazy\" decoding=\"async\" class=\"alignnone wp-image-1387\" src=\"https:\/\/www.svmed.ch\/rapport-2021\/wp-content\/uploads\/sites\/25\/2022\/01\/fonds-prevoyance.jpg\" alt=\"\" width=\"750\" height=\"500\" srcset=\"https:\/\/www.svmed.ch\/rapport-2021\/wp-content\/uploads\/sites\/25\/2022\/01\/fonds-prevoyance.jpg 1920w, https:\/\/www.svmed.ch\/rapport-2021\/wp-content\/uploads\/sites\/25\/2022\/01\/fonds-prevoyance-300x200.jpg 300w, https:\/\/www.svmed.ch\/rapport-2021\/wp-content\/uploads\/sites\/25\/2022\/01\/fonds-prevoyance-1024x683.jpg 1024w, https:\/\/www.svmed.ch\/rapport-2021\/wp-content\/uploads\/sites\/25\/2022\/01\/fonds-prevoyance-768x512.jpg 768w, https:\/\/www.svmed.ch\/rapport-2021\/wp-content\/uploads\/sites\/25\/2022\/01\/fonds-prevoyance-1536x1024.jpg 1536w\" sizes=\"auto, (max-width: 750px) 100vw, 750px\" \/><\/p>\n<h2>Evolution des plans de pr\u00e9voyance et du r\u00e8glement de pr\u00e9voyance<\/h2>\n<p>Afin de r\u00e9pondre aux besoins de ses assur\u00e9s, le Fonds \u00e9largit son offre de plans de pr\u00e9voyance en proposant, en option, un capital d\u00e9c\u00e8s suppl\u00e9mentaire. Ce capital d\u00e9c\u00e8s est maintenant disponible quel que soit le niveau des prestations de risques invalidit\u00e9 et d\u00e9c\u00e8s assur\u00e9s sous forme de rentes. Les contrats existants peuvent \u00eatre modifi\u00e9s sans d\u00e9lai pour inclure cette prestation.<\/p>\n<p>Parall\u00e8lement \u00e0 cela, le r\u00e8glement de pr\u00e9voyance du Fonds a \u00e9t\u00e9 adapt\u00e9 \u00e0 l\u2019\u00e9volution de l\u2019assurance invalidit\u00e9. En effet, d\u00e8s le 1er janvier 2022, l\u2019AI a introduit un syst\u00e8me de rente dite lin\u00e9aire qui offre plus de coh\u00e9rence entre le degr\u00e9 reconnu d\u2019invalidit\u00e9 et le taux de rente. Les rentes en cours sont touch\u00e9es par cette modification, en principe, uniquement en cas de modification du degr\u00e9 d\u2019invalidit\u00e9.<\/p>\n<p>Ces diff\u00e9rents \u00e9l\u00e9ments permettent au Fonds de proposer \u00e0 ses assur\u00e9s des prestations de qualit\u00e9 avec un niveau de s\u00e9curit\u00e9 particuli\u00e8rement \u00e9lev\u00e9.<\/p>\n<p><strong>Christophe Cavin<\/strong><br \/>\nDirecteur adjoint, Retraites Populaires<\/p>\n<p><a href=\"https:\/\/www.svmed.ch\/services\/prevoyance-professionnelle\/\" target=\"_blank\" rel=\"noopener noreferrer\">En savoir plus sur le Fonds de pr\u00e9voyance de la SVM<\/a><\/p>\n<p><strong>Membres du Conseil de Fondation LPP<\/strong><\/p>\n<ul>\n<li>M. Pierre-Andr\u00e9 Repond, Pr\u00e9sident<\/li>\n<li>Dr Jean-Joseph Boillat<\/li>\n<li>M. Fr\u00e9d\u00e9ric Donati<\/li>\n<li>M. Pascal Fernandez<\/li>\n<li>Dr Patric Hagmann<\/li>\n<li>Dr Henri-Kim de Heller<\/li>\n<\/ul>\n<\/div>","protected":false},"excerpt":{"rendered":"<p>L\u2019ann\u00e9e 2021 s\u2019est termin\u00e9e dans une atmosph\u00e8re toujours particuli\u00e8re avec une pand\u00e9mie qui continue d\u2019affecter l\u2019\u00e9conomie mondiale. Malgr\u00e9 cela, les march\u00e9s financiers sont rest\u00e9s dans une dynamique positive avec des actions suisses et \u00e9trang\u00e8res en forte hausse. Dans ce contexte, les assur\u00e9s affili\u00e9s au Fonds de pr\u00e9voyance de la SVM ont b\u00e9n\u00e9fici\u00e9 d\u2019une r\u00e9mun\u00e9ration de [&hellip;]<\/p>\n","protected":false},"author":4,"featured_media":0,"parent":18,"menu_order":8,"comment_status":"closed","ping_status":"closed","template":"","meta":{"_acf_changed":false,"inline_featured_image":false,"footnotes":""},"class_list":["post-247","page","type-page","status-publish","hentry"],"acf":[],"publishpress_future_action":{"enabled":false,"date":"2026-04-20 15:30:07","action":"change-status","newStatus":"draft","terms":[],"taxonomy":"","extraData":[]},"publishpress_future_workflow_manual_trigger":{"enabledWorkflows":[]},"_links":{"self":[{"href":"https:\/\/www.svmed.ch\/rapport-2021\/wp-json\/wp\/v2\/pages\/247","targetHints":{"allow":["GET"]}}],"collection":[{"href":"https:\/\/www.svmed.ch\/rapport-2021\/wp-json\/wp\/v2\/pages"}],"about":[{"href":"https:\/\/www.svmed.ch\/rapport-2021\/wp-json\/wp\/v2\/types\/page"}],"author":[{"embeddable":true,"href":"https:\/\/www.svmed.ch\/rapport-2021\/wp-json\/wp\/v2\/users\/4"}],"replies":[{"embeddable":true,"href":"https:\/\/www.svmed.ch\/rapport-2021\/wp-json\/wp\/v2\/comments?post=247"}],"version-history":[{"count":20,"href":"https:\/\/www.svmed.ch\/rapport-2021\/wp-json\/wp\/v2\/pages\/247\/revisions"}],"predecessor-version":[{"id":1421,"href":"https:\/\/www.svmed.ch\/rapport-2021\/wp-json\/wp\/v2\/pages\/247\/revisions\/1421"}],"up":[{"embeddable":true,"href":"https:\/\/www.svmed.ch\/rapport-2021\/wp-json\/wp\/v2\/pages\/18"}],"wp:attachment":[{"href":"https:\/\/www.svmed.ch\/rapport-2021\/wp-json\/wp\/v2\/media?parent=247"}],"curies":[{"name":"wp","href":"https:\/\/api.w.org\/{rel}","templated":true}]}}