{"id":270,"date":"2019-05-07T14:26:35","date_gmt":"2019-05-07T12:26:35","guid":{"rendered":"https:\/\/www.svmed.ch\/rapport-2021\/?page_id=270"},"modified":"2022-02-25T15:31:08","modified_gmt":"2022-02-25T14:31:08","slug":"groupement-des-medecins-scolaires","status":"publish","type":"page","link":"https:\/\/www.svmed.ch\/rapport-2021\/rapports\/groupement-des-medecins-scolaires\/","title":{"rendered":"Groupement des m\u00e9decins scolaires"},"content":{"rendered":"<div class=\"the-content\"><p>Le comit\u00e9 du Groupement des m\u00e9decins scolaires vaudois (GMSV), qui repr\u00e9sente tous les m\u00e9decins scolaires du canton aupr\u00e8s de la SVM, s\u2019est r\u00e9uni quatre fois au cours de l\u2019ann\u00e9e 2021 sous la pr\u00e9sidence du Dr Ma\u00ebl Sauter. Les sujets abord\u00e9s ont \u00e9t\u00e9 les suivants:<\/p>\n<ul>\n<li>Situation de la pand\u00e9mie de Covid-19 et son impact sur l\u2019enseignement;<\/li>\n<li>Projets 360\u00b0: int\u00e9gration d\u2019un membre du comit\u00e9 du GMSV dans un groupe de travail de la Direction g\u00e9n\u00e9rale de l&rsquo;enseignement obligatoire et de la p\u00e9dagogie sp\u00e9cialis\u00e9e (DGEO);<\/li>\n<li>Site internet: les documents de m\u00e9decine scolaire sont consultables sur le site internet de l\u2019Association vaudoise d\u2019aide et de soins \u00e0 domicile (AVASAD) depuis le 18 janvier 2021. Il s\u2019agit d\u2019un site internet s\u00e9curis\u00e9;<\/li>\n<li>Recherche infructueuse d\u2019un nouveau membre au comit\u00e9.<\/li>\n<\/ul>\n<p><img loading=\"lazy\" decoding=\"async\" class=\"alignnone wp-image-1390\" src=\"https:\/\/www.svmed.ch\/rapport-2021\/wp-content\/uploads\/sites\/25\/2022\/01\/medecins-scolaires.jpg\" alt=\"\" width=\"750\" height=\"500\" srcset=\"https:\/\/www.svmed.ch\/rapport-2021\/wp-content\/uploads\/sites\/25\/2022\/01\/medecins-scolaires.jpg 1920w, https:\/\/www.svmed.ch\/rapport-2021\/wp-content\/uploads\/sites\/25\/2022\/01\/medecins-scolaires-300x200.jpg 300w, https:\/\/www.svmed.ch\/rapport-2021\/wp-content\/uploads\/sites\/25\/2022\/01\/medecins-scolaires-1024x683.jpg 1024w, https:\/\/www.svmed.ch\/rapport-2021\/wp-content\/uploads\/sites\/25\/2022\/01\/medecins-scolaires-768x512.jpg 768w, https:\/\/www.svmed.ch\/rapport-2021\/wp-content\/uploads\/sites\/25\/2022\/01\/medecins-scolaires-1536x1024.jpg 1536w\" sizes=\"auto, (max-width: 750px) 100vw, 750px\" \/><\/p>\n<p>L\u2019assembl\u00e9e g\u00e9n\u00e9rale et la formation du GMSV ont pu avoir lieu malgr\u00e9 la pand\u00e9mie de Covid-19, contrairement \u00e0 2020. La Dre Anne-Emmanuelle Ambresin, m\u00e9decin cheffe de la Division interdisciplinaire de sant\u00e9 des adolescents (DISA), a pr\u00e9sent\u00e9 un sujet sur l\u2019absent\u00e9isme scolaire, un membre de l&rsquo;assurance-invalidit\u00e9 (AI) a parl\u00e9 de la Cellule InterServices, et la M\u00e9diation \u00e0 l\u2019Apprentissage a \u00e9t\u00e9 abord\u00e9e par un membre du Service de l&rsquo;enseignement sp\u00e9cialis\u00e9 et de l&rsquo;appui \u00e0 la formation (SESAF).<\/p>\n<p><strong>Dr Ma\u00ebl Sauter<\/strong><br \/>\nPr\u00e9sident du Groupement des m\u00e9decins scolaires (GMSV)<\/p>\n<p><a href=\"https:\/\/www.svmed.ch\/association\/groupements-et-commissions\/groupement-des-medecins-scolaires-gmsv\/\" target=\"_blank\" rel=\"noopener noreferrer\">En savoir plus sur le GMSV<\/a><\/p>\n<\/div>","protected":false},"excerpt":{"rendered":"<p>Le comit\u00e9 du Groupement des m\u00e9decins scolaires vaudois (GMSV), qui repr\u00e9sente tous les m\u00e9decins scolaires du canton aupr\u00e8s de la SVM, s\u2019est r\u00e9uni quatre fois au cours de l\u2019ann\u00e9e 2021 sous la pr\u00e9sidence du Dr Ma\u00ebl Sauter. Les sujets abord\u00e9s ont \u00e9t\u00e9 les suivants: Situation de la pand\u00e9mie de Covid-19 et son impact sur l\u2019enseignement; [&hellip;]<\/p>\n","protected":false},"author":4,"featured_media":0,"parent":18,"menu_order":12,"comment_status":"closed","ping_status":"closed","template":"","meta":{"_acf_changed":false,"inline_featured_image":false,"footnotes":""},"class_list":["post-270","page","type-page","status-publish","hentry"],"acf":[],"publishpress_future_action":{"enabled":false,"date":"2026-04-20 17:18:16","action":"change-status","newStatus":"draft","terms":[],"taxonomy":"","extraData":[]},"publishpress_future_workflow_manual_trigger":{"enabledWorkflows":[]},"_links":{"self":[{"href":"https:\/\/www.svmed.ch\/rapport-2021\/wp-json\/wp\/v2\/pages\/270","targetHints":{"allow":["GET"]}}],"collection":[{"href":"https:\/\/www.svmed.ch\/rapport-2021\/wp-json\/wp\/v2\/pages"}],"about":[{"href":"https:\/\/www.svmed.ch\/rapport-2021\/wp-json\/wp\/v2\/types\/page"}],"author":[{"embeddable":true,"href":"https:\/\/www.svmed.ch\/rapport-2021\/wp-json\/wp\/v2\/users\/4"}],"replies":[{"embeddable":true,"href":"https:\/\/www.svmed.ch\/rapport-2021\/wp-json\/wp\/v2\/comments?post=270"}],"version-history":[{"count":15,"href":"https:\/\/www.svmed.ch\/rapport-2021\/wp-json\/wp\/v2\/pages\/270\/revisions"}],"predecessor-version":[{"id":1415,"href":"https:\/\/www.svmed.ch\/rapport-2021\/wp-json\/wp\/v2\/pages\/270\/revisions\/1415"}],"up":[{"embeddable":true,"href":"https:\/\/www.svmed.ch\/rapport-2021\/wp-json\/wp\/v2\/pages\/18"}],"wp:attachment":[{"href":"https:\/\/www.svmed.ch\/rapport-2021\/wp-json\/wp\/v2\/media?parent=270"}],"curies":[{"name":"wp","href":"https:\/\/api.w.org\/{rel}","templated":true}]}}