{"id":336,"date":"2019-05-20T17:31:29","date_gmt":"2019-05-20T15:31:29","guid":{"rendered":"https:\/\/www.svmed.ch\/rapport-2021\/?page_id=336"},"modified":"2022-02-25T15:31:08","modified_gmt":"2022-02-25T14:31:08","slug":"groupement-des-medecins-hospitaliers","status":"publish","type":"page","link":"https:\/\/www.svmed.ch\/rapport-2021\/rapports\/groupement-des-medecins-hospitaliers\/","title":{"rendered":"Groupement des m\u00e9decins hospitaliers"},"content":{"rendered":"<div class=\"the-content\"><p>L\u2019ann\u00e9e 2021 a \u00e9t\u00e9 tr\u00e8s intense et dense pour le Groupement des m\u00e9decins hospitaliers (GMH). En mars, le Dr Philippe Saegesser a remis sa pr\u00e9sidence, avec l\u2019\u00e9lection du Dr David Petermann \u00e0 sa succession. L\u2019assembl\u00e9e g\u00e9n\u00e9rale du GMH a rendu hommage aux 6 ans de pr\u00e9sidence du Dr Saegesser, notamment par les interventions du Dr Philippe Eggimann et de M. Pierre-Andr\u00e9 Repond, soulignant l\u2019importance du groupement, riche de 320 membres assurant une part cons\u00e9quente de l\u2019activit\u00e9 m\u00e9dicale hospitali\u00e8re vaudoise.<\/p>\n<p>L\u2019activit\u00e9 du GMH est rythm\u00e9e comme chaque ann\u00e9e par la tenue d\u2019une assembl\u00e9e g\u00e9n\u00e9rale, de 2 assembl\u00e9es des doyens et de 8 assembl\u00e9es du bureau du GMH. C\u2019est au sein du bureau que les sujets d\u2019int\u00e9r\u00eats pour la m\u00e9decine hospitali\u00e8re sont discut\u00e9s et trait\u00e9s.<\/p>\n<p>Nous assistons \u00e0 une diversification des fonctions m\u00e9dicales au sein des h\u00f4pitaux voulues notamment dans les conventions collectives de travail (CCT) de l\u2019H\u00f4pital Riviera-Chablais (HRC) et de l\u2019H\u00f4pital intercantonal de la Broye (HIB). Dans ce sens, l\u2019assembl\u00e9e g\u00e9n\u00e9rale a adopt\u00e9 une importante modification des statuts du GMH, permettant aux m\u00e9decins adjoints d\u2019\u00eatre membres du GMH.<\/p>\n<p>Le GMH a particip\u00e9 tr\u00e8s activement \u00e0 la formation de la Task Force SVM sur la question des contrats d\u2019assurance compl\u00e9mentaire dans le cadre de la Loi f\u00e9d\u00e9rale sur le contrat d&rsquo;assurance (LCA). Cette Task Force a vu le jour sous l\u2019impulsion commune des pr\u00e9sidents du Groupement des m\u00e9decins travaillant en clinique priv\u00e9e (GMCP, Dr Vincent Bettschart) et du GMH (Dr David Petermann). Elle permet d\u2019\u00e9laborer une r\u00e9ponse et une strat\u00e9gie globale de la SVM sur les questions soulev\u00e9es par l\u2019Autorit\u00e9 f\u00e9d\u00e9rale de surveillance des march\u00e9s financiers (FINMA) et relay\u00e9es par les assureurs et les institutions. Plus de 25 r\u00e9unions ont \u00e9t\u00e9 tenues avec des interlocuteurs locaux, r\u00e9gionaux et nationaux.<\/p>\n<div id=\"attachment_1350\" style=\"width: 677px\" class=\"wp-caption alignnone\"><img loading=\"lazy\" decoding=\"async\" aria-describedby=\"caption-attachment-1350\" class=\"wp-image-1350\" src=\"https:\/\/www.svmed.ch\/rapport-2021\/wp-content\/uploads\/sites\/25\/2022\/01\/5-illustration-scaled.jpg\" alt=\"\" width=\"667\" height=\"500\" srcset=\"https:\/\/www.svmed.ch\/rapport-2021\/wp-content\/uploads\/sites\/25\/2022\/01\/5-illustration-scaled.jpg 2560w, https:\/\/www.svmed.ch\/rapport-2021\/wp-content\/uploads\/sites\/25\/2022\/01\/5-illustration-300x225.jpg 300w, https:\/\/www.svmed.ch\/rapport-2021\/wp-content\/uploads\/sites\/25\/2022\/01\/5-illustration-1024x768.jpg 1024w, https:\/\/www.svmed.ch\/rapport-2021\/wp-content\/uploads\/sites\/25\/2022\/01\/5-illustration-768x576.jpg 768w, https:\/\/www.svmed.ch\/rapport-2021\/wp-content\/uploads\/sites\/25\/2022\/01\/5-illustration-1707x1280.jpg 1707w, https:\/\/www.svmed.ch\/rapport-2021\/wp-content\/uploads\/sites\/25\/2022\/01\/5-illustration-1536x1152.jpg 1536w, https:\/\/www.svmed.ch\/rapport-2021\/wp-content\/uploads\/sites\/25\/2022\/01\/5-illustration-2048x1536.jpg 2048w\" sizes=\"auto, (max-width: 667px) 100vw, 667px\" \/><p id=\"caption-attachment-1350\" class=\"wp-caption-text\">\u00a9 Laurent Kaczor<\/p><\/div>\n<h2>Conventions collectives de travail et planification hospitali\u00e8re au c\u0153ur des d\u00e9bats<\/h2>\n<p>Le dossier des CCT occupe le GMH tout au long de l\u2019ann\u00e9e. La <a href=\"https:\/\/www.svmed.ch\/gmh\/member-files\/124\/cct-hib\/930\/cct-mc-hib-2020-vf-signee.pdf\" target=\"_blank\" rel=\"noopener\">nouvelle CCT de l\u2019HIB<\/a> a \u00e9t\u00e9 sign\u00e9e le 29 mars 2021 par la SVM et le pr\u00e9sident du GMH. La relecture et la r\u00e9vision de la CCT F\u00e9d\u00e9ration des h\u00f4pitaux vaudois (FHV) &#8211; SVM suit son cours avec notamment 8 r\u00e9unions paritaires avec la FHV permettant de mener des travaux importants sur des modifications voulues par le Conseil d\u2019Etat, suite aux actions dict\u00e9es par le Contr\u00f4le cantonal des finances.<\/p>\n<p>Le Conseil d\u2019Etat a remis en juin son rapport concernant la planification hospitali\u00e8re des soins somatiques aigus portant sur les conditions-cadres. Le GMH s\u2019est joint \u00e0 la SVM pour apporter ses remarques en attirant l\u2019attention sur les \u00e9l\u00e9ments importants touchant directement les conditions de travail des m\u00e9decins actifs dans les h\u00f4pitaux vaudois.<\/p>\n<p>L\u2019ann\u00e9e 2021, riche en changements et nouveaut\u00e9s, a \u00e9t\u00e9 anim\u00e9e par ces dossiers cruciaux impliquant une activit\u00e9 tr\u00e8s importante du bureau du GMH, n\u00e9cessitant un soutien de ses membres que nous remercions sinc\u00e8rement.<\/p>\n<p><strong>Dr David Petermann<\/strong><br \/>\nPr\u00e9sident du Groupement des m\u00e9decins hospitaliers (GMH)<\/p>\n<p><a href=\"https:\/\/www.svmed.ch\/association\/groupements-et-commissions\/groupement-des-medecins-hospitaliers-gmh\/\" target=\"_blank\" rel=\"noopener noreferrer\">En savoir plus sur le GMH<\/a><\/p>\n<\/div>","protected":false},"excerpt":{"rendered":"<p>L\u2019ann\u00e9e 2021 a \u00e9t\u00e9 tr\u00e8s intense et dense pour le Groupement des m\u00e9decins hospitaliers (GMH). En mars, le Dr Philippe Saegesser a remis sa pr\u00e9sidence, avec l\u2019\u00e9lection du Dr David Petermann \u00e0 sa succession. L\u2019assembl\u00e9e g\u00e9n\u00e9rale du GMH a rendu hommage aux 6 ans de pr\u00e9sidence du Dr Saegesser, notamment par les interventions du Dr [&hellip;]<\/p>\n","protected":false},"author":4,"featured_media":0,"parent":18,"menu_order":11,"comment_status":"closed","ping_status":"closed","template":"","meta":{"_acf_changed":false,"inline_featured_image":false,"footnotes":""},"class_list":["post-336","page","type-page","status-publish","hentry"],"acf":[],"publishpress_future_action":{"enabled":false,"date":"2026-04-22 14:21:39","action":"change-status","newStatus":"draft","terms":[],"taxonomy":"","extraData":[]},"publishpress_future_workflow_manual_trigger":{"enabledWorkflows":[]},"_links":{"self":[{"href":"https:\/\/www.svmed.ch\/rapport-2021\/wp-json\/wp\/v2\/pages\/336","targetHints":{"allow":["GET"]}}],"collection":[{"href":"https:\/\/www.svmed.ch\/rapport-2021\/wp-json\/wp\/v2\/pages"}],"about":[{"href":"https:\/\/www.svmed.ch\/rapport-2021\/wp-json\/wp\/v2\/types\/page"}],"author":[{"embeddable":true,"href":"https:\/\/www.svmed.ch\/rapport-2021\/wp-json\/wp\/v2\/users\/4"}],"replies":[{"embeddable":true,"href":"https:\/\/www.svmed.ch\/rapport-2021\/wp-json\/wp\/v2\/comments?post=336"}],"version-history":[{"count":26,"href":"https:\/\/www.svmed.ch\/rapport-2021\/wp-json\/wp\/v2\/pages\/336\/revisions"}],"predecessor-version":[{"id":1536,"href":"https:\/\/www.svmed.ch\/rapport-2021\/wp-json\/wp\/v2\/pages\/336\/revisions\/1536"}],"up":[{"embeddable":true,"href":"https:\/\/www.svmed.ch\/rapport-2021\/wp-json\/wp\/v2\/pages\/18"}],"wp:attachment":[{"href":"https:\/\/www.svmed.ch\/rapport-2021\/wp-json\/wp\/v2\/media?parent=336"}],"curies":[{"name":"wp","href":"https:\/\/api.w.org\/{rel}","templated":true}]}}