{"id":34,"date":"2019-04-09T12:13:31","date_gmt":"2019-04-09T10:13:31","guid":{"rendered":"https:\/\/www.svmed.ch\/rapport-2021\/?page_id=34"},"modified":"2022-03-23T16:11:33","modified_gmt":"2022-03-23T15:11:33","slug":"bilan-du-president-de-la-svm","status":"publish","type":"page","link":"https:\/\/www.svmed.ch\/rapport-2021\/bilan-du-president-de-la-svm\/","title":{"rendered":"Bilan du pr\u00e9sident de la SVM"},"content":{"rendered":"<div class=\"the-content\"><p>Pour la deuxi\u00e8me ann\u00e9e cons\u00e9cutive, au nom du Comit\u00e9 de la Soci\u00e9t\u00e9 Vaudoise de M\u00e9decine, je souhaite d\u2019abord f\u00e9liciter tous les m\u00e9decins vaudois qui se sont \u00e0 nouveau admirablement mobilis\u00e9s pour soigner ou suivre des dizaines de milliers de malades du coronavirus (et pour r\u00e9pondre inlassablement aux questions des autres), tout en continuant \u00e0 prendre en charge tous les probl\u00e8mes de sant\u00e9 moins m\u00e9diatis\u00e9s de la population pendant cette crise, que ce soit \u00e0 l\u2019h\u00f4pital, en clinique ou en cabinet. La relation m\u00e9decin-patient s\u2019est encore renforc\u00e9e depuis le printemps 2020, et la population a pu v\u00e9rifier l\u2019importance de l\u2019alliance d\u2019une m\u00e9decine de proximit\u00e9 et d\u2019une m\u00e9decine hospitali\u00e8re de pointe. Il s&rsquo;agit d&rsquo;\u00e9l\u00e9ments indispensables d\u2019un syst\u00e8me de sant\u00e9 performant, susceptible de mobiliser des capacit\u00e9s suppl\u00e9mentaires n\u00e9cessaires pour \u00e9viter l\u2019effondrement.<\/p>\n<p>L\u2019heure du bilan de la gestion de la pand\u00e9mie viendra, le corps m\u00e9dical en sortira certainement la t\u00eate haute, mais l\u2019on peut d\u2019ores et d\u00e9j\u00e0 t\u00e9moigner du regret de tr\u00e8s nombreux m\u00e9decins vaudois d\u2019avoir \u00e9t\u00e9 emp\u00each\u00e9s d\u2019en faire encore davantage\u00a0! Peu associ\u00e9s aux r\u00e9flexions des autorit\u00e9s cantonales, \u00e9cart\u00e9s contre leur volont\u00e9 des campagnes de vaccination malgr\u00e9 une phase pilote r\u00e9jouissante d\u00e9but 2021, les m\u00e9decins install\u00e9s auraient souhait\u00e9 pour leur patients une meilleure mise \u00e0 disposition de la fantastique ressource m\u00e9dicale de proximit\u00e9 que constitue le r\u00e9seau des cabinets. Ce que d\u2019autres cantons et pays ont pourtant fait.<\/p>\n<p>Les vagues successives du Covid-19 en 2021 ont cependant occult\u00e9 d\u2019autres dossiers d\u2019importance aux niveaux cantonal et f\u00e9d\u00e9ral, comme la lecture des diff\u00e9rentes contributions de ce rapport permet de le constater. Un vif merci doit \u00e0 cet \u00e9gard \u00eatre adress\u00e9 \u00e0 tous nos membres qui vouent du temps et de l\u2019\u00e9nergie \u00e0 la politique professionnelle. Cette contribution est essentielle \u00e0 la d\u00e9fense des conditions d\u2019exercice de la m\u00e9decine, afin qu\u2019elle reste accessible et de qualit\u00e9.<\/p>\n<div id=\"attachment_1402\" style=\"width: 403px\" class=\"wp-caption alignnone\"><img loading=\"lazy\" decoding=\"async\" aria-describedby=\"caption-attachment-1402\" class=\"wp-image-1402\" src=\"https:\/\/www.svmed.ch\/rapport-2021\/wp-content\/uploads\/sites\/25\/2022\/01\/dr-philippe-eggimann-jsvm-2021.jpg\" alt=\"\" width=\"393\" height=\"500\" srcset=\"https:\/\/www.svmed.ch\/rapport-2021\/wp-content\/uploads\/sites\/25\/2022\/01\/dr-philippe-eggimann-jsvm-2021.jpg 1125w, https:\/\/www.svmed.ch\/rapport-2021\/wp-content\/uploads\/sites\/25\/2022\/01\/dr-philippe-eggimann-jsvm-2021-236x300.jpg 236w, https:\/\/www.svmed.ch\/rapport-2021\/wp-content\/uploads\/sites\/25\/2022\/01\/dr-philippe-eggimann-jsvm-2021-804x1024.jpg 804w, https:\/\/www.svmed.ch\/rapport-2021\/wp-content\/uploads\/sites\/25\/2022\/01\/dr-philippe-eggimann-jsvm-2021-768x978.jpg 768w, https:\/\/www.svmed.ch\/rapport-2021\/wp-content\/uploads\/sites\/25\/2022\/01\/dr-philippe-eggimann-jsvm-2021-1006x1280.jpg 1006w\" sizes=\"auto, (max-width: 393px) 100vw, 393px\" \/><p id=\"caption-attachment-1402\" class=\"wp-caption-text\">\u00a9 Laurent Kaczor<\/p><\/div>\n<p>Parmi les dossiers \u00ab chauds \u00bb de l\u2019ann\u00e9e d\u00e9sormais sous revue, mais qui continueront d\u2019occuper la SVM en 2022, citons les attaques contre la valeur vaudoise du point tarifaire TARMED \u00e9manant, et c\u2019est relativement nouveau pour \u00eatre soulign\u00e9 ici, directement des autorit\u00e9s et plus uniquement des assureurs. Il est en particulier regrettable et m\u00eame inqui\u00e9tant de constater que des st\u00e9r\u00e9otypes sur les liens suppos\u00e9s entre revenu m\u00e9dical, co\u00fbts de la sant\u00e9 et primes d\u2019assurance-maladie obligatoire ont la vie dure, malgr\u00e9 l\u2019existence de donn\u00e9es officielles qui montrent le contraire. Nous regrettons surtout qu\u2019il faille dor\u00e9navant s\u2019adresser aux tribunaux pour que le droit f\u00e9d\u00e9ral soit respect\u00e9 dans notre canton.<\/p>\n<p>Les crit\u00e8res selon lesquels le Conseil d\u2019Etat entend mettre \u00e0 jour la planification hospitali\u00e8re est un autre dossier br\u00fblant. Leur mise en consultation a r\u00e9v\u00e9l\u00e9 des intentions particuli\u00e8rement centralisatrices qui hantent les nuits de nombreux m\u00e9decins hospitaliers ou agr\u00e9\u00e9s des cliniques et effraient m\u00eame certains de leurs coll\u00e8gues du CHUV, d\u00e9j\u00e0 surcharg\u00e9s. L\u00e0 aussi, force est de constater des incompatibilit\u00e9s avec la LAMal et la jurisprudence. Comme d\u2019autres partenaires, la SVM regrette la volont\u00e9 de supprimer les m\u00e9decins agr\u00e9\u00e9s ind\u00e9pendants et celle de limiter la compl\u00e9mentarit\u00e9 entre secteurs public et priv\u00e9 de la sant\u00e9, pourtant voulue par le l\u00e9gislateur. Face au toll\u00e9 suscit\u00e9, le Conseil d\u2019Etat a encore une fois report\u00e9 la planification qui n\u2019a pourtant pas \u00e9t\u00e9 r\u00e9vis\u00e9e depuis son instauration en 2012. Affaire \u00e0 suivre\u2026<\/p>\n<p>Enfin, si le Canton a annonc\u00e9 que le cap du million d\u2019habitants pourrait \u00eatre franchi en 2040, il ne semble pas avoir encore pris la mesure du nombre de m\u00e9decins suppl\u00e9mentaires qu\u2019il faudra pour prendre en charge 180&rsquo;000 patients de plus qu\u2019aujourd\u2019hui, dont un nombre croissant de seniors. L\u2019entr\u00e9e en vigueur en 2021 d\u2019un nouveau r\u00e9gime f\u00e9d\u00e9ral rempla\u00e7ant la clause du besoin reconduite depuis 2001, dont les modalit\u00e9s vaudoises seront bient\u00f4t connues, \u00e9veille de nombreuses craintes. Face \u00e0 la p\u00e9nurie de m\u00e9decins dans de nombreux domaines, il est souhaitable que nos autorit\u00e9s en prennent conscience et en tiennent compte.<\/p>\n<p>Un grand bravo enfin \u00e0 l\u2019\u00e9quipe du secr\u00e9tariat g\u00e9n\u00e9ral de la SVM qui, malgr\u00e9 des doses encore cons\u00e9quentes de t\u00e9l\u00e9travail, a continu\u00e9 \u00e0 maintenir la liaison avec nos membres, \u00e0 les soutenir dans leur pratique et \u00e0 d\u00e9fendre sans rel\u00e2che leurs int\u00e9r\u00eats, ainsi qu\u2019\u00e0 faire avancer de nombreux projets strat\u00e9giques, en faveur d\u2019une m\u00e9decine aussi performante qu\u2019accessible.<\/p>\n<p><strong>Dr Philippe Eggimann, pr\u00e9sident de la SVM<\/strong><\/p>\n<\/div>","protected":false},"excerpt":{"rendered":"<p>Pour la deuxi\u00e8me ann\u00e9e cons\u00e9cutive, au nom du Comit\u00e9 de la Soci\u00e9t\u00e9 Vaudoise de M\u00e9decine, je souhaite d\u2019abord f\u00e9liciter tous les m\u00e9decins vaudois qui se sont \u00e0 nouveau admirablement mobilis\u00e9s pour soigner ou suivre des dizaines de milliers de malades du coronavirus (et pour r\u00e9pondre inlassablement aux questions des autres), tout en continuant \u00e0 prendre [&hellip;]<\/p>\n","protected":false},"author":1,"featured_media":0,"parent":0,"menu_order":0,"comment_status":"closed","ping_status":"closed","template":"","meta":{"_acf_changed":false,"inline_featured_image":false,"footnotes":""},"class_list":["post-34","page","type-page","status-publish","hentry"],"acf":[],"publishpress_future_action":{"enabled":false,"date":"2026-04-22 14:21:40","action":"change-status","newStatus":"draft","terms":[],"taxonomy":"","extraData":[]},"publishpress_future_workflow_manual_trigger":{"enabledWorkflows":[]},"_links":{"self":[{"href":"https:\/\/www.svmed.ch\/rapport-2021\/wp-json\/wp\/v2\/pages\/34","targetHints":{"allow":["GET"]}}],"collection":[{"href":"https:\/\/www.svmed.ch\/rapport-2021\/wp-json\/wp\/v2\/pages"}],"about":[{"href":"https:\/\/www.svmed.ch\/rapport-2021\/wp-json\/wp\/v2\/types\/page"}],"author":[{"embeddable":true,"href":"https:\/\/www.svmed.ch\/rapport-2021\/wp-json\/wp\/v2\/users\/1"}],"replies":[{"embeddable":true,"href":"https:\/\/www.svmed.ch\/rapport-2021\/wp-json\/wp\/v2\/comments?post=34"}],"version-history":[{"count":33,"href":"https:\/\/www.svmed.ch\/rapport-2021\/wp-json\/wp\/v2\/pages\/34\/revisions"}],"predecessor-version":[{"id":1465,"href":"https:\/\/www.svmed.ch\/rapport-2021\/wp-json\/wp\/v2\/pages\/34\/revisions\/1465"}],"wp:attachment":[{"href":"https:\/\/www.svmed.ch\/rapport-2021\/wp-json\/wp\/v2\/media?parent=34"}],"curies":[{"name":"wp","href":"https:\/\/api.w.org\/{rel}","templated":true}]}}