{"id":42,"date":"2019-04-09T12:15:24","date_gmt":"2019-04-09T10:15:24","guid":{"rendered":"https:\/\/www.svmed.ch\/rapport-2021\/?page_id=42"},"modified":"2022-02-25T15:31:07","modified_gmt":"2022-02-25T14:31:07","slug":"amc","status":"publish","type":"page","link":"https:\/\/www.svmed.ch\/rapport-2021\/rapports\/amc\/","title":{"rendered":"Association des m\u00e9decins-cadres du CHUV"},"content":{"rendered":"<div class=\"the-content\"><p>En cette ann\u00e9e 2021, l\u2019Association des M\u00e9decins Cadres du CHUV (AMC) s\u2019est concentr\u00e9e principalement sur l\u2019impl\u00e9mentation d\u2019un questionnaire intitul\u00e9 \u00ab\u00a0Sondage sur la satisfaction au travail et le bien-\u00eatre des m\u00e9decins cadres du CHUV\u00a0\u00bb. Ce sondage r\u00e9alis\u00e9 en collaboration avec la direction g\u00e9n\u00e9rale de l&rsquo;\u00e9tablissement contenait une septantaine de questions ayant trait \u00e0 de nombreux aspects influen\u00e7ant la vie professionnelle du m\u00e9decin cadre au CHUV. Il a \u00e9t\u00e9 d\u00e9ploy\u00e9 par un institut de sondage ind\u00e9pendant.<\/p>\n<p>L\u2019objectif de ce sondage est de cartographier les enjeux professionnels et les difficult\u00e9s auxquelles font face les m\u00e9decins cadres du CHUV, afin de pouvoir dans un second temps travailler de concert avec la direction du CHUV \u00e0 l\u2019am\u00e9lioration des conditions cadres de cette fonction exigeante.<\/p>\n<div id=\"attachment_1349\" style=\"width: 677px\" class=\"wp-caption alignnone\"><img loading=\"lazy\" decoding=\"async\" aria-describedby=\"caption-attachment-1349\" class=\"wp-image-1349\" src=\"https:\/\/www.svmed.ch\/rapport-2021\/wp-content\/uploads\/sites\/25\/2022\/01\/2-illustration-scaled.jpg\" alt=\"\" width=\"667\" height=\"500\" srcset=\"https:\/\/www.svmed.ch\/rapport-2021\/wp-content\/uploads\/sites\/25\/2022\/01\/2-illustration-scaled.jpg 2560w, https:\/\/www.svmed.ch\/rapport-2021\/wp-content\/uploads\/sites\/25\/2022\/01\/2-illustration-300x225.jpg 300w, https:\/\/www.svmed.ch\/rapport-2021\/wp-content\/uploads\/sites\/25\/2022\/01\/2-illustration-1024x768.jpg 1024w, https:\/\/www.svmed.ch\/rapport-2021\/wp-content\/uploads\/sites\/25\/2022\/01\/2-illustration-768x576.jpg 768w, https:\/\/www.svmed.ch\/rapport-2021\/wp-content\/uploads\/sites\/25\/2022\/01\/2-illustration-1707x1280.jpg 1707w, https:\/\/www.svmed.ch\/rapport-2021\/wp-content\/uploads\/sites\/25\/2022\/01\/2-illustration-1536x1152.jpg 1536w, https:\/\/www.svmed.ch\/rapport-2021\/wp-content\/uploads\/sites\/25\/2022\/01\/2-illustration-2048x1536.jpg 2048w\" sizes=\"auto, (max-width: 667px) 100vw, 667px\" \/><p id=\"caption-attachment-1349\" class=\"wp-caption-text\">\u00a9 Laurent Kaczor<\/p><\/div>\n<p>&nbsp;<\/p>\n<p><strong>Dr Patric Hagmann<\/strong><br \/>\nPr\u00e9sident de l&rsquo;Association des m\u00e9decins-cadres du CHUV (AMC)<\/p>\n<p><a href=\"https:\/\/www.svmed.ch\/gmcc\/\" target=\"_blank\" rel=\"noopener noreferrer\">En savoir plus sur l&rsquo;AMC<\/a><\/p>\n<\/div>","protected":false},"excerpt":{"rendered":"<p>En cette ann\u00e9e 2021, l\u2019Association des M\u00e9decins Cadres du CHUV (AMC) s\u2019est concentr\u00e9e principalement sur l\u2019impl\u00e9mentation d\u2019un questionnaire intitul\u00e9 \u00ab\u00a0Sondage sur la satisfaction au travail et le bien-\u00eatre des m\u00e9decins cadres du CHUV\u00a0\u00bb. Ce sondage r\u00e9alis\u00e9 en collaboration avec la direction g\u00e9n\u00e9rale de l&rsquo;\u00e9tablissement contenait une septantaine de questions ayant trait \u00e0 de nombreux aspects [&hellip;]<\/p>\n","protected":false},"author":1,"featured_media":0,"parent":18,"menu_order":2,"comment_status":"closed","ping_status":"closed","template":"","meta":{"_acf_changed":false,"inline_featured_image":false,"footnotes":""},"class_list":["post-42","page","type-page","status-publish","hentry"],"acf":[],"publishpress_future_action":{"enabled":false,"date":"2026-04-20 15:30:07","action":"change-status","newStatus":"draft","terms":[],"taxonomy":"","extraData":[]},"publishpress_future_workflow_manual_trigger":{"enabledWorkflows":[]},"_links":{"self":[{"href":"https:\/\/www.svmed.ch\/rapport-2021\/wp-json\/wp\/v2\/pages\/42","targetHints":{"allow":["GET"]}}],"collection":[{"href":"https:\/\/www.svmed.ch\/rapport-2021\/wp-json\/wp\/v2\/pages"}],"about":[{"href":"https:\/\/www.svmed.ch\/rapport-2021\/wp-json\/wp\/v2\/types\/page"}],"author":[{"embeddable":true,"href":"https:\/\/www.svmed.ch\/rapport-2021\/wp-json\/wp\/v2\/users\/1"}],"replies":[{"embeddable":true,"href":"https:\/\/www.svmed.ch\/rapport-2021\/wp-json\/wp\/v2\/comments?post=42"}],"version-history":[{"count":21,"href":"https:\/\/www.svmed.ch\/rapport-2021\/wp-json\/wp\/v2\/pages\/42\/revisions"}],"predecessor-version":[{"id":1412,"href":"https:\/\/www.svmed.ch\/rapport-2021\/wp-json\/wp\/v2\/pages\/42\/revisions\/1412"}],"up":[{"embeddable":true,"href":"https:\/\/www.svmed.ch\/rapport-2021\/wp-json\/wp\/v2\/pages\/18"}],"wp:attachment":[{"href":"https:\/\/www.svmed.ch\/rapport-2021\/wp-json\/wp\/v2\/media?parent=42"}],"curies":[{"name":"wp","href":"https:\/\/api.w.org\/{rel}","templated":true}]}}