{"id":1480,"date":"2022-03-28T10:39:52","date_gmt":"2022-03-28T08:39:52","guid":{"rendered":"https:\/\/www.svmed.ch\/rapport-2022\/?page_id=1480"},"modified":"2025-12-10T16:39:26","modified_gmt":"2025-12-10T15:39:26","slug":"vie-associative","status":"publish","type":"page","link":"https:\/\/www.svmed.ch\/rapport-2022\/faits-marquants\/vie-associative\/","title":{"rendered":"Vie associative"},"content":{"rendered":"<div class=\"the-content\"><p><em><strong>Par Pierre-Andr\u00e9 Repond, secr\u00e9taire g\u00e9n\u00e9ral sortant de la SVM &amp; Steve Aeschlimann, secr\u00e9taire g\u00e9n\u00e9ral entrant<\/strong><\/em><\/p>\n<ul>\n<li><a href=\"#collectivite-svm\">Collectivit\u00e9 des membres<\/a><\/li>\n<li><a href=\"#assemblee-delegues\">Assembl\u00e9e des D\u00e9l\u00e9gu\u00e9s (AD)<\/a><\/li>\n<li><a href=\"#comite\">Comit\u00e9<\/a><\/li>\n<li><a href=\"#conference-presidents\">Conf\u00e9rence des pr\u00e9sidents<\/a><\/li>\n<li><a href=\"#secretariat-general\">Secr\u00e9tariat g\u00e9n\u00e9ral<\/a><\/li>\n<li><a href=\"#archives-bicentenaire\">Archives et bicentenaire SVM<\/a><\/li>\n<li><a href=\"#communication\">Communication<\/a><\/li>\n<\/ul>\n<h3>Soci\u00e9t\u00e9 vaudoise de m\u00e9decine\u00a0: vie associative<\/h3>\n<p>&nbsp;<\/p>\n<p id=\"collectivite-svm\"><span style=\"color: #81292e;\"><strong>Collectivit\u00e9 des membres.<\/strong><\/span> La SVM comptait 3\u2019916 membres \u00e0 fin 2022 (+41), dont 2\u2019964 en activit\u00e9 (-17). Sur l\u2019ensemble de l\u2019ann\u00e9e, il a \u00e9t\u00e9 recens\u00e9 216 admissions pour 120 d\u00e9missions, d\u00e9parts \u00e0 la retraite ou d\u00e9c\u00e8s. La f\u00e9minisation de l\u2019association s\u2019est nettement renforc\u00e9e en 2022 avec pour la quatri\u00e8me ann\u00e9e cons\u00e9cutive plus de nouvelles membres (+131 ; 61%) que de nouveaux membres (+85 ; 39%).<\/p>\n<p>Le statut de membre honoraire a \u00e9t\u00e9 conf\u00e9r\u00e9 lors de l\u2019ann\u00e9e sous revue \u00e0 24 m\u00e9decins (\u00e9m\u00e9rites retrait\u00e9s, membres de longue date), soit : Dr Jean-Fran\u00e7ois Anex, Dr Michel Badan, Dre Anne-Claire Bloesch, Dre Eva Boss, Dr Daniel Bossard, Dr Victor Covarrubias, Dr Jean-Fran\u00e7ois Delaloye, Dre Emilia Dumitrescu, Dre C\u00e9cile Genton Bazak, Dr Antoine Jallut, Dr Michel Junod, Dre Patricia Junod-Mayor, Dr Marc-Andr\u00e9 Leuenberger, Dr Chinh Linh-Quang, Dre Malin Maeder-Ingvar, Dr Christopher Naegeli, Dr Claude Oppikofer, Dr Olivier Raccaud, Dr Michel Ravessoud, Dr Olivier Reymond, Dr Philippe Saillen, Dr Philippe Simon, Dre Anne Terrail et Dr Antoine Truscello.<\/p>\n<div id=\"attachment_1771\" style=\"width: 2570px\" class=\"wp-caption alignnone\"><a href=\"https:\/\/www.svmed.ch\/rapport-2022\/rapports\/assemblee-des-delegues\/\" target=\"_blank\" rel=\"noopener\"><img loading=\"lazy\" decoding=\"async\" aria-describedby=\"caption-attachment-1771\" class=\"wp-image-1771 size-full\" src=\"https:\/\/www.svmed.ch\/rapport-2022\/wp-content\/uploads\/sites\/28\/2023\/02\/ad-svm-2022-selection.png\" class=\"fresco\" data-fresco-caption=\"\" data-fresco-options=\"thumbnails:false\"  alt=\"\" width=\"2560\" height=\"1707\" srcset=\"https:\/\/www.svmed.ch\/rapport-2022\/wp-content\/uploads\/sites\/28\/2023\/02\/ad-svm-2022-selection.png 2560w, https:\/\/www.svmed.ch\/rapport-2022\/wp-content\/uploads\/sites\/28\/2023\/02\/ad-svm-2022-selection-300x200.png 300w, https:\/\/www.svmed.ch\/rapport-2022\/wp-content\/uploads\/sites\/28\/2023\/02\/ad-svm-2022-selection-1024x683.png 1024w, https:\/\/www.svmed.ch\/rapport-2022\/wp-content\/uploads\/sites\/28\/2023\/02\/ad-svm-2022-selection-768x512.png 768w, https:\/\/www.svmed.ch\/rapport-2022\/wp-content\/uploads\/sites\/28\/2023\/02\/ad-svm-2022-selection-1920x1280.png 1920w, https:\/\/www.svmed.ch\/rapport-2022\/wp-content\/uploads\/sites\/28\/2023\/02\/ad-svm-2022-selection-1536x1024.png 1536w, https:\/\/www.svmed.ch\/rapport-2022\/wp-content\/uploads\/sites\/28\/2023\/02\/ad-svm-2022-selection-2048x1366.png 2048w\" sizes=\"auto, (max-width: 2560px) 100vw, 2560px\" \/><\/a><p id=\"caption-attachment-1771\" class=\"wp-caption-text\"><em>Assembl\u00e9e des d\u00e9l\u00e9gu\u00e9s de la SVM le 30 juin 2022 \u00e0 l&rsquo;h\u00f4tel M\u00f6venpick \u00e0 Lausanne \u00a9 Laurent Kaczor<\/em><\/p><\/div>\n<p id=\"assemblee-delegues\"><span style=\"color: #81292e;\"><strong>Assembl\u00e9e des D\u00e9l\u00e9gu\u00e9s (AD).<\/strong><\/span> Les trois AD de la SVM agend\u00e9es en 2022 (31 mars, 30 juin et 24 novembre), se sont d\u00e9roul\u00e9es comme pr\u00e9vu, avec en prime une deuxi\u00e8me s\u00e9ance extraordinaire le 24 novembre, consacr\u00e9e au projet de modification du r\u00e8glement de l\u2019AD. A noter que la l\u00e9gislature associative qui devait se terminer en 2022 a \u00e9t\u00e9 exceptionnellement prolong\u00e9e par l\u2019AD, le temps de finaliser la modification en cours de son r\u00e8glement. Les nouvelles \u00e9lections de l\u2019AD sont pr\u00e9vues en 2023.<\/p>\n<p>A relever que la situation financi\u00e8re de la SVM est bonne et que les comptes sont sains. Un rabais exceptionnel de cotisation de 10% a ainsi \u00e9t\u00e9 accept\u00e9 par l\u2019AD pour 2023, ainsi qu\u2019un autre de valeur \u00e9quivalente pour les cotisations CAFMED (Caisse d\u2019allocations familiales de la SVM). Les informations d\u00e9taill\u00e9es sur l\u2019AD et ses travaux (composition, PV, ordres du jour, documents, etc.) sont disponibles pour les membres sur le <a href=\"https:\/\/www.svmed.ch\/association\/assemblee-des-delegues\/\">site web de la SVM<\/a>.<\/p>\n<p>En savoir plus\u00a0: <u><a href=\"https:\/\/www.svmed.ch\/rapport-2022\/rapports\/assemblee-des-delegues\/\">Lire le rapport du pr\u00e9sident de l\u2019AD<\/a><\/u><br \/>\n<span id=\"comite-home\"><\/span><\/p>\n<p id=\"comite\"><span style=\"color: #81292e;\"><strong>Comit\u00e9.<\/strong><\/span> Le Dr Philippe Eggimann et le Dr Adrien Tempia ont \u00e9t\u00e9 reconduits respectivement \u00e0 la pr\u00e9sidence et \u00e0 la vice-pr\u00e9sidence de la SVM, pour un troisi\u00e8me et dernier mandat de 2 ans. La Dre S\u00e9verine Oppliger a \u00e9t\u00e9 \u00e9lue en tant que deuxi\u00e8me vice-pr\u00e9sidente de la SVM. Le Dr Herv\u00e9 Probst a rejoint le comit\u00e9 en mars pour succ\u00e9der au Dr Philippe Saegesser, qui ne sollicitait pas de nouveau mandat.<\/p>\n<div id=\"attachment_1758\" style=\"width: 2570px\" class=\"wp-caption alignnone\"><img loading=\"lazy\" decoding=\"async\" aria-describedby=\"caption-attachment-1758\" class=\"wp-image-1758 size-full\" src=\"https:\/\/www.svmed.ch\/rapport-2022\/wp-content\/uploads\/sites\/28\/2023\/02\/ad-reelections-juin-2022.jpg\" alt=\"\" width=\"2560\" height=\"1707\" srcset=\"https:\/\/www.svmed.ch\/rapport-2022\/wp-content\/uploads\/sites\/28\/2023\/02\/ad-reelections-juin-2022.jpg 2560w, https:\/\/www.svmed.ch\/rapport-2022\/wp-content\/uploads\/sites\/28\/2023\/02\/ad-reelections-juin-2022-300x200.jpg 300w, https:\/\/www.svmed.ch\/rapport-2022\/wp-content\/uploads\/sites\/28\/2023\/02\/ad-reelections-juin-2022-1024x683.jpg 1024w, https:\/\/www.svmed.ch\/rapport-2022\/wp-content\/uploads\/sites\/28\/2023\/02\/ad-reelections-juin-2022-768x512.jpg 768w, https:\/\/www.svmed.ch\/rapport-2022\/wp-content\/uploads\/sites\/28\/2023\/02\/ad-reelections-juin-2022-1920x1280.jpg 1920w, https:\/\/www.svmed.ch\/rapport-2022\/wp-content\/uploads\/sites\/28\/2023\/02\/ad-reelections-juin-2022-1536x1024.jpg 1536w, https:\/\/www.svmed.ch\/rapport-2022\/wp-content\/uploads\/sites\/28\/2023\/02\/ad-reelections-juin-2022-2048x1366.jpg 2048w\" sizes=\"auto, (max-width: 2560px) 100vw, 2560px\" \/><p id=\"caption-attachment-1758\" class=\"wp-caption-text\"><em>La Dre S\u00e9verine Oppliger, nouvelle vice-pr\u00e9sidente de la SVM, aux c\u00f4t\u00e9s du Dr Philippe Eggimann (pr\u00e9sident) et du Dr Adrian Tempia (vice-pr\u00e9sident), tous deux r\u00e9\u00e9lus pour un dernier mandat de 2 ans. \u00a9 Laurent Kaczor<\/em><\/p><\/div>\n<p>Composition\u00a0au 31.12.2022\u00a0: Dr Philippe Eggimann (Pr\u00e9sident), Dre S\u00e9verine Oppliger (Vice-Pr\u00e9sidente), Dr Adrien Tempia (Vice-Pr\u00e9sident), Dr Patrick Bovier, Dr David Knobel, Dr St\u00e9phane Lambert, Prof. Olivier Lamy, Dr Herv\u00e9 Probst, Dre Isabelle Rappaz Gervaix.<\/p>\n<p>A lire \u00e9galement\u00a0: <a href=\"https:\/\/www.svmed.ch\/rapport-2022\/bilan-du-president-de-la-svm\/\">Bilan 2022 du pr\u00e9sident du Comit\u00e9 de la SVM<\/a><br \/>\n<span id=\"conference-presidents-home\"><\/span><\/p>\n<p id=\"conference-presidents\"><span style=\"color: #81292e;\"><strong>Conf\u00e9rence des pr\u00e9sidents. <\/strong><\/span>Organe au r\u00f4le consultatif, la Conf\u00e9rence des pr\u00e9sidents r\u00e9unit ponctuellement les pr\u00e9sidents de groupements pour d\u00e9battre de probl\u00e9matiques d\u2019actualit\u00e9. En 2022, deux conf\u00e9rences des pr\u00e9sidents ont pu avoir lieu, toutes deux en visioconf\u00e9rence : le <a href=\"https:\/\/www.svmed.ch\/conference-des-presidents-du-8-septembre-2022-clause-du-besoin-reformer-et-tarifs-2023\/\">8 septembre<\/a> et le 16 novembre sur divers dossiers tels que la clause du besoin, le projet de r\u00e9organisation de la formation m\u00e9dicale postgradu\u00e9e en Suisse romande \u00ab\u00a0<a href=\"https:\/\/www.svmed.ch\/doc-mag\/dossiers\/reformer-y-a-t-il-un-medecin-a-bord\/\">R\u00e9former\u00a0<\/a>\u00bb, le dossier \u00e9lectronique du patient, les prestations LCA ou encore l\u2019anticipation d\u2019une \u00e9ventuelle p\u00e9nurie d\u2019\u00e9lectricit\u00e9.<\/p>\n<p>&nbsp;<\/p>\n<p id=\"secretariat-general\"><strong><span style=\"color: #81292e;\">Secr\u00e9tariat g\u00e9n\u00e9ral.<\/span> <\/strong>L\u2019ann\u00e9e 2022 a \u00e9t\u00e9 marqu\u00e9e par le d\u00e9part en d\u00e9cembre de <a href=\"https:\/\/www.svmed.ch\/depart-dici-la-fin-de-lannee-2022-du-secretaire-general-de-la-svm-pierre-andre-repond\/\">Pierre-Andr\u00e9 Repond<\/a>, apr\u00e8s 24 ans pass\u00e9s \u00e0 la t\u00eate du secr\u00e9tariat g\u00e9n\u00e9ral de la SVM, et l\u2019arriv\u00e9e d\u00e8s septembre de son successeur <a href=\"https:\/\/www.svmed.ch\/steve-aeschlimann-succedera-a-pierre-andre-repond-au-poste-de-secretaire-general-de-la-svm\/\">Steve Aeschlimann<\/a>. Cette longue p\u00e9riode de transition a ainsi permis une passation harmonieuse des dossiers.<\/p>\n<div id=\"attachment_1532\" style=\"width: 2570px\" class=\"wp-caption alignnone\"><img loading=\"lazy\" decoding=\"async\" aria-describedby=\"caption-attachment-1532\" class=\"size-full wp-image-1532\" src=\"https:\/\/www.svmed.ch\/rapport-2022\/wp-content\/uploads\/sites\/28\/2023\/01\/20221013-ftc-journee-svm-0249.jpg\" alt=\"\" width=\"2560\" height=\"1707\" srcset=\"https:\/\/www.svmed.ch\/rapport-2022\/wp-content\/uploads\/sites\/28\/2023\/01\/20221013-ftc-journee-svm-0249.jpg 2560w, https:\/\/www.svmed.ch\/rapport-2022\/wp-content\/uploads\/sites\/28\/2023\/01\/20221013-ftc-journee-svm-0249-300x200.jpg 300w, https:\/\/www.svmed.ch\/rapport-2022\/wp-content\/uploads\/sites\/28\/2023\/01\/20221013-ftc-journee-svm-0249-1024x683.jpg 1024w, https:\/\/www.svmed.ch\/rapport-2022\/wp-content\/uploads\/sites\/28\/2023\/01\/20221013-ftc-journee-svm-0249-768x512.jpg 768w, https:\/\/www.svmed.ch\/rapport-2022\/wp-content\/uploads\/sites\/28\/2023\/01\/20221013-ftc-journee-svm-0249-1920x1280.jpg 1920w, https:\/\/www.svmed.ch\/rapport-2022\/wp-content\/uploads\/sites\/28\/2023\/01\/20221013-ftc-journee-svm-0249-1536x1024.jpg 1536w, https:\/\/www.svmed.ch\/rapport-2022\/wp-content\/uploads\/sites\/28\/2023\/01\/20221013-ftc-journee-svm-0249-2048x1366.jpg 2048w\" sizes=\"auto, (max-width: 2560px) 100vw, 2560px\" \/><p id=\"caption-attachment-1532\" class=\"wp-caption-text\"><em>Passation de pouvoir symbolique lors de la Journ\u00e9e SVM 2022 entre le secr\u00e9taire g\u00e9n\u00e9ral sortant Pierre-Andr\u00e9 Repond (\u00e0 droite) et son successeur Steve Aeschlimann (\u00e0 gauche), accompagn\u00e9s du Dr Philippe Eggimann, pr\u00e9sident de la SVM. \u00a9 Laurent Kaczor<\/em><\/p><\/div>\n<p>Le <strong>Service aux membres<\/strong> aura \u00e9t\u00e9 encore une fois particuli\u00e8rement sollicit\u00e9 en 2022 (6090 appels et 14&rsquo;268 tickets \u00e9lectroniques (!) pouvant g\u00e9n\u00e9rer chacun divers \u00e9changes de mails), bien que la situation pand\u00e9mique se soit stabilis\u00e9e. Malgr\u00e9 cette charge grandissante qui s\u2019explique notamment par la forte croissance de la corporation, le Service aux membres a \u00e9t\u00e9 impliqu\u00e9 sur plusieurs dossiers transversaux en plus de ses activit\u00e9s courantes. Citons notamment la mise \u00e0 jour de la liste des m\u00e9decins acceptant de nouveaux patients, la mise en conformit\u00e9 de la base de donn\u00e9es aux nouveaux standards de la Poste, la transition vers des QR factures annuelles, la constitution de statistiques de membres de plus de 65 ans encore en activit\u00e9, le renouvellement de l\u2019adh\u00e9sion des non-membres SVM aux conventions TARMED, ainsi bien s\u00fbr que le soutien op\u00e9rationnel et l\u2019accueil des membres lors des \u00e9v\u00e9nements SVM. A noter qu\u2019il n\u2019y a pas eu de s\u00e9ance conviviale d\u2019accueil pour les nouveaux membres en 2022, mais ceux-ci ont n\u00e9anmoins pu pr\u00eater serment lors de la Journ\u00e9e de la SVM.<\/p>\n<p>Compte tenu de l\u2019augmentation des demandes \u00e0 la permanence juridique de la SVM, le <strong>service juridique <\/strong>de la SVM s\u2019est renforc\u00e9 en 2022 avec l\u2019arriv\u00e9e d\u2019une nouvelle collaboratrice, Mme Ruth-Ester Morerod-N\u2019Goran, juriste \u00e0 50%. En parall\u00e8le de son activit\u00e9 \u00e0 la SVM, Mme Morerod-N\u2019Goran r\u00e9dige une th\u00e8se de doctorat en droit s\u2019intitulant \u00ab Les m\u00e9decines dites compl\u00e9mentaires et traditionnelles : Perspectives historique et de droit compar\u00e9 \u00bb.<\/p>\n<p>Le service juridique a aussi \u00e9t\u00e9 pleinement impliqu\u00e9 dans les n\u00e9gociations tarifaires (AOS, LCA), les r\u00e9ponses aux diverses consultations cantonales et f\u00e9d\u00e9rales, ainsi que les travaux li\u00e9s aux CCT FHV\/HIB\/HRC ou \u00e0 la nouvelle r\u00e8glementation sur la clause du besoin. Enfin, vu le succ\u00e8s du <a href=\"https:\/\/www.chuv.ch\/fr\/chuv-home\/formation\/offre-de-formation\/offre-de-formation-detail\/formation\/installation-en-cabinet-modules-1-et-2\">cours d\u2019installation en cabinet<\/a> (en collaboration avec l\u2019ASMAV, le CHUV et Unisant\u00e9), celui-ci sera reconduit en 2023.<\/p>\n<div id=\"attachment_1819\" style=\"width: 2570px\" class=\"wp-caption alignnone\"><a href=\"https:\/\/www.chuv.ch\/fr\/chuv-home\/formation\/offre-de-formation\/offre-de-formation-detail\/formation\/installation-en-cabinet-modules-1-et-2\" target=\"_blank\" rel=\"noopener\"><img loading=\"lazy\" decoding=\"async\" aria-describedby=\"caption-attachment-1819\" class=\"size-full wp-image-1819\" src=\"https:\/\/www.svmed.ch\/rapport-2022\/wp-content\/uploads\/sites\/28\/2023\/03\/20200929-svm-chuv-installation-cabinet-0061.jpg\" class=\"fresco\" data-fresco-caption=\"\" data-fresco-options=\"thumbnails:false\"  alt=\"\" width=\"2560\" height=\"1920\" srcset=\"https:\/\/www.svmed.ch\/rapport-2022\/wp-content\/uploads\/sites\/28\/2023\/03\/20200929-svm-chuv-installation-cabinet-0061.jpg 2560w, https:\/\/www.svmed.ch\/rapport-2022\/wp-content\/uploads\/sites\/28\/2023\/03\/20200929-svm-chuv-installation-cabinet-0061-300x225.jpg 300w, https:\/\/www.svmed.ch\/rapport-2022\/wp-content\/uploads\/sites\/28\/2023\/03\/20200929-svm-chuv-installation-cabinet-0061-1024x768.jpg 1024w, https:\/\/www.svmed.ch\/rapport-2022\/wp-content\/uploads\/sites\/28\/2023\/03\/20200929-svm-chuv-installation-cabinet-0061-768x576.jpg 768w, https:\/\/www.svmed.ch\/rapport-2022\/wp-content\/uploads\/sites\/28\/2023\/03\/20200929-svm-chuv-installation-cabinet-0061-1707x1280.jpg 1707w, https:\/\/www.svmed.ch\/rapport-2022\/wp-content\/uploads\/sites\/28\/2023\/03\/20200929-svm-chuv-installation-cabinet-0061-1536x1152.jpg 1536w, https:\/\/www.svmed.ch\/rapport-2022\/wp-content\/uploads\/sites\/28\/2023\/03\/20200929-svm-chuv-installation-cabinet-0061-2048x1536.jpg 2048w\" sizes=\"auto, (max-width: 2560px) 100vw, 2560px\" \/><\/a><p id=\"caption-attachment-1819\" class=\"wp-caption-text\"><em>\u00a9 Laurent Kaczor<\/em><\/p><\/div>\n<p>Sur le plan informatique, on rel\u00e8vera la migration r\u00e9ussie en 2022 de la messagerie chez un nouvel h\u00e9bergeur, qui devrait solutionner une part importante des probl\u00e8mes constat\u00e9s et offrir un standard de s\u00e9curit\u00e9 plus \u00e9lev\u00e9 aux communications de nos membres. Il ne s\u2019agit toutefois que d\u2019une option interm\u00e9diaire qui a \u00e9t\u00e9 prise, d\u2019autres \u00e9volutions plus ambitieuses <a href=\"https:\/\/www.svmed.ch\/rapport-2021\/rapports\/assemblee-des-delegues\/\">d\u00e9cid\u00e9es par l\u2019AD<\/a> n\u2019\u00e9tant pas encore pr\u00eates \u00e0 \u00eatre mises en \u0153uvre.<span id=\"archives-bicentenaire-home\"><\/span><\/p>\n<p id=\"archives-bicentenaire\"><span style=\"color: #81292e;\"><strong>Archives et (bient\u00f4t) 200<sup>e<\/sup> anniversaire de la SVM. <\/strong><\/span>Suite aux d\u00e9g\u00e2ts importants provoqu\u00e9s par un champignon, le travail d\u2019assainissement des archives s\u2019est poursuivi. Les parties les plus significatives ont heureusement pu \u00eatre sauvegard\u00e9es en vue de leur valorisation, notamment dans le cadre de la r\u00e9alisation d\u2019un ouvrage historique \u00e0 para\u00eetre en 2029, pour le bicentenaire de la SVM. Un comit\u00e9 de pilotage du 200<sup>e<\/sup> a par ailleurs \u00e9t\u00e9 constitu\u00e9, sous la houlette de la Dre Isabelle Rappaz Gervaix, membre du Comit\u00e9 de la SVM. Il y a enfin lieu de saluer ici l\u2019excellente collaboration avec les <a href=\"https:\/\/www.vd.ch\/toutes-les-autorites\/archives-cantonales-vaudoises-acv\">Archives cantonales vaudoises<\/a>, et surtout celle entam\u00e9e avec l\u2019<a href=\"https:\/\/www.chuv.ch\/fr\/ihm\/ihm-home\">Institut des Humanit\u00e9s en M\u00e9decine<\/a> (Mariama Kaba, Prof. Vincent Barras).<\/p>\n<p>En savoir plus sur le <a href=\"https:\/\/www.chuv.ch\/fr\/ihm\/ihm-home\/recherche\/recherches-financees-par-des-tiers\/projet-200-ans-svm\">projet \u00ab\u00a0200 ans SVM\u00a0\u00bb<\/a><br \/>\n<span id=\"communication-home\"><\/span><\/p>\n<p id=\"communication\"><span style=\"color: #81292e;\"><strong>Communication. <\/strong><\/span>Outre une pr\u00e9sence m\u00e9diatique toujours soutenue (42 mentions dans la presse \u00e9crite en 2022, hors passages radio-TV) et une visibilit\u00e9 croissante sur les r\u00e9seaux sociaux (environ 2500 personnes abonn\u00e9es aux comptes <a href=\"https:\/\/www.linkedin.com\/company\/societe-vaudoise-de-medecine-svm\">Linkedin<\/a>, <a href=\"https:\/\/www.facebook.com\/svmed.ch\">Facebook<\/a> et <a href=\"https:\/\/twitter.com\/SVM_VD\">Twitter<\/a>, de la SVM \u00e0 fin 2022), l\u2019\u00e9v\u00e9nement phare de l\u2019ann\u00e9e sur le plan de la communication de la SVM aura incontestablement \u00e9t\u00e9 le lancement du <strong><a href=\"https:\/\/www.svmed.ch\/doc-mag\/\">magazine DOC<\/a><\/strong>, qui a succ\u00e9d\u00e9 au <strong><a href=\"https:\/\/www.svmed.ch\/association\/publications-svm\/courrier-du-medecin-vaudois\/\">Courrier du m\u00e9decin vaudois<\/a> (CMV) <\/strong>apr\u00e8s 33 ann\u00e9es de parution et 272 num\u00e9ros\u00a0!<\/p>\n<p><a href=\"https:\/\/www.svmed.ch\/doc-mag\/doc\/\" target=\"_blank\" rel=\"noopener\"><img loading=\"lazy\" decoding=\"async\" class=\"alignnone wp-image-1750 size-full\" src=\"https:\/\/www.svmed.ch\/rapport-2022\/wp-content\/uploads\/sites\/28\/2023\/02\/doc1-illustration-magazine-e1678442975847.png\" class=\"fresco\" data-fresco-caption=\"\" data-fresco-options=\"thumbnails:false\"  alt=\"\" width=\"876\" height=\"534\" srcset=\"https:\/\/www.svmed.ch\/rapport-2022\/wp-content\/uploads\/sites\/28\/2023\/02\/doc1-illustration-magazine-e1678442975847.png 876w, https:\/\/www.svmed.ch\/rapport-2022\/wp-content\/uploads\/sites\/28\/2023\/02\/doc1-illustration-magazine-e1678442975847-300x183.png 300w, https:\/\/www.svmed.ch\/rapport-2022\/wp-content\/uploads\/sites\/28\/2023\/02\/doc1-illustration-magazine-e1678442975847-768x468.png 768w, https:\/\/www.svmed.ch\/rapport-2022\/wp-content\/uploads\/sites\/28\/2023\/02\/doc1-illustration-magazine-e1678442975847-854x522.png 854w\" sizes=\"auto, (max-width: 876px) 100vw, 876px\" \/><\/a><\/p>\n<p>Comme pour le CMV, la majeure partie des articles de DOC continue d\u2019\u00eatre r\u00e9dig\u00e9e par des m\u00e9decins, avec des dossiers th\u00e9matiques choisis par un comit\u00e9 de r\u00e9daction form\u00e9 de membres de la SVM. La grande nouveaut\u00e9 de DOC, outre une nouvelle ligne graphique moderne et attractive, r\u00e9side surtout dans l\u2019existence d\u2019un vrai jumeau num\u00e9rique gratuit de l\u2019\u00e9dition papier, qui permet une visibilit\u00e9 digitale nettement accrue et une accessibilit\u00e9 plus ais\u00e9e \u00e0 un contenu unique et toujours de haute qualit\u00e9.<\/p>\n<p><a href=\"https:\/\/www.svmed.ch\/doc-mag\/\" target=\"_blank\" rel=\"noopener\"><img loading=\"lazy\" decoding=\"async\" class=\"alignnone size-full wp-image-1793\" src=\"https:\/\/www.svmed.ch\/rapport-2022\/wp-content\/uploads\/sites\/28\/2023\/03\/plaquette-svm-2023-couv-1.png\" class=\"fresco\" data-fresco-caption=\"\" data-fresco-options=\"thumbnails:false\"  alt=\"\" width=\"5000\" height=\"3333\" srcset=\"https:\/\/www.svmed.ch\/rapport-2022\/wp-content\/uploads\/sites\/28\/2023\/03\/plaquette-svm-2023-couv-1.png 5000w, https:\/\/www.svmed.ch\/rapport-2022\/wp-content\/uploads\/sites\/28\/2023\/03\/plaquette-svm-2023-couv-1-300x200.png 300w, https:\/\/www.svmed.ch\/rapport-2022\/wp-content\/uploads\/sites\/28\/2023\/03\/plaquette-svm-2023-couv-1-1024x683.png 1024w, https:\/\/www.svmed.ch\/rapport-2022\/wp-content\/uploads\/sites\/28\/2023\/03\/plaquette-svm-2023-couv-1-768x512.png 768w, https:\/\/www.svmed.ch\/rapport-2022\/wp-content\/uploads\/sites\/28\/2023\/03\/plaquette-svm-2023-couv-1-1920x1280.png 1920w, https:\/\/www.svmed.ch\/rapport-2022\/wp-content\/uploads\/sites\/28\/2023\/03\/plaquette-svm-2023-couv-1-1536x1024.png 1536w, https:\/\/www.svmed.ch\/rapport-2022\/wp-content\/uploads\/sites\/28\/2023\/03\/plaquette-svm-2023-couv-1-2048x1365.png 2048w\" sizes=\"auto, (max-width: 5000px) 100vw, 5000px\" \/><\/a><\/p>\n<p>A noter que notre nouveau magazine DOC a m\u00eame \u00e9t\u00e9 prim\u00e9 par un jury de professionnels de la communication lors de l\u2019\u00e9dition 2022 du \u00ab\u00a0<a href=\"https:\/\/www.ftc.ch\/le-prix-du-meilleur-des-rp-2022-revient-a-ftc-dans-la-categorie-contenu\/\">Meilleur des relations publiques<\/a>\u00a0\u00bb.<\/p>\n<p>Au deuxi\u00e8me semestre, la<strong> <a href=\"https:\/\/www.svmed.ch\/une-21e-journee-svm-sous-le-signe-du-renouveau\/\">Journ\u00e9e de la SVM<\/a> <\/strong>s\u2019est d\u00e9roul\u00e9e le 13 octobre sur le campus de l\u2019EHL \u00e0 Lausanne et a r\u00e9uni pr\u00e8s de 400 m\u00e9decins et partenaires<strong>. <\/strong>Cette 21<sup>e<\/sup> \u00e9dition consistait en un \u00ab\u00a0laboratoire du futur\u00a0\u00bb autour des th\u00e8mes de la cybers\u00e9curit\u00e9, de la durabilit\u00e9 et de la rel\u00e8ve m\u00e9dicale, incluant un riche programme d\u2019ateliers et conf\u00e9rences. L\u2019\u00e9v\u00e8nement fut aussi l\u2019occasion de marquer le passage de t\u00e9moin entre Pierre-Andr\u00e9 Repond et Steve Aeschlimann. On rel\u00e8vera enfin une contribution \u00e0 l\u2019animation fort appr\u00e9ci\u00e9e des \u00e9tudiants en m\u00e9decine de l\u2019AEML.<\/p>\n<div id=\"attachment_1571\" style=\"width: 2570px\" class=\"wp-caption alignnone\"><a href=\"https:\/\/www.svmed.ch\/une-21e-journee-svm-sous-le-signe-du-renouveau\/\" target=\"_blank\" rel=\"noopener\"><img loading=\"lazy\" decoding=\"async\" aria-describedby=\"caption-attachment-1571\" class=\"wp-image-1571 size-full\" src=\"https:\/\/www.svmed.ch\/rapport-2022\/wp-content\/uploads\/sites\/28\/2023\/01\/20221013-ftc-journee-svm-0134.jpg\" class=\"fresco\" data-fresco-caption=\"\" data-fresco-options=\"thumbnails:false\"  alt=\"\" width=\"2560\" height=\"1707\" srcset=\"https:\/\/www.svmed.ch\/rapport-2022\/wp-content\/uploads\/sites\/28\/2023\/01\/20221013-ftc-journee-svm-0134.jpg 2560w, https:\/\/www.svmed.ch\/rapport-2022\/wp-content\/uploads\/sites\/28\/2023\/01\/20221013-ftc-journee-svm-0134-300x200.jpg 300w, https:\/\/www.svmed.ch\/rapport-2022\/wp-content\/uploads\/sites\/28\/2023\/01\/20221013-ftc-journee-svm-0134-1024x683.jpg 1024w, https:\/\/www.svmed.ch\/rapport-2022\/wp-content\/uploads\/sites\/28\/2023\/01\/20221013-ftc-journee-svm-0134-768x512.jpg 768w, https:\/\/www.svmed.ch\/rapport-2022\/wp-content\/uploads\/sites\/28\/2023\/01\/20221013-ftc-journee-svm-0134-1920x1280.jpg 1920w, https:\/\/www.svmed.ch\/rapport-2022\/wp-content\/uploads\/sites\/28\/2023\/01\/20221013-ftc-journee-svm-0134-1536x1024.jpg 1536w, https:\/\/www.svmed.ch\/rapport-2022\/wp-content\/uploads\/sites\/28\/2023\/01\/20221013-ftc-journee-svm-0134-2048x1366.jpg 2048w\" sizes=\"auto, (max-width: 2560px) 100vw, 2560px\" \/><\/a><p id=\"caption-attachment-1571\" class=\"wp-caption-text\"><em>\u00a9 Laurent Kaczor<\/em><\/p><\/div>\n<\/div>","protected":false},"excerpt":{"rendered":"<p>Par Pierre-Andr\u00e9 Repond, secr\u00e9taire g\u00e9n\u00e9ral sortant de la SVM &amp; Steve Aeschlimann, secr\u00e9taire g\u00e9n\u00e9ral entrant Collectivit\u00e9 des membres Assembl\u00e9e des D\u00e9l\u00e9gu\u00e9s (AD) Comit\u00e9 Conf\u00e9rence des pr\u00e9sidents Secr\u00e9tariat g\u00e9n\u00e9ral Archives et bicentenaire SVM Communication Soci\u00e9t\u00e9 vaudoise de m\u00e9decine\u00a0: vie associative &nbsp; Collectivit\u00e9 des membres. La SVM comptait 3\u2019916 membres \u00e0 fin 2022 (+41), dont 2\u2019964 en [&hellip;]<\/p>\n","protected":false},"author":1,"featured_media":0,"parent":1222,"menu_order":1,"comment_status":"closed","ping_status":"closed","template":"","meta":{"_acf_changed":false,"inline_featured_image":false,"footnotes":""},"class_list":["post-1480","page","type-page","status-publish","hentry"],"acf":[],"publishpress_future_action":{"enabled":false,"date":"2026-04-20 15:33:40","action":"change-status","newStatus":"draft","terms":[],"taxonomy":"","extraData":[]},"publishpress_future_workflow_manual_trigger":{"enabledWorkflows":[]},"_links":{"self":[{"href":"https:\/\/www.svmed.ch\/rapport-2022\/wp-json\/wp\/v2\/pages\/1480","targetHints":{"allow":["GET"]}}],"collection":[{"href":"https:\/\/www.svmed.ch\/rapport-2022\/wp-json\/wp\/v2\/pages"}],"about":[{"href":"https:\/\/www.svmed.ch\/rapport-2022\/wp-json\/wp\/v2\/types\/page"}],"author":[{"embeddable":true,"href":"https:\/\/www.svmed.ch\/rapport-2022\/wp-json\/wp\/v2\/users\/1"}],"replies":[{"embeddable":true,"href":"https:\/\/www.svmed.ch\/rapport-2022\/wp-json\/wp\/v2\/comments?post=1480"}],"version-history":[{"count":35,"href":"https:\/\/www.svmed.ch\/rapport-2022\/wp-json\/wp\/v2\/pages\/1480\/revisions"}],"predecessor-version":[{"id":1898,"href":"https:\/\/www.svmed.ch\/rapport-2022\/wp-json\/wp\/v2\/pages\/1480\/revisions\/1898"}],"up":[{"embeddable":true,"href":"https:\/\/www.svmed.ch\/rapport-2022\/wp-json\/wp\/v2\/pages\/1222"}],"wp:attachment":[{"href":"https:\/\/www.svmed.ch\/rapport-2022\/wp-json\/wp\/v2\/media?parent=1480"}],"curies":[{"name":"wp","href":"https:\/\/api.w.org\/{rel}","templated":true}]}}