{"id":1559,"date":"2023-01-13T13:38:21","date_gmt":"2023-01-13T12:38:21","guid":{"rendered":"https:\/\/www.svmed.ch\/rapport-2022\/?page_id=1559"},"modified":"2023-02-06T18:02:01","modified_gmt":"2023-02-06T17:02:01","slug":"groupement-des-medecins-responsables-en-etablissements-socio-educatifs","status":"publish","type":"page","link":"https:\/\/www.svmed.ch\/rapport-2022\/rapports\/groupement-des-medecins-responsables-en-etablissements-socio-educatifs\/","title":{"rendered":"Groupement des m\u00e9decins responsables en \u00e9tablissements socio-\u00e9ducatifs"},"content":{"rendered":"<div class=\"the-content\"><p>Le Groupement des m\u00e9decins responsables en \u00e9tablissements socio-\u00e9ducatifs (MRESE) est tout frais. C\u2019est \u00e0 l\u2019Assembl\u00e9e des D\u00e9l\u00e9gu\u00e9s de la SVM de juin 2022 que son existence a vu le jour. Il doit encore se constituer \u00e0 l\u2019interne, d\u00e9finir ses priorit\u00e9s et s\u2019organiser.<\/p>\n<p>La fonction de MRESE est elle aussi tr\u00e8s jeune et le cahier des charges du m\u00e9decin actuellement en vigueur est vaste voire irr\u00e9aliste.<\/p>\n<p>Pour cette raison, nous avons commenc\u00e9 \u00e0 recenser les pratiques et pris conscience qu\u2019en fonction des diff\u00e9rentes institutions, l\u2019engagement du MRESE est tr\u00e8s diff\u00e9rent. Il y aura lieu de profiter de cette diversit\u00e9 pour en tirer le meilleur\u2026<\/p>\n<p>Une fois que les missions utiles et r\u00e9alisables auront \u00e9t\u00e9 \u00e9valu\u00e9es, il s\u2019agira de n\u00e9gocier avec nos partenaires et le soutien de la SVM un cahier des charges en meilleure ad\u00e9quation avec les r\u00e9alit\u00e9s du terrain et les possibilit\u00e9s des m\u00e9decins. Il s\u2019agit l\u00e0 aussi de s\u00e9curit\u00e9 afin que nous, m\u00e9decins, ne soyons pas responsables de ce qui est hors de notre port\u00e9e.<\/p>\n<p>&nbsp;<\/p>\n<p><strong>Dr Jean-Pierre Voegeli<\/strong><br \/>\nRepr\u00e9sentant du Groupement des m\u00e9decins responsables en \u00e9tablissements socio-\u00e9ducatifs<\/p>\n<p>Pour en savoir plus: <a href=\"https:\/\/www.svmed.ch\/groupement-des-medecins-responsables-en-etablissements-socio-educatifs-mrese\/\" target=\"_blank\" rel=\"noopener noreferrer\">Groupement MRESE<\/a><\/p>\n<\/div>","protected":false},"excerpt":{"rendered":"<p>Le Groupement des m\u00e9decins responsables en \u00e9tablissements socio-\u00e9ducatifs (MRESE) est tout frais. C\u2019est \u00e0 l\u2019Assembl\u00e9e des D\u00e9l\u00e9gu\u00e9s de la SVM de juin 2022 que son existence a vu le jour. Il doit encore se constituer \u00e0 l\u2019interne, d\u00e9finir ses priorit\u00e9s et s\u2019organiser. La fonction de MRESE est elle aussi tr\u00e8s jeune et le cahier des [&hellip;]<\/p>\n","protected":false},"author":156,"featured_media":0,"parent":18,"menu_order":10,"comment_status":"closed","ping_status":"closed","template":"","meta":{"_acf_changed":false,"inline_featured_image":false,"footnotes":""},"class_list":["post-1559","page","type-page","status-publish","hentry"],"acf":[],"publishpress_future_action":{"enabled":false,"date":"2026-04-20 18:49:54","action":"change-status","newStatus":"draft","terms":[],"taxonomy":"","extraData":[]},"publishpress_future_workflow_manual_trigger":{"enabledWorkflows":[]},"_links":{"self":[{"href":"https:\/\/www.svmed.ch\/rapport-2022\/wp-json\/wp\/v2\/pages\/1559","targetHints":{"allow":["GET"]}}],"collection":[{"href":"https:\/\/www.svmed.ch\/rapport-2022\/wp-json\/wp\/v2\/pages"}],"about":[{"href":"https:\/\/www.svmed.ch\/rapport-2022\/wp-json\/wp\/v2\/types\/page"}],"author":[{"embeddable":true,"href":"https:\/\/www.svmed.ch\/rapport-2022\/wp-json\/wp\/v2\/users\/156"}],"replies":[{"embeddable":true,"href":"https:\/\/www.svmed.ch\/rapport-2022\/wp-json\/wp\/v2\/comments?post=1559"}],"version-history":[{"count":3,"href":"https:\/\/www.svmed.ch\/rapport-2022\/wp-json\/wp\/v2\/pages\/1559\/revisions"}],"predecessor-version":[{"id":1712,"href":"https:\/\/www.svmed.ch\/rapport-2022\/wp-json\/wp\/v2\/pages\/1559\/revisions\/1712"}],"up":[{"embeddable":true,"href":"https:\/\/www.svmed.ch\/rapport-2022\/wp-json\/wp\/v2\/pages\/18"}],"wp:attachment":[{"href":"https:\/\/www.svmed.ch\/rapport-2022\/wp-json\/wp\/v2\/media?parent=1559"}],"curies":[{"name":"wp","href":"https:\/\/api.w.org\/{rel}","templated":true}]}}