{"id":1782,"date":"2023-02-21T16:59:33","date_gmt":"2023-02-21T15:59:33","guid":{"rendered":"https:\/\/www.svmed.ch\/rapport-2022\/?page_id=1782"},"modified":"2023-02-21T16:59:33","modified_gmt":"2023-02-21T15:59:33","slug":"commission-des-laboratoires","status":"publish","type":"page","link":"https:\/\/www.svmed.ch\/rapport-2022\/rapports\/commission-des-laboratoires\/","title":{"rendered":"Commission des laboratoires"},"content":{"rendered":"<div class=\"the-content\"><p>Principal fait marquant de l\u2019ann\u00e9e \u00e9coul\u00e9e en ce qui concerne les laboratoires, l&rsquo;obligation nouvelle de s&rsquo;enregistrer avant fin 2022 aupr\u00e8s de l\u2019Association suisse pour le d\u00e9veloppement de la qualit\u00e9 dans les laboratoires m\u00e9dicaux (QUALAB) et de demander en m\u00eame temps un GLN laboratoire. Le tout \u00e9tant assorti d\u00e9sormais d&rsquo;une taxe d&rsquo;enregistrement annuelle.<\/p>\n<p>Interpell\u00e9e \u00e0 ce sujet par la SVM, la FMH a pr\u00e9cis\u00e9 dans son Infolettre 5\/2022 du 8 novembre que le pr\u00e9l\u00e8vement pour le financement de QUALAB existait d\u00e9j\u00e0 et qu\u2019il \u00e9tait simplement r\u00e9alis\u00e9 par un m\u00e9canisme diff\u00e9rent (via les centres de contr\u00f4le qualit\u00e9). Ce pr\u00e9l\u00e8vement rel\u00e8ve d\u00e9sormais directement de QUALAB et ne sera plus per\u00e7u par les centres de contr\u00f4le. L\u2019op\u00e9ration est donc neutre.<\/p>\n<p>Compte tenu du d\u00e9lai \u00e0 fin 2022 et au vu des nombreuses demandes d&rsquo;enregistrement attendues, les membres de la SVM ont \u00e9t\u00e9 vivement encourag\u00e9s \u00e0 s\u2019enregistrer aupr\u00e8s de QUALAB sans d\u00e9lai.<\/p>\n<p><img loading=\"lazy\" decoding=\"async\" class=\"wp-image-1784\" src=\"https:\/\/www.svmed.ch\/rapport-2022\/wp-content\/uploads\/sites\/28\/2023\/02\/20210906-svm-centre-medical-depalinges-0344.jpg\" alt=\"\" width=\"667\" height=\"500\" srcset=\"https:\/\/www.svmed.ch\/rapport-2022\/wp-content\/uploads\/sites\/28\/2023\/02\/20210906-svm-centre-medical-depalinges-0344.jpg 2560w, https:\/\/www.svmed.ch\/rapport-2022\/wp-content\/uploads\/sites\/28\/2023\/02\/20210906-svm-centre-medical-depalinges-0344-300x225.jpg 300w, https:\/\/www.svmed.ch\/rapport-2022\/wp-content\/uploads\/sites\/28\/2023\/02\/20210906-svm-centre-medical-depalinges-0344-1024x768.jpg 1024w, https:\/\/www.svmed.ch\/rapport-2022\/wp-content\/uploads\/sites\/28\/2023\/02\/20210906-svm-centre-medical-depalinges-0344-768x576.jpg 768w, https:\/\/www.svmed.ch\/rapport-2022\/wp-content\/uploads\/sites\/28\/2023\/02\/20210906-svm-centre-medical-depalinges-0344-1707x1280.jpg 1707w, https:\/\/www.svmed.ch\/rapport-2022\/wp-content\/uploads\/sites\/28\/2023\/02\/20210906-svm-centre-medical-depalinges-0344-1536x1152.jpg 1536w, https:\/\/www.svmed.ch\/rapport-2022\/wp-content\/uploads\/sites\/28\/2023\/02\/20210906-svm-centre-medical-depalinges-0344-2048x1536.jpg 2048w\" sizes=\"auto, (max-width: 667px) 100vw, 667px\" \/><\/p>\n<p>&nbsp;<\/p>\n<p>Soci\u00e9t\u00e9 Vaudoise de M\u00e9decine<\/p>\n<p>Pour en savoir plus: <a href=\"https:\/\/www.svmed.ch\/association\/groupements-et-commissions\/#laboratoires\" target=\"_blank\" rel=\"noopener noreferrer\">composition de la Commission des laboratoires<\/a><\/p>\n<\/div>","protected":false},"excerpt":{"rendered":"<p>Principal fait marquant de l\u2019ann\u00e9e \u00e9coul\u00e9e en ce qui concerne les laboratoires, l&rsquo;obligation nouvelle de s&rsquo;enregistrer avant fin 2022 aupr\u00e8s de l\u2019Association suisse pour le d\u00e9veloppement de la qualit\u00e9 dans les laboratoires m\u00e9dicaux (QUALAB) et de demander en m\u00eame temps un GLN laboratoire. Le tout \u00e9tant assorti d\u00e9sormais d&rsquo;une taxe d&rsquo;enregistrement annuelle. Interpell\u00e9e \u00e0 ce [&hellip;]<\/p>\n","protected":false},"author":156,"featured_media":0,"parent":18,"menu_order":0,"comment_status":"closed","ping_status":"closed","template":"","meta":{"_acf_changed":false,"inline_featured_image":false,"footnotes":""},"class_list":["post-1782","page","type-page","status-publish","hentry"],"acf":[],"publishpress_future_action":{"enabled":false,"date":"2026-04-20 18:48:44","action":"change-status","newStatus":"draft","terms":[],"taxonomy":"","extraData":[]},"publishpress_future_workflow_manual_trigger":{"enabledWorkflows":[]},"_links":{"self":[{"href":"https:\/\/www.svmed.ch\/rapport-2022\/wp-json\/wp\/v2\/pages\/1782","targetHints":{"allow":["GET"]}}],"collection":[{"href":"https:\/\/www.svmed.ch\/rapport-2022\/wp-json\/wp\/v2\/pages"}],"about":[{"href":"https:\/\/www.svmed.ch\/rapport-2022\/wp-json\/wp\/v2\/types\/page"}],"author":[{"embeddable":true,"href":"https:\/\/www.svmed.ch\/rapport-2022\/wp-json\/wp\/v2\/users\/156"}],"replies":[{"embeddable":true,"href":"https:\/\/www.svmed.ch\/rapport-2022\/wp-json\/wp\/v2\/comments?post=1782"}],"version-history":[{"count":2,"href":"https:\/\/www.svmed.ch\/rapport-2022\/wp-json\/wp\/v2\/pages\/1782\/revisions"}],"predecessor-version":[{"id":1785,"href":"https:\/\/www.svmed.ch\/rapport-2022\/wp-json\/wp\/v2\/pages\/1782\/revisions\/1785"}],"up":[{"embeddable":true,"href":"https:\/\/www.svmed.ch\/rapport-2022\/wp-json\/wp\/v2\/pages\/18"}],"wp:attachment":[{"href":"https:\/\/www.svmed.ch\/rapport-2022\/wp-json\/wp\/v2\/media?parent=1782"}],"curies":[{"name":"wp","href":"https:\/\/api.w.org\/{rel}","templated":true}]}}